{"id":719,"date":"2019-03-04T18:04:12","date_gmt":"2019-03-04T17:04:12","guid":{"rendered":"http:\/\/wordpress.nibis.de\/gsszthiede\/?page_id=719"},"modified":"2019-03-29T18:38:00","modified_gmt":"2019-03-29T17:38:00","slug":"schuelerpraktikum","status":"publish","type":"page","link":"https:\/\/wordpress.nibis.de\/gsszthiede\/schuelerpraktikum\/","title":{"rendered":"Sch\u00fclerpraktikum"},"content":{"rendered":"<p>Wir freuen uns sehr, wenn sich \u00e4ltere Sch\u00fclerinnen und Sch\u00fcler im Rahmen ihrer Berufsfindung f\u00fcr den Lehrerberuf interessieren und ihr mehrw\u00f6chiges Berufspraktikum bei uns absolvieren m\u00f6chten.<\/p>\n<p>Wir ben\u00f6tigen daf\u00fcr eine schriftliche Bewerbung, aus der unter anderem die Begr\u00fcndung f\u00fcr die Entscheidung zum Berufspraktikum als Lehrkraft hervorgeht. Interessenten m\u00f6chten wir vorab auch im Rahmen eines Bewerbergespr\u00e4ches pers\u00f6nlich kennenlernen.<\/p>\n<p>F\u00fcr die \u00dcbernahme der Lehrerrolle ist es sehr hilfreich, wenn man zu den Sch\u00fclerinnen und Sch\u00fclern eine professionelle Distanz hat und sie nicht bereits privat kennt. Ebenso ist es einfacher, wenn man die Lehrkr\u00e4fte nicht aus der eigenen Schulzeit kennt. Daher bitten wir alle Interessenten, die in Schuln\u00e4he wohnen oder ehemalige Sch\u00fclerinnen oder Sch\u00fcler von uns sind, sich f\u00fcr das Lehrerpraktikum an einer anderen Grundschule zu bewerben.<\/p>\n<p>Wir m\u00f6chten allen Praktikantinnen und Praktikanten die M\u00f6glichkeit bieten, mit Hilfe der Lehrkr\u00e4fte direkte Erfahrungen unter anderem in der Vermittlung von Unterrichtsinhalten und der Beaufsichtigung von Kindern zu machen. Daf\u00fcr erwarten wir auch die Bereitschaft, solche Aufgaben unter Aufsicht einer Lehrkraft zu \u00fcbernehmen.<\/p>\n<p>Wir freuen uns \u00fcber zahlreiche Bewerbungen \u2026<\/p>\n","protected":false},"excerpt":{"rendered":"<p>Wir freuen uns sehr, wenn sich \u00e4ltere Sch\u00fclerinnen und Sch\u00fcler im Rahmen ihrer Berufsfindung f\u00fcr den Lehrerberuf interessieren und ihr mehrw\u00f6chiges Berufspraktikum bei uns absolvieren m\u00f6chten. Wir ben\u00f6tigen daf\u00fcr eine schriftliche Bewerbung, aus der unter anderem die Begr\u00fcndung f\u00fcr die Entscheidung zum Berufspraktikum als Lehrkraft hervorgeht. Interessenten m\u00f6chten wir vorab auch im Rahmen eines Bewerbergespr\u00e4ches &hellip; <a href=\"https:\/\/wordpress.nibis.de\/gsszthiede\/schuelerpraktikum\/\" class=\"more-link\"><span class=\"screen-reader-text\">Sch\u00fclerpraktikum<\/span> weiterlesen <span class=\"meta-nav\">&rarr;<\/span><\/a><\/p>\n","protected":false},"author":9192581,"featured_media":0,"parent":0,"menu_order":0,"comment_status":"closed","ping_status":"closed","template":"","meta":{"footnotes":""},"class_list":["post-719","page","type-page","status-publish","hentry"],"_links":{"self":[{"href":"https:\/\/wordpress.nibis.de\/gsszthiede\/wp-json\/wp\/v2\/pages\/719","targetHints":{"allow":["GET"]}}],"collection":[{"href":"https:\/\/wordpress.nibis.de\/gsszthiede\/wp-json\/wp\/v2\/pages"}],"about":[{"href":"https:\/\/wordpress.nibis.de\/gsszthiede\/wp-json\/wp\/v2\/types\/page"}],"author":[{"embeddable":true,"href":"https:\/\/wordpress.nibis.de\/gsszthiede\/wp-json\/wp\/v2\/users\/9192581"}],"replies":[{"embeddable":true,"href":"https:\/\/wordpress.nibis.de\/gsszthiede\/wp-json\/wp\/v2\/comments?post=719"}],"version-history":[{"count":6,"href":"https:\/\/wordpress.nibis.de\/gsszthiede\/wp-json\/wp\/v2\/pages\/719\/revisions"}],"predecessor-version":[{"id":746,"href":"https:\/\/wordpress.nibis.de\/gsszthiede\/wp-json\/wp\/v2\/pages\/719\/revisions\/746"}],"wp:attachment":[{"href":"https:\/\/wordpress.nibis.de\/gsszthiede\/wp-json\/wp\/v2\/media?parent=719"}],"curies":[{"name":"wp","href":"https:\/\/api.w.org\/{rel}","templated":true}]}}