{"id":731,"date":"2019-03-04T18:06:33","date_gmt":"2019-03-04T17:06:33","guid":{"rendered":"https:\/\/wordpress.nibis.de\/gsszthiede\/?page_id=731"},"modified":"2019-03-04T18:06:33","modified_gmt":"2019-03-04T17:06:33","slug":"zukunftstag","status":"publish","type":"page","link":"https:\/\/wordpress.nibis.de\/gsszthiede\/zukunftstag\/","title":{"rendered":"Zukunftstag"},"content":{"rendered":"<p>Oft fragen ehemalige Sch\u00fclerinnen und Sch\u00fcler bei uns an, ob sie im Rahmen des Zukunftstages zu uns kommen k\u00f6nnen.<\/p>\n<p>Der Zukunftstag wurde ins Leben gerufen, um Kindern die M\u00f6glichkeit zu geben, zum ersten Mal mit dem Berufsleben in Ber\u00fchrung zu kommen. Die eigene Schulzeit bei uns ist dann aber noch nicht lange her und an nur einem Tag k\u00f6nnen noch keine Lehrert\u00e4tigkeiten ausprobiert werden. Die Kinder werden bei uns also keine neuen Erfahrungen machen k\u00f6nnen. Daher bieten wir <span style=\"text-decoration: underline\"><span style=\"color: #000000;text-decoration: underline\">grunds\u00e4tzlich keine Pl\u00e4tze f\u00fcr den Zukunftstag<\/span><\/span> an.<\/p>\n","protected":false},"excerpt":{"rendered":"<p>Oft fragen ehemalige Sch\u00fclerinnen und Sch\u00fcler bei uns an, ob sie im Rahmen des Zukunftstages zu uns kommen k\u00f6nnen. Der Zukunftstag wurde ins Leben gerufen, um Kindern die M\u00f6glichkeit zu geben, zum ersten Mal mit dem Berufsleben in Ber\u00fchrung zu kommen. Die eigene Schulzeit bei uns ist dann aber noch nicht lange her und an &hellip; <a href=\"https:\/\/wordpress.nibis.de\/gsszthiede\/zukunftstag\/\" class=\"more-link\"><span class=\"screen-reader-text\">Zukunftstag<\/span> weiterlesen <span class=\"meta-nav\">&rarr;<\/span><\/a><\/p>\n","protected":false},"author":9192581,"featured_media":0,"parent":0,"menu_order":0,"comment_status":"closed","ping_status":"closed","template":"","meta":{"footnotes":""},"class_list":["post-731","page","type-page","status-publish","hentry"],"_links":{"self":[{"href":"https:\/\/wordpress.nibis.de\/gsszthiede\/wp-json\/wp\/v2\/pages\/731","targetHints":{"allow":["GET"]}}],"collection":[{"href":"https:\/\/wordpress.nibis.de\/gsszthiede\/wp-json\/wp\/v2\/pages"}],"about":[{"href":"https:\/\/wordpress.nibis.de\/gsszthiede\/wp-json\/wp\/v2\/types\/page"}],"author":[{"embeddable":true,"href":"https:\/\/wordpress.nibis.de\/gsszthiede\/wp-json\/wp\/v2\/users\/9192581"}],"replies":[{"embeddable":true,"href":"https:\/\/wordpress.nibis.de\/gsszthiede\/wp-json\/wp\/v2\/comments?post=731"}],"version-history":[{"count":1,"href":"https:\/\/wordpress.nibis.de\/gsszthiede\/wp-json\/wp\/v2\/pages\/731\/revisions"}],"predecessor-version":[{"id":732,"href":"https:\/\/wordpress.nibis.de\/gsszthiede\/wp-json\/wp\/v2\/pages\/731\/revisions\/732"}],"wp:attachment":[{"href":"https:\/\/wordpress.nibis.de\/gsszthiede\/wp-json\/wp\/v2\/media?parent=731"}],"curies":[{"name":"wp","href":"https:\/\/api.w.org\/{rel}","templated":true}]}}