{"id":919,"date":"2020-02-10T18:47:23","date_gmt":"2020-02-10T17:47:23","guid":{"rendered":"https:\/\/wordpress.nibis.de\/gsszthiede\/?page_id=919"},"modified":"2020-02-10T18:47:23","modified_gmt":"2020-02-10T17:47:23","slug":"ausflug-zur-klaeranlage","status":"publish","type":"page","link":"https:\/\/wordpress.nibis.de\/gsszthiede\/ausflug-zur-klaeranlage\/","title":{"rendered":"Ausflug zur Kl\u00e4ranlage"},"content":{"rendered":"\n<h2 class=\"wp-block-heading\"><strong>In der Kl\u00e4ranlage<\/strong><\/h2>\n\n\n\n<h3 class=\"wp-block-heading\"> von Maria Kleie Klasse 4c&nbsp;&nbsp;&nbsp;&nbsp;&nbsp;&nbsp;&nbsp;&nbsp;&nbsp;&nbsp;&nbsp;&nbsp;&nbsp;&nbsp; 23.09.2019 <\/h3>\n\n\n\n<p>Am\n12.09.2019 waren wir in der Kl\u00e4ranlage. Wir sind an der Schule mit dem Bus\nlosgefahren. Als wir an der Kl\u00e4ranlage angekommen waren, trafen wir unseren\nF\u00fchrer. Er f\u00fchrte uns in einen Raum. Dort schauten wir uns Bilder von\nVerstopfungen und der Kl\u00e4ranlage mit Erkl\u00e4rungen von unserem F\u00fchrer an. Dann\ngingen wir zum Rechen und zum Sandfang. Dort hat es sehr gestunken. Der F\u00fchrer\nerz\u00e4hlte uns, dass der Sand so sehr mit Rasierklingen versetzt ist, dass er\nnicht f\u00fcr den Stra\u00dfenbau verwendet werden kann. Danach gingen wir zum\nVorkl\u00e4rbecken. Dort sahen wir viele F\u00e4kalien. Dann machten wir uns auf den Weg\nzum Belebungsbecken. Da konnte man beobachten, wie Luft in das Wasser gepumpt\nwurde. Schon gingen wir weiter zum Nachkl\u00e4rbecken. Dort wurden die Flocken\nabgesaugt. Dann wurde das Wasser wieder in ein nat\u00fcrliches Gew\u00e4sser\neingeleitet. Dann fuhren wir wieder zur\u00fcck.<\/p>\n\n\n\n<figure class=\"wp-block-image\"><img loading=\"lazy\" decoding=\"async\" width=\"800\" height=\"600\" src=\"https:\/\/wordpress.nibis.de\/gsszthiede\/files\/2020\/02\/Kl\u00e4ranlage1.jpg\" alt=\"\" class=\"wp-image-920\" srcset=\"https:\/\/wordpress.nibis.de\/gsszthiede\/files\/2020\/02\/Kl\u00e4ranlage1.jpg 800w, https:\/\/wordpress.nibis.de\/gsszthiede\/files\/2020\/02\/Kl\u00e4ranlage1-768x576.jpg 768w\" sizes=\"auto, (max-width: 800px) 100vw, 800px\" \/><\/figure>\n\n\n\n<h2 class=\"wp-block-heading\">\n\n\n\n\n\n\n\n\n\n\n\n\n\n\n\n\nAusflug\nzur Kl\u00e4ranlage\n\n\n\n<\/h2>\n\n\n\n<h3 class=\"wp-block-heading\">\n\n\n\n\n\n\n\n\n\n\n\n\n\n\n\n\nvon\nLatifa Ayan 4c&nbsp;&nbsp;&nbsp;&nbsp;&nbsp;&nbsp;&nbsp;&nbsp;&nbsp;&nbsp;&nbsp;&nbsp;&nbsp;&nbsp;&nbsp;&nbsp;&nbsp;&nbsp;&nbsp;&nbsp;&nbsp;&nbsp;&nbsp; 20.10.2019\n\n\n\n<\/h3>\n\n\n\n<p>Wir sind mit\ndem Bus zur Kl\u00e4ranlage Wolfenb\u00fcttel gefahren. Als wir angekommen sind, hat es\ngestunken. Das liegt daran, dass das Duschwasser, Toilettenwasser und anderes\nAbwasser durch Rohre zur Kl\u00e4ranlage geleitet wird. Ein Mitarbeiter hat uns\ndurch die Kl\u00e4ranlage gef\u00fchrt. Wir haben auch gelernt, dass man keine\nFeuchtt\u00fccher in die Toilette werfen darf. Und wir waren in einem Raum, wo Kacke\ngedampft hat. Wir haben auch den Rechen, das Vorkl\u00e4rbecken, das Belebungsbecken\nund das Nachkl\u00e4rbecken gesehen. Der Mitarbeiter hatte einen Stab in der Hand.\nDen hat er vorsichtig ins Wasser gelassen. Damit hat er n\u00e4mlich geguckt, wie\nklar das Wasser war. Beim Nachkl\u00e4rbecken war eine Maschine, die sich ganz\nlangsam bewegt. Damit hat die Maschine die ganz kleinen Teile weggeschoben. Wir\nwaren auch in einem Raum, wo es sehr laut war und die Rohre sehr hei\u00df waren.\nUnd wir waren bei den Fault\u00fcrmen. Das war sehr hoch. An den Fault\u00fcrmen hat es\nauch sehr gestunken. Es war ein toller Ausflug. <\/p>\n","protected":false},"excerpt":{"rendered":"<p>In der Kl\u00e4ranlage von Maria Kleie Klasse 4c&nbsp;&nbsp;&nbsp;&nbsp;&nbsp;&nbsp;&nbsp;&nbsp;&nbsp;&nbsp;&nbsp;&nbsp;&nbsp;&nbsp; 23.09.2019 Am 12.09.2019 waren wir in der Kl\u00e4ranlage. Wir sind an der Schule mit dem Bus losgefahren. Als wir an der Kl\u00e4ranlage angekommen waren, trafen wir unseren F\u00fchrer. Er f\u00fchrte uns in einen Raum. Dort schauten wir uns Bilder von Verstopfungen und der Kl\u00e4ranlage mit Erkl\u00e4rungen von &hellip; <a href=\"https:\/\/wordpress.nibis.de\/gsszthiede\/ausflug-zur-klaeranlage\/\" class=\"more-link\"><span class=\"screen-reader-text\">Ausflug zur Kl\u00e4ranlage<\/span> weiterlesen <span class=\"meta-nav\">&rarr;<\/span><\/a><\/p>\n","protected":false},"author":9192581,"featured_media":0,"parent":0,"menu_order":0,"comment_status":"closed","ping_status":"closed","template":"","meta":{"footnotes":""},"class_list":["post-919","page","type-page","status-publish","hentry"],"_links":{"self":[{"href":"https:\/\/wordpress.nibis.de\/gsszthiede\/wp-json\/wp\/v2\/pages\/919","targetHints":{"allow":["GET"]}}],"collection":[{"href":"https:\/\/wordpress.nibis.de\/gsszthiede\/wp-json\/wp\/v2\/pages"}],"about":[{"href":"https:\/\/wordpress.nibis.de\/gsszthiede\/wp-json\/wp\/v2\/types\/page"}],"author":[{"embeddable":true,"href":"https:\/\/wordpress.nibis.de\/gsszthiede\/wp-json\/wp\/v2\/users\/9192581"}],"replies":[{"embeddable":true,"href":"https:\/\/wordpress.nibis.de\/gsszthiede\/wp-json\/wp\/v2\/comments?post=919"}],"version-history":[{"count":2,"href":"https:\/\/wordpress.nibis.de\/gsszthiede\/wp-json\/wp\/v2\/pages\/919\/revisions"}],"predecessor-version":[{"id":923,"href":"https:\/\/wordpress.nibis.de\/gsszthiede\/wp-json\/wp\/v2\/pages\/919\/revisions\/923"}],"wp:attachment":[{"href":"https:\/\/wordpress.nibis.de\/gsszthiede\/wp-json\/wp\/v2\/media?parent=919"}],"curies":[{"name":"wp","href":"https:\/\/api.w.org\/{rel}","templated":true}]}}