{"id":953,"date":"2020-04-01T21:35:24","date_gmt":"2020-04-01T19:35:24","guid":{"rendered":"https:\/\/wordpress.nibis.de\/gsszthiede\/?page_id=953"},"modified":"2026-04-16T15:51:18","modified_gmt":"2026-04-16T13:51:18","slug":"schulanmeldung-2026","status":"publish","type":"page","link":"https:\/\/wordpress.nibis.de\/gsszthiede\/schulanmeldung-2026\/","title":{"rendered":"Schulanmeldung zur Einschulung 2027"},"content":{"rendered":"\n<h4 class=\"wp-block-heading has-text-align-center\">Auf dieser Seite erhalten Sie die ben\u00f6tigten Unterlagen und Informationen f\u00fcr die Schulanmeldung zum Schuljahr 2027\/2028.<br>Um das entsprechende Dokument zu \u00f6ffnen und auszudrucken, klicken Sie bitte auf das Dokument.<\/h4>\n\n\n\n<h5 style=\"text-align: center\"><strong><a href=\"https:\/\/wordpress.nibis.de\/gsszthiede\/files\/2026\/04\/Anmeldung-27.pdf\">Anmeldung 2027<\/a><\/strong><\/h5>\n\n\n\n\n\n<h5 class=\"wp-block-heading has-text-align-center\"><a href=\"https:\/\/wordpress.nibis.de\/gsszthiede\/files\/2020\/04\/Anlage-Einwilligungserkl\u00e4rung.pdf\">Anlage Einwilligungserkl\u00e4rungen<\/a><\/h5>\n\n\n\n<h5 class=\"wp-block-heading has-text-align-center\"><a href=\"https:\/\/wordpress.nibis.de\/gsszthiede\/files\/2020\/04\/Anlage-Sorgerecht.pdf\">Anlage Sorgerecht<\/a><\/h5>\n\n\n\n<h5 class=\"wp-block-heading has-text-align-center\"><a href=\"https:\/\/wordpress.nibis.de\/gsszthiede\/files\/2024\/04\/Belehrung-Infektionsschutzgesetz.pdf\" data-type=\"URL\" data-id=\"https:\/\/wordpress.nibis.de\/gsszthiede\/files\/2024\/04\/Belehrung-Infektionsschutzgesetz.pdf\" target=\"_blank\" rel=\"noreferrer noopener\">Belehrung Infektionsschutzgesetz<\/a><\/h5>\n\n\n\n<h5 class=\"wp-block-heading has-text-align-center\"><a href=\"https:\/\/wordpress.nibis.de\/gsszthiede\/files\/2024\/04\/Waffenverbot.pdf\">Waffenverbot<\/a><\/h5>\n\n\n\n<h2 class=\"wp-block-heading has-text-align-center\">Bringen Sie die Unterlagen bitte <strong>ausgef\u00fcllt <\/strong>und <strong>unterschrieben <\/strong>zur Anmeldung mit!<\/h2>\n","protected":false},"excerpt":{"rendered":"<p>Auf dieser Seite erhalten Sie die ben\u00f6tigten Unterlagen und Informationen f\u00fcr die Schulanmeldung zum Schuljahr 2027\/2028.Um das entsprechende Dokument zu \u00f6ffnen und auszudrucken, klicken Sie bitte auf das Dokument. Anmeldung 2027 Anlage Einwilligungserkl\u00e4rungen Anlage Sorgerecht Belehrung Infektionsschutzgesetz Waffenverbot Bringen Sie die Unterlagen bitte ausgef\u00fcllt und unterschrieben zur Anmeldung mit!<\/p>\n","protected":false},"author":9192581,"featured_media":0,"parent":0,"menu_order":0,"comment_status":"closed","ping_status":"closed","template":"","meta":{"footnotes":""},"class_list":["post-953","page","type-page","status-publish","hentry"],"_links":{"self":[{"href":"https:\/\/wordpress.nibis.de\/gsszthiede\/wp-json\/wp\/v2\/pages\/953","targetHints":{"allow":["GET"]}}],"collection":[{"href":"https:\/\/wordpress.nibis.de\/gsszthiede\/wp-json\/wp\/v2\/pages"}],"about":[{"href":"https:\/\/wordpress.nibis.de\/gsszthiede\/wp-json\/wp\/v2\/types\/page"}],"author":[{"embeddable":true,"href":"https:\/\/wordpress.nibis.de\/gsszthiede\/wp-json\/wp\/v2\/users\/9192581"}],"replies":[{"embeddable":true,"href":"https:\/\/wordpress.nibis.de\/gsszthiede\/wp-json\/wp\/v2\/comments?post=953"}],"version-history":[{"count":32,"href":"https:\/\/wordpress.nibis.de\/gsszthiede\/wp-json\/wp\/v2\/pages\/953\/revisions"}],"predecessor-version":[{"id":2179,"href":"https:\/\/wordpress.nibis.de\/gsszthiede\/wp-json\/wp\/v2\/pages\/953\/revisions\/2179"}],"wp:attachment":[{"href":"https:\/\/wordpress.nibis.de\/gsszthiede\/wp-json\/wp\/v2\/media?parent=953"}],"curies":[{"name":"wp","href":"https:\/\/api.w.org\/{rel}","templated":true}]}}