{"id":105,"date":"2016-11-18T14:14:46","date_gmt":"2016-11-18T13:14:46","guid":{"rendered":"http:\/\/wordpress.nibis.de\/gstodtgl\/?page_id=105"},"modified":"2022-12-19T15:21:42","modified_gmt":"2022-12-19T14:21:42","slug":"einschulung-2017","status":"publish","type":"page","link":"https:\/\/wordpress.nibis.de\/gstodtgl\/einschulung-2017\/","title":{"rendered":"Obstpause"},"content":{"rendered":"<p><span style=\"font-size: revert\">Dass Obst und Gem\u00fcse gesund sind, das wei\u00df jedes Kind. Deshalb d\u00fcrfen wichtige Vitamine nat\u00fcrlich auch beim Lernen nicht fehlen.<\/span><\/p>\n<p><span style=\"font-size: revert\"><img loading=\"lazy\" decoding=\"async\" class=\"wp-image-2311 aligncenter\" src=\"https:\/\/wordpress.nibis.de\/gstodtgl\/files\/2022\/11\/IMG_20221115_094357-scaled.jpg\" alt=\"\" width=\"408\" height=\"309\" \/><\/span>Die Grundschule Todtgl\u00fcsingen hat sich f\u00fcr das &#8222;Obstprojekt an Schulen&#8220; beworben und darf vor einiger Zeit daran teilnehmen.\u00a0<\/p>\n<p>Angeliefert durch den REWE-Markt bekommt unsere Schule jeden Dienstag Kisten voller\u00a0 Obst und Gem\u00fcse. Dieses wird dann dienstags bis freitags in der ersten gro\u00dfen Pause von 2 flei\u00dfigen Helfern aus jeder Klasse in der Mensa zubereitet und steht allen Kindern danach in der Klasse als gesunder Snack f\u00fcr zwischendurch zur Verf\u00fcgung.<\/p>\n<p><img loading=\"lazy\" decoding=\"async\" class=\"wp-image-2312 aligncenter\" src=\"https:\/\/wordpress.nibis.de\/gstodtgl\/files\/2022\/11\/IMG_20221115_101015-scaled.jpg\" alt=\"\" width=\"410\" height=\"209\" \/><\/p>\n<p>Ein gro\u00dfartige Sache, die viel Freude am Kennenlernen, Zubereiten und nat\u00fcrlich Essen und Probieren weckt.\u00a0<\/p>\n<p><strong>Ein voller Erfolg!<\/strong><\/p>\n<p>\u00a0<\/p>\n<p style=\"text-align: center\">\u00a0<\/p>\n\n","protected":false},"excerpt":{"rendered":"<p>Dass Obst und Gem\u00fcse gesund sind, das wei\u00df jedes Kind. Deshalb d\u00fcrfen wichtige Vitamine nat\u00fcrlich auch beim Lernen nicht fehlen. Die Grundschule Todtgl\u00fcsingen hat sich f\u00fcr das &#8222;Obstprojekt an Schulen&#8220; beworben und darf vor einiger Zeit daran teilnehmen.\u00a0 Angeliefert durch &hellip; <a href=\"https:\/\/wordpress.nibis.de\/gstodtgl\/einschulung-2017\/\">Weiterlesen <span class=\"meta-nav\">&rarr;<\/span><\/a><\/p>\n","protected":false},"author":1206,"featured_media":0,"parent":0,"menu_order":0,"comment_status":"closed","ping_status":"closed","template":"","meta":{"footnotes":""},"class_list":["post-105","page","type-page","status-publish","hentry"],"_links":{"self":[{"href":"https:\/\/wordpress.nibis.de\/gstodtgl\/wp-json\/wp\/v2\/pages\/105","targetHints":{"allow":["GET"]}}],"collection":[{"href":"https:\/\/wordpress.nibis.de\/gstodtgl\/wp-json\/wp\/v2\/pages"}],"about":[{"href":"https:\/\/wordpress.nibis.de\/gstodtgl\/wp-json\/wp\/v2\/types\/page"}],"author":[{"embeddable":true,"href":"https:\/\/wordpress.nibis.de\/gstodtgl\/wp-json\/wp\/v2\/users\/1206"}],"replies":[{"embeddable":true,"href":"https:\/\/wordpress.nibis.de\/gstodtgl\/wp-json\/wp\/v2\/comments?post=105"}],"version-history":[{"count":11,"href":"https:\/\/wordpress.nibis.de\/gstodtgl\/wp-json\/wp\/v2\/pages\/105\/revisions"}],"predecessor-version":[{"id":2327,"href":"https:\/\/wordpress.nibis.de\/gstodtgl\/wp-json\/wp\/v2\/pages\/105\/revisions\/2327"}],"wp:attachment":[{"href":"https:\/\/wordpress.nibis.de\/gstodtgl\/wp-json\/wp\/v2\/media?parent=105"}],"curies":[{"name":"wp","href":"https:\/\/api.w.org\/{rel}","templated":true}]}}