{"id":111,"date":"2016-11-18T14:19:06","date_gmt":"2016-11-18T13:19:06","guid":{"rendered":"http:\/\/wordpress.nibis.de\/gstodtgl\/?page_id=111"},"modified":"2023-11-02T11:59:16","modified_gmt":"2023-11-02T10:59:16","slug":"sekretariat","status":"publish","type":"page","link":"https:\/\/wordpress.nibis.de\/gstodtgl\/sekretariat\/","title":{"rendered":"Sekretariat"},"content":{"rendered":"\n<p> <\/p>\n\n\n<p style=\"text-align: center\">Unsere Sekret\u00e4rinnen <strong>Frau Altmann <\/strong>und <strong>Frau Sch\u00e4fer-Burkhardt<\/strong> sind in den angegebenen Zeiten telefonisch und nach Absprache auch pers\u00f6nlich f\u00fcr Sie erreichbar.<\/p>\n<p style=\"text-align: center\">\u00a0<\/p>\n<p style=\"text-align: left\">\u00a0<img loading=\"lazy\" decoding=\"async\" class=\"alignnone  wp-image-798\" src=\"https:\/\/wordpress.nibis.de\/gstodtgl\/files\/2019\/05\/20190528_1831001-544x478.jpg\" alt=\"\" width=\"209\" height=\"185\" \/>\u00a0 \u00a0<\/p>\n<h1>\u00a0 \u00a0 \u00a0 \u00a0 \u00a0 \u00a0 \u00a0 \u00a0\u00a0\u00a0\u00a0 Fr. Altmann\u00a0\u00a0\u00a0\u00a0\u00a0\u00a0\u00a0\u00a0\u00a0\u00a0\u00a0\u00a0\u00a0\u00a0\u00a0\u00a0\u00a0\u00a0\u00a0\u00a0\u00a0\u00a0\u00a0\u00a0\u00a0\u00a0\u00a0\u00a0\u00a0\u00a0\u00a0\u00a0\u00a0\u00a0\u00a0\u00a0\u00a0\u00a0 Fr. Sch\u00e4fer-Burkhardt<\/h1>\n<h1>\u00a0<\/h1>\n<h1>SPRECHZEITEN:<\/h1>\n<h1>Montag + Mittwoch bis Freitag<\/h1>\n<h1>7.30Uhr bis 12.30Uhr<\/h1>\n<h1>Telefon: \u00a0 \u00a0 \u00a0 \u00a004182-5525<\/h1>\n<h1><strong>Telefax: \u00a0 \u00a0 \u00a0 \u00a00\u00a041 82\u00a0\u2013\u00a029 31 04<\/strong><\/h1>\n<h1>email:\u00a0 \u00a0 \u00a0 \u00a0 \u00a0 \u00a0g&#115;&#x2e;t&#111;&#x64;t&#x67;&#x6c;&#117;&#x65;s&#105;&#x6e;g&#101;&#x6e;&#64;&#x74;&#x2d;&#111;&#x6e;&#x6c;&#105;&#x6e;e&#46;&#x64;e<\/h1>\n<p>\u00a0<\/p>\n<pre>\u00a0<\/pre>","protected":false},"excerpt":{"rendered":"<p>Unsere Sekret\u00e4rinnen Frau Altmann und Frau Sch\u00e4fer-Burkhardt sind in den angegebenen Zeiten telefonisch und nach Absprache auch pers\u00f6nlich f\u00fcr Sie erreichbar. \u00a0 \u00a0\u00a0 \u00a0 \u00a0 \u00a0 \u00a0 \u00a0 \u00a0 \u00a0 \u00a0 \u00a0\u00a0\u00a0\u00a0 Fr. Altmann\u00a0\u00a0\u00a0\u00a0\u00a0\u00a0\u00a0\u00a0\u00a0\u00a0\u00a0\u00a0\u00a0\u00a0\u00a0\u00a0\u00a0\u00a0\u00a0\u00a0\u00a0\u00a0\u00a0\u00a0\u00a0\u00a0\u00a0\u00a0\u00a0\u00a0\u00a0\u00a0\u00a0\u00a0\u00a0\u00a0\u00a0\u00a0 Fr. Sch\u00e4fer-Burkhardt \u00a0 SPRECHZEITEN: Montag + &hellip; <a href=\"https:\/\/wordpress.nibis.de\/gstodtgl\/sekretariat\/\">Weiterlesen <span class=\"meta-nav\">&rarr;<\/span><\/a><\/p>\n","protected":false},"author":1206,"featured_media":0,"parent":0,"menu_order":0,"comment_status":"closed","ping_status":"closed","template":"","meta":{"footnotes":""},"class_list":["post-111","page","type-page","status-publish","hentry"],"_links":{"self":[{"href":"https:\/\/wordpress.nibis.de\/gstodtgl\/wp-json\/wp\/v2\/pages\/111","targetHints":{"allow":["GET"]}}],"collection":[{"href":"https:\/\/wordpress.nibis.de\/gstodtgl\/wp-json\/wp\/v2\/pages"}],"about":[{"href":"https:\/\/wordpress.nibis.de\/gstodtgl\/wp-json\/wp\/v2\/types\/page"}],"author":[{"embeddable":true,"href":"https:\/\/wordpress.nibis.de\/gstodtgl\/wp-json\/wp\/v2\/users\/1206"}],"replies":[{"embeddable":true,"href":"https:\/\/wordpress.nibis.de\/gstodtgl\/wp-json\/wp\/v2\/comments?post=111"}],"version-history":[{"count":27,"href":"https:\/\/wordpress.nibis.de\/gstodtgl\/wp-json\/wp\/v2\/pages\/111\/revisions"}],"predecessor-version":[{"id":2605,"href":"https:\/\/wordpress.nibis.de\/gstodtgl\/wp-json\/wp\/v2\/pages\/111\/revisions\/2605"}],"wp:attachment":[{"href":"https:\/\/wordpress.nibis.de\/gstodtgl\/wp-json\/wp\/v2\/media?parent=111"}],"curies":[{"name":"wp","href":"https:\/\/api.w.org\/{rel}","templated":true}]}}