{"id":1149,"date":"2020-09-07T19:36:08","date_gmt":"2020-09-07T17:36:08","guid":{"rendered":"https:\/\/wordpress.nibis.de\/gstodtgl\/?page_id=1149"},"modified":"2023-03-07T15:45:30","modified_gmt":"2023-03-07T14:45:30","slug":"vgs-verlaessliche-grundschule","status":"publish","type":"page","link":"https:\/\/wordpress.nibis.de\/gstodtgl\/vgs-verlaessliche-grundschule\/","title":{"rendered":"VGS (Verl\u00e4ssliche Grundschule)"},"content":{"rendered":"\n<p>Die VGS umfasst zeitlich die 5.Schulstunde (11.50Uhr &#8211; 12.35Uhr). <\/p>\n\n\n\n<p>Daher richtet sich das Angebot der VGS ausschlie\u00dflich an Sch\u00fclerInnen des Jahrgangs 1 und 2, insofern diese nach der 4.Stunde keinen planm\u00e4\u00dfigen Unterricht mehr haben. <\/p>\n\n\n\n<p>Um am t\u00e4glichen, kostenfreien Angebot der VGS teilnehmen zu k\u00f6nnen, bedarf es einer <strong>verbindlichen Anmeldung. Die Teilnahme an der VGS ist kostenfrei.<\/strong><\/p>\n\n\n\n<div class=\"wp-block-file\"><a id=\"wp-block-file--media-5470dbcb-f1ff-40ef-aca6-281b1b83f1e6\" href=\"https:\/\/wordpress.nibis.de\/gstodtgl\/files\/2020\/08\/Anmeldung-VGS-5.-Stunde-neu.pdf\">Anmeldung zur VGS<\/a><a href=\"https:\/\/wordpress.nibis.de\/gstodtgl\/files\/2020\/08\/Anmeldung-VGS-5.-Stunde-neu.pdf\" class=\"wp-block-file__button\" download aria-describedby=\"wp-block-file--media-5470dbcb-f1ff-40ef-aca6-281b1b83f1e6\">Herunterladen<\/a><\/div>\n\n\n\n<p>Diese ist f\u00fcr 1 Jahr g\u00fcltig und verl\u00e4ngert sich automatisch mit dem kommenden Schuljahr. Einzelne oder mehrere Tage sind flexibel w\u00e4hlbar.<\/p>\n\n\n\n<p>Die VGS ist die sogenannte &#8222;Spielestunde&#8220;. In dieser Zeit werden die Kinder von unseren p\u00e4dagogischen MitarbeiterInnen im freien Spiel drinnen und\/oder drau\u00dfen begleitet. Hierzu stehen ihnen verschiedene Spielangebote und Materialien zur Verf\u00fcgung.<\/p>\n\n\n\n<p><\/p>\n\n\n\n<figure class=\"wp-block-image size-full\"><img loading=\"lazy\" decoding=\"async\" width=\"1920\" height=\"2560\" src=\"https:\/\/wordpress.nibis.de\/gstodtgl\/files\/2021\/11\/vgs-scaled.jpg\" alt=\"\" class=\"wp-image-1950\" srcset=\"https:\/\/wordpress.nibis.de\/gstodtgl\/files\/2021\/11\/vgs-scaled.jpg 1920w, https:\/\/wordpress.nibis.de\/gstodtgl\/files\/2021\/11\/vgs-768x1024.jpg 768w, https:\/\/wordpress.nibis.de\/gstodtgl\/files\/2021\/11\/vgs-1152x1536.jpg 1152w, https:\/\/wordpress.nibis.de\/gstodtgl\/files\/2021\/11\/vgs-1536x2048.jpg 1536w, https:\/\/wordpress.nibis.de\/gstodtgl\/files\/2021\/11\/vgs-225x300.jpg 225w\" sizes=\"auto, (max-width: 1920px) 100vw, 1920px\" \/><figcaption>Spielebetreuung &#8211; Zeit f\u00fcr Spiel, Spa\u00df und das Kn\u00fcpfen von Freundschaften<\/figcaption><\/figure>\n\n\n\n<figure class=\"wp-block-image size-large\"><img loading=\"lazy\" decoding=\"async\" width=\"1200\" height=\"675\" src=\"https:\/\/wordpress.nibis.de\/gstodtgl\/files\/2021\/11\/draussen-1200x675.jpg\" alt=\"\" class=\"wp-image-1953\" srcset=\"https:\/\/wordpress.nibis.de\/gstodtgl\/files\/2021\/11\/draussen-1200x675.jpg 1200w, https:\/\/wordpress.nibis.de\/gstodtgl\/files\/2021\/11\/draussen-850x478.jpg 850w, https:\/\/wordpress.nibis.de\/gstodtgl\/files\/2021\/11\/draussen-250x141.jpg 250w\" sizes=\"auto, (max-width: 1200px) 100vw, 1200px\" \/><figcaption>&#8230;oder auch das Toben drau\u00dfen<\/figcaption><\/figure>\n","protected":false},"excerpt":{"rendered":"<p>Die VGS umfasst zeitlich die 5.Schulstunde (11.50Uhr &#8211; 12.35Uhr). Daher richtet sich das Angebot der VGS ausschlie\u00dflich an Sch\u00fclerInnen des Jahrgangs 1 und 2, insofern diese nach der 4.Stunde keinen planm\u00e4\u00dfigen Unterricht mehr haben. Um am t\u00e4glichen, kostenfreien Angebot der &hellip; <a href=\"https:\/\/wordpress.nibis.de\/gstodtgl\/vgs-verlaessliche-grundschule\/\">Weiterlesen <span class=\"meta-nav\">&rarr;<\/span><\/a><\/p>\n","protected":false},"author":1251,"featured_media":0,"parent":0,"menu_order":0,"comment_status":"closed","ping_status":"closed","template":"","meta":{"footnotes":""},"class_list":["post-1149","page","type-page","status-publish","hentry"],"_links":{"self":[{"href":"https:\/\/wordpress.nibis.de\/gstodtgl\/wp-json\/wp\/v2\/pages\/1149","targetHints":{"allow":["GET"]}}],"collection":[{"href":"https:\/\/wordpress.nibis.de\/gstodtgl\/wp-json\/wp\/v2\/pages"}],"about":[{"href":"https:\/\/wordpress.nibis.de\/gstodtgl\/wp-json\/wp\/v2\/types\/page"}],"author":[{"embeddable":true,"href":"https:\/\/wordpress.nibis.de\/gstodtgl\/wp-json\/wp\/v2\/users\/1251"}],"replies":[{"embeddable":true,"href":"https:\/\/wordpress.nibis.de\/gstodtgl\/wp-json\/wp\/v2\/comments?post=1149"}],"version-history":[{"count":11,"href":"https:\/\/wordpress.nibis.de\/gstodtgl\/wp-json\/wp\/v2\/pages\/1149\/revisions"}],"predecessor-version":[{"id":2423,"href":"https:\/\/wordpress.nibis.de\/gstodtgl\/wp-json\/wp\/v2\/pages\/1149\/revisions\/2423"}],"wp:attachment":[{"href":"https:\/\/wordpress.nibis.de\/gstodtgl\/wp-json\/wp\/v2\/media?parent=1149"}],"curies":[{"name":"wp","href":"https:\/\/api.w.org\/{rel}","templated":true}]}}