{"id":1151,"date":"2020-09-07T19:36:34","date_gmt":"2020-09-07T17:36:34","guid":{"rendered":"https:\/\/wordpress.nibis.de\/gstodtgl\/?page_id=1151"},"modified":"2026-02-10T14:41:43","modified_gmt":"2026-02-10T13:41:43","slug":"ganztagsbetreuung","status":"publish","type":"page","link":"https:\/\/wordpress.nibis.de\/gstodtgl\/ganztagsbetreuung\/","title":{"rendered":"Ganztagsbetreuung"},"content":{"rendered":"\n<p><strong>Di, Mi, und Do = offene Ganztagsschule<\/strong> (kostenlos bis 15.30Uhr, keine flexiblen Abholzeiten &#8211; <em>neu: M\u00f6glichkeit zur Abholung um 14.00Uhr (bei Eintrag im HA-Heft)<\/em>)<\/p>\n<p><strong>Mo + Fr = Hort durch die Samtgemeinde<\/strong> (kostenpflichtig bis 16.00Uhr, flexible Abholzeiten)<\/p>\n\n\n\n<p>Die Ganztagsbetreuung ist die Nachmittagsbetreuung unserer Schule, welche von Dienstag bis Donnerstag unentgeltlich sowie montags und freitags kostenpflichtig angeboten wird. Denn von Dienstag bis Donnerstag ergibt sich die Nachmittagsbetreuung aus unserer offenen Ganztagsschule, am Montag und Freitag aus einem Hort, der von der Samtgemeinde getragen wird. Es ergeben sich andere Gesetzm\u00e4\u00dfigkeiten innerhalb dieser beiden Konzepte.<\/p>\n\n\n\n<p>Eine verbindliche Anmeldung ist jeweils erforderlich, welche <strong>ein halbes Jahr<\/strong> g\u00fcltig ist und sich mit jedem Schuljahr automatisch verl\u00e4ngert. Einzelne oder mehrere Tage sind grunds\u00e4tzlich frei w\u00e4hl- und kombinierbar. <\/p>\n\n\n\n<p><strong>Die Anmeldung f\u00fcr das kommende Schuljahr muss der Schule bitte bis zum 30.05.vorliegen.<\/strong><\/p>\n\n\n\n<p><a href=\"https:\/\/wordpress.nibis.de\/gstodtgl\/dokumente-zum-download\/anmeldung-ganztagsschule-bis-15-30-uhr-5\/\" rel=\"attachment wp-att-3545\">Anmeldung Ganztagsschule bis 15.30 Uhr<\/a><\/p>\n\n\n\n<p><\/p>\n\n\n\n<p>Kinder der Jahrg\u00e4nge 1+2, die im Ganztag angemeldet sind, nehmen automatisch an den von ihnen gebuchten Tagen an der VGS (= 5.Std.) teil. <strong>Eine gesonderte Anmeldung f\u00fcr die VGS ist nicht erforderlich.<\/strong><\/p>\n\n\n\n<p>Der Ganztag beinhaltet jeweils ein kostenpflichtiges Mittagessen in der Schulmensa (je 3,00\u20ac), eine feste Hausaufgabenzeit sowie Zeit f\u00fcr freies Spiel bzw. Workshopangebote von Di-Do, welche teilweise durch externe Vereine, teilweise durch unsere p\u00e4dagogischen MitarbeiterInnen gestellt werden. <\/p>\n\n\n<div class=\"wp-block-image\">\n<figure class=\"aligncenter size-large is-resized\"><img loading=\"lazy\" decoding=\"async\" width=\"1200\" height=\"675\" src=\"https:\/\/wordpress.nibis.de\/gstodtgl\/files\/2024\/02\/Ganztag2-1200x675.jpg\" alt=\"\" class=\"wp-image-2805\" style=\"width:456px;height:257px\" srcset=\"https:\/\/wordpress.nibis.de\/gstodtgl\/files\/2024\/02\/Ganztag2-1200x675.jpg 1200w, https:\/\/wordpress.nibis.de\/gstodtgl\/files\/2024\/02\/Ganztag2-850x478.jpg 850w, https:\/\/wordpress.nibis.de\/gstodtgl\/files\/2024\/02\/Ganztag2-250x141.jpg 250w\" sizes=\"auto, (max-width: 1200px) 100vw, 1200px\" \/><\/figure>\n<\/div>\n\n\n<p>Unser Ganztag endet t\u00e4glich um 15.30Uhr (Die Hortbetreuung am Mo+Fr endet um 16.00Uhr). Sollten Sie Ihr Kind aus dem schulischen Ganztag wegen eines dringenden, einmaligen Termins (Arztbesuch, Familienfeier, Geburtstagseinladung o.\u00e4.) vorzeitig abholen m\u00fcssen, beachten Sie bitte, dass eine schriftliche Abmeldung im Vorwege notwendig ist. Diese muss dann durch die Schulleitung genehmigt werden. <strong>Bitte beantragen Sie eine etwaige Abmeldung daher fr\u00fchzeitig (mind. 3 Tage vorher) und nutzen Sie daf\u00fcr das entsprechende Formular<\/strong>.<\/p>\n\n\n\n<div data-wp-interactive=\"core\/file\" class=\"wp-block-file\"><object data-wp-bind--hidden=\"!state.hasPdfPreview\" hidden class=\"wp-block-file__embed\" data=\"https:\/\/wordpress.nibis.de\/gstodtgl\/files\/2021\/06\/Abmeldungen-aus-besonderem-Anlass-neu.pdf\" type=\"application\/pdf\" style=\"width:100%;height:600px\" aria-label=\"Einbettung von Abmeldungen-aus-besonderem-Anlass-neu.\"><\/object><a id=\"wp-block-file--media-870e447c-b9c8-4f82-b9ff-de674a3854e3\" href=\"https:\/\/wordpress.nibis.de\/gstodtgl\/files\/2021\/06\/Abmeldungen-aus-besonderem-Anlass-neu.pdf\">Abmeldungen-aus-besonderem-Anlass-neu<\/a><a href=\"https:\/\/wordpress.nibis.de\/gstodtgl\/files\/2021\/06\/Abmeldungen-aus-besonderem-Anlass-neu.pdf\" class=\"wp-block-file__button wp-element-button\" download aria-describedby=\"wp-block-file--media-870e447c-b9c8-4f82-b9ff-de674a3854e3\">Herunterladen<\/a><\/div>\n\n\n\n<p><\/p>\n\n\n\n<p>Freitags und montags ist die Betreuung kostenpflichtig, das hei\u00dft es k\u00f6nnen auch fr\u00fchere und flexible Abholzeiten vereinbart werden. In diesem Fall muss allerdings dennoch der Betrag f\u00fcr den gesamten Tag gezahlt werden. Dies ist bitte mit dem Hort zu kommunizieren, da hier unsere Schule nicht zust\u00e4ndig ist.<\/p>\n\n\n\n<p>Seit Kurzem wird hier eine Geschwistererm\u00e4\u00dfigung der Samtgemeinde Tostedt angeboten.<\/p>\n\n\n\n<div data-wp-interactive=\"core\/file\" class=\"wp-block-file\"><object data-wp-bind--hidden=\"!state.hasPdfPreview\" hidden class=\"wp-block-file__embed\" data=\"https:\/\/wordpress.nibis.de\/gstodtgl\/files\/2023\/11\/Geschwisterermaessigung-Nachmittagsbetreuung.pdf\" type=\"application\/pdf\" style=\"width:100%;height:600px\" aria-label=\"Einbettung von Geschwisterermaessigung-Nachmittagsbetreuung.\"><\/object><a id=\"wp-block-file--media-5c19b0be-b826-47d9-8193-8674e57c38d5\" href=\"https:\/\/wordpress.nibis.de\/gstodtgl\/files\/2023\/11\/Geschwisterermaessigung-Nachmittagsbetreuung.pdf\">Geschwisterermaessigung-Nachmittagsbetreuung<\/a><a href=\"https:\/\/wordpress.nibis.de\/gstodtgl\/files\/2023\/11\/Geschwisterermaessigung-Nachmittagsbetreuung.pdf\" class=\"wp-block-file__button wp-element-button\" download aria-describedby=\"wp-block-file--media-5c19b0be-b826-47d9-8193-8674e57c38d5\">Herunterladen<\/a><\/div>\n\n\n\n<p>Das qualitative Mittagessen wird in unserer Mensa eingenommen und vom K\u00fcchenpersonal ausgegeben. Die Teilnahme am gemeinsamen Mittagessen ist im Ganztag verpflichtend. T\u00e4glich stehen 2 Men\u00fcs zur Auswahl, von denen eines immer vegetarisch ist. <\/p>\n\n\n\n<p>Die Kostenabrechnung erfolgt \u00fcber ein Chipsystem (GiroWeb). Die Kinder bekommen nach erfolgter \u00dcberweisung einen Chip ausgeh\u00e4ndigt. Auf diesen individuellen Chips sind Guthaben sowie die jeweilige Men\u00fcauswahl der Eltern gespeichert, welche im Vorwege online fristgerecht zu treffen ist (2 Wochen im Voraus). <strong>Bei der Men\u00fcauswahl k\u00f6nnen Allergien und Unvertr\u00e4glichkeiten ber\u00fccksichtigt und angegeben werden.<\/strong><\/p>\n\n\n\n<p><a href=\"https:\/\/wordpress.nibis.de\/gstodtgl\/dokumente-zum-download\/infoschreiben-u-anmeldung-mensa-2026\/\" rel=\"attachment wp-att-3543\">Infoschreiben u Anmeldung Mensa 2026<\/a><\/p>\n\n\n\n<div data-wp-interactive=\"core\/file\" class=\"wp-block-file\"><object data-wp-bind--hidden=\"!state.hasPdfPreview\" hidden class=\"wp-block-file__embed\" data=\"https:\/\/wordpress.nibis.de\/gstodtgl\/files\/2025\/08\/INFO-Mensa.pdf\" type=\"application\/pdf\" style=\"width:100%;height:600px\" aria-label=\"Einbettung von INFO-Mensa.\"><\/object><a id=\"wp-block-file--media-3c555186-a3a8-4f16-9c9d-35f6a1746f15\" href=\"https:\/\/wordpress.nibis.de\/gstodtgl\/files\/2025\/08\/INFO-Mensa.pdf\">INFO-Mensa<\/a><a href=\"https:\/\/wordpress.nibis.de\/gstodtgl\/files\/2025\/08\/INFO-Mensa.pdf\" class=\"wp-block-file__button wp-element-button\" download aria-describedby=\"wp-block-file--media-3c555186-a3a8-4f16-9c9d-35f6a1746f15\">Herunterladen<\/a><\/div>\n\n\n\n<div class=\"wp-block-file\"><a id=\"wp-block-file--media-c38604dc-bdfe-460d-88c3-adce64442cca\" href=\"https:\/\/wordpress.nibis.de\/gstodtgl\/files\/2020\/08\/Antrag-zur-Auszahlung-von-Guthaben-Mensa.pdf\">Antrag zur Auszahlung von Guthaben (Mensa)<\/a><a href=\"https:\/\/wordpress.nibis.de\/gstodtgl\/files\/2020\/08\/Antrag-zur-Auszahlung-von-Guthaben-Mensa.pdf\" class=\"wp-block-file__button wp-element-button\" download aria-describedby=\"wp-block-file--media-c38604dc-bdfe-460d-88c3-adce64442cca\">Herunterladen<\/a><\/div>\n\n\n\n<p><strong>Alle Fragen bez\u00fcglich der Abrechnung des Essensgeldes, \u00dcberweisungsvorg\u00e4ngen sowie sonstigen Belangen bez\u00fcglich des Mittagessens, sind bitte nicht \u00fcber das schulische Sekretariat, sondern die Samtgemeide bzw. den Essensanbieter zu kl\u00e4ren.<\/strong><\/p>\n\n\n\n<p><strong>F\u00fcr alle Kinder besteht im Ganztag eine feste Hausaufgabenzeit.<\/strong> In dieser werden die Hausaufgaben gemeinsam angefertigt, Fragen beantwortet und soweit erforderlich\/m\u00f6glich Hilfestellungen gegeben. Es handelt sich bei der Hausaufgabenzeit jedoch nicht um ein Nachhilfs- oder F\u00f6rderangebot. Daher besteht weder Anspruch auf Richtigkeit noch auf Vollst\u00e4ndigkeit der Hausaufgaben. Beides ist zu Hause ggf. noch einmal zu \u00fcberpr\u00fcfen.<\/p>\n\n\n\n<p class=\"has-background\" style=\"background-color:#fff34f\"><strong>Zeitlicher Ablauf im Ganztag<\/strong> <strong>Di-Do<\/strong><\/p>\n\n\n\n<figure class=\"wp-block-table\"><table class=\"has-background\" style=\"background-color:#e7f5fe\"><tbody><tr><td>                               <strong>Jahrgang 1+2  <\/strong>                        <br><br><strong>5. Stunde<\/strong>                VGS \/ ggf. Unterricht              <\/td><td><\/td><td><\/td><td><\/td><td><\/td><\/tr><tr><td>                                                  <br><strong>6. Stunde   <\/strong>            Mittagessen                            <\/td><td><\/td><td><\/td><td><\/td><td><\/td><\/tr><tr><td>                                                     <br><strong>7. Stunde  <\/strong>             Hausaufgabenzeit                   <\/td><td><\/td><td><\/td><td><\/td><td><\/td><\/tr><tr><td><strong>14.00Uhr <\/strong><br><strong>bis 15.15Uhr <\/strong>         Spiel \/ gew\u00e4hlte AG                   <\/td><td><\/td><td><\/td><td><\/td><td><\/td><\/tr><\/tbody><\/table><\/figure>\n\n\n\n<figure class=\"wp-block-table\"><table class=\"has-background\" style=\"background-color:#e9fbe5\"><tbody><tr><td>                               <strong>Jahrgang 3+4 <\/strong><br><br><strong>5. Stunde<\/strong>               Unterricht<\/td><td><\/td><td><\/td><td><\/td><td><\/td><\/tr><tr><td>                                                  <br><strong>6. Stunde   <\/strong>            Hausaufgabenzeit<\/td><td><\/td><td><\/td><td><\/td><td><\/td><\/tr><tr><td>                                                     <br><strong>7. Stunde  <\/strong>             Mittagessen<\/td><td><\/td><td><\/td><td><\/td><td><\/td><\/tr><tr><td><strong>14.00Uhr<\/strong><br><strong>bis 15.15Uhr<\/strong>          Spiel \/ gew\u00e4hlte AG<\/td><td><\/td><td><\/td><td><\/td><td><\/td><\/tr><\/tbody><\/table><\/figure>\n","protected":false},"excerpt":{"rendered":"<p>Di, Mi, und Do = offene Ganztagsschule (kostenlos bis 15.30Uhr, keine flexiblen Abholzeiten &#8211; neu: M\u00f6glichkeit zur Abholung um 14.00Uhr (bei Eintrag im HA-Heft)) Mo + Fr = Hort durch die Samtgemeinde (kostenpflichtig bis 16.00Uhr, flexible Abholzeiten) Die Ganztagsbetreuung ist &hellip; <a href=\"https:\/\/wordpress.nibis.de\/gstodtgl\/ganztagsbetreuung\/\">Weiterlesen <span class=\"meta-nav\">&rarr;<\/span><\/a><\/p>\n","protected":false},"author":1251,"featured_media":0,"parent":0,"menu_order":0,"comment_status":"closed","ping_status":"closed","template":"","meta":{"footnotes":""},"class_list":["post-1151","page","type-page","status-publish","hentry"],"_links":{"self":[{"href":"https:\/\/wordpress.nibis.de\/gstodtgl\/wp-json\/wp\/v2\/pages\/1151","targetHints":{"allow":["GET"]}}],"collection":[{"href":"https:\/\/wordpress.nibis.de\/gstodtgl\/wp-json\/wp\/v2\/pages"}],"about":[{"href":"https:\/\/wordpress.nibis.de\/gstodtgl\/wp-json\/wp\/v2\/types\/page"}],"author":[{"embeddable":true,"href":"https:\/\/wordpress.nibis.de\/gstodtgl\/wp-json\/wp\/v2\/users\/1251"}],"replies":[{"embeddable":true,"href":"https:\/\/wordpress.nibis.de\/gstodtgl\/wp-json\/wp\/v2\/comments?post=1151"}],"version-history":[{"count":47,"href":"https:\/\/wordpress.nibis.de\/gstodtgl\/wp-json\/wp\/v2\/pages\/1151\/revisions"}],"predecessor-version":[{"id":3550,"href":"https:\/\/wordpress.nibis.de\/gstodtgl\/wp-json\/wp\/v2\/pages\/1151\/revisions\/3550"}],"wp:attachment":[{"href":"https:\/\/wordpress.nibis.de\/gstodtgl\/wp-json\/wp\/v2\/media?parent=1151"}],"curies":[{"name":"wp","href":"https:\/\/api.w.org\/{rel}","templated":true}]}}