{"id":1153,"date":"2020-09-07T19:37:45","date_gmt":"2020-09-07T17:37:45","guid":{"rendered":"https:\/\/wordpress.nibis.de\/gstodtgl\/?page_id=1153"},"modified":"2026-02-10T14:48:38","modified_gmt":"2026-02-10T13:48:38","slug":"faq-fragen-und-antworten","status":"publish","type":"page","link":"https:\/\/wordpress.nibis.de\/gstodtgl\/faq-fragen-und-antworten\/","title":{"rendered":"FAQs &#8211; Fragen und Antworten"},"content":{"rendered":"\n<p><em><strong>Nimmt jedes Kind an der Betreuung teil?<\/strong><\/em><\/p>\n\n\n\n<p>Nein. Jede Betreuungsform (VGS, Ganztag) erfordert eine gesonderte Anmeldung. Da wir eine offene Ganztagsschule sind, ist die Teilnahme an der Betreuung ein Angebot und nicht verpflichtend.<\/p>\n\n\n\n<p><strong><em>Wo kann ich mein Kind anmelden?<\/em><\/strong><\/p>\n\n\n\n<p>Bitte melden Sie Ihr Kind im Sekretariat an. Hierf\u00fcr laden Sie die entsprechenden Formulare von der Homepage herunter (VGS, Ganztag) (s. &#8222;Dokumente zum Download&#8220;), f\u00fcllen sie aus und geben Sie pers\u00f6nlich oder postalisch im Sekretariat ab.<\/p>\n\n\n\n<p><strong><em>Kann ich mein Kind jederzeit f\u00fcr eine Betreuungszeit an-\/abmelden? <\/em><\/strong><\/p>\n\n\n\n<p>Nein. Die Vertr\u00e4ge beginnen zu Beginn des Schuljahres und sind f\u00fcr ein halbes Jahr g\u00fcltig. Sie verl\u00e4ngern sich automatisch. Einzelne Tage k\u00f6nnen ggf. ver\u00e4ndert werden. In Einzelf\u00e4llen suchen Sie bitte das Gespr\u00e4ch. Bitte melden Sie Ihr Kind bei Bedarf <em>rechtzeitig<\/em> zu bzw. vor Beginn des Halbjahres an\/ab.<\/p>\n\n\n\n<p><strong><em>Wer betreut mein Kind w\u00e4hrend der Betreuungszeit?<\/em><\/strong><\/p>\n\n\n\n<p>Das VGS- sowie das Ganztagsangebot begleiten die P\u00e4dagogischen Mitarbeiter der Schule und werden dabei ggf. durch Bundesfreiwilligendienstler unterst\u00fctzt (s. &#8222;Personen unserer Schule&#8220;). Lehrerinnen und Lehrer unserer Schule beaufsichtigen ebenfalls die Hausaufgabenzeit von Di-Do und sind hier im Nachmittagsgeschehen sowie den aktiven Ganztagsangeboten eingesetzt.<\/p>\n\n\n\n<p class=\"has-blue-color has-text-color\"><strong>VGS (Verl\u00e4ssliche Grundschule) \/ Betreuung in der 5.Std.<\/strong><\/p>\n\n\n\n<p><strong><em>An wen richtet sich das Angebot der VGS?<\/em><\/strong><\/p>\n\n\n\n<p>Die VGS betrifft die Zeit zwischen 11.35Uhr und 12.35Uhr. Da die h\u00f6heren Klassen in dieser Zeit noch Unterricht haben, richtet sich das Angebot nur an Sch\u00fcler der Jahrg\u00e4nge 1 und 2 ohne Unterricht in der 5.Stunde, die berufst\u00e4tige Eltern haben und in Folge dessen noch nicht nach Hause gehen k\u00f6nnen, sondern in der Schule weiter betreut werden sollen.<\/p>\n\n\n\n<p><strong><em>Was beinhaltet die VGS ?<\/em><\/strong> <strong><em>Gibt es Angebote, an denen die Kinder teilnehmen k\u00f6nnen?<\/em><\/strong><\/p>\n\n\n\n<p>Nein. Die VGS ist die sogenannte &#8222;Spielezeit&#8220;. Auf dem Schulhof oder auch ggf in der Turnhalle werden die Kinder beim freien Spiel beaufsichtigt. Gerade die j\u00fcngeren Kinder haben hier die M\u00f6glichkeit, sich nach dem Schulvormittag ausreichend zu bewegen und Freundschaften mit anderen zu kn\u00fcpfen oder festigen. <\/p>\n\n\n\n<p><strong><em>Gibt es innerhalb der VGS Mittagessen oder die M\u00f6glichkeit, Hausaufgaben zu machen?<\/em><\/strong><\/p>\n\n\n\n<p>Nein, beides ist nicht Teil der VGS. Kinder der VGS gehen um 12.35Uhr nach Hause bzw. werden abgeholt und  fertigen dann ihre Hausaufgaben dort an.<\/p>\n\n\n\n<p class=\"has-blue-color has-text-color\"><strong>GANZTAGS-\/NACHMITTAGSBETREUUNG<\/strong><\/p>\n\n\n\n<p><strong><em>Bis wann muss ich mein Kind angemeldet haben?<\/em><\/strong><\/p>\n\n\n\n<p>Die Anmeldung f\u00fcr die Ganztagsbetreuung im folgenden Schulhalbjahr muss der Schule bis zum 30.05. vorliegen.<\/p>\n\n\n\n<p><strong><em>Wenn ich mein Kind (Jahrgang 1+2) f\u00fcr den Ganztag anmelde, ist es dann automatisch auch in der VGS angemeldet? <\/em><\/strong><\/p>\n\n\n\n<p>Ja. Die Anmeldung in der VGS muss an einem Tag, an dem Sie Ihr Kind im Ganztag anmelden, nicht extra erfolgen, sondern ist bereits inklusive.<\/p>\n\n\n\n<p><strong><em>An welchen Tagen ist die Ganztagsbetreuung m\u00f6glich?<\/em><\/strong><\/p>\n\n\n\n<p>Dienstags bis donnerstags kann das Ganztagsangebot kostenfrei gebucht werden. Die Ganztagsbetreuung am Montag und Freitag ist kostenpflichtig. Die Kombination und Anzahl der Tage ist frei w\u00e4hlbar.<\/p>\n\n\n\n<p><strong><em>Warum ist die Ganztagsbetreuung am Montag und Freitag kostenpflichtig und an den anderen Tagen nicht?<\/em><\/strong><\/p>\n\n\n\n<p>Unsere Schule kann leider nur ein beschr\u00e4nktes Nachmittagsangebot stellen und finanzieren. Eine von der Schule gestellte Betreuung ist laut Konzept der offenen Ganztagsschule immer kostenfrei f\u00fcr die Eltern. Diese Betreuung wird von Dienstag bis Donnerstag von uns angeboten.<\/p>\n\n\n\n<p>Um arbeitenden Eltern auch eine Betreuung am Montag und Freitag zu erm\u00f6glichen, richtet die Samtgemeinde zus\u00e4tzlich zwei weitere Tage aus und stellt hierf\u00fcr auch eigens Mitarbeiter. F\u00fcr die Kinder \u00e4ndert sich der Ablauf des Tages nicht, f\u00fcr die Eltern f\u00e4llt jedoch eine Geb\u00fchr an, sollten sie ihr Kind auch am Montag und\/oder Freitag in der Betreuung anmelden wollen.<\/p>\n\n\n\n<p><strong><em>Finden im Ganztag Angebote statt, an denen mein Kind teilnehmen kann?<\/em><\/strong><\/p>\n\n\n\n<p>Nach dem Mittagessen und der Hausaufgabenzeit werden unterschiedliche Angebote in Form von &#8222;AGs am Nachmittag&#8220; bereitgestellt. Diese sind w\u00e4hlbar und werden zurzeit durch die P\u00e4dagogischen Mitarbeiter oder ggf. durch externe Anbieter (Sportvereine etc.) bereit gestellt. Die Teilnahme an den Nachmittags-AGs ist w\u00fcnschenswert, aber nicht verpflichtend. Wer sich angemeldet hat, nimmt das Angebot f\u00fcr ein Schulhalbjahr wahr. <\/p>\n\n\n\n<p><strong><em>Gibt es in der Schule Mittagessen?<\/em><\/strong><\/p>\n\n\n\n<p>Ja. Die Kinder, die im Ganztag angemeldet sind, essen gemeinsam in der Mensa. Dort wird warmes, qualitativ hochwertiges und kindgerechtes Mittagessen ausgegeben, welches angeliefert und vor Ort in der Mensak\u00fcche fertig zubereitet wird. Eine Mahlzeit kostet 4,00\u20ac. Es kann immer zwischen 2 Gerichten inklusive Nachtisch ausgew\u00e4hlt werden. Die Auswahl muss 14Tage vorher online get\u00e4tigt werden, um erfasst werden zu k\u00f6nnen. Zum Mittagessen geh\u00f6rt selbstverst\u00e4ndlich auch ein unbeschr\u00e4nkter Ausschank von Mineralwasser.<\/p>\n\n\n\n<p><strong><em>Kann beim Essen auf Unvertr\u00e4glichkeiten R\u00fccksicht genommen werden?<\/em><\/strong> <em><strong>Gibt es vegetarisches Essen?<\/strong><\/em><\/p>\n\n\n\n<p>Ja. Der Hinweis auf Unvertr\u00e4glichkeiten ist sehr wichtig und kann beim Anbieter erfolgen. Eins der Tagesgerichte ist grunds\u00e4tzlich vegetarisch.<\/p>\n\n\n\n<p><strong><em>Muss mein Kind am Mittagessen teilnehmen? Oder kann ich ihm selbst etwas zu Essen mitgeben?<\/em><\/strong><\/p>\n\n\n\n<p>Ist Ihr Kind im Ganztag angemeldet, nimmt es auch am Mittagessen teil. Das Mitbringen von Mittagessen ist nicht m\u00f6glich.<\/p>\n\n\n\n<p><strong><em>Wo melde ich mich f\u00fcr das Mittagessen an? <\/em><\/strong><\/p>\n\n\n\n<p>Direkt beim Anbieter. Die Anmeldungen finden Sie zum Download auf dieser Homepage (s. Dokumente zum Download). Geben Sie diese ausgef\u00fcllt im Sekretariat oder postalisch in der Schule ab.<\/p>\n\n\n\n<p><strong><em>Wie bezahle ich f\u00fcr das Essen? Ben\u00f6tigt mein Kind Bargeld?<\/em><\/strong><\/p>\n\n\n\n<p>Die Anmeldung zum Essen enth\u00e4lt genaue Informationen sowie die Bankverbindung des Anbieters (GiroWeb). Jedes angemeldete Kind erh\u00e4lt von diesem nach Zahlungseingang einen Essens-Chip. Auf dem Chip sind die get\u00e4tigte Men\u00fcauswahl sowie ein zuvor durch die Eltern \u00fcberwiesenes Guthaben gespeichert. Das Kind bezahlt in der Mensa elektronisch mit dem Chip. Das Guthaben muss immer wieder aufgef\u00fcllt werden.<\/p>\n\n\n\n<p><strong><em>Woher bekomme ich den Chip?<\/em><\/strong><\/p>\n\n\n\n<p>Sobald Sie das Geld f\u00fcr den Chip (6,00\u20ac) und Guthaben f\u00fcr das Mittagessen an den Anbieter \u00fcberwiesen haben, wird Ihnen ein Chip gestellt. Wir bekommen diesen ins Sekretariat und geben ihn an Ihr Kind weiter. Sie finden ihn in der Postmappe und m\u00fcssen dann den Erhalt auf beiliegendem Formular best\u00e4tigen.<\/p>\n\n\n\n<p><strong><em>Was geschieht, wenn  Essen nicht rechtzeitig bestellt wurde oder das Guthaben auf dem Chip nicht ausreicht?<\/em><\/strong><\/p>\n\n\n\n<p>Haben Sie versehentlich kein Essen ausgew\u00e4hlt oder fehlt Guthaben auf dem Essenskonto, werden Sie postalisch durch den Essensanbieter darauf hingewiesen, Ihr Konto schnellstm\u00f6glich aufzustocken\/auszugleichen. <mark>Leider k\u00f6nnen wir in beiden F\u00e4llen kein Essen mehr an Kinder ausgeben.<\/mark> Bitte helfen Sie durch rechtzeitige Organisation mit, diese sehr unsch\u00f6ne Situation zu vermeiden.<\/p>\n\n\n\n<p><strong><em>Wann endet der Ganztag?<\/em><\/strong><\/p>\n\n\n\n<p>Die Aufsichtspflicht der Betreuungskr\u00e4fte endet um 15.30Uhr. Wir bitten Sie, Ihr Kind p\u00fcnktlich abzuholen. Bei vorzeitiger Abholung\/Betreuungsende um 14Uhr ben\u00f6tigt Ihr Kind einen Vermerk dazu im HA-Heft. <\/p>\n\n\n\n<p>Der Ganztag am Freitag und Montag geht bis 16.00Uhr und hat ggf. flexible Abholzeiten.<\/p>\n\n\n\n<p><strong><em>Was tue ich, wenn mein Kind einen dringenden Termin hat?<\/em><\/strong><\/p>\n\n\n\n<p>Dies kommt nat\u00fcrlich vor. Hat Ihr Kind einen dringenden Termin (Arztbesuch etc.), k\u00f6nnen Sie Ihr Kind f\u00fcr diesen Tag abmelden, jedoch nur mit einer Genehmigung der Schulleitung. F\u00fcllen Sie hierf\u00fcr <em>im<\/em> <em>Vorwege<\/em> (mind. 2 Tage vorher) einen diesbez\u00fcglichen Antrag aus (s. &#8222;Dokumente zum Download&#8220;). Bitte reichen Sie im Anschluss unbedingt eine \u00e4rztliche Best\u00e4tigung bei dem Klassenlehrer Ihres Kindes ein.<\/p>\n\n\n\n<p>Ausschlaggebend ist, dass es sich um einmalige Termine handelt. Regelm\u00e4\u00dfige Termine (Sportkurse, Musikschule ect.) k\u00f6nnen nicht genehmigt werden. <\/p>\n\n\n\n<p>Verabredungen am Nachmittag mit anderen Kindern fallen leider ebenfalls nicht unter diese Regelung und bilden keinen &#8222;besonderen Anlass&#8220; im oben aufgef\u00fchrten Sinne. Bitte haben Sie daf\u00fcr Verst\u00e4ndnis.<\/p>\n\n\n\n<p><strong><em>Mein Kind ist im Ganztag angemeldet, hat jedoch auch einen regelm\u00e4\u00dfigen Termin an diesem Tag (Sportkurs, Musikschule etc.). Kann ich mein Kind fr\u00fcher abholen?<\/em><\/strong><\/p>\n\n\n\n<p>Nein, dies ist leider nicht m\u00f6glich, denn es widerspricht dem Ganztagserlass, an den wir uns halten m\u00fcssen. Die Anmeldung im Ganztag beinhaltet sozusagen eine Schulpflicht bis 15.30Uhr. Auf w\u00f6chentliche Freizeitaktivit\u00e4ten kann daher leider nicht eingegangen werden. Eine Ausnahme bilden zeitlich begrenzte Termine (z.B. Schwimmkurse, die befristet f\u00fcr 6 &#8211; 8 Wochen stattfinden).<\/p>\n\n\n\n<p><strong><em>Besteht eine M\u00f6glichkeit der Eingew\u00f6hnung in den Ganztag f\u00fcr Erstkl\u00e4ssler?<\/em><\/strong><\/p>\n\n\n\n<p>F\u00fcr Erstkl\u00e4ssler ist der Schultag bis 15.30Uhr selbstverst\u00e4ndlich lang. Teilweise kann man vorher noch nicht absehen, wie sich das Kind auf all die neuen Situationen einlassen wird und ob evtl. eine Entlastung durch flexible Abholung sinnvoll sein kann. Da die die Abholzeit um 14.00Uhr zur Verf\u00fcgung steht, bitten wir, diese f\u00fcr Entlastungen wahrzunehmen.<\/p>\n\n\n\n<p>Aus unserer Erfahrung geben wir jedoch zu bedenken, dass ein fr\u00fcheres Herausnehmen aus dem Ganztag und damit die Unterbrechung des festen Ablaufs, an den sich das Kind ja gew\u00f6hnen soll, oft mehr Unruhe als Erleichterung f\u00fcr alle Kinder der Gruppe schafft und auch langfristig nicht immer sinnvoll ist. Wir bitten Erstklasseltern daher, die Betreuung ihren Bed\u00fcrfnissen mit Augenma\u00df anzupassen und ggf. sp\u00e4ter tageweise zu steigern. Sprechen Sie mit uns \u00fcber Fragen und Zweifel. Wir finden im Zeitraum bis zu den Herbstferien auch individuelle L\u00f6sungen, wenn sich herausstellt, dass das Kind noch Ausnahmeregelungen ben\u00f6tigt. <\/p>\n\n\n\n<p>Bitte haben Sie jedoch Verst\u00e4ndnis daf\u00fcr, dass es sich hier um zeitlich begrenzte Ausnahmen im Einzelfall handeln muss. Gerade am Anfang des Schuljahres ben\u00f6tigt es ein hohes Ma\u00df an Kontinuit\u00e4t f\u00fcr beide Seiten, um besonders sensibleren Kindern Verl\u00e4sslichkeit, Ruhe und Sicherheit vermitteln zu k\u00f6nnen. <\/p>\n\n\n\n<p>Die Klassenlehrkraft Ihres Kindes hilft Ihnen bei Fragen und L\u00f6sungen zu diesem Thema weiter.<\/p>\n\n\n\n<p><strong><em>Hat mein Kind Zeit, seine Hausaufgaben im Ganztag zu erledigen?<\/em><\/strong><\/p>\n\n\n\n<p>Innerhalb des Ganztages gibt es eine feste Hausaufgabenzeit. Diese ist mit einer dreiviertel Stunde bis Stunde bei konzentriertem Arbeiten f\u00fcr das Beenden der Hausaufgaben ausreichend. Dennoch kommt es vor, dass Arbeiten nicht beendet werden. Bitte kontrollieren Sie daher zu Hause als Eltern die Vollst\u00e4ndigkeit der Hausaufgaben. <\/p>\n\n\n\n<p><strong><em>Bekommt mein Kind bei der Anfertigung der Hausaufgaben Unterst\u00fctzung?<\/em><\/strong><\/p>\n\n\n\n<p>Die Hausaufgabenzeit wird derzeit von P\u00e4dagogischen Mitarbeitern und teilweise von Lehrern begleitet. Diese beantworten Fragen, unterst\u00fctzen und sorgen f\u00fcr eine ruhige Arbeitsatmosph\u00e4re. Die Hausaufgabenzeit beruht jedoch grunds\u00e4tzlich auf selbstverantwortlichem Lernen eines jeden Sch\u00fclers. Sie ist also keine Nachhilfe und auch kein F\u00f6rderangebot. Die ggf. am Ende erfolgende Abzeichnung der Hausaufgaben durch eine Lehrkraft besagt, dass die HA gesehen, nicht aber korrigiert oder auf Vollst\u00e4ndigkeit \u00fcberpr\u00fcft wurden.<\/p>\n","protected":false},"excerpt":{"rendered":"<p>Nimmt jedes Kind an der Betreuung teil? Nein. Jede Betreuungsform (VGS, Ganztag) erfordert eine gesonderte Anmeldung. Da wir eine offene Ganztagsschule sind, ist die Teilnahme an der Betreuung ein Angebot und nicht verpflichtend. Wo kann ich mein Kind anmelden? Bitte &hellip; <a href=\"https:\/\/wordpress.nibis.de\/gstodtgl\/faq-fragen-und-antworten\/\">Weiterlesen <span class=\"meta-nav\">&rarr;<\/span><\/a><\/p>\n","protected":false},"author":1251,"featured_media":0,"parent":0,"menu_order":0,"comment_status":"closed","ping_status":"closed","template":"","meta":{"footnotes":""},"class_list":["post-1153","page","type-page","status-publish","hentry"],"_links":{"self":[{"href":"https:\/\/wordpress.nibis.de\/gstodtgl\/wp-json\/wp\/v2\/pages\/1153","targetHints":{"allow":["GET"]}}],"collection":[{"href":"https:\/\/wordpress.nibis.de\/gstodtgl\/wp-json\/wp\/v2\/pages"}],"about":[{"href":"https:\/\/wordpress.nibis.de\/gstodtgl\/wp-json\/wp\/v2\/types\/page"}],"author":[{"embeddable":true,"href":"https:\/\/wordpress.nibis.de\/gstodtgl\/wp-json\/wp\/v2\/users\/1251"}],"replies":[{"embeddable":true,"href":"https:\/\/wordpress.nibis.de\/gstodtgl\/wp-json\/wp\/v2\/comments?post=1153"}],"version-history":[{"count":19,"href":"https:\/\/wordpress.nibis.de\/gstodtgl\/wp-json\/wp\/v2\/pages\/1153\/revisions"}],"predecessor-version":[{"id":3552,"href":"https:\/\/wordpress.nibis.de\/gstodtgl\/wp-json\/wp\/v2\/pages\/1153\/revisions\/3552"}],"wp:attachment":[{"href":"https:\/\/wordpress.nibis.de\/gstodtgl\/wp-json\/wp\/v2\/media?parent=1153"}],"curies":[{"name":"wp","href":"https:\/\/api.w.org\/{rel}","templated":true}]}}