{"id":117,"date":"2016-11-18T14:19:22","date_gmt":"2016-11-18T13:19:22","guid":{"rendered":"http:\/\/wordpress.nibis.de\/gstodtgl\/?page_id=117"},"modified":"2024-08-08T15:24:18","modified_gmt":"2024-08-08T13:24:18","slug":"unterrichtszeiten","status":"publish","type":"page","link":"https:\/\/wordpress.nibis.de\/gstodtgl\/unterrichtszeiten\/","title":{"rendered":"Unterrichtszeiten"},"content":{"rendered":"<p style=\"text-align: center\"><span style=\"font-size: 14pt\"><b><u>Zeitliche \u00dcbersicht<\/u><\/b><\/span><\/p>\n<p>\u00a0<\/p>\n<table style=\"height: 793px\">\n<tbody>\n<tr style=\"height: 31px\">\n<td style=\"height: 31px;width: 590px\"><strong>1.Stunde: \u00a0 \u00a0 \u00a0 \u00a0 \u00a0 \u00a0 \u00a0 \u00a0 \u00a0 \u00a0 \u00a0 \u00a0 \u00a0 \u00a0 \u00a0 \u00a0 \u00a0 \u00a0 \u00a0 \u00a0 \u00a0 \u00a0 \u00a08.00 &#8211; 8.45Uhr<\/strong><\/td>\n<td style=\"height: 31px;width: 11.1111px\">\u00a0<\/td>\n<\/tr>\n<tr style=\"height: 31px\">\n<td style=\"height: 31px;width: 590px\"><strong>2. Stunde: \u00a0 \u00a0 \u00a0 \u00a0 \u00a0 \u00a0 \u00a0 \u00a0 \u00a0 \u00a0 \u00a0 \u00a0 \u00a0 \u00a0 \u00a0 \u00a0 \u00a0 \u00a0 \u00a0 \u00a0 \u00a0 \u00a0 8.45 &#8211; 9.30Uhr<\/strong><\/td>\n<td style=\"height: 31px;width: 11.1111px\">\u00a0<\/td>\n<\/tr>\n<tr style=\"height: 31px\">\n<td style=\"height: 31px;width: 590px\"><em>Fr\u00fchst\u00fcck + gro\u00dfe Pause: \u00a0 \u00a0 \u00a0 \u00a0 \u00a0 \u00a0 \u00a0 \u00a0 \u00a0 \u00a0 9.30 &#8211; 10.00Uhr<\/em><\/td>\n<td style=\"height: 31px;width: 11.1111px\">\u00a0<\/td>\n<\/tr>\n<tr style=\"height: 31px\">\n<td style=\"height: 31px;width: 590px\"><strong>3. Stunde: \u00a0 \u00a0 \u00a0 \u00a0 \u00a0 \u00a0 \u00a0 \u00a0 \u00a0 \u00a0 \u00a0 \u00a0 \u00a0 \u00a0 \u00a0 \u00a0 \u00a0 \u00a0 \u00a0 \u00a0 \u00a0 \u00a0 10.00 &#8211; 10.45Uhr<\/strong><\/td>\n<td style=\"height: 31px;width: 11.1111px\">\u00a0<\/td>\n<\/tr>\n<tr style=\"height: 31px\">\n<td style=\"height: 31px;width: 590px\"><strong>4. Stunde: \u00a0 \u00a0 \u00a0 \u00a0 \u00a0 \u00a0 \u00a0 \u00a0 \u00a0 \u00a0 \u00a0 \u00a0 \u00a0 \u00a0 \u00a0 \u00a0 \u00a0 \u00a0 \u00a0 \u00a0 \u00a0 \u00a0 10.50 &#8211; 11.30Uhr<\/strong><\/td>\n<td style=\"height: 31px;width: 11.1111px\">\u00a0<\/td>\n<\/tr>\n<tr style=\"height: 129px\">\n<td style=\"height: 10px;width: 590px\">\n<p><em>gro\u00dfe Pause:\u00a0 \u00a0 \u00a0 \u00a0 \u00a0 \u00a0 \u00a0 \u00a0 \u00a0 \u00a0 \u00a0 \u00a0 \u00a0 \u00a0 \u00a0 \u00a0 \u00a0 \u00a0 \u00a0 \u00a0 \u00a011.30 &#8211; 11.50Uhr<\/em><\/p>\n<\/td>\n<td style=\"height: 10px;width: 11.1111px\">\u00a0<\/td>\n<\/tr>\n<tr style=\"height: 129px\">\n<td style=\"height: 129px;width: 590px\"><strong>5. Stunde:\u00a0 \u00a0 \u00a0 \u00a0 \u00a0 \u00a0 \u00a0 \u00a0 \u00a0 \u00a0 \u00a0 \u00a0 \u00a0 \u00a0 \u00a0 \u00a0 \u00a0 \u00a0 \u00a0 \u00a0 \u00a0 \u00a0 \u00a011.50 &#8211; 12.35Uhr<\/strong>\n<p>\u00a0<\/p>\n<p><span style=\"color: #000000\"><span style=\"color: #3366ff\">ggf. VGS<\/span> ( Jahrgang 1+2)\u00a0<\/span><\/p>\n<\/td>\n<td style=\"height: 129px;width: 11.1111px\">\u00a0<\/td>\n<\/tr>\n<tr style=\"height: 296px\">\n<td style=\"height: 296px;width: 590px\"><strong>6. Stunde:\u00a0 \u00a0 \u00a0 \u00a0 \u00a0 \u00a0 \u00a0 \u00a0 \u00a0 \u00a0 \u00a0 \u00a0 \u00a0 \u00a0 \u00a0 \u00a0 \u00a0 \u00a0 \u00a0 \u00a0 \u00a0 \u00a0 \u00a012.40 &#8211; 13.25Uhr<\/strong>\n<p>\u00a0<\/p>\n<p><span style=\"color: #ffcc00\">Mittagessen<\/span> ( Jahrgang 1+2)<\/p>\n<p><span style=\"color: #ffcc00\">Hausaufgaben<\/span> (Jahrgang 3+4)<\/p>\n<p>ggf. AG (Jahrgang 3+4)<\/p>\n<p>_____________________________________________________________________<\/p>\n<p><span style=\"color: #3366ff\"><span style=\"color: #000000\"><strong>7. Stunde:<\/strong><\/span>\u00a0<\/span><\/p>\n<p><span style=\"color: #3366ff\"><span style=\"color: #000000\"><span style=\"color: #ffcc00\">Hausaufgabenzeit<\/span> (1+2)\u00a0<\/span>\u00a0 \u00a0 \u00a0 \u00a0 \u00a0 \u00a0 \u00a0 \u00a0 \u00a0 \u00a0 \u00a0 \u00a0<strong><span style=\"color: #000000\">13.30Uhr &#8211; 14.00Uhr\u00a0<\/span> \u00a0<\/strong> \u00a0 \u00a0 \u00a0 \u00a0 \u00a0 \u00a0 \u00a0 \u00a0 \u00a0 \u00a0<\/span><\/p>\n<p><span style=\"color: #ffcc00\">Mittagessen<\/span> (3+4)<\/p>\n<\/td>\n<td style=\"height: 296px;width: 11.1111px\">\u00a0<\/td>\n<\/tr>\n<tr style=\"height: 31px\">\n<td style=\"height: 31px;width: 590px\">\u00a0<span style=\"color: #ffcc00\">Hausaufgabenzeit<\/span> (an AG-Tagen: 3+4)\u00a0 \u00a0<strong>\u00a0 \u00a0 \u00a0 \u00a0 \u00a0 \u00a0 \u00a0 \u00a0 \u00a0 \u00a0 14.00Uhr &#8211; 14.35Uhr<\/strong><\/td>\n<td style=\"height: 31px;width: 11.1111px\">\u00a0<\/td>\n<\/tr>\n<tr style=\"height: 31px\">\n<td style=\"height: 31px;width: 590px\"><span style=\"color: #000000\">\u00a0<span style=\"color: #ffcc00\">Spiel \/ Anbegot <\/span>(1+2 \/ 3+4)\u00a0 \u00a0 \u00a0 \u00a0 \u00a0 \u00a0 \u00a0 \u00a0 \u00a0 \u00a0 \u00a0 \u00a0 \u00a0 \u00a0 \u00a0 \u00a0 \u00a0 \u00a0 \u00a0 \u00a0 \u00a0 \u00a0 \u00a0 \u00a0 \u00a0 \u00a0 \u00a0 \u00a0 \u00a0\u00a0<\/span><\/td>\n<td style=\"height: 31px;width: 11.1111px\">\u00a0<\/td>\n<\/tr>\n<tr style=\"height: 110px\">\n<td style=\"height: 110px;width: 590px\">\n<p><span style=\"color: #000000\">\u00a0<\/span><\/p>\n<p><span style=\"color: #000000\"><strong>Abholzeit\u00a0<\/strong> \u00a0 \u00a0 \u00a0 \u00a0 \u00a0 \u00a0 \u00a0 \u00a0 \u00a0 \u00a0 \u00a0 \u00a0 \u00a0 \u00a0 \u00a0 \u00a0 \u00a0 \u00a0 \u00a0 \u00a0 \u00a0 \u00a0 \u00a0<strong>15.30Uhr<\/strong><\/span><\/p>\n<\/td>\n<td style=\"height: 110px;width: 11.1111px\">\u00a0<\/td>\n<\/tr>\n<\/tbody>\n<\/table>\n\n\n<p>blaue und gelbe Betreuungsangebote = anmeldepflichtig<\/p>\n\n\n\n<p>(siehe: Betreuungsangebote)<\/p>\n","protected":false},"excerpt":{"rendered":"<p>Zeitliche \u00dcbersicht \u00a0 1.Stunde: \u00a0 \u00a0 \u00a0 \u00a0 \u00a0 \u00a0 \u00a0 \u00a0 \u00a0 \u00a0 \u00a0 \u00a0 \u00a0 \u00a0 \u00a0 \u00a0 \u00a0 \u00a0 \u00a0 \u00a0 \u00a0 \u00a0 \u00a08.00 &#8211; 8.45Uhr \u00a0 2. Stunde: \u00a0 \u00a0 \u00a0 \u00a0 \u00a0 \u00a0 \u00a0 \u00a0 &hellip; <a href=\"https:\/\/wordpress.nibis.de\/gstodtgl\/unterrichtszeiten\/\">Weiterlesen <span class=\"meta-nav\">&rarr;<\/span><\/a><\/p>\n","protected":false},"author":1206,"featured_media":0,"parent":0,"menu_order":0,"comment_status":"closed","ping_status":"closed","template":"","meta":{"footnotes":""},"class_list":["post-117","page","type-page","status-publish","hentry"],"_links":{"self":[{"href":"https:\/\/wordpress.nibis.de\/gstodtgl\/wp-json\/wp\/v2\/pages\/117","targetHints":{"allow":["GET"]}}],"collection":[{"href":"https:\/\/wordpress.nibis.de\/gstodtgl\/wp-json\/wp\/v2\/pages"}],"about":[{"href":"https:\/\/wordpress.nibis.de\/gstodtgl\/wp-json\/wp\/v2\/types\/page"}],"author":[{"embeddable":true,"href":"https:\/\/wordpress.nibis.de\/gstodtgl\/wp-json\/wp\/v2\/users\/1206"}],"replies":[{"embeddable":true,"href":"https:\/\/wordpress.nibis.de\/gstodtgl\/wp-json\/wp\/v2\/comments?post=117"}],"version-history":[{"count":21,"href":"https:\/\/wordpress.nibis.de\/gstodtgl\/wp-json\/wp\/v2\/pages\/117\/revisions"}],"predecessor-version":[{"id":2979,"href":"https:\/\/wordpress.nibis.de\/gstodtgl\/wp-json\/wp\/v2\/pages\/117\/revisions\/2979"}],"wp:attachment":[{"href":"https:\/\/wordpress.nibis.de\/gstodtgl\/wp-json\/wp\/v2\/media?parent=117"}],"curies":[{"name":"wp","href":"https:\/\/api.w.org\/{rel}","templated":true}]}}