{"id":119,"date":"2016-11-18T14:14:17","date_gmt":"2016-11-18T13:14:17","guid":{"rendered":"http:\/\/wordpress.nibis.de\/gstodtgl\/?page_id=119"},"modified":"2026-02-10T14:30:53","modified_gmt":"2026-02-10T13:30:53","slug":"gesamtkonferenz","status":"publish","type":"page","link":"https:\/\/wordpress.nibis.de\/gstodtgl\/gesamtkonferenz\/","title":{"rendered":"Gesamtkonferenz"},"content":{"rendered":"\n<p><strong data-rich-text-format-boundary=\"true\">n\u00e4chste Gesamtkonferenz:\u00a0\u00a0<\/strong><strong data-rich-text-format-boundary=\"true\"><br \/><\/strong><\/p>\n\n\n<p>Die <strong>Gesamtkonferenz<\/strong> (\u00a7 34 NSchG) ist das Gremium, in dem alle an der Erziehungs- und Unterrichtsarbeit der Schule Beteiligten (Schulleiterin\/Schulleiter, die Lehrkr\u00e4fte, die der Schule zugewiesenen Referendarinnen\/Referendare und Anw\u00e4rter\/innen, die hauptberuflich an der Schule t\u00e4tigen p\u00e4dagogischen Mitarbeiter\/innen, Vertreter\/innen der sonstigen Mitarbeiter\/innen der Schule, der Erziehungsberechtigten sowie ggf. der Sch\u00fcler\/innen) in p\u00e4dagogischen Angelegenheiten zusammenwirken. Die Gesamtkonferenz entscheidet insbesondere \u00fcber das Schulprogramm und die Schulordnung sowie \u00fcber Grunds\u00e4tze f\u00fcr Leistungsbewertung und Beurteilung f\u00fcr Klassenarbeiten und Hausaufgaben sowie deren Koordinierung.<\/p>\n<\/p>\n<p><strong>Gesamtkonferenzteilnehmer des Elternrats mit Wahlrecht <\/strong>(Schuljahr 2025\/26)<\/p>\n<table style=\"border-collapse: collapse;width: 100%;height: 192px\">\n<tbody>\n<tr style=\"height: 32px\">\n<td style=\"width: 307px;height: 32px\">\n<table style=\"border-collapse: collapse;width: 100%\">\n<tbody>\n<tr>\n<td style=\"width: 100%\">Frau Bogarin, Frau Sander, Frau D\u00f6ring, Frau Stein, Herr Bostelmann, Frau Wiechern<\/td>\n<\/tr>\n<\/tbody>\n<\/table>\n<\/td>\n<td style=\"width: 307px;height: 32px\">\u00a0<\/td>\n<\/tr>\n<\/tbody>\n<\/table>\n\n\n<p class=\"has-white-background-color has-background\"><\/p>\n\n\n","protected":false},"excerpt":{"rendered":"<p>n\u00e4chste Gesamtkonferenz:\u00a0\u00a0 Die Gesamtkonferenz (\u00a7 34 NSchG) ist das Gremium, in dem alle an der Erziehungs- und Unterrichtsarbeit der Schule Beteiligten (Schulleiterin\/Schulleiter, die Lehrkr\u00e4fte, die der Schule zugewiesenen Referendarinnen\/Referendare und Anw\u00e4rter\/innen, die hauptberuflich an der Schule t\u00e4tigen p\u00e4dagogischen Mitarbeiter\/innen, Vertreter\/innen &hellip; <a href=\"https:\/\/wordpress.nibis.de\/gstodtgl\/gesamtkonferenz\/\">Weiterlesen <span class=\"meta-nav\">&rarr;<\/span><\/a><\/p>\n","protected":false},"author":1206,"featured_media":0,"parent":0,"menu_order":0,"comment_status":"closed","ping_status":"closed","template":"","meta":{"footnotes":""},"class_list":["post-119","page","type-page","status-publish","hentry"],"_links":{"self":[{"href":"https:\/\/wordpress.nibis.de\/gstodtgl\/wp-json\/wp\/v2\/pages\/119","targetHints":{"allow":["GET"]}}],"collection":[{"href":"https:\/\/wordpress.nibis.de\/gstodtgl\/wp-json\/wp\/v2\/pages"}],"about":[{"href":"https:\/\/wordpress.nibis.de\/gstodtgl\/wp-json\/wp\/v2\/types\/page"}],"author":[{"embeddable":true,"href":"https:\/\/wordpress.nibis.de\/gstodtgl\/wp-json\/wp\/v2\/users\/1206"}],"replies":[{"embeddable":true,"href":"https:\/\/wordpress.nibis.de\/gstodtgl\/wp-json\/wp\/v2\/comments?post=119"}],"version-history":[{"count":42,"href":"https:\/\/wordpress.nibis.de\/gstodtgl\/wp-json\/wp\/v2\/pages\/119\/revisions"}],"predecessor-version":[{"id":3541,"href":"https:\/\/wordpress.nibis.de\/gstodtgl\/wp-json\/wp\/v2\/pages\/119\/revisions\/3541"}],"wp:attachment":[{"href":"https:\/\/wordpress.nibis.de\/gstodtgl\/wp-json\/wp\/v2\/media?parent=119"}],"curies":[{"name":"wp","href":"https:\/\/api.w.org\/{rel}","templated":true}]}}