{"id":1238,"date":"2020-09-23T18:10:03","date_gmt":"2020-09-23T16:10:03","guid":{"rendered":"https:\/\/wordpress.nibis.de\/gstodtgl\/?page_id=1238"},"modified":"2026-02-10T14:28:38","modified_gmt":"2026-02-10T13:28:38","slug":"termine-2020-21","status":"publish","type":"page","link":"https:\/\/wordpress.nibis.de\/gstodtgl\/termine-2020-21\/","title":{"rendered":"Termine 2025\/26"},"content":{"rendered":"\n\n\n\n\n<figure class=\"wp-block-table is-style-regular\"><table><tbody><tr><td class=\"has-text-align-left\" data-align=\"left\"><strong>August<\/strong><\/td><td class=\"has-text-align-left\" data-align=\"left\"><\/td><td><\/td><td><\/td><\/tr><tr><td class=\"has-text-align-left\" data-align=\"left\"><\/td><td class=\"has-text-align-left\" data-align=\"left\">11.8.25<\/td><td><\/td><td>DB 1, 9.00Uhr<\/td><\/tr><tr><td class=\"has-text-align-left\" data-align=\"left\"><\/td><td class=\"has-text-align-left\" data-align=\"left\">12.8.<\/td><td><\/td><td>DB 2, 9.00Uhr<\/td><\/tr><tr><td class=\"has-text-align-left\" data-align=\"left\"><\/td><td class=\"has-text-align-left\" data-align=\"left\"><strong>14.8.25<\/strong><\/td><td><\/td><td><strong>Unterrichtsbeginn 8.00Uhr Klasse 2-4<\/strong><\/td><\/tr><tr><td class=\"has-text-align-left\" data-align=\"left\"><\/td><td class=\"has-text-align-left\" data-align=\"left\">14.8.15<\/td><td><\/td><td>Elternabend f\u00fcr zuk\u00fcnftige Erstkl\u00e4ssler, 19Uhr<\/td><\/tr><tr><td class=\"has-text-align-left\" data-align=\"left\"><\/td><td class=\"has-text-align-left\" data-align=\"left\"><strong>16.8.25<\/strong><\/td><td><\/td><td><strong>Einschulung, 9.00Uhr<\/strong><\/td><\/tr><tr><td class=\"has-text-align-left\" data-align=\"left\"><\/td><td class=\"has-text-align-left\" data-align=\"left\"><strong>18.-22.25<\/strong><\/td><td><\/td><td><strong>Klassenfahrt Jahrgang 4<\/strong><\/td><\/tr><tr><td class=\"has-text-align-left\" data-align=\"left\"><strong>September<\/strong><\/td><td class=\"has-text-align-left\" data-align=\"left\"><\/td><td><\/td><td><\/td><\/tr><tr><td class=\"has-text-align-left\" data-align=\"left\"><\/td><td class=\"has-text-align-left\" data-align=\"left\"><strong>1.9.25<\/strong><\/td><td><\/td><td><strong>Beginn der AGs Klasse 3+4<\/strong><\/td><\/tr><tr><td class=\"has-text-align-left\" data-align=\"left\"><\/td><td class=\"has-text-align-left\" data-align=\"left\"><strong>1.9.25<\/strong><\/td><td><\/td><td><strong>Monatskreis 8.45Uhr, Moderation Klasse 3a<\/strong><\/td><\/tr><tr><td class=\"has-text-align-left\" data-align=\"left\"><\/td><td class=\"has-text-align-left\" data-align=\"left\">1.9.25<\/td><td><\/td><td>DB, 14.00Uhr<\/td><\/tr><tr><td class=\"has-text-align-left\" data-align=\"left\"><\/td><td class=\"has-text-align-left\" data-align=\"left\"><strong>9.9.25<\/strong><\/td><td><\/td><td><strong>Beginn der AGs im Ganztag<\/strong><\/td><\/tr><tr><td class=\"has-text-align-left\" data-align=\"left\"><\/td><td class=\"has-text-align-left\" data-align=\"left\"><\/td><td><\/td><td>Elternabend der 1. Klassen (mit Wahlen)<\/td><\/tr><tr><td class=\"has-text-align-left\" data-align=\"left\"><\/td><td class=\"has-text-align-left\" data-align=\"left\"><\/td><td><\/td><td>Elternabend der 3. Klassen (mit Wahlen)<\/td><\/tr><tr><td class=\"has-text-align-left\" data-align=\"left\"><\/td><td class=\"has-text-align-left\" data-align=\"left\">17.9.25<\/td><td><\/td><td>SER<\/td><\/tr><tr><td class=\"has-text-align-left\" data-align=\"left\"><\/td><td class=\"has-text-align-left\" data-align=\"left\"><strong>22.9.-26.9.<\/strong><\/td><td><\/td><td><strong>Zu-Fu\u00df-Zur-Schule-Woche<\/strong><\/td><\/tr><tr><td class=\"has-text-align-left\" data-align=\"left\"><\/td><td class=\"has-text-align-left\" data-align=\"left\">26.9.25<\/td><td><\/td><td>Elternabend der 2. Klassen<\/td><\/tr><tr><td class=\"has-text-align-left\" data-align=\"left\"><strong>Oktober<\/strong><\/td><td class=\"has-text-align-left\" data-align=\"left\"><\/td><td><\/td><td><\/td><\/tr><tr><td class=\"has-text-align-left\" data-align=\"left\"><\/td><td class=\"has-text-align-left\" data-align=\"left\">1.10.25<\/td><td><\/td><td>GK, 18Uhr<\/td><\/tr><tr><td class=\"has-text-align-left\" data-align=\"left\"><\/td><td class=\"has-text-align-left\" data-align=\"left\"><strong>6.10.25<\/strong><\/td><td><\/td><td><strong>Monatskreis 8.45Uhr, Moderation 3b<\/strong><\/td><\/tr><tr><td class=\"has-text-align-left\" data-align=\"left\"><\/td><td class=\"has-text-align-left\" data-align=\"left\">6.10.25<\/td><td><\/td><td>DB, 13.45Uhr<\/td><\/tr><tr><td class=\"has-text-align-left\" data-align=\"left\"><\/td><td class=\"has-text-align-left\" data-align=\"left\">6.-10.10.<\/td><td><\/td><td>Projektwoche Hospiz, 4a<\/td><\/tr><tr><td class=\"has-text-align-left\" data-align=\"left\"><\/td><td class=\"has-text-align-left\" data-align=\"left\"><em>13.-25.10.<\/em><\/td><td><\/td><td><em>Herbstferien<\/em><\/td><\/tr><tr><td class=\"has-text-align-left\" data-align=\"left\"><\/td><td class=\"has-text-align-left\" data-align=\"left\">27.10.25<\/td><td><\/td><td>ILE-Konferenzen Klasse 1+2, ab 13.45Uhr<\/td><\/tr><tr><td class=\"has-text-align-left\" data-align=\"left\"><\/td><td class=\"has-text-align-left\" data-align=\"left\">28.10.25<\/td><td><\/td><td>ILE-Konferenzen Klasse 3+4, ab 13.45Uhr<\/td><\/tr><tr><td class=\"has-text-align-left\" data-align=\"left\"><\/td><td class=\"has-text-align-left\" data-align=\"left\">29.10.25<\/td><td><\/td><td>Schulvereinssitzung, 18.30Uhr<\/td><\/tr><tr><td class=\"has-text-align-left\" data-align=\"left\"><strong>November<\/strong><\/td><td class=\"has-text-align-left\" data-align=\"left\"><\/td><td><\/td><td><\/td><\/tr><tr><td class=\"has-text-align-left\" data-align=\"left\"><\/td><td class=\"has-text-align-left\" data-align=\"left\"><strong>3.11.25<\/strong><\/td><td><\/td><td><strong>Monatskreis 8.45Uhr, Moderation 4a<\/strong><\/td><\/tr><tr><td class=\"has-text-align-left\" data-align=\"left\"><\/td><td class=\"has-text-align-left\" data-align=\"left\">3.11.25<\/td><td><\/td><td>DB, 13.45Uhr<\/td><\/tr><tr><td class=\"has-text-align-left\" data-align=\"left\"><\/td><td class=\"has-text-align-left\" data-align=\"left\">5.11.25<\/td><td><\/td><td>Gemeinsamer Elterabend der weiterf\u00fchrenden Schulen Tostedt, 19Uhr<\/td><\/tr><tr><td class=\"has-text-align-left\" data-align=\"left\"><\/td><td class=\"has-text-align-left\" data-align=\"left\">10.-14.11.<\/td><td><\/td><td>Beratungsgespr\u00e4che Jahrgang 4<\/td><\/tr><tr><td class=\"has-text-align-left\" data-align=\"left\"><\/td><td class=\"has-text-align-left\" data-align=\"left\">10.-14.11.<\/td><td><\/td><td>Projektwoche Hospiz, 4b<\/td><\/tr><tr><td class=\"has-text-align-left\" data-align=\"left\"><\/td><td class=\"has-text-align-left\" data-align=\"left\"><strong>11.11.25<\/strong><\/td><td><\/td><td><strong>Laternenlauf, 18Uhr<\/strong><\/td><\/tr><tr><td class=\"has-text-align-left\" data-align=\"left\"><\/td><td class=\"has-text-align-left\" data-align=\"left\"><strong>11.-13.11.<\/strong><\/td><td><\/td><td><strong>Zahnprophylaxe<\/strong><\/td><\/tr><tr><td class=\"has-text-align-left\" data-align=\"left\"><\/td><td class=\"has-text-align-left\" data-align=\"left\">17.-21.11.<\/td><td><\/td><td>Elternsprechtage<\/td><\/tr><tr><td class=\"has-text-align-left\" data-align=\"left\"><\/td><td class=\"has-text-align-left\" data-align=\"left\">24.11.25<\/td><td><\/td><td>Deutsch FK, 13.45Uhr<\/td><\/tr><tr><td class=\"has-text-align-left\" data-align=\"left\"><\/td><td class=\"has-text-align-left\" data-align=\"left\"><strong>28.11.25<\/strong><\/td><td><\/td><td><strong>Weihnachtsbasteln Stunde 1-4<\/strong><\/td><\/tr><tr><td class=\"has-text-align-left\" data-align=\"left\"><strong>Dezember<\/strong><\/td><td class=\"has-text-align-left\" data-align=\"left\"><\/td><td><\/td><td><\/td><\/tr><tr><td class=\"has-text-align-left\" data-align=\"left\"><\/td><td class=\"has-text-align-left\" data-align=\"left\">1.12.25<\/td><td><\/td><td>DB, 13.45Uhr<\/td><\/tr><tr><td class=\"has-text-align-left\" data-align=\"left\"><\/td><td class=\"has-text-align-left\" data-align=\"left\"><strong>1.12.25<\/strong><\/td><td><\/td><td><strong>Monatskreis 8.45Uhr, Moderation 4b<\/strong><\/td><\/tr><tr><td class=\"has-text-align-left\" data-align=\"left\"><\/td><td class=\"has-text-align-left\" data-align=\"left\"><strong>19.12.25<\/strong><\/td><td><\/td><td><strong>Low-T-Ball Finale<\/strong><\/td><\/tr><tr><td class=\"has-text-align-left\" data-align=\"left\"><\/td><td class=\"has-text-align-left\" data-align=\"left\"><em>22.12.-5.1.26<\/em><\/td><td><\/td><td><em>Weihnachtsferien<\/em><\/td><\/tr><tr><td class=\"has-text-align-left\" data-align=\"left\"><strong>Januar<\/strong><\/td><td class=\"has-text-align-left\" data-align=\"left\"><\/td><td><\/td><td><\/td><\/tr><tr><td class=\"has-text-align-left\" data-align=\"left\"><\/td><td class=\"has-text-align-left\" data-align=\"left\">12.1.26<\/td><td><\/td><td>DB mit PMs, 14Uhr<\/td><\/tr><tr><td class=\"has-text-align-left\" data-align=\"left\"><\/td><td class=\"has-text-align-left\" data-align=\"left\"><strong>16.1.26<\/strong><\/td><td><\/td><td><strong>Besuch der Hamburgischen Staatsoper Klasse 4a<\/strong><\/td><\/tr><tr><td class=\"has-text-align-left\" data-align=\"left\"><\/td><td class=\"has-text-align-left\" data-align=\"left\">19.1.26<\/td><td><\/td><td>Stickabgabe<\/td><\/tr><tr><td class=\"has-text-align-left\" data-align=\"left\"><\/td><td class=\"has-text-align-left\" data-align=\"left\">22.1.26<\/td><td><\/td><td>Zeugniskonferenzen Klasse 2, 3+4<\/td><\/tr><tr><td class=\"has-text-align-left\" data-align=\"left\"><\/td><td class=\"has-text-align-left\" data-align=\"left\"><strong>29.1.26<\/strong><\/td><td><\/td><td><strong>Brennballturnier im Gym Tostedt<\/strong><\/td><\/tr><tr><td class=\"has-text-align-left\" data-align=\"left\"><\/td><td class=\"has-text-align-left\" data-align=\"left\"><strong>30.1.26<\/strong><\/td><td><\/td><td><strong>Zeugnisausgabe, Unterrichtsschluss f\u00fcr alle Kinder um 10.45Uhr<\/strong><\/td><\/tr><tr><td class=\"has-text-align-left\" data-align=\"left\"><\/td><td class=\"has-text-align-left\" data-align=\"left\"><em>2.2-3.2.26<\/em><\/td><td><\/td><td><em>Zeugnisferien<\/em><\/td><\/tr><tr><td class=\"has-text-align-left\" data-align=\"left\"><strong>Februar<\/strong><\/td><td class=\"has-text-align-left\" data-align=\"left\"><\/td><td><\/td><td><\/td><\/tr><tr><td class=\"has-text-align-left\" data-align=\"left\"><\/td><td class=\"has-text-align-left\" data-align=\"left\">4.2.26<\/td><td><\/td><td>Schulinterne Lehrerfortbildung &#8211; Homeschooling<\/td><\/tr><tr><td class=\"has-text-align-left\" data-align=\"left\"><\/td><td class=\"has-text-align-left\" data-align=\"left\"><strong>11.2.26<\/strong><\/td><td><\/td><td><strong>Matheolympiade Jahrgang 3+4<\/strong><\/td><\/tr><tr><td class=\"has-text-align-left\" data-align=\"left\"><\/td><td class=\"has-text-align-left\" data-align=\"left\"><strong>16.2.26<\/strong><\/td><td><\/td><td><strong>Rosenmontag &#8211; Faschingsfeier aller Jahrg\u00e4nge Stunde 1-4\/5<\/strong><\/td><\/tr><tr><td class=\"has-text-align-left\" data-align=\"left\"><\/td><td class=\"has-text-align-left\" data-align=\"left\"><strong>19.+20.2.<\/strong><\/td><td><\/td><td><strong>JUZ-Projekt &#8222;Ich bin on&#8220; mit dem 4.Jahrgang<\/strong><\/td><\/tr><tr><td class=\"has-text-align-left\" data-align=\"left\"><\/td><td class=\"has-text-align-left\" data-align=\"left\"><strong>23.-27.2.<\/strong><\/td><td><\/td><td><strong>Projektwoche Trommelzauber<\/strong><\/td><\/tr><tr><td class=\"has-text-align-left\" data-align=\"left\"><strong>M\u00e4rz<\/strong><\/td><td class=\"has-text-align-left\" data-align=\"left\"><\/td><td><\/td><td><\/td><\/tr><tr><td class=\"has-text-align-left\" data-align=\"left\"><\/td><td class=\"has-text-align-left\" data-align=\"left\">9.3.26<\/td><td><\/td><td><strong>Monatskreis <\/strong>(Moderation 4a)<\/td><\/tr><tr><td class=\"has-text-align-left\" data-align=\"left\"><\/td><td class=\"has-text-align-left\" data-align=\"left\"><\/td><td><\/td><td>DB, 13.45Uhr<\/td><\/tr><tr><td class=\"has-text-align-left\" data-align=\"left\"><\/td><td class=\"has-text-align-left\" data-align=\"left\">17.3.26<\/td><td><\/td><td>Elternabend f\u00fcr zuk\u00fcnftige Erstkl\u00e4ssler<\/td><\/tr><tr><td class=\"has-text-align-left\" data-align=\"left\"><\/td><td class=\"has-text-align-left\" data-align=\"left\"><em>23.3.-7.4.<\/em><\/td><td><\/td><td><em>Osterferien &#8211; unterrichtsfrei<\/em><\/td><\/tr><tr><td class=\"has-text-align-left\" data-align=\"left\"><strong>April<\/strong><\/td><td class=\"has-text-align-left\" data-align=\"left\"><\/td><td><\/td><td><\/td><\/tr><tr><td class=\"has-text-align-left\" data-align=\"left\"><\/td><td class=\"has-text-align-left\" data-align=\"left\">13.4.26<\/td><td><\/td><td>DB, 13.45Uhr<\/td><\/tr><tr><td class=\"has-text-align-left\" data-align=\"left\"><\/td><td class=\"has-text-align-left\" data-align=\"left\"><strong>22.4.26<\/strong><\/td><td><\/td><td><strong>Autorenlesung Klasse 3+4<\/strong><\/td><\/tr><tr><td class=\"has-text-align-left\" data-align=\"left\"><\/td><td class=\"has-text-align-left\" data-align=\"left\"><strong>23.4.26<\/strong><\/td><td><\/td><td><strong>Autorenlesung Klasse 1+2<\/strong><\/td><\/tr><tr><td class=\"has-text-align-left\" data-align=\"left\"><strong>Mai<\/strong><\/td><td class=\"has-text-align-left\" data-align=\"left\"><\/td><td><\/td><td><\/td><\/tr><tr><td class=\"has-text-align-left\" data-align=\"left\"><\/td><td class=\"has-text-align-left\" data-align=\"left\"><em>1.5.26<\/em><\/td><td><\/td><td><em>Feiertag &#8211; unterrichtsfrei<\/em><\/td><\/tr><tr><td class=\"has-text-align-left\" data-align=\"left\"><\/td><td class=\"has-text-align-left\" data-align=\"left\">4.5.26<\/td><td><\/td><td>DB, 13.45Uhr<\/td><\/tr><tr><td class=\"has-text-align-left\" data-align=\"left\"><\/td><td class=\"has-text-align-left\" data-align=\"left\"><strong>11.5.26<\/strong><\/td><td><\/td><td><strong>Spielevormittag f\u00fcr zuk\u00fcnftige Erstkl\u00e4ssler &#8211; Unterrichtsschluss nach der 2. Stunde<\/strong><\/td><\/tr><tr><td class=\"has-text-align-left\" data-align=\"left\"><\/td><td class=\"has-text-align-left\" data-align=\"left\"><strong>12.+13.5.<\/strong><\/td><td><\/td><td><strong>Besuch des Schulmuseums in Hamburg, Jahrgang 4<\/strong><\/td><\/tr><tr><td class=\"has-text-align-left\" data-align=\"left\"><\/td><td class=\"has-text-align-left\" data-align=\"left\"><em>14.15.5.<\/em><\/td><td><\/td><td><em>Feiertag (Christi Himmelfahrt) + Br\u00fcckentag &#8211; unterrichtsfrei<\/em><\/td><\/tr><tr><td class=\"has-text-align-left\" data-align=\"left\"><\/td><td class=\"has-text-align-left\" data-align=\"left\"><em>25.+26.5.<\/em><\/td><td><\/td><td><em>Feiertag (Pfingstmontag) + Br\u00fcckentag &#8211; unterrichtsfrei<\/em><\/td><\/tr><tr><td class=\"has-text-align-left\" data-align=\"left\"><strong>Juni<\/strong><\/td><td class=\"has-text-align-left\" data-align=\"left\"><\/td><td><\/td><td><\/td><\/tr><tr><td class=\"has-text-align-left\" data-align=\"left\"><\/td><td class=\"has-text-align-left\" data-align=\"left\"><strong>4.+5.6.26<\/strong><\/td><td><\/td><td><strong>Lesewettbewerb<\/strong><\/td><\/tr><tr><td class=\"has-text-align-left\" data-align=\"left\"><\/td><td class=\"has-text-align-left\" data-align=\"left\">25.6.26<\/td><td><\/td><td>Zeugniskonferenzen<\/td><\/tr><tr><td class=\"has-text-align-left\" data-align=\"left\"><\/td><td class=\"has-text-align-left\" data-align=\"left\"><strong>30.6.26<\/strong><\/td><td><\/td><td><strong>Verabschiedung Klasse 4<\/strong><\/td><\/tr><tr><td class=\"has-text-align-left\" data-align=\"left\"><strong>Juli<\/strong><\/td><td class=\"has-text-align-left\" data-align=\"left\"><\/td><td><\/td><td><\/td><\/tr><tr><td class=\"has-text-align-left\" data-align=\"left\"><\/td><td class=\"has-text-align-left\" data-align=\"left\"><strong>1.7.26<\/strong><\/td><td><\/td><td><strong>Zeugnisausgabe &#8211; Unterrichtsschluss um 10.45Uhr<\/strong><\/td><\/tr><tr><td class=\"has-text-align-left\" data-align=\"left\"><\/td><td class=\"has-text-align-left\" data-align=\"left\"><em>2.7.-12.8.<\/em><\/td><td><\/td><td><em>Sommerferien &#8211; unterrichtsfrei<\/em><\/td><\/tr><\/tbody><\/table><\/figure>\n","protected":false},"excerpt":{"rendered":"<p>August 11.8.25 DB 1, 9.00Uhr 12.8. DB 2, 9.00Uhr 14.8.25 Unterrichtsbeginn 8.00Uhr Klasse 2-4 14.8.15 Elternabend f\u00fcr zuk\u00fcnftige Erstkl\u00e4ssler, 19Uhr 16.8.25 Einschulung, 9.00Uhr 18.-22.25 Klassenfahrt Jahrgang 4 September 1.9.25 Beginn der AGs Klasse 3+4 1.9.25 Monatskreis 8.45Uhr, Moderation Klasse 3a &hellip; <a href=\"https:\/\/wordpress.nibis.de\/gstodtgl\/termine-2020-21\/\">Weiterlesen <span class=\"meta-nav\">&rarr;<\/span><\/a><\/p>\n","protected":false},"author":1251,"featured_media":0,"parent":0,"menu_order":0,"comment_status":"closed","ping_status":"closed","template":"","meta":{"footnotes":""},"class_list":["post-1238","page","type-page","status-publish","hentry"],"_links":{"self":[{"href":"https:\/\/wordpress.nibis.de\/gstodtgl\/wp-json\/wp\/v2\/pages\/1238","targetHints":{"allow":["GET"]}}],"collection":[{"href":"https:\/\/wordpress.nibis.de\/gstodtgl\/wp-json\/wp\/v2\/pages"}],"about":[{"href":"https:\/\/wordpress.nibis.de\/gstodtgl\/wp-json\/wp\/v2\/types\/page"}],"author":[{"embeddable":true,"href":"https:\/\/wordpress.nibis.de\/gstodtgl\/wp-json\/wp\/v2\/users\/1251"}],"replies":[{"embeddable":true,"href":"https:\/\/wordpress.nibis.de\/gstodtgl\/wp-json\/wp\/v2\/comments?post=1238"}],"version-history":[{"count":155,"href":"https:\/\/wordpress.nibis.de\/gstodtgl\/wp-json\/wp\/v2\/pages\/1238\/revisions"}],"predecessor-version":[{"id":3540,"href":"https:\/\/wordpress.nibis.de\/gstodtgl\/wp-json\/wp\/v2\/pages\/1238\/revisions\/3540"}],"wp:attachment":[{"href":"https:\/\/wordpress.nibis.de\/gstodtgl\/wp-json\/wp\/v2\/media?parent=1238"}],"curies":[{"name":"wp","href":"https:\/\/api.w.org\/{rel}","templated":true}]}}