{"id":1331,"date":"2020-10-07T16:51:49","date_gmt":"2020-10-07T14:51:49","guid":{"rendered":"https:\/\/wordpress.nibis.de\/gstodtgl\/?page_id=1331"},"modified":"2026-02-10T12:21:50","modified_gmt":"2026-02-10T11:21:50","slug":"vorlesetag-2020","status":"publish","type":"page","link":"https:\/\/wordpress.nibis.de\/gstodtgl\/vorlesetag-2020\/","title":{"rendered":"Viertkl\u00e4ssler &#8211; das letzte Jahr der Grundschule"},"content":{"rendered":"\n<p>Kaum zu glauben, aber 4 Jahre Grundschulzeit n\u00e4hern sich dem Ende. Irgendwann ist es soweit.<\/p>\n\n\n\n<p>Dies ist also einerseits ein Abschied, andererseits ein spannender Neuanfang an einer der weiterf\u00fchrenden Schulen. Zu beiden Bereichen m\u00f6chten wir Sie auf dieser Seite informieren und ggf. Fragen beantworten, damit der \u00dcbergang an die neue Schule gut gelingen kann.<\/p>\n\n\n\n<p>Das Zeugnis der 4. Klasse ist ein sogenanntes &#8222;\u00dcbergangszeugnis&#8220;. Es ist deshalb nur in Ausnahmef\u00e4llen m\u00f6glich, das 4. Schuljahr zu wiederholen, unabh\u00e4ngig vom Notenstand.<\/p>\n\n\n\n<p>Als weiterf\u00fchrende Schulen stehen Ihnen diverse Schulformen der Umgebung zur Verf\u00fcgung, die sich alle voneinander in ihren Schwerpunkten, Konzepten und Leistungsanforderungen unterscheiden. Diese sind z.B.:<\/p>\n\n\n\n<p><strong>Gymnasium Tostedt<\/strong>                                                         www.gymnasiumtostedt.de<\/p>\n\n\n\n<p><strong>Erich K\u00e4stner Realschule Tostedt<\/strong>                                  www.erich-kaestner-realschule.de<\/p>\n\n\n\n<p><strong>Schule am D\u00fcvelsh\u00f6pen &#8211; Hauptschule Tostedt<\/strong>           www.hsto.de<\/p>\n\n\n\n<p><strong>IGS Hollenstedt<\/strong>                                                                 www.estetalschule.de<\/p>\n\n\n\n<p><strong>Eichenschule<\/strong> (Gymnasium in Schee\u00dfel)                          www.eichenschule.de<\/p>\n\n\n\n<p><strong>CSN Nordheide <\/strong>(Christliche Schule in Buchholz)              www.csn-buchholz.de<\/p>\n\n\n\n<p><strong>ggf. IGS Buchholz<\/strong>                                                              www.igsbuchholz.com<\/p>\n\n\n\n<p><\/p>\n\n\n\n<p><\/p>\n\n\n\n<p><strong>Auswahl der Schule<\/strong><\/p>\n\n\n\n<ul class=\"wp-block-list\">\n<li>Im November des 4. Schuljahres finden die Beratungsgespr\u00e4che statt. Sie und Ihr Kind werden von den Lehrer:Innen dahingehend beraten, welche weiterf\u00fchrende Schulform wir auf Grund der schulischen Noten, aber vor allem auch dem Lern- und Entwicklungsstand Ihres Kindes mit Hinblick auf die letzten 4 Schuljahre empfehlen w\u00fcrden. Dies geschieht mit dem Fokus darauf, auf welcher Schule wir Ihr Kind hoffentlich gl\u00fccklich und erfolgreich lernen sehen und weisen dabei auf verschiedene Bildungswege hin. Denn nicht alles ist nach Klasse 4 in Stein gemei\u00dfelt. Der ggf. einmal angestrebte Abschluss muss nicht immer die Entscheidung f\u00fcr die Schulform in Klasse 5 vorweg nehmen. Nehmen Sie die Gespr\u00e4che wahr, stellen Sie Fragen und sehen Sie unseren Rat als eine Empfehlung aufrund von langj\u00e4hriger Erfahrung an.  <\/li>\n<\/ul>\n\n\n\n<p><strong>Wichtig dabei ist:<\/strong> Wir geben eine Empfehlung. Die Entscheidung treffen am Ende Sie.<\/p>\n\n\n\n<ul class=\"wp-block-list\">\n<li>Alle Schulen bieten Informationselternabende an sowie im Fr\u00fchjahr einen Tag der offenen T\u00fcr f\u00fcr Familien und oft auch Schnuppervormittage f\u00fcr Viertkl\u00e4ssler, f\u00fcr die wir Ihr Kind nach Absprache freistellen. \u00dcber die Termine besonders des Schulzentrums Tostedt (Gym, RS, HS) werden wir Sie hier bestm\u00f6glich informieren, bitten Sie aber auch, eigenverantwortlich zu recherchieren. Schauen Sie hierzu unbedingt auf die entsprechenden Websites der Schulen, die Sie interessieren. Hier finden Sie auch alle Informationen zum Anmeldungsverfahren sowie dem Profil der Schule.<\/li>\n<\/ul>\n\n\n\n<ul class=\"wp-block-list\">\n<li>Beachten Sie bei der Auswahl der Schule f\u00fcr Ihr Kind das Schulkonzept (Gesamtschule oder leistungshomogenes System), die Tr\u00e4gerschaft (staatlich oder privat) und das Unterrichtskonzept (Hausaufgaben, Unterrichtszeiten) sowie die eventuelle Busverbindung.<\/li>\n<\/ul>\n\n\n\n<p><strong>Anmeldung<\/strong><\/p>\n\n\n\n<ul class=\"wp-block-list\">\n<li>Die Anmeldung erfolgt in der Regel nach den Osterferien. Bitte informieren Sie sich dringend auf der Website der jeweiligen Schule \u00fcber das Zeitfenster, in dem die Anmeldung erfolgen muss.<\/li>\n\n\n\n<li>Schulen mit Auswahlverfahren (IGS) k\u00f6nnen Ihre Bewerbung ablehnen, die anderen nicht. In der Regel erfolgt eine Zu- oder Absage deshalb vor Beginn der Anmeldefristen an der Regelschulen. Bei Schulen mit Auswahlverfahren k\u00f6nnen Sie sich quasi zus\u00e4tzlich bewerben. Ansonsten melden Sie Ihr Kind nur an <strong>einer<\/strong> der weiterf\u00fchrenden Schulen an. Gymnasien, Realschulen und Hauptschulen nehmen Ihr Kind nach Anmeldung definitiv auf und passen die Anzahl der Klassen der Anzahl der Sch\u00fcler an. Entspricht der Leistungsstand Ihres Kindes nicht der Schulform, ist es h\u00e4ufig nicht m\u00f6glich, Klasse 5 oder 6 zu wiederholen. In diesem Fall muss das Kind die Schule wechseln.<\/li>\n<\/ul>\n\n\n\n<ul class=\"wp-block-list\">\n<li>Das Halbjahreszeugnis der 4. Klasse wird in Kopie von der weiterf\u00fchrenden Schule bei Anmeldung eingefordert (teilweise auch das der dritten Klasse) und ist Grundlage des eventuellen Auswahlverfahrens (IGS). Das Ganzjahreszeugnis wird sp\u00e4ter nachgereicht. Sie ben\u00f6tigen zudem die Geburtsurkunde Ihres Kindes. Sie erfahren die Anmeldekriterien auf den entsprechenden Websites der Schulen.<\/li>\n<\/ul>\n\n\n\n<p class=\"has-blue-color has-text-color\"><strong>\u00dcbersicht bekannter Termine<\/strong>:<\/p>\n\n\n\n<p><a href=\"https:\/\/wordpress.nibis.de\/gstodtgl\/vorlesetag-2020\/info-flyer-igs-hollenstedt\/\" rel=\"attachment wp-att-3504\">Info-Flyer IGS Hollenstedt<\/a><\/p>\n\n\n\n<p><em>Mittwoch 5.11.25 19 Uhr: <strong>Info-Elternabend der drei weiterf\u00fchrenden Schulen<\/strong> (Gy, RS, HS) in der Erich-K\u00e4stner Realschule<\/em><\/p>\n\n\n\n<p><em>Dienstag 18.11. 25 : <strong>Vorstellung Gymnasium Tostedt <\/strong><\/em><\/p>\n\n\n\n<p><em>Mittwoch 19.11.25: <strong>Vorstellung Erich-K\u00e4stner Realschule und Schule am D\u00fcvelsh\u00f6pen <\/strong>(Einladung folgt)<\/em><\/p>\n\n\n\n<p><em>Donnerstag 4.12.25: Weihnachtsbasar Schule am D\u00fcvelsh\u00f6pen <\/em><\/p>\n\n\n\n<p>Samstag, 14.2. (11-13Uhr) <strong>ONLINE Informationsveranstaltung zur IGS Hollenstedt<\/strong>. Den Anmeldelink zur Veranstaltung finden sie \u00fcber den QR-Code auf dem folgenden Infoflyer:<\/p>\n<p><a href=\"https:\/\/wordpress.nibis.de\/gstodtgl\/vorlesetag-2020\/elterninformation_informationsveranstaltung-igs-hollenstedt\/\" rel=\"attachment wp-att-3505\">Elterninformation_Informationsveranstaltung IGS Hollenstedt<\/a><\/p>\n<p>\u00a0<\/p>\n\n\n\n<p><em>Mittwoch, 25.2.26: <strong>Tag der offenen T\u00fcr Erich-K\u00e4stner Realschule <\/strong><\/em>15-17Uhr<\/p>\n\n\n\n<p><em>Donnerstag 5.3.26: <strong>Tag der offenen T\u00fcr Gymnasium Tostedt<\/strong> (Einladung folgt)<\/em><\/p>\n\n\n\n<p><em>Montag 4.5.26 (8-12Uhr und 14-17Uhr) und Dienstag 5.5.26 (8-13Uhr): <strong>Anmeldetage der weiterf\u00fchrenden Schulen in Tostedt <\/strong>(wenn Sie Ihr Kind zur Anmeldung mitnehmen wollen, gehen Sie bitte nach M\u00f6glichkeit nachmittags)<\/em><\/p>\n\n\n\n<p><em>Freitag 5.6.2026: <strong>Kennlerntag der Tostedter Schulen<\/strong> (die Kinder besuchen vormittags die Schule an der sie angemeldet sind)<\/em><\/p>\n\n\n\n<p><em>(\u00c4nderungen vorbehalten, Stand: 29.9.25)<\/em><\/p>\n\n\n\n<p><em>Angebote weiterf\u00fchrender Schulen au\u00dferhalb der Samtgemeinde Tostedt entnehmen Sie bitte den entsprechenden Homepages der Schulen<\/em><\/p>\n\n\n\n<p><\/p>\n\n\n\n<p><\/p>\n\n\n","protected":false},"excerpt":{"rendered":"<p>Kaum zu glauben, aber 4 Jahre Grundschulzeit n\u00e4hern sich dem Ende. Irgendwann ist es soweit. Dies ist also einerseits ein Abschied, andererseits ein spannender Neuanfang an einer der weiterf\u00fchrenden Schulen. Zu beiden Bereichen m\u00f6chten wir Sie auf dieser Seite informieren &hellip; <a href=\"https:\/\/wordpress.nibis.de\/gstodtgl\/vorlesetag-2020\/\">Weiterlesen <span class=\"meta-nav\">&rarr;<\/span><\/a><\/p>\n","protected":false},"author":1251,"featured_media":0,"parent":0,"menu_order":0,"comment_status":"closed","ping_status":"closed","template":"","meta":{"footnotes":""},"class_list":["post-1331","page","type-page","status-publish","hentry"],"_links":{"self":[{"href":"https:\/\/wordpress.nibis.de\/gstodtgl\/wp-json\/wp\/v2\/pages\/1331","targetHints":{"allow":["GET"]}}],"collection":[{"href":"https:\/\/wordpress.nibis.de\/gstodtgl\/wp-json\/wp\/v2\/pages"}],"about":[{"href":"https:\/\/wordpress.nibis.de\/gstodtgl\/wp-json\/wp\/v2\/types\/page"}],"author":[{"embeddable":true,"href":"https:\/\/wordpress.nibis.de\/gstodtgl\/wp-json\/wp\/v2\/users\/1251"}],"replies":[{"embeddable":true,"href":"https:\/\/wordpress.nibis.de\/gstodtgl\/wp-json\/wp\/v2\/comments?post=1331"}],"version-history":[{"count":22,"href":"https:\/\/wordpress.nibis.de\/gstodtgl\/wp-json\/wp\/v2\/pages\/1331\/revisions"}],"predecessor-version":[{"id":3507,"href":"https:\/\/wordpress.nibis.de\/gstodtgl\/wp-json\/wp\/v2\/pages\/1331\/revisions\/3507"}],"wp:attachment":[{"href":"https:\/\/wordpress.nibis.de\/gstodtgl\/wp-json\/wp\/v2\/media?parent=1331"}],"curies":[{"name":"wp","href":"https:\/\/api.w.org\/{rel}","templated":true}]}}