{"id":178,"date":"2016-11-18T14:55:03","date_gmt":"2016-11-18T13:55:03","guid":{"rendered":"http:\/\/wordpress.nibis.de\/gstodtgl\/?page_id=178"},"modified":"2024-10-20T16:03:33","modified_gmt":"2024-10-20T14:03:33","slug":"startseite","status":"publish","type":"page","link":"https:\/\/wordpress.nibis.de\/gstodtgl\/","title":{"rendered":"Startseite"},"content":{"rendered":"\n<h2 class=\"has-text-align-center wp-block-heading\"><span style=\"font-size: 18pt\"><strong><span style=\"font-family: 'comic sans ms', sans-serif\">HERZLICH WILLKOMMEN<\/span><\/strong><\/span><\/h2>\n\n\n\n<p class=\"has-text-align-center\"><strong>&nbsp; &nbsp; &nbsp; &nbsp; &nbsp;auf der Homepage der Grundschule Todtgl\u00fcsingen<\/strong><\/p>\n\n\n\n<div class=\"wp-block-image\"><figure class=\"aligncenter size-full is-resized\"><img loading=\"lazy\" decoding=\"async\" src=\"https:\/\/wordpress.nibis.de\/gstodtgl\/files\/2024\/10\/button-sportfreundliche-schule.jpg\" alt=\"\" class=\"wp-image-3151\" width=\"327\" height=\"226\" srcset=\"https:\/\/wordpress.nibis.de\/gstodtgl\/files\/2024\/10\/button-sportfreundliche-schule.jpg 768w, https:\/\/wordpress.nibis.de\/gstodtgl\/files\/2024\/10\/button-sportfreundliche-schule-436x300.jpg 436w\" sizes=\"auto, (max-width: 327px) 100vw, 327px\" \/><\/figure><\/div>\n\n\n\n<figure class=\"wp-block-table\"><table><tbody><tr><td><img loading=\"lazy\" decoding=\"async\" width=\"557\" height=\"557\" class=\"wp-image-3025\" style=\"width: 150px\" src=\"https:\/\/wordpress.nibis.de\/gstodtgl\/files\/2024\/08\/siegel-mitsprache.png\" alt=\"\" srcset=\"https:\/\/wordpress.nibis.de\/gstodtgl\/files\/2024\/08\/siegel-mitsprache.png 557w, https:\/\/wordpress.nibis.de\/gstodtgl\/files\/2024\/08\/siegel-mitsprache-300x300.png 300w\" sizes=\"auto, (max-width: 557px) 100vw, 557px\" \/>         <img loading=\"lazy\" decoding=\"async\" width=\"320\" height=\"304\" class=\"wp-image-3109\" style=\"width: 150px\" src=\"https:\/\/wordpress.nibis.de\/gstodtgl\/files\/2024\/09\/flyer-fit-for-future.png\" alt=\"\" srcset=\"https:\/\/wordpress.nibis.de\/gstodtgl\/files\/2024\/09\/flyer-fit-for-future.png 320w, https:\/\/wordpress.nibis.de\/gstodtgl\/files\/2024\/09\/flyer-fit-for-future-316x300.png 316w\" sizes=\"auto, (max-width: 320px) 100vw, 320px\" \/>        <img loading=\"lazy\" decoding=\"async\" width=\"301\" height=\"168\" class=\"wp-image-3026\" style=\"width: 150px\" src=\"https:\/\/wordpress.nibis.de\/gstodtgl\/files\/2024\/08\/Lesen-macht-stark.jpg\" alt=\"\" srcset=\"https:\/\/wordpress.nibis.de\/gstodtgl\/files\/2024\/08\/Lesen-macht-stark.jpg 301w, https:\/\/wordpress.nibis.de\/gstodtgl\/files\/2024\/08\/Lesen-macht-stark-250x141.jpg 250w\" sizes=\"auto, (max-width: 301px) 100vw, 301px\" \/><\/td><td><\/td><\/tr><tr><td>                   <img loading=\"lazy\" decoding=\"async\" width=\"1397\" height=\"460\" class=\"wp-image-3007\" style=\"width: 220px\" src=\"https:\/\/wordpress.nibis.de\/gstodtgl\/files\/2024\/08\/Logo-1.jpg\" alt=\"\" srcset=\"https:\/\/wordpress.nibis.de\/gstodtgl\/files\/2024\/08\/Logo-1.jpg 1397w, https:\/\/wordpress.nibis.de\/gstodtgl\/files\/2024\/08\/Logo-1-768x253.jpg 768w, https:\/\/wordpress.nibis.de\/gstodtgl\/files\/2024\/08\/Logo-1-500x165.jpg 500w\" sizes=\"auto, (max-width: 1397px) 100vw, 1397px\" \/>       <img loading=\"lazy\" decoding=\"async\" width=\"600\" height=\"255\" class=\"wp-image-3010\" style=\"width: 192px\" src=\"https:\/\/wordpress.nibis.de\/gstodtgl\/files\/2024\/08\/logo-wald.png\" alt=\"\" srcset=\"https:\/\/wordpress.nibis.de\/gstodtgl\/files\/2024\/08\/logo-wald.png 600w, https:\/\/wordpress.nibis.de\/gstodtgl\/files\/2024\/08\/logo-wald-500x213.png 500w\" sizes=\"auto, (max-width: 600px) 100vw, 600px\" \/><\/td><td><\/td><\/tr><\/tbody><\/table><\/figure>\n\n\n\n<p class=\"has-text-align-center\"><\/p>\n\n\n\n<p><strong>Kontakt: <\/strong><a href=\"https:\/\/gs-todtgluesingen.net\/iserv\/\">https:\/\/gs-todtgluesingen.net\/iserv\/<\/a><\/p>\n\n\n\n<div class=\"wp-block-image\"><figure class=\"aligncenter\"><img loading=\"lazy\" decoding=\"async\" width=\"850\" height=\"478\" src=\"https:\/\/wordpress.nibis.de\/gstodtgl\/files\/2020\/09\/20200828_150628-850x478.jpg\" alt=\"\" class=\"wp-image-1196\" srcset=\"https:\/\/wordpress.nibis.de\/gstodtgl\/files\/2020\/09\/20200828_150628-850x478.jpg 850w, https:\/\/wordpress.nibis.de\/gstodtgl\/files\/2020\/09\/20200828_150628-1200x675.jpg 1200w, https:\/\/wordpress.nibis.de\/gstodtgl\/files\/2020\/09\/20200828_150628-250x141.jpg 250w\" sizes=\"auto, (max-width: 850px) 100vw, 850px\" \/><\/figure><\/div>\n\n\n\n<div class=\"wp-block-image\"><figure class=\"aligncenter\"><img loading=\"lazy\" decoding=\"async\" width=\"850\" height=\"478\" src=\"https:\/\/wordpress.nibis.de\/gstodtgl\/files\/2020\/09\/IMG-20200913-WA0006-850x478.jpg\" alt=\"\" class=\"wp-image-1205\" srcset=\"https:\/\/wordpress.nibis.de\/gstodtgl\/files\/2020\/09\/IMG-20200913-WA0006-850x478.jpg 850w, https:\/\/wordpress.nibis.de\/gstodtgl\/files\/2020\/09\/IMG-20200913-WA0006-1200x675.jpg 1200w, https:\/\/wordpress.nibis.de\/gstodtgl\/files\/2020\/09\/IMG-20200913-WA0006-250x141.jpg 250w, https:\/\/wordpress.nibis.de\/gstodtgl\/files\/2020\/09\/IMG-20200913-WA0006-768x432.jpg 768w, https:\/\/wordpress.nibis.de\/gstodtgl\/files\/2020\/09\/IMG-20200913-WA0006-1536x864.jpg 1536w, https:\/\/wordpress.nibis.de\/gstodtgl\/files\/2020\/09\/IMG-20200913-WA0006-500x281.jpg 500w, https:\/\/wordpress.nibis.de\/gstodtgl\/files\/2020\/09\/IMG-20200913-WA0006.jpg 1600w\" sizes=\"auto, (max-width: 850px) 100vw, 850px\" \/><\/figure><\/div>\n\n\n\n<p><\/p>\n\n\n\n<p>Wir freuen uns, Sie auf unserer Homepage begr\u00fc\u00dfen zu d\u00fcrfen und laden Sie ein, auf den n\u00e4chsten Seiten einen ersten Eindruck von uns zu gewinnen.<\/p>\n\n\n\n<p>Hier finden Sie:<\/p>\n\n\n\n<ul class=\"wp-block-list\"><li>Angaben zu allen Personen, Gremien und Aussch\u00fcssen unserer Schule und Ihren Ansprechpartnern<\/li><li>Informationen zu Unterrichts- und Betreuungszeiten und dem konzeptionellen Aufbau unserer Schule<\/li><li>allgemeine wichtige Hinweise f\u00fcr die Elternschaft<\/li><li>aktuelle Berichte aus unserem&nbsp;Schulleben<\/li><li>Neuigkeiten im Schulgeschehen und Empfehlungen<\/li><li>alle Formulare zum Download<\/li><li>wichtige Termine<\/li><li>Busverbindungen <\/li><li>und vieles, vieles mehr \u00fcber unsere Schule<\/li><\/ul>\n\n\n\n<p>Viel Freude&nbsp;w\u00fcnscht Ihnen<\/p>\n\n\n\n<p><strong>das Team der GS Todtgl\u00fcsingen<\/strong><\/p>\n\n\n\n<p><\/p>\n\n\n\n<p><\/p>\n\n\n\n<p><\/p>\n\n\n\n<p><\/p>\n\n\n\n<p><\/p>\n\n\n","protected":false},"excerpt":{"rendered":"<p>HERZLICH WILLKOMMEN &nbsp; &nbsp; &nbsp; &nbsp; &nbsp;auf der Homepage der Grundschule Todtgl\u00fcsingen Kontakt: https:\/\/gs-todtgluesingen.net\/iserv\/ Wir freuen uns, Sie auf unserer Homepage begr\u00fc\u00dfen zu d\u00fcrfen und laden Sie ein, auf den n\u00e4chsten Seiten einen ersten Eindruck von uns zu gewinnen. Hier &hellip; <a href=\"https:\/\/wordpress.nibis.de\/gstodtgl\/\">Weiterlesen <span class=\"meta-nav\">&rarr;<\/span><\/a><\/p>\n","protected":false},"author":1206,"featured_media":0,"parent":0,"menu_order":0,"comment_status":"closed","ping_status":"closed","template":"sidebar-page.php","meta":{"footnotes":""},"class_list":["post-178","page","type-page","status-publish","hentry"],"_links":{"self":[{"href":"https:\/\/wordpress.nibis.de\/gstodtgl\/wp-json\/wp\/v2\/pages\/178","targetHints":{"allow":["GET"]}}],"collection":[{"href":"https:\/\/wordpress.nibis.de\/gstodtgl\/wp-json\/wp\/v2\/pages"}],"about":[{"href":"https:\/\/wordpress.nibis.de\/gstodtgl\/wp-json\/wp\/v2\/types\/page"}],"author":[{"embeddable":true,"href":"https:\/\/wordpress.nibis.de\/gstodtgl\/wp-json\/wp\/v2\/users\/1206"}],"replies":[{"embeddable":true,"href":"https:\/\/wordpress.nibis.de\/gstodtgl\/wp-json\/wp\/v2\/comments?post=178"}],"version-history":[{"count":137,"href":"https:\/\/wordpress.nibis.de\/gstodtgl\/wp-json\/wp\/v2\/pages\/178\/revisions"}],"predecessor-version":[{"id":3152,"href":"https:\/\/wordpress.nibis.de\/gstodtgl\/wp-json\/wp\/v2\/pages\/178\/revisions\/3152"}],"wp:attachment":[{"href":"https:\/\/wordpress.nibis.de\/gstodtgl\/wp-json\/wp\/v2\/media?parent=178"}],"curies":[{"name":"wp","href":"https:\/\/api.w.org\/{rel}","templated":true}]}}