{"id":22,"date":"2016-11-17T12:36:48","date_gmt":"2016-11-17T11:36:48","guid":{"rendered":"http:\/\/wordpress.nibis.de\/gstodtgl\/?page_id=22"},"modified":"2024-09-06T14:22:36","modified_gmt":"2024-09-06T12:22:36","slug":"leitbild","status":"publish","type":"page","link":"https:\/\/wordpress.nibis.de\/gstodtgl\/leitbild\/","title":{"rendered":"Unser Schulprogramm und Leitbild"},"content":{"rendered":"\n<p>F\u00fcr das Schulprogramm klicken Sie bitte hier:<\/p>\n\n\n\n<p><a href=\"https:\/\/wordpress.nibis.de\/gstodtgl\/schulpropramm\/schulprogrammtodtgluesingensj2425\/\" rel=\"attachment wp-att-3070\">SchulprogrammTodtgl\u00fcsingen<\/a><\/p>\n\n\n<h1 style=\"text-align: center\"><span style=\"font-family: 'comic sans ms', sans-serif;font-size: 18pt\">Miteinander lernen &#8211; gemeinsam wachsen<\/span><\/h1>\n<ul>\n<li><span style=\"font-family: 'comic sans ms', sans-serif;font-size: 12pt\">Alle an der Schule Beteiligten sollen sich in der Schule wohl f\u00fchlen.<\/span><\/li>\n<li><span style=\"font-family: 'comic sans ms', sans-serif;font-size: 12pt\">Verantwortlichkeit sollte jeder f\u00fcr die gesamte Schule zeigen.<\/span><\/li>\n<li><span style=\"font-family: 'comic sans ms', sans-serif;font-size: 12pt\">Respektvoller und partnerschaftlicher Umgang zwischen Lehrer:Innen und Sch\u00fcler:Innen sollte nachhaltig strukturiert sein.<\/span><\/li>\n<li><span style=\"font-family: 'comic sans ms', sans-serif;font-size: 12pt\">Qualifizierung von Sch\u00fcler:Innen ist wichtig, damit sie selbstverantwortlich ihr Leben f\u00fchren und gestalten k\u00f6nnen.<\/span><\/li>\n<li><span style=\"font-family: 'comic sans ms', sans-serif;font-size: 12pt\">Wir geben R\u00e4ume f\u00fcr eigenverantwortliches und selbstst\u00e4ndiges Handeln nach den Kriterien unserer Verfassung.<\/span><\/li>\n<li><span style=\"font-family: 'comic sans ms', sans-serif;font-size: 12pt\">Wir leben die soziale Integration aller Sch\u00fcler:Innen (z.B. ausl\u00e4ndischer Mitb\u00fcrger:Innen, sozialen Minderheiten, behinderter Menschen und anderer benachteiliger Gruppen).<\/span><\/li>\n<li><span style=\"font-family: 'comic sans ms', sans-serif;font-size: 12pt\">Wir wollen Teamarbeit als Grundprinzip permanent weiterentwickeln.<\/span><\/li>\n<li><span style=\"font-family: 'comic sans ms', sans-serif;font-size: 12pt\">Wir wollen zum r\u00fccksichtsvollen Umgang mit unseren nat\u00fcrlichen Ressourcen erziehen.<\/span><\/li>\n<li><span style=\"font-family: 'comic sans ms', sans-serif;font-size: 12pt\">Demokratie und Individualit\u00e4t des Einzelnen sollen dennoch gest\u00e4rkt werden.<\/span><\/li>\n<\/ul>","protected":false},"excerpt":{"rendered":"<p>F\u00fcr das Schulprogramm klicken Sie bitte hier: SchulprogrammTodtgl\u00fcsingen Miteinander lernen &#8211; gemeinsam wachsen Alle an der Schule Beteiligten sollen sich in der Schule wohl f\u00fchlen. Verantwortlichkeit sollte jeder f\u00fcr die gesamte Schule zeigen. Respektvoller und partnerschaftlicher Umgang zwischen Lehrer:Innen und &hellip; <a href=\"https:\/\/wordpress.nibis.de\/gstodtgl\/leitbild\/\">Weiterlesen <span class=\"meta-nav\">&rarr;<\/span><\/a><\/p>\n","protected":false},"author":1206,"featured_media":0,"parent":0,"menu_order":0,"comment_status":"closed","ping_status":"closed","template":"","meta":{"footnotes":""},"class_list":["post-22","page","type-page","status-publish","hentry"],"_links":{"self":[{"href":"https:\/\/wordpress.nibis.de\/gstodtgl\/wp-json\/wp\/v2\/pages\/22","targetHints":{"allow":["GET"]}}],"collection":[{"href":"https:\/\/wordpress.nibis.de\/gstodtgl\/wp-json\/wp\/v2\/pages"}],"about":[{"href":"https:\/\/wordpress.nibis.de\/gstodtgl\/wp-json\/wp\/v2\/types\/page"}],"author":[{"embeddable":true,"href":"https:\/\/wordpress.nibis.de\/gstodtgl\/wp-json\/wp\/v2\/users\/1206"}],"replies":[{"embeddable":true,"href":"https:\/\/wordpress.nibis.de\/gstodtgl\/wp-json\/wp\/v2\/comments?post=22"}],"version-history":[{"count":6,"href":"https:\/\/wordpress.nibis.de\/gstodtgl\/wp-json\/wp\/v2\/pages\/22\/revisions"}],"predecessor-version":[{"id":3116,"href":"https:\/\/wordpress.nibis.de\/gstodtgl\/wp-json\/wp\/v2\/pages\/22\/revisions\/3116"}],"wp:attachment":[{"href":"https:\/\/wordpress.nibis.de\/gstodtgl\/wp-json\/wp\/v2\/media?parent=22"}],"curies":[{"name":"wp","href":"https:\/\/api.w.org\/{rel}","templated":true}]}}