{"id":2276,"date":"2022-10-16T11:18:19","date_gmt":"2022-10-16T09:18:19","guid":{"rendered":"https:\/\/wordpress.nibis.de\/gstodtgl\/?page_id=2276"},"modified":"2022-10-16T22:05:28","modified_gmt":"2022-10-16T20:05:28","slug":"einweihung-der-buecherei-schulfest","status":"publish","type":"page","link":"https:\/\/wordpress.nibis.de\/gstodtgl\/schulleben\/einweihung-der-buecherei-schulfest\/","title":{"rendered":"Einweihung der B\u00fccherei \/ Schulfest"},"content":{"rendered":"\n<figure class=\"wp-block-gallery has-nested-images columns-default is-cropped wp-block-gallery-1 is-layout-flex wp-block-gallery-is-layout-flex\">\n<figure class=\"wp-block-image size-large is-style-default\"><img loading=\"lazy\" decoding=\"async\" width=\"546\" height=\"675\" data-id=\"2287\" src=\"https:\/\/wordpress.nibis.de\/gstodtgl\/files\/2022\/10\/ughkg-1-546x675.jpg\" alt=\"\" class=\"wp-image-2287\" \/><\/figure>\n\n\n\n<figure class=\"wp-block-image size-large is-style-default\"><img loading=\"lazy\" decoding=\"async\" width=\"538\" height=\"675\" data-id=\"2296\" src=\"https:\/\/wordpress.nibis.de\/gstodtgl\/files\/2022\/10\/Unbenannt2-538x675.jpg\" alt=\"\" class=\"wp-image-2296\" \/><\/figure>\n<\/figure>\n\n\n\n\n\n<p>Am Freitag, den 7.10.22, haben bei bestem Wetter die Einweihung der neuen B\u00fccherei und unser Schulfest stattgefunden. Schon am Freitagmorgen sa\u00dfen viele aufgeregte Kinder in den Klassen. Nach einer langen Zeit ohne gr\u00f6\u00dfere Feierlichkeiten war die Vorfreude nat\u00fcrlich gro\u00df, endlich wieder Zusammenkommen zu k\u00f6nnen. Begr\u00fc\u00dft wurden alle Eltern, Kinder, Geschwister, Freunde und Kollegen durch Frau Malten und Frau Benjamin.<\/p>\n<p>Auf dem Schulgel\u00e4nde gab es viele Angebote und tolle Mitmach-Aktionen. Passend zur Einweihung der B\u00fccherei durften ein B\u00fccher-Flohmarkt und eine M\u00e4rchenerz\u00e4hlerin nat\u00fcrlich nicht fehlen. Von verschiedenen Kinderspielen \u00fcber ein Bobbycar-Rennen, ein Parcours in der Turnhalle, zwei Kreativ-Angebote im Werkraum bis hin zum Kinderschminken war wohl f\u00fcr jeden etwas dabei. Auch der Schulverein war vor Ort und hat einen Einblick in ihre wichtige Arbeit gegeben. Versorgt wurden wir dank einiger Eltern mit Getr\u00e4nken und Leckereien.\u00a0<\/p>\n<p>Den strahlenden Kinderaugen zufolge war es ein rundum gelungener Nachmittag. Wir bedanken uns bei allen Besuchern und Helfern f\u00fcr das sch\u00f6ne Fest!<\/p>\n\n\n","protected":false},"excerpt":{"rendered":"<p>Am Freitag, den 7.10.22, haben bei bestem Wetter die Einweihung der neuen B\u00fccherei und unser Schulfest stattgefunden. Schon am Freitagmorgen sa\u00dfen viele aufgeregte Kinder in den Klassen. Nach einer langen Zeit ohne gr\u00f6\u00dfere Feierlichkeiten war die Vorfreude nat\u00fcrlich gro\u00df, endlich &hellip; <a href=\"https:\/\/wordpress.nibis.de\/gstodtgl\/schulleben\/einweihung-der-buecherei-schulfest\/\">Weiterlesen <span class=\"meta-nav\">&rarr;<\/span><\/a><\/p>\n","protected":false},"author":1251,"featured_media":0,"parent":202,"menu_order":0,"comment_status":"closed","ping_status":"closed","template":"","meta":{"footnotes":""},"class_list":["post-2276","page","type-page","status-publish","hentry"],"_links":{"self":[{"href":"https:\/\/wordpress.nibis.de\/gstodtgl\/wp-json\/wp\/v2\/pages\/2276","targetHints":{"allow":["GET"]}}],"collection":[{"href":"https:\/\/wordpress.nibis.de\/gstodtgl\/wp-json\/wp\/v2\/pages"}],"about":[{"href":"https:\/\/wordpress.nibis.de\/gstodtgl\/wp-json\/wp\/v2\/types\/page"}],"author":[{"embeddable":true,"href":"https:\/\/wordpress.nibis.de\/gstodtgl\/wp-json\/wp\/v2\/users\/1251"}],"replies":[{"embeddable":true,"href":"https:\/\/wordpress.nibis.de\/gstodtgl\/wp-json\/wp\/v2\/comments?post=2276"}],"version-history":[{"count":7,"href":"https:\/\/wordpress.nibis.de\/gstodtgl\/wp-json\/wp\/v2\/pages\/2276\/revisions"}],"predecessor-version":[{"id":2299,"href":"https:\/\/wordpress.nibis.de\/gstodtgl\/wp-json\/wp\/v2\/pages\/2276\/revisions\/2299"}],"up":[{"embeddable":true,"href":"https:\/\/wordpress.nibis.de\/gstodtgl\/wp-json\/wp\/v2\/pages\/202"}],"wp:attachment":[{"href":"https:\/\/wordpress.nibis.de\/gstodtgl\/wp-json\/wp\/v2\/media?parent=2276"}],"curies":[{"name":"wp","href":"https:\/\/api.w.org\/{rel}","templated":true}]}}