{"id":2362,"date":"2023-02-26T18:33:15","date_gmt":"2023-02-26T17:33:15","guid":{"rendered":"https:\/\/wordpress.nibis.de\/gstodtgl\/?page_id=2362"},"modified":"2024-08-30T11:33:34","modified_gmt":"2024-08-30T09:33:34","slug":"schulbus","status":"publish","type":"page","link":"https:\/\/wordpress.nibis.de\/gstodtgl\/schulbus\/","title":{"rendered":"Schulbus"},"content":{"rendered":"\n<p><strong>!!Achtung!! Ge\u00e4nderter Fahrplan ab 9.9.24<\/strong><\/p>\n<p>Ab 09.09.2024 starten die Bauarbeiten in der Ortsdurchfahrt Tostedt in die n\u00e4chste Phase.<\/p>\n<p>Umleitungsbedingt ergeben sich damit erhebliche Fahrplan\u00e4nderungen in der Sch\u00fclerbef\u00f6rderung. Die Baustellenfahrpl\u00e4ne sind mit dem heutigen Stand beigef\u00fcgt, kleinere \u00c4nderungen k\u00f6nnen sich noch ergeben.<\/p>\n<p>Es wird insbesondere darauf hingewiesen, dass die Haltestelle GS Tostedt, Poststra\u00dfe aufgrund der Sackgassenregelung von den Bussen nicht mehr angefahren werden kann. Ersatzweise wird eine Haltestelle im Baumschulenweg\/GS Tostedt \u00a0eingerichtet, die als <strong>Tostedt, GS Poststra\u00dfe<\/strong> <strong>Ersatz <\/strong>bezeichnet wird. Die Haltestellen Tostedt, Am Sande und Todtgl\u00fcsingen, Feuerwehr k\u00f6nnen w\u00e4hrend der Bauzeit ebenfalls nicht bedient werden. F\u00fcr die Haltestelle Bertha-von-Suttner-Weg wird eine Ersatzhaltestelle eingerichtet.<\/p>\n<p>Nicht alle Busse werden aufgrund der Linienf\u00fchrung die Ersatzhaltestelle, GS Poststra\u00dfe \u00a0bedienen k\u00f6nnen, so dass ein Umstieg zu anderen Schulstandorten teilweise auch am Schulzentrum in Tostedt n\u00f6tig ist.<\/p>\n<p>Bitte klicken Sie f\u00fcr den ge\u00e4nderten Fahrplan hier:<\/p>\n<p><a href=\"https:\/\/wordpress.nibis.de\/gstodtgl\/schulbus\/wuemme-quellen-tostedt\/\" rel=\"attachment wp-att-3087\">W\u00fcmme-Quellen &#8211; Tostedt<\/a><\/p>\n<p><a href=\"https:\/\/wordpress.nibis.de\/gstodtgl\/schulbus\/dohren-tostedt\/\" rel=\"attachment wp-att-3088\">Dohren &#8211; Tostedt<\/a><\/p>\n<p><a href=\"https:\/\/wordpress.nibis.de\/gstodtgl\/schulbus\/drehstedt-kakenstorf-todtgluesingen\/\" rel=\"attachment wp-att-3089\">Drehstedt-Kakenstorf-Todtgl\u00fcsingen<\/a><\/p>\n<p><a href=\"https:\/\/wordpress.nibis.de\/gstodtgl\/schulbus\/drehstedt-langeloh-tostedt\/\" rel=\"attachment wp-att-3090\">Drehstedt-Langeloh-Tostedt<\/a><\/p>\n<p><a href=\"https:\/\/wordpress.nibis.de\/gstodtgl\/schulbus\/heidenau-tostedt\/\" rel=\"attachment wp-att-3091\">Heidenau &#8211; Tostedt<\/a><\/p>\n<p><a href=\"https:\/\/wordpress.nibis.de\/gstodtgl\/schulbus\/hollenstedt-tostedt\/\" rel=\"attachment wp-att-3092\">Hollenstedt &#8211; Tostedt<\/a><\/p>\n<p><a href=\"https:\/\/wordpress.nibis.de\/gstodtgl\/schulbus\/lohbergen-kakenstorf\/\" rel=\"attachment wp-att-3093\">Lohbergen &#8211; Kakenstorf<\/a><\/p>\n<p><a href=\"https:\/\/wordpress.nibis.de\/gstodtgl\/schulbus\/todtshorn-tostedt\/\" rel=\"attachment wp-att-3094\">Todtshorn &#8211; Tostedt<\/a><\/p>\n<p><a href=\"https:\/\/wordpress.nibis.de\/gstodtgl\/schulbus\/wistedt-buchholz\/\" rel=\"attachment wp-att-3095\">Wistedt &#8211; Buchholz<\/a><\/p>\n<p><a href=\"https:\/\/wordpress.nibis.de\/gstodtgl\/schulbus\/wistedt-tostedt\/\" rel=\"attachment wp-att-3096\">Wistedt &#8211; Tostedt<\/a><\/p>\n<p>_________________________________________________________________________<\/p>\n\n\n\n<p>Liebe Eltern,<\/p>\n<p>ab sofort finden Sie hier die neuesten Informationen rund um die Schulbus-Situation. Am Ende dieser Seite befinden sich zwei Internetseiten, auf denen Sie aktuelle Fahrplanabweichungen einsehen k\u00f6nnen.&nbsp;<\/p>\n<p>Den aktuellen Busfahrplan finden Sie hier:<\/p>\n<p>https:\/\/www.nimmbus.de\/fahrplanbuch\/plaene\/4621H-1.htm<\/p>\n<p>_____________________________________________________________________&nbsp;<\/p>\n\n\n\n<p><strong>Busfahrkarte<\/strong><\/p>\n<p>Liebe Eltern,&nbsp;<\/p>\n<p>im unten stehenden Dokument finden Sie Hinweise zur Beantragung einer Busfahrkarte\/Ersatzfahrkarte.<\/p>\n\n\n\n<div class=\"wp-block-file\"><a id=\"wp-block-file--media-5502a210-c0d3-467b-9193-841375dd21ae\" href=\"https:\/\/wordpress.nibis.de\/gstodtgl\/files\/2023\/05\/Beantragung-Busfahrkarte.pdf\">Beantragung-Busfahrkarte<\/a><a href=\"https:\/\/wordpress.nibis.de\/gstodtgl\/files\/2023\/05\/Beantragung-Busfahrkarte.pdf\" class=\"wp-block-file__button\" download aria-describedby=\"wp-block-file--media-5502a210-c0d3-467b-9193-841375dd21ae\">Herunterladen<\/a><\/div>\n\n\n\n\n\n<p><strong>&nbsp;<\/strong><\/p>\n\n\n\n\n\n<p>_____________________________________________________________________<\/p>\n<p style=\"text-align: center\"><em>Hinsichtlich m\u00f6glicher Schulbusausf\u00e4lle finden Sie auf den folgenden Internetseiten Informationen zu Fahrplanabweichungen:<\/em><\/p>\n<p style=\"text-align: center\"><a href=\"https:\/\/www.kvg-bus.de\/aktuelles\/aktuelle-nachricht\/news\/landkreis-harburg-betriebsbedingte-fahrtausfaelle\/?tx_news_pi1%5Bcontroller%5D=News&amp;tx_news_pi1%5Baction%5D=detail&amp;cHash=a7ada9bac466ffd0b291ffec0d7e8fad\">https:\/\/www.kvg-bus.de\/aktuelles\/aktuelle-nachricht\/news\/landkreis-harburg-betriebsbedingte-fahrtausfaelle\/?tx_news_pi1%5Bcontroller%5D=News&amp;tx_news_pi1%5Baction%5D=detail&amp;cHash=a7ada9bac466ffd0b291ffec0d7e8fad<\/a><\/p>\n<p style=\"text-align: center\"><a href=\"https:\/\/www.landkreis-harburg.de\/\">https:\/\/www.landkreis-harburg.de\/<\/a><\/p>\n<p style=\"text-align: center\">\u00a0<\/p>\n\n\n\n<p><\/p>\n","protected":false},"excerpt":{"rendered":"<p>!!Achtung!! Ge\u00e4nderter Fahrplan ab 9.9.24 Ab 09.09.2024 starten die Bauarbeiten in der Ortsdurchfahrt Tostedt in die n\u00e4chste Phase. Umleitungsbedingt ergeben sich damit erhebliche Fahrplan\u00e4nderungen in der Sch\u00fclerbef\u00f6rderung. Die Baustellenfahrpl\u00e4ne sind mit dem heutigen Stand beigef\u00fcgt, kleinere \u00c4nderungen k\u00f6nnen sich noch &hellip; <a href=\"https:\/\/wordpress.nibis.de\/gstodtgl\/schulbus\/\">Weiterlesen <span class=\"meta-nav\">&rarr;<\/span><\/a><\/p>\n","protected":false},"author":1251,"featured_media":0,"parent":0,"menu_order":0,"comment_status":"closed","ping_status":"closed","template":"","meta":{"footnotes":""},"class_list":["post-2362","page","type-page","status-publish","hentry"],"_links":{"self":[{"href":"https:\/\/wordpress.nibis.de\/gstodtgl\/wp-json\/wp\/v2\/pages\/2362","targetHints":{"allow":["GET"]}}],"collection":[{"href":"https:\/\/wordpress.nibis.de\/gstodtgl\/wp-json\/wp\/v2\/pages"}],"about":[{"href":"https:\/\/wordpress.nibis.de\/gstodtgl\/wp-json\/wp\/v2\/types\/page"}],"author":[{"embeddable":true,"href":"https:\/\/wordpress.nibis.de\/gstodtgl\/wp-json\/wp\/v2\/users\/1251"}],"replies":[{"embeddable":true,"href":"https:\/\/wordpress.nibis.de\/gstodtgl\/wp-json\/wp\/v2\/comments?post=2362"}],"version-history":[{"count":17,"href":"https:\/\/wordpress.nibis.de\/gstodtgl\/wp-json\/wp\/v2\/pages\/2362\/revisions"}],"predecessor-version":[{"id":3097,"href":"https:\/\/wordpress.nibis.de\/gstodtgl\/wp-json\/wp\/v2\/pages\/2362\/revisions\/3097"}],"wp:attachment":[{"href":"https:\/\/wordpress.nibis.de\/gstodtgl\/wp-json\/wp\/v2\/media?parent=2362"}],"curies":[{"name":"wp","href":"https:\/\/api.w.org\/{rel}","templated":true}]}}