{"id":2425,"date":"2023-03-07T16:00:10","date_gmt":"2023-03-07T15:00:10","guid":{"rendered":"https:\/\/wordpress.nibis.de\/gstodtgl\/?page_id=2425"},"modified":"2023-11-30T22:33:18","modified_gmt":"2023-11-30T21:33:18","slug":"schulhund-maya","status":"publish","type":"page","link":"https:\/\/wordpress.nibis.de\/gstodtgl\/schulhund-maya\/","title":{"rendered":"Schulhund Maya"},"content":{"rendered":"\n<figure class=\"wp-block-image size-full is-style-default\"><img loading=\"lazy\" decoding=\"async\" width=\"378\" height=\"567\" src=\"https:\/\/wordpress.nibis.de\/gstodtgl\/files\/2023\/03\/Folie1-2.jpg\" alt=\"\" class=\"wp-image-2426\" srcset=\"https:\/\/wordpress.nibis.de\/gstodtgl\/files\/2023\/03\/Folie1-2.jpg 378w, https:\/\/wordpress.nibis.de\/gstodtgl\/files\/2023\/03\/Folie1-2-200x300.jpg 200w\" sizes=\"auto, (max-width: 378px) 100vw, 378px\" \/><\/figure>\n\n\n\n<p>Seit einiger Zeit ist auch Schulhund Maya Teil unseres Teams. Die Golden Retriever H\u00fcndin ist im Dezember 2020 geboren und hat im November 2022 ihre Pr\u00fcfung zum Schulhund mit Bravour bestanden.\u00a0<\/p>\n<p>An der Seite von Frau Krehlik &#8211; die f\u00fcr den p\u00e4dagogischen Hunde-Einsatz ausgebildet wurde &#8211; bereichert Maya regelm\u00e4\u00dfig den Schulvormittag und begleitet die Kinder beim Lernen. In den Arbeitsphasen liebt sie es, zwischen den Kindern zu liegen und sich die ein oder andere Streicheleinheit abzuholen. Gerne f\u00fchrt sie auch die neuesten Tricks vor oder stellt den Kindern Rechenaufgaben &#8211; daf\u00fcr gibt&#8217;s als Belohnung nat\u00fcrlich ein paar Leckerlies.\u00a0\u00a0<\/p>\n\n\n\n<figure class=\"wp-block-gallery has-nested-images columns-default is-cropped wp-block-gallery-1 is-layout-flex wp-block-gallery-is-layout-flex\">\n<figure class=\"wp-block-image size-large is-style-default\"><img loading=\"lazy\" decoding=\"async\" width=\"378\" height=\"567\" data-id=\"2402\" src=\"https:\/\/wordpress.nibis.de\/gstodtgl\/files\/2023\/03\/Folie2-1.jpg\" alt=\"\" class=\"wp-image-2402\" srcset=\"https:\/\/wordpress.nibis.de\/gstodtgl\/files\/2023\/03\/Folie2-1.jpg 378w, https:\/\/wordpress.nibis.de\/gstodtgl\/files\/2023\/03\/Folie2-1-200x300.jpg 200w\" sizes=\"auto, (max-width: 378px) 100vw, 378px\" \/><figcaption>Ein kleines Schl\u00e4fchen zwischendurch&#8230;<\/figcaption><\/figure>\n\n\n\n<figure class=\"wp-block-image size-large is-style-default\"><img loading=\"lazy\" decoding=\"async\" width=\"378\" height=\"567\" data-id=\"2403\" src=\"https:\/\/wordpress.nibis.de\/gstodtgl\/files\/2023\/03\/Folie3.jpg\" alt=\"\" class=\"wp-image-2403\" srcset=\"https:\/\/wordpress.nibis.de\/gstodtgl\/files\/2023\/03\/Folie3.jpg 378w, https:\/\/wordpress.nibis.de\/gstodtgl\/files\/2023\/03\/Folie3-200x300.jpg 200w\" sizes=\"auto, (max-width: 378px) 100vw, 378px\" \/><figcaption>&#8230; und hier wieder mittendrin. <\/figcaption><\/figure>\n<\/figure>\n\n\n\n<p>Die Kontaktaufnahme zu Maya ist selbstverst\u00e4ndlich freiwillig und jedem Kind selbst \u00fcberlassen.\u00a0<\/p>\n","protected":false},"excerpt":{"rendered":"<p>Seit einiger Zeit ist auch Schulhund Maya Teil unseres Teams. Die Golden Retriever H\u00fcndin ist im Dezember 2020 geboren und hat im November 2022 ihre Pr\u00fcfung zum Schulhund mit Bravour bestanden.\u00a0 An der Seite von Frau Krehlik &#8211; die f\u00fcr &hellip; <a href=\"https:\/\/wordpress.nibis.de\/gstodtgl\/schulhund-maya\/\">Weiterlesen <span class=\"meta-nav\">&rarr;<\/span><\/a><\/p>\n","protected":false},"author":1251,"featured_media":0,"parent":0,"menu_order":0,"comment_status":"closed","ping_status":"closed","template":"","meta":{"footnotes":""},"class_list":["post-2425","page","type-page","status-publish","hentry"],"_links":{"self":[{"href":"https:\/\/wordpress.nibis.de\/gstodtgl\/wp-json\/wp\/v2\/pages\/2425","targetHints":{"allow":["GET"]}}],"collection":[{"href":"https:\/\/wordpress.nibis.de\/gstodtgl\/wp-json\/wp\/v2\/pages"}],"about":[{"href":"https:\/\/wordpress.nibis.de\/gstodtgl\/wp-json\/wp\/v2\/types\/page"}],"author":[{"embeddable":true,"href":"https:\/\/wordpress.nibis.de\/gstodtgl\/wp-json\/wp\/v2\/users\/1251"}],"replies":[{"embeddable":true,"href":"https:\/\/wordpress.nibis.de\/gstodtgl\/wp-json\/wp\/v2\/comments?post=2425"}],"version-history":[{"count":3,"href":"https:\/\/wordpress.nibis.de\/gstodtgl\/wp-json\/wp\/v2\/pages\/2425\/revisions"}],"predecessor-version":[{"id":2657,"href":"https:\/\/wordpress.nibis.de\/gstodtgl\/wp-json\/wp\/v2\/pages\/2425\/revisions\/2657"}],"wp:attachment":[{"href":"https:\/\/wordpress.nibis.de\/gstodtgl\/wp-json\/wp\/v2\/media?parent=2425"}],"curies":[{"name":"wp","href":"https:\/\/api.w.org\/{rel}","templated":true}]}}