{"id":269,"date":"2017-09-04T22:18:03","date_gmt":"2017-09-04T20:18:03","guid":{"rendered":"http:\/\/wordpress.nibis.de\/gstodtgl\/?page_id=269"},"modified":"2024-02-14T22:40:52","modified_gmt":"2024-02-14T21:40:52","slug":"jahrgang-2","status":"publish","type":"page","link":"https:\/\/wordpress.nibis.de\/gstodtgl\/jahrgang-2\/","title":{"rendered":"Elternarbeit in unserer Grundschule"},"content":{"rendered":"\n<p><strong>Liebe Eltern (und Gro\u00dfeltern),<\/strong><\/p>\n<p>haben Sie das Gef\u00fchl, Sie erfahren zu wenig vom Vormittag Ihres Kindes und\/oder w\u00fcrden gern mehr am Schulalltag Ihres Kindes in unserer Schule teilhaben? Das freut uns sehr und die M\u00f6glichkeiten dazu sind vielf\u00e4ltig! Trauen Sie sich ruhig.<\/p>\n<p style=\"text-align: center\"><strong>Sie als Eltern sind bei uns in der Schule herzlich willkommen!! <\/strong><\/p>\n<p style=\"text-align: center\"><strong>Und Ihre Unterst\u00fctzung wird gebraucht!<\/strong><\/p>\n<p>Vielleicht beteiligen Sie sich klassenintern, wenn wieder einmal ein\/e Fahrer:in f\u00fcr einen Ausflug gesucht wird oder bieten Ihre Unterst\u00fctzung bei Leserunden an, um die Lesekompetenz der Klasse Ihres Kindes zu f\u00f6rdern. Bei Basteltagen in der Weihnachtszeit wird ebenfalls dringend Hilfe ben\u00f6tigt, wenn Sie Spa\u00df daran haben, mit Kindern kreativ zu sein, zu backen oder \u00e4hnliches. Vielleicht m\u00f6gen Sie sogar ein eigenes Angebot anbieten, der Kreativit\u00e4t sind keine Grenzen gesetzt. Besprechen Sie dies mit der Klassenlehrerin Ihres Kindes.<\/p>\n<p>Oder w\u00fcrden Sie gern eine eigene AG montags in der 6.Schulstunde anbieten?! Selbstverst\u00e4ndlich ist auch das m\u00f6glich. Egal ob Schach, Computer, G\u00e4rtnern, Basteln, etwas Musikalisches oder was immer Sie gern einbringen m\u00f6gen, wenden Sie sich an uns. Ihr Talent, Ihr Hobby kann vielleicht vielen Kindern zu Gute kommen und sie ebenfalls begeistern.<\/p>\n<p>Auch in der B\u00fccherei, die dienstags und\u00a0 freitags in der ersten gro\u00dfen Pause ge\u00f6ffnet hat, l\u00e4uft nichts ohne die ehrenamtliche Hilfe der Eltern. Vielleicht haben Sie ab und an Zeit und Lust, dort mitzuwirken?<\/p>\n<p><a href=\"https:\/\/wordpress.nibis.de\/gstodtgl\/dokumente-zum-download\/buecherei-elternhilfe\/\" rel=\"attachment wp-att-2248\">Buecherei-Elternhilfe<\/a><\/p>\n<p>Viele Eltern w\u00fcrden gern mehr Zeit im Schulvor- oder nachmittag verbringen, jedoch machen die eigenen Arbeitszeiten dies oft nicht m\u00f6glich. In diesem Fall k\u00f6nnen Sie dem Schulverein beitreten und somit dazu beitragen, dass Theaterbesuche, Projekttage, Spielzeuganschaffungen, Busfahrten, Klassenfahrten und vieles mehr finanziell f\u00fcr jedes Kind erm\u00f6glicht werden k\u00f6nnen.<\/p>\n<p style=\"text-align: center\"><strong>Unser Schulverein ist sehr wichtig f\u00fcr den Erhalt des Schullebens <\/strong><strong>und freut sich \u00fcber jedes Mitglied.<\/strong><\/p>\n<p>Aktivit\u00e4ten der gesamten Schule wie z.B. der Laternenlauf, die Adventsstuben, B\u00fcchereifeste und vieles mehr, lassen das Schulleben erst lebendig werden. Alle freuen sich \u00fcber Kuchen, Kaffee oder Punsch, wenn wir uns gemeinsam versammeln. Aber ohne, dass jeder mit anpackt, geht es nicht. Melden Sie sich beim Festausschuss und helfen Sie mit beim Verkauf oder dem Backen von Kuchen. Je mehr Helfer, desto besser.<\/p>\n<p><a href=\"https:\/\/wordpress.nibis.de\/gstodtgl\/schulverein\/beitrittserklaerung-schulfoederverein-grundschule-todtgluesingen_06102022-1-2\/\" rel=\"attachment wp-att-2303\">Beitrittserkl\u00e4rung Schulf\u00f6derverein Grundschule Todtgl\u00fcsingen<\/a><\/p>\n<p><a href=\"https:\/\/wordpress.nibis.de\/gstodtgl\/schulverein\/spende-schulfoederverein-grundschule-todtgluesingen_15112022\/\" rel=\"attachment wp-att-2304\">Spende Schulf\u00f6derverein Grundschule Todtgl\u00fcsingen<\/a><\/p>\n<p><a href=\"https:\/\/wordpress.nibis.de\/gstodtgl\/jahrgang-2\/elternarbeit-1\/\" rel=\"attachment wp-att-2638\"><img loading=\"lazy\" decoding=\"async\" class=\"aligncenter size-large wp-image-2638\" src=\"https:\/\/wordpress.nibis.de\/gstodtgl\/files\/2023\/11\/Elternarbeit-1-1118x675.jpg\" alt=\"\" width=\"584\" height=\"353\" \/><\/a><\/p>\n<p style=\"text-align: left\"><a href=\"https:\/\/wordpress.nibis.de\/gstodtgl\/jahrgang-2\/elternarbeit2\/\" rel=\"attachment wp-att-2640\"><img loading=\"lazy\" decoding=\"async\" class=\"aligncenter size-large wp-image-2640\" src=\"https:\/\/wordpress.nibis.de\/gstodtgl\/files\/2023\/11\/Elternarbeit2-945x675.jpg\" alt=\"\" width=\"584\" height=\"417\" \/><\/a>N\u00e4here Informationen zu Kontakten des Schulvereins finden Sie auf unsrer Homepage. F\u00fchlen Sie sich angesprochen? Dann nehmen Sie unverbindlich Kontakt auf unter folgender Email-Adresse<em>: <strong>&#x73;&#99;&#104;u&#x6c;&#x76;&#101;r&#x65;&#x69;&#110;&#64;&#x67;&#x73;&#45;t&#x6f;&#x64;&#116;g&#x6c;&#x75;&#101;s&#x69;&#x6e;&#103;&#101;n&#x2e;&#x6e;&#101;t<\/strong> <\/em><\/p>\n<p>Sprechen Sie uns gern an! Mit Anregungen, Lob, Gespr\u00e4chsbedarf, Sorgen, Ideen. Wir bem\u00fchen uns, f\u00fcr Sie da zu sein und bedanken uns im Voraus f\u00fcr Ihre Unterst\u00fctzung unseres Schullebens w\u00e4hrend der Grundschulzeit Ihres Kindes!!<\/p>\n<p><strong>Ihr Team der GS Todtgl\u00fcsingen<\/strong><\/p>\n<p>\u00a0<\/p>\n","protected":false},"excerpt":{"rendered":"<p>Liebe Eltern (und Gro\u00dfeltern), haben Sie das Gef\u00fchl, Sie erfahren zu wenig vom Vormittag Ihres Kindes und\/oder w\u00fcrden gern mehr am Schulalltag Ihres Kindes in unserer Schule teilhaben? Das freut uns sehr und die M\u00f6glichkeiten dazu sind vielf\u00e4ltig! Trauen Sie &hellip; <a href=\"https:\/\/wordpress.nibis.de\/gstodtgl\/jahrgang-2\/\">Weiterlesen <span class=\"meta-nav\">&rarr;<\/span><\/a><\/p>\n","protected":false},"author":1251,"featured_media":0,"parent":0,"menu_order":0,"comment_status":"closed","ping_status":"closed","template":"","meta":{"footnotes":""},"class_list":["post-269","page","type-page","status-publish","hentry"],"_links":{"self":[{"href":"https:\/\/wordpress.nibis.de\/gstodtgl\/wp-json\/wp\/v2\/pages\/269","targetHints":{"allow":["GET"]}}],"collection":[{"href":"https:\/\/wordpress.nibis.de\/gstodtgl\/wp-json\/wp\/v2\/pages"}],"about":[{"href":"https:\/\/wordpress.nibis.de\/gstodtgl\/wp-json\/wp\/v2\/types\/page"}],"author":[{"embeddable":true,"href":"https:\/\/wordpress.nibis.de\/gstodtgl\/wp-json\/wp\/v2\/users\/1251"}],"replies":[{"embeddable":true,"href":"https:\/\/wordpress.nibis.de\/gstodtgl\/wp-json\/wp\/v2\/comments?post=269"}],"version-history":[{"count":16,"href":"https:\/\/wordpress.nibis.de\/gstodtgl\/wp-json\/wp\/v2\/pages\/269\/revisions"}],"predecessor-version":[{"id":2813,"href":"https:\/\/wordpress.nibis.de\/gstodtgl\/wp-json\/wp\/v2\/pages\/269\/revisions\/2813"}],"wp:attachment":[{"href":"https:\/\/wordpress.nibis.de\/gstodtgl\/wp-json\/wp\/v2\/media?parent=269"}],"curies":[{"name":"wp","href":"https:\/\/api.w.org\/{rel}","templated":true}]}}