{"id":2766,"date":"2024-02-05T11:58:31","date_gmt":"2024-02-05T10:58:31","guid":{"rendered":"https:\/\/wordpress.nibis.de\/gstodtgl\/?page_id=2766"},"modified":"2026-02-10T13:14:22","modified_gmt":"2026-02-10T12:14:22","slug":"brennballturnier-2024","status":"publish","type":"page","link":"https:\/\/wordpress.nibis.de\/gstodtgl\/brennballturnier-2024\/","title":{"rendered":"Brennballturnier 2025"},"content":{"rendered":"\n<div class=\"wp-block-image\"><a href=\"https:\/\/wordpress.nibis.de\/gstodtgl\/brennballturnier-2024\/brennball-1-2\/\" rel=\"attachment wp-att-3517\"><img loading=\"lazy\" decoding=\"async\" class=\"wpa-warning wpa-image-missing-alt aligncenter  wp-image-3517\" src=\"https:\/\/wordpress.nibis.de\/gstodtgl\/files\/2026\/02\/Brennball-1-scaled.jpg\" alt=\"\" width=\"529\" height=\"399\" data-warning=\"Missing alt text\"><\/a><\/div>\n\n\n\n<p>Mit viel guter Stimmung richtete auch in diesem Jahr wieder das Gymnasium Tostedt das Brennballturnier f\u00fcr die umliegenden Grundschulen aus.<\/p>\n<p>Selbstverst\u00e4ndlich war auch unser 4.Jahrgang vertreten und trat mit 2 Mannschaften an. Die blauen Flammen (4a) und die Fantatastics (4b) gaben alles. Unterst\u00fctzt wurden sie nat\u00fcrlich durch ihre anfeuernden Mitsch\u00fclerInnen und Fans auf der Zuschauertrib\u00fcne. Teamgeist stand wie immer viel im Vordergrund, dennoch wurde bis zuletzt gek\u00e4mpft. Wir erreichten als Sieger der Herzen einen hervorragenden 6.+7. Platz, auf den wir sehr stolz sind!<\/p>\n<p>Begleitet wurde das Turnier in Organisation, Durchf\u00fchrung und Catering wie immer durch denn Sport LK des Gymnasiums. Wir bedanken uns f\u00fcr den vorbildlichen Einsatz f\u00fcr dieses schon traditionelle Projekt.\u00a0<\/p>\n<p>\u00a0<\/p>\n<p style=\"text-align: center\"><strong>Wir alle sind stolz auf eure sportliche Leistung!<\/strong><\/p>\n<p>\u00a0<\/p>\n<div class=\"wp-block-image\"><a href=\"https:\/\/wordpress.nibis.de\/gstodtgl\/brennballturnier-2024\/brennball-2\/\" rel=\"attachment wp-att-3518\"><img loading=\"lazy\" decoding=\"async\" class=\"wpa-warning wpa-image-missing-alt aligncenter  wp-image-3518\" src=\"https:\/\/wordpress.nibis.de\/gstodtgl\/files\/2026\/02\/Brennball-2-scaled.jpg\" alt=\"\" width=\"197\" height=\"261\" data-warning=\"Missing alt text\" \/><\/a>\n<div class=\"wp-block-image\"><a href=\"https:\/\/wordpress.nibis.de\/gstodtgl\/brennballturnier-2024\/brennball-3\/\" rel=\"attachment wp-att-3519\"><img loading=\"lazy\" decoding=\"async\" class=\"wpa-warning wpa-image-missing-alt  wp-image-3519 alignnone\" src=\"https:\/\/wordpress.nibis.de\/gstodtgl\/files\/2026\/02\/Brennball-3-scaled.jpg\" alt=\"\" width=\"252\" height=\"190\" data-warning=\"Missing alt text\" srcset=\"https:\/\/wordpress.nibis.de\/gstodtgl\/files\/2026\/02\/Brennball-3-scaled.jpg 2560w, https:\/\/wordpress.nibis.de\/gstodtgl\/files\/2026\/02\/Brennball-3-768x576.jpg 768w, https:\/\/wordpress.nibis.de\/gstodtgl\/files\/2026\/02\/Brennball-3-100x75.jpg 100w, https:\/\/wordpress.nibis.de\/gstodtgl\/files\/2026\/02\/Brennball-3-1536x1152.jpg 1536w, https:\/\/wordpress.nibis.de\/gstodtgl\/files\/2026\/02\/Brennball-3-2048x1536.jpg 2048w, https:\/\/wordpress.nibis.de\/gstodtgl\/files\/2026\/02\/Brennball-3-400x300.jpg 400w\" sizes=\"auto, (max-width: 252px) 100vw, 252px\" \/><\/a><\/div>\n<a href=\"https:\/\/wordpress.nibis.de\/gstodtgl\/brennballturnier-2024\/brennball-2\/\" rel=\"attachment wp-att-3518\">\u00a0<\/a><\/div>\n<p style=\"text-align: center\"><strong>Unsere Teams erzielten den 7. und 6. Platz!<\/strong><\/p>\n<p style=\"text-align: center\"><strong>Herzlichen Gl\u00fcckwunsch!!<\/strong><\/p>\n<p>\u00a0<\/p>\n","protected":false},"excerpt":{"rendered":"<p>Mit viel guter Stimmung richtete auch in diesem Jahr wieder das Gymnasium Tostedt das Brennballturnier f\u00fcr die umliegenden Grundschulen aus. Selbstverst\u00e4ndlich war auch unser 4.Jahrgang vertreten und trat mit 2 Mannschaften an. Die blauen Flammen (4a) und die Fantatastics (4b) &hellip; <a href=\"https:\/\/wordpress.nibis.de\/gstodtgl\/brennballturnier-2024\/\">Weiterlesen <span class=\"meta-nav\">&rarr;<\/span><\/a><\/p>\n","protected":false},"author":1251,"featured_media":0,"parent":0,"menu_order":0,"comment_status":"closed","ping_status":"closed","template":"","meta":{"footnotes":""},"class_list":["post-2766","page","type-page","status-publish","hentry"],"_links":{"self":[{"href":"https:\/\/wordpress.nibis.de\/gstodtgl\/wp-json\/wp\/v2\/pages\/2766","targetHints":{"allow":["GET"]}}],"collection":[{"href":"https:\/\/wordpress.nibis.de\/gstodtgl\/wp-json\/wp\/v2\/pages"}],"about":[{"href":"https:\/\/wordpress.nibis.de\/gstodtgl\/wp-json\/wp\/v2\/types\/page"}],"author":[{"embeddable":true,"href":"https:\/\/wordpress.nibis.de\/gstodtgl\/wp-json\/wp\/v2\/users\/1251"}],"replies":[{"embeddable":true,"href":"https:\/\/wordpress.nibis.de\/gstodtgl\/wp-json\/wp\/v2\/comments?post=2766"}],"version-history":[{"count":4,"href":"https:\/\/wordpress.nibis.de\/gstodtgl\/wp-json\/wp\/v2\/pages\/2766\/revisions"}],"predecessor-version":[{"id":3521,"href":"https:\/\/wordpress.nibis.de\/gstodtgl\/wp-json\/wp\/v2\/pages\/2766\/revisions\/3521"}],"wp:attachment":[{"href":"https:\/\/wordpress.nibis.de\/gstodtgl\/wp-json\/wp\/v2\/media?parent=2766"}],"curies":[{"name":"wp","href":"https:\/\/api.w.org\/{rel}","templated":true}]}}