{"id":2815,"date":"2024-02-27T14:46:39","date_gmt":"2024-02-27T13:46:39","guid":{"rendered":"https:\/\/wordpress.nibis.de\/gstodtgl\/?page_id=2815"},"modified":"2025-02-24T20:08:15","modified_gmt":"2025-02-24T19:08:15","slug":"projekt-chillst-du-schon-oder-meckerst-du-noch-resilienz-und-selbstbehauptungstraining","status":"publish","type":"page","link":"https:\/\/wordpress.nibis.de\/gstodtgl\/projekt-chillst-du-schon-oder-meckerst-du-noch-resilienz-und-selbstbehauptungstraining\/","title":{"rendered":"Resilienz- und Selbstbehauptungstraining"},"content":{"rendered":"\n<p>Wie das Wochenblatt am 16.2.24 berichtete, startete in unserer Grundschule das Projekt <strong>&#8222;Stark auch ohne Muckis&#8220;<\/strong>.<\/p>\n<p>Zu diesem Thema findet am 5.3.24 um 18.00Uhr ein Workshop f\u00fcr alle interessierten Eltern statt, zu dem wir auch an dieser Stelle herzlich einladen.<\/p>\n<p><strong>Wir freuen uns sehr, dass am 23.4.25 auch unser neuer 1. Jahrgang mit diesem Projekt beschult werden kann und an der Gewaltpr\u00e4vention teilnimmt.<\/strong><\/p>\n<p><strong>Ein gro\u00dfer Dank gilt hier dem Schulverein!<\/strong><\/p>\n\n\n\n<p><a href=\"https:\/\/wordpress.nibis.de\/gstodtgl\/?attachment_id=2818\" rel=\"attachment wp-att-2818\" data-wplink-edit=\"true\"><em>Quelle: Kreiszeitung Wochenblatt<\/em><br><img loading=\"lazy\" decoding=\"async\" class=\"aligncenter size-full wp-image-2818\" src=\"https:\/\/wordpress.nibis.de\/gstodtgl\/files\/2024\/02\/gruppenbildzeitung.jpg\" alt=\"\" width=\"945\" height=\"590\" srcset=\"https:\/\/wordpress.nibis.de\/gstodtgl\/files\/2024\/02\/gruppenbildzeitung.jpg 945w, https:\/\/wordpress.nibis.de\/gstodtgl\/files\/2024\/02\/gruppenbildzeitung-768x479.jpg 768w, https:\/\/wordpress.nibis.de\/gstodtgl\/files\/2024\/02\/gruppenbildzeitung-481x300.jpg 481w\" sizes=\"auto, (max-width: 945px) 100vw, 945px\" \/><em>Quelle: Kreiszeitung Wochenblatt<\/em><\/a><a href=\"https:\/\/wordpress.nibis.de\/gstodtgl\/?attachment_id=2817\" rel=\"attachment wp-att-2817\"><em><img loading=\"lazy\" decoding=\"async\" class=\"aligncenter size-full wp-image-2817\" src=\"https:\/\/wordpress.nibis.de\/gstodtgl\/files\/2024\/02\/subsen1.jpg\" alt=\"\" width=\"2048\" height=\"1365\" srcset=\"https:\/\/wordpress.nibis.de\/gstodtgl\/files\/2024\/02\/subsen1.jpg 2048w, https:\/\/wordpress.nibis.de\/gstodtgl\/files\/2024\/02\/subsen1-768x512.jpg 768w, https:\/\/wordpress.nibis.de\/gstodtgl\/files\/2024\/02\/subsen1-1536x1024.jpg 1536w, https:\/\/wordpress.nibis.de\/gstodtgl\/files\/2024\/02\/subsen1-450x300.jpg 450w\" sizes=\"auto, (max-width: 2048px) 100vw, 2048px\" \/>Quelle: Kreiszeitung Wochenblatt<\/em><\/a><a href=\"https:\/\/wordpress.nibis.de\/gstodtgl\/?attachment_id=2816\" rel=\"attachment wp-att-2816\"><img loading=\"lazy\" decoding=\"async\" class=\"aligncenter size-full wp-image-2816\" src=\"https:\/\/wordpress.nibis.de\/gstodtgl\/files\/2024\/02\/subsen2.jpg\" alt=\"\" width=\"2048\" height=\"1365\" srcset=\"https:\/\/wordpress.nibis.de\/gstodtgl\/files\/2024\/02\/subsen2.jpg 2048w, https:\/\/wordpress.nibis.de\/gstodtgl\/files\/2024\/02\/subsen2-768x512.jpg 768w, https:\/\/wordpress.nibis.de\/gstodtgl\/files\/2024\/02\/subsen2-1536x1024.jpg 1536w, https:\/\/wordpress.nibis.de\/gstodtgl\/files\/2024\/02\/subsen2-450x300.jpg 450w\" sizes=\"auto, (max-width: 2048px) 100vw, 2048px\" \/><\/a>Der Artikel lautete folgenderma\u00dfen:<\/p>\n\n\n\n<div data-content-text=\"\">\n<p>Bin ich ein cooler L\u00f6we, ein meckerndes Schaf oder eine piksende M\u00fccke? Das ergr\u00fcnden aktuell die 185 M\u00e4dchen und Jungen der Grundschule Todtgl\u00fcsingen im Rahmen des Pr\u00e4ventionsprojektes &#8222;Stark auch ohne Muckis&#8220; und hinterfragen dabei eigene Verhaltensmuster. Die beiden zertifizierten Selbstbehauptungstrainerinnen Nicole Johnson und Pamela G\u00fcttler schulen die Sch\u00fcler in verschiedenen Rollenspielen, wie sie mit Konflikten, zum Beispiel bei Beleidigungen oder Rangeleien, besser umgehen k\u00f6nnen. Die Kosten des 5.300 Euro teuren Projektes \u00fcbernahm die ortsans\u00e4ssige Irene und Friedrich Vorwerk-Stiftung.<\/p>\n<h2><b>Nach Corona gab es mehr Reibereien<\/b><\/h2>\n<p>&#8222;Wir haben nach Corona bei den Kindern sehr viele Reibereien und Beleidigungen beobachtet. Unserer Meinung nach mehr als zuvor. Es fiel den Kindern schwer, sich wieder als Teil der Klasse und der Schulgemeinschaft wahrzunehmen&#8220;, erl\u00e4utert Schulleiterin Ilka Malten. Das sei auch dem Schulelternrat aufgefallen. &#8222;Daher habe ich mich mit zwei Kolleginnen auf die Suche nach einem inhaltlich und organisatorisch passenden Konzept gemacht. Wir sind dabei auf Daniel Duddeks &#8218;Stark auch ohne Muckis&#8216; gesto\u00dfen und haben uns Referenten eingeladen, die nach dieser Methode arbeiten.&#8220; Die beiden Trainerinnen schulen nun die Kinder aller neun Klassen nach diesem Konzept.<\/p>\n<h2><b>Ein L\u00f6we bleibt ruhig und gelassen<\/b><\/h2>\n<p>Ein L\u00f6we zum Beispiel bleibt ruhig und gelassen, wenn er beleidigt wird. Er l\u00e4sst die b\u00f6sen Worte &#8211; oder &#8222;Gedankenpupse&#8220;, wie sie im Projekt auch genannt werden &#8211; an sich abprallen, dreht sich um und geht weg. In Streitsituationen sollen die Kinder einen sicheren Stand suchen, sich gerade hinstellen, dem Gegen\u00fcber direkt in die Augen schauen und eine deutliche Ansage machen.<\/p>\n<p>&#8222;Kompetenzen wie Lesen, \u00adSchreiben, Rechnen nehmen am Schulvormittag sehr viel Raum ein, sodass h\u00e4ufig f\u00fcr soziales Lernen nur wenig Zeit bleibt. Kleine Impulse an verschiedenen Stellen verpuffen leider h\u00e4ufig wieder. Daher war es uns ein Bed\u00fcrfnis, die gesamte Schulgemeinschaft zeitgleich auf gleiche Weise zu schulen. Und die Lehrer gleich mit. Wenn alle die gleichen Ans\u00e4tze vermittelt bekommen, dann l\u00e4sst sich zuk\u00fcnftig hoffentlich daran ankn\u00fcpfen und nachhaltige Ver\u00e4nderungen bewirken&#8220;, sagt Ilka Malten. &#8222;Ohne die gro\u00dfz\u00fcgige Spende der Vorwerk-Stiftung w\u00e4re dies allerdings nicht m\u00f6glich gewesen&#8220;, betont sie.<\/p>\n<p>&#8222;Das Projekt ist interessant. Diese Probleme gibt es sicherlich nicht nur in Todtgl\u00fcsingen. Aber direkt vor unserer T\u00fcr haben wir die F\u00f6rderung gern \u00fcbernommen&#8220;, sagte Heinz Hauschild vom Stiftungsvorstand der Vorwerk-Stiftung.<\/p>\n<p><em><strong>Quelle Text: Kreiszeitung Wochenblatt<\/strong><\/em><\/p>\n<\/div>\n\n\n\n\n","protected":false},"excerpt":{"rendered":"<p>Wie das Wochenblatt am 16.2.24 berichtete, startete in unserer Grundschule das Projekt &#8222;Stark auch ohne Muckis&#8220;. Zu diesem Thema findet am 5.3.24 um 18.00Uhr ein Workshop f\u00fcr alle interessierten Eltern statt, zu dem wir auch an dieser Stelle herzlich einladen. &hellip; <a href=\"https:\/\/wordpress.nibis.de\/gstodtgl\/projekt-chillst-du-schon-oder-meckerst-du-noch-resilienz-und-selbstbehauptungstraining\/\">Weiterlesen <span class=\"meta-nav\">&rarr;<\/span><\/a><\/p>\n","protected":false},"author":1251,"featured_media":0,"parent":0,"menu_order":0,"comment_status":"closed","ping_status":"closed","template":"","meta":{"footnotes":""},"class_list":["post-2815","page","type-page","status-publish","hentry"],"_links":{"self":[{"href":"https:\/\/wordpress.nibis.de\/gstodtgl\/wp-json\/wp\/v2\/pages\/2815","targetHints":{"allow":["GET"]}}],"collection":[{"href":"https:\/\/wordpress.nibis.de\/gstodtgl\/wp-json\/wp\/v2\/pages"}],"about":[{"href":"https:\/\/wordpress.nibis.de\/gstodtgl\/wp-json\/wp\/v2\/types\/page"}],"author":[{"embeddable":true,"href":"https:\/\/wordpress.nibis.de\/gstodtgl\/wp-json\/wp\/v2\/users\/1251"}],"replies":[{"embeddable":true,"href":"https:\/\/wordpress.nibis.de\/gstodtgl\/wp-json\/wp\/v2\/comments?post=2815"}],"version-history":[{"count":8,"href":"https:\/\/wordpress.nibis.de\/gstodtgl\/wp-json\/wp\/v2\/pages\/2815\/revisions"}],"predecessor-version":[{"id":3270,"href":"https:\/\/wordpress.nibis.de\/gstodtgl\/wp-json\/wp\/v2\/pages\/2815\/revisions\/3270"}],"wp:attachment":[{"href":"https:\/\/wordpress.nibis.de\/gstodtgl\/wp-json\/wp\/v2\/media?parent=2815"}],"curies":[{"name":"wp","href":"https:\/\/api.w.org\/{rel}","templated":true}]}}