{"id":2907,"date":"2024-06-16T13:52:01","date_gmt":"2024-06-16T11:52:01","guid":{"rendered":"https:\/\/wordpress.nibis.de\/gstodtgl\/?page_id=2907"},"modified":"2025-05-22T17:26:38","modified_gmt":"2025-05-22T15:26:38","slug":"vom-ei-zum-huhn","status":"publish","type":"page","link":"https:\/\/wordpress.nibis.de\/gstodtgl\/vom-ei-zum-huhn\/","title":{"rendered":"Vom Ei zum Huhn"},"content":{"rendered":"\n<p>Hast du schon einmal gesehen, wie aus einem Ei ein K\u00fcken wird? Wir bisher nicht. Und deshalb wollten die 2a und die 2b diesem Wunder einmal n\u00e4her auf den Grund gehen. Zuallererst stellte sich uns die Frage: Wird \u00fcberhaupt aus jedem Ei ein K\u00fcken? Wir waren erleichtert zu h\u00f6ren, dass dies nicht so ist.<\/p>\n<p>Trotzdem wollten wir es genauer wissen.<\/p>\n<p style=\"text-align: left\">Unsere P\u00e4dagogische Mitarbeiterin Kim Marzahn brachte befruchtete Eier und einen Brutkasten mit in die Schule. Die durften die Kinder und Frau Malten v o r s i c h t i g in den\u00a0 Brutkasten legen. Nun noch W\u00e4rme und Wasser hinzu..und nach nur 3 Wochen sollte es soweit sein :).\u00a0<\/p>\n<p style=\"text-align: left\"><a href=\"https:\/\/wordpress.nibis.de\/gstodtgl\/?attachment_id=2908\" rel=\"attachment wp-att-2908\"><span style=\"color: #000000;background-color: #ffffff\">Das Warten war schwierig, aber nicht langweilig. Wir durchleuchteten die Eier, beobachteten, wie die Luftblase im Ei immer gr\u00f6\u00dfer wurde, besuchten unsere K\u00fckeneier regelm\u00e4\u00dfig und tats\u00e4chlich konnte man es kurz vor dem Schl\u00fcpftermin am 12.6. sogar leise durch die Schale Piepsen h\u00f6ren.<\/span><\/a><a href=\"https:\/\/wordpress.nibis.de\/gstodtgl\/vom-ei-zum-huhn\/signal-2024-06-10-20-02-53-857-2\/\" rel=\"attachment wp-att-2911\"><img loading=\"lazy\" decoding=\"async\" class=\"wp-image-2911 aligncenter\" src=\"https:\/\/wordpress.nibis.de\/gstodtgl\/files\/2024\/06\/signal-2024-06-10-20-02-53-857-2.jpg\" alt=\"\" width=\"306\" height=\"426\" \/><span style=\"color: #000000\">Doch was war das? Am 11.6. legte das K\u00fcken &#8222;Malten&#8220; einen klaren Fr\u00fchstart hin und pickte sich durch das Ei. Wir konnten beobachten, wie es sich flei\u00dfig mit dem Eizahn seinen Weg bahnte. Das war sehr aufregend!<\/span><\/a><\/p>\n<p><a href=\"https:\/\/wordpress.nibis.de\/gstodtgl\/vom-ei-zum-huhn\/20240611_105725\/\" rel=\"attachment wp-att-2914\"><img loading=\"lazy\" decoding=\"async\" class=\"aligncenter  wp-image-2914\" src=\"https:\/\/wordpress.nibis.de\/gstodtgl\/files\/2024\/06\/20240611_105725-scaled.jpg\" alt=\"\" width=\"378\" height=\"285\" srcset=\"https:\/\/wordpress.nibis.de\/gstodtgl\/files\/2024\/06\/20240611_105725-scaled.jpg 2560w, https:\/\/wordpress.nibis.de\/gstodtgl\/files\/2024\/06\/20240611_105725-768x576.jpg 768w, https:\/\/wordpress.nibis.de\/gstodtgl\/files\/2024\/06\/20240611_105725-1536x1152.jpg 1536w, https:\/\/wordpress.nibis.de\/gstodtgl\/files\/2024\/06\/20240611_105725-2048x1536.jpg 2048w, https:\/\/wordpress.nibis.de\/gstodtgl\/files\/2024\/06\/20240611_105725-400x300.jpg 400w\" sizes=\"auto, (max-width: 378px) 100vw, 378px\" \/><\/a>Nachdem auch &#8222;Paul&#8220; am 12.6. p\u00fcnktlich das Licht der Welt erblickte wurde es Zeit, die Kinderstube f\u00fcr die K\u00fcken einzurichten.<\/p>\n<p><a href=\"https:\/\/wordpress.nibis.de\/gstodtgl\/vom-ei-zum-huhn\/signal-2024-06-10-20-02-53-857\/\" rel=\"attachment wp-att-2916\"><span style=\"color: #000000\">Die 2a und die 2b bereiteten den K\u00fcken ein gem\u00fctliches Zuhause mit Wasser, Futter, Zeitung zum Unterlegen und einem W\u00e4rmeunterschlupf, unter dem sich die kleinen verstecken k\u00f6nnen.<\/span> <\/a><\/p>\n<p>Noch ein weiteres K\u00fcken schaffte es durch die Schale und wurde einen Tag sp\u00e4ter in unserer Grundschule geboren. Wir freuen uns riesig, dabei gewesen zu sein und so etwas Tolles miterlebt zu haben. Bald d\u00fcrfen die K\u00fcken wieder zur\u00fcck auf Frau Marzahns Hof und mit den anderen H\u00fchnern dort ein sch\u00f6nes Leben f\u00fchren.<\/p>\n<p style=\"text-align: center\"><a href=\"https:\/\/wordpress.nibis.de\/gstodtgl\/vom-ei-zum-huhn\/signal-2024-06-15-18-01-10-638\/\" rel=\"attachment wp-att-2919\"><img loading=\"lazy\" decoding=\"async\" class=\"aligncenter size-full wp-image-2919\" src=\"https:\/\/wordpress.nibis.de\/gstodtgl\/files\/2024\/06\/signal-2024-06-15-18-01-10-638.jpg\" alt=\"\" width=\"2048\" height=\"1536\" srcset=\"https:\/\/wordpress.nibis.de\/gstodtgl\/files\/2024\/06\/signal-2024-06-15-18-01-10-638.jpg 2048w, https:\/\/wordpress.nibis.de\/gstodtgl\/files\/2024\/06\/signal-2024-06-15-18-01-10-638-768x576.jpg 768w, https:\/\/wordpress.nibis.de\/gstodtgl\/files\/2024\/06\/signal-2024-06-15-18-01-10-638-1536x1152.jpg 1536w, https:\/\/wordpress.nibis.de\/gstodtgl\/files\/2024\/06\/signal-2024-06-15-18-01-10-638-400x300.jpg 400w\" sizes=\"auto, (max-width: 2048px) 100vw, 2048px\" \/><\/a><a href=\"https:\/\/wordpress.nibis.de\/gstodtgl\/vom-ei-zum-huhn\/20240612_1013131\/\" rel=\"attachment wp-att-2917\"><img loading=\"lazy\" decoding=\"async\" class=\"aligncenter  wp-image-2917\" src=\"https:\/\/wordpress.nibis.de\/gstodtgl\/files\/2024\/06\/20240612_1013131-scaled.jpg\" alt=\"\" width=\"473\" height=\"357\" \/><\/a>Was f\u00fcr ein tolles Erlebnis!!<\/p>\n<p style=\"text-align: center\"><strong>Danke Frau Marzahn!!<\/strong><\/p>\n","protected":false},"excerpt":{"rendered":"<p>Hast du schon einmal gesehen, wie aus einem Ei ein K\u00fcken wird? Wir bisher nicht. Und deshalb wollten die 2a und die 2b diesem Wunder einmal n\u00e4her auf den Grund gehen. Zuallererst stellte sich uns die Frage: Wird \u00fcberhaupt aus &hellip; <a href=\"https:\/\/wordpress.nibis.de\/gstodtgl\/vom-ei-zum-huhn\/\">Weiterlesen <span class=\"meta-nav\">&rarr;<\/span><\/a><\/p>\n","protected":false},"author":1251,"featured_media":0,"parent":0,"menu_order":0,"comment_status":"closed","ping_status":"closed","template":"","meta":{"footnotes":""},"class_list":["post-2907","page","type-page","status-publish","hentry"],"_links":{"self":[{"href":"https:\/\/wordpress.nibis.de\/gstodtgl\/wp-json\/wp\/v2\/pages\/2907","targetHints":{"allow":["GET"]}}],"collection":[{"href":"https:\/\/wordpress.nibis.de\/gstodtgl\/wp-json\/wp\/v2\/pages"}],"about":[{"href":"https:\/\/wordpress.nibis.de\/gstodtgl\/wp-json\/wp\/v2\/types\/page"}],"author":[{"embeddable":true,"href":"https:\/\/wordpress.nibis.de\/gstodtgl\/wp-json\/wp\/v2\/users\/1251"}],"replies":[{"embeddable":true,"href":"https:\/\/wordpress.nibis.de\/gstodtgl\/wp-json\/wp\/v2\/comments?post=2907"}],"version-history":[{"count":6,"href":"https:\/\/wordpress.nibis.de\/gstodtgl\/wp-json\/wp\/v2\/pages\/2907\/revisions"}],"predecessor-version":[{"id":3321,"href":"https:\/\/wordpress.nibis.de\/gstodtgl\/wp-json\/wp\/v2\/pages\/2907\/revisions\/3321"}],"wp:attachment":[{"href":"https:\/\/wordpress.nibis.de\/gstodtgl\/wp-json\/wp\/v2\/media?parent=2907"}],"curies":[{"name":"wp","href":"https:\/\/api.w.org\/{rel}","templated":true}]}}