{"id":2948,"date":"2024-07-23T17:02:21","date_gmt":"2024-07-23T15:02:21","guid":{"rendered":"https:\/\/wordpress.nibis.de\/gstodtgl\/?page_id=2948"},"modified":"2025-03-05T18:06:16","modified_gmt":"2025-03-05T17:06:16","slug":"lesewettbewerb-2024","status":"publish","type":"page","link":"https:\/\/wordpress.nibis.de\/gstodtgl\/lesewettbewerb-2024\/","title":{"rendered":"Lesewettbewerb 2024"},"content":{"rendered":"\n<p>Wie in jedem Jahr traten auch in diesem Sommer alle Leseratten der Schule in einem Finale gegeneinander an. So viele Kinder haben mitgemacht und sich getraut, aus ihren Lieblingsb\u00fcchern vor all ihren Klassenkameraden vorzulesen. Dazu geh\u00f6rt Mut! Und deshalb gibt es viel mehr Gewinner, als hier nun genannt werden k\u00f6nnen.<\/p>\n<p>Aber: das Finale ist schon etwas Besonderes. Drei Kandidaten wurden aus jeder Klasse gew\u00e4hlt, um in ihrem Jahrgang anzutreten. Es gab tolle Buchpreise zu gewinnen und alle wurden kr\u00e4ftig von ihren Klassen unterst\u00fctzt. Ein tolles Erlebnis!!<\/p>\n<p>Vielen Dank an dieser Stelle an all die helfenden H\u00e4nde, ohne die dies nicht m\u00f6glich gewesen w\u00e4re. Ein besonderes Dankesch\u00f6n auch an den Schulverein, der die Buchpreise gestiftet hat.<\/p>\n<p style=\"text-align: center\">Wir hoffen, es hat euch gefallen und ihr habt viele Anregungen f\u00fcr neue, spannende Geschichten bekommen &#8211; beim Zu\u00f6ren und Lesen.<\/p>\n<p style=\"text-align: center\">N\u00e4chstes Jahr treffen wir uns wieder, dann k\u00f6nnt ihr erneut zeigen was ihr k\u00f6nnt! \ud83d\ude42<\/p>\n<p>Durch das Finale k\u00e4mpften sich in Jahrgang 1:<a href=\"https:\/\/wordpress.nibis.de\/gstodtgl\/lesewettbewerb-2024\/lw1\/\" rel=\"attachment wp-att-2952\"><img loading=\"lazy\" decoding=\"async\" class=\"aligncenter  wp-image-2952\" src=\"https:\/\/wordpress.nibis.de\/gstodtgl\/files\/2024\/07\/LW1.jpg\" alt=\"\" width=\"372\" height=\"281\" \/><\/a>..in Jahrgang 2:<\/p>\n<p><a href=\"https:\/\/wordpress.nibis.de\/gstodtgl\/lesewettbewerb-2024\/lw2\/\" rel=\"attachment wp-att-2953\"><img loading=\"lazy\" decoding=\"async\" class=\"aligncenter  wp-image-2953\" src=\"https:\/\/wordpress.nibis.de\/gstodtgl\/files\/2024\/07\/LW2-scaled.jpg\" alt=\"\" width=\"378\" height=\"286\" \/><\/a>&#8230; in Jahrgang 3:<\/p>\n<p><a href=\"https:\/\/wordpress.nibis.de\/gstodtgl\/lesewettbewerb-2024\/lw3\/\" rel=\"attachment wp-att-2954\"><img loading=\"lazy\" decoding=\"async\" class=\"aligncenter  wp-image-2954\" src=\"https:\/\/wordpress.nibis.de\/gstodtgl\/files\/2024\/07\/LW3-scaled.jpg\" alt=\"\" width=\"373\" height=\"282\" \/><\/a><\/p>\n<p style=\"text-align: center\">!!! HERZLICHEN GL\u00dcCKWUNSCH !!!<\/p>\n<p>\u00a0<\/p>\n<p>\u00a0<\/p>\n","protected":false},"excerpt":{"rendered":"<p>Wie in jedem Jahr traten auch in diesem Sommer alle Leseratten der Schule in einem Finale gegeneinander an. So viele Kinder haben mitgemacht und sich getraut, aus ihren Lieblingsb\u00fcchern vor all ihren Klassenkameraden vorzulesen. Dazu geh\u00f6rt Mut! Und deshalb gibt &hellip; <a href=\"https:\/\/wordpress.nibis.de\/gstodtgl\/lesewettbewerb-2024\/\">Weiterlesen <span class=\"meta-nav\">&rarr;<\/span><\/a><\/p>\n","protected":false},"author":1251,"featured_media":0,"parent":0,"menu_order":0,"comment_status":"closed","ping_status":"closed","template":"","meta":{"footnotes":""},"class_list":["post-2948","page","type-page","status-publish","hentry"],"_links":{"self":[{"href":"https:\/\/wordpress.nibis.de\/gstodtgl\/wp-json\/wp\/v2\/pages\/2948","targetHints":{"allow":["GET"]}}],"collection":[{"href":"https:\/\/wordpress.nibis.de\/gstodtgl\/wp-json\/wp\/v2\/pages"}],"about":[{"href":"https:\/\/wordpress.nibis.de\/gstodtgl\/wp-json\/wp\/v2\/types\/page"}],"author":[{"embeddable":true,"href":"https:\/\/wordpress.nibis.de\/gstodtgl\/wp-json\/wp\/v2\/users\/1251"}],"replies":[{"embeddable":true,"href":"https:\/\/wordpress.nibis.de\/gstodtgl\/wp-json\/wp\/v2\/comments?post=2948"}],"version-history":[{"count":4,"href":"https:\/\/wordpress.nibis.de\/gstodtgl\/wp-json\/wp\/v2\/pages\/2948\/revisions"}],"predecessor-version":[{"id":3278,"href":"https:\/\/wordpress.nibis.de\/gstodtgl\/wp-json\/wp\/v2\/pages\/2948\/revisions\/3278"}],"wp:attachment":[{"href":"https:\/\/wordpress.nibis.de\/gstodtgl\/wp-json\/wp\/v2\/media?parent=2948"}],"curies":[{"name":"wp","href":"https:\/\/api.w.org\/{rel}","templated":true}]}}