{"id":3019,"date":"2024-08-13T14:22:15","date_gmt":"2024-08-13T12:22:15","guid":{"rendered":"https:\/\/wordpress.nibis.de\/gstodtgl\/?page_id=3019"},"modified":"2024-11-14T14:02:29","modified_gmt":"2024-11-14T13:02:29","slug":"qualifikationen-und-kompetenzen","status":"publish","type":"page","link":"https:\/\/wordpress.nibis.de\/gstodtgl\/qualifikationen-und-kompetenzen\/","title":{"rendered":"Qualifikationen und Kompetenzen"},"content":{"rendered":"\n<p style=\"text-align: center\"><a href=\"https:\/\/wordpress.nibis.de\/gstodtgl\/startseite\/button-sportfreundliche-schule\/\" rel=\"attachment wp-att-3151\"><img loading=\"lazy\" decoding=\"async\" class=\"aligncenter  wp-image-3151\" src=\"https:\/\/wordpress.nibis.de\/gstodtgl\/files\/2024\/10\/button-sportfreundliche-schule.jpg\" alt=\"\" width=\"361\" height=\"250\" \/><\/a><strong>Wir sind eine Sportfreundliche Schule<\/strong><\/p>\n<p>und erhielten diese Auszeichnung erneut vom Land Niedersachsen im Herbst 2024. Wir freuen uns sehr dar\u00fcber!<\/p>\n<p>Als Sportfreundliche Schule ist uns Bewegung und gesunde Ern\u00e4hrung am Vormittag besonders wichtig. So verl\u00e4ngerten wir unsere Pausenzeiten, es findet ein Spielger\u00e4teverleih in den gro\u00dfen Pausen statt, welche zu tollen Bewegungsspielen anregen, jede erste Pause gibt es Obst f\u00fcr jede Klasse, das von den Kindern gemeinsam geschnitten wird und nicht zuletzt unsere Sportfeste bilden einen Rahmen, den wir uns f\u00fcr bewegstes Lernen an unserer Sportfreundlichen Schule w\u00fcnschen.<\/p>\n<p>___________________________________________________________________<\/p>\n\n\n\n<div class=\"wp-block-image\"><figure class=\"aligncenter size-full is-resized\"><img loading=\"lazy\" decoding=\"async\" src=\"https:\/\/wordpress.nibis.de\/gstodtgl\/files\/2024\/09\/flyer-fit-for-future.png\" alt=\"\" class=\"wp-image-3109\" width=\"205\" height=\"199\" \/><\/figure><\/div>\n\n\n\n<p>In Anlehnung daran nehmen wir an der Initiative der Cleven Stiftung &#8222;Fit4Future&#8220; teil. Hier wurden uns zahlreiche Spiele und Ger\u00e4te zu F\u00f6rderung von Agilit\u00e4t, Balance, Koordination und nicht zuletzt Teamgeist zur Verf\u00fcgung gestellt, die wir mit viel Spa\u00df einsetzen und ausprobieren.<\/p>\n<p>___________________________________________________________<\/p>\n<p>Die Unterst\u00fctzung der Basiskompetenzen ist uns als Grundschule besonders wichtig. In diesem Jahr legen wir den Fokus stark auf das Sprechen, Lesen und Schreiben, um allen Kindern einen fundierten und ihren Bed\u00fcrfnissen entsprechenden Lernerfolg zu erm\u00f6glichen. Hierzu wurde im Schuljahr 2023\/24 bereits in allen Jahrg\u00e4ngen ein F\u00f6rderband mit verschiedenen Schwerpunkten in den Basiskompetenzen in Mathe und Deutsch erprobt.<\/p>\n<p>Derzeit bauen wir unsere Qualifikation im Bereich der Sprach- und Lesef\u00f6rderung zunehmend aus.<\/p>\n<p>Im Jahr 2024\/25 nehmen 8 KollegInnen an der einj\u00e4hrigen Weiterbildung &#8222;MITSprache&#8220; teil. Dieses Sprach-F\u00f6rderkonzept ensteht neu an unserer Schule und bietet die M\u00f6glichkeit, Kinder mit sprachlichem F\u00f6rderbedarf in deutscher Sprache gezielt und effizient zu diagnostizieren und engmaschig mehrmals die Woche in wissenschaftlich erprobten Unterrichtssequenzen zu f\u00f6rdern.<\/p>\n<p>Die GS Todtgl\u00fcsingen bewarb sich erfolgreich darum, an diesem Projekt teilnehmen zu d\u00fcrfen und wird nun mit sprachwissenschaftlich evaluierten Materialien und Fortbildungen durch die Stiftung Fairchance bei der F\u00f6rderarbeit unterst\u00fctzt.<\/p>\n<p><a href=\"https:\/\/wordpress.nibis.de\/gstodtgl\/qualifikationen-und-kompetenzen\/siegel-mitsprache\/\" rel=\"attachment wp-att-3025\"><img loading=\"lazy\" decoding=\"async\" class=\"aligncenter  wp-image-3025\" src=\"https:\/\/wordpress.nibis.de\/gstodtgl\/files\/2024\/08\/siegel-mitsprache.png\" alt=\"\" width=\"243\" height=\"243\" srcset=\"https:\/\/wordpress.nibis.de\/gstodtgl\/files\/2024\/08\/siegel-mitsprache.png 557w, https:\/\/wordpress.nibis.de\/gstodtgl\/files\/2024\/08\/siegel-mitsprache-300x300.png 300w\" sizes=\"auto, (max-width: 243px) 100vw, 243px\" \/><span style=\"color: #000000\">Weitere Informationen:<\/span> <\/a>\u00a0 www.stiftung-fairchance.org\/sprachfoerderung-mit-mitsprache<\/p>\n<p>_______________________________________________________________________<\/p>\n<p>Desweiteren bilden wir uns aktuell zur diagnostischen Arbeit in der Lesef\u00f6rderung fort. Hier nutzen wir das Konzept &#8222;Lesen macht stark&#8220; des Landes Niedersachsen, welches wir an der GS Todtgl\u00fcsingen etablieren.<\/p>\n<p><a href=\"https:\/\/wordpress.nibis.de\/gstodtgl\/qualifikationen-und-kompetenzen\/lesen-macht-stark\/\" rel=\"attachment wp-att-3026\"><img loading=\"lazy\" decoding=\"async\" class=\"aligncenter size-full wp-image-3026\" src=\"https:\/\/wordpress.nibis.de\/gstodtgl\/files\/2024\/08\/Lesen-macht-stark.jpg\" alt=\"\" width=\"301\" height=\"168\" srcset=\"https:\/\/wordpress.nibis.de\/gstodtgl\/files\/2024\/08\/Lesen-macht-stark.jpg 301w, https:\/\/wordpress.nibis.de\/gstodtgl\/files\/2024\/08\/Lesen-macht-stark-250x141.jpg 250w\" sizes=\"auto, (max-width: 301px) 100vw, 301px\" \/><\/a><\/p>\n","protected":false},"excerpt":{"rendered":"<p>Wir sind eine Sportfreundliche Schule und erhielten diese Auszeichnung erneut vom Land Niedersachsen im Herbst 2024. Wir freuen uns sehr dar\u00fcber! Als Sportfreundliche Schule ist uns Bewegung und gesunde Ern\u00e4hrung am Vormittag besonders wichtig. So verl\u00e4ngerten wir unsere Pausenzeiten, es &hellip; <a href=\"https:\/\/wordpress.nibis.de\/gstodtgl\/qualifikationen-und-kompetenzen\/\">Weiterlesen <span class=\"meta-nav\">&rarr;<\/span><\/a><\/p>\n","protected":false},"author":1251,"featured_media":0,"parent":0,"menu_order":0,"comment_status":"closed","ping_status":"closed","template":"","meta":{"footnotes":""},"class_list":["post-3019","page","type-page","status-publish","hentry"],"_links":{"self":[{"href":"https:\/\/wordpress.nibis.de\/gstodtgl\/wp-json\/wp\/v2\/pages\/3019","targetHints":{"allow":["GET"]}}],"collection":[{"href":"https:\/\/wordpress.nibis.de\/gstodtgl\/wp-json\/wp\/v2\/pages"}],"about":[{"href":"https:\/\/wordpress.nibis.de\/gstodtgl\/wp-json\/wp\/v2\/types\/page"}],"author":[{"embeddable":true,"href":"https:\/\/wordpress.nibis.de\/gstodtgl\/wp-json\/wp\/v2\/users\/1251"}],"replies":[{"embeddable":true,"href":"https:\/\/wordpress.nibis.de\/gstodtgl\/wp-json\/wp\/v2\/comments?post=3019"}],"version-history":[{"count":7,"href":"https:\/\/wordpress.nibis.de\/gstodtgl\/wp-json\/wp\/v2\/pages\/3019\/revisions"}],"predecessor-version":[{"id":3215,"href":"https:\/\/wordpress.nibis.de\/gstodtgl\/wp-json\/wp\/v2\/pages\/3019\/revisions\/3215"}],"wp:attachment":[{"href":"https:\/\/wordpress.nibis.de\/gstodtgl\/wp-json\/wp\/v2\/media?parent=3019"}],"curies":[{"name":"wp","href":"https:\/\/api.w.org\/{rel}","templated":true}]}}