{"id":3029,"date":"2024-08-13T14:57:51","date_gmt":"2024-08-13T12:57:51","guid":{"rendered":"https:\/\/wordpress.nibis.de\/gstodtgl\/?page_id=3029"},"modified":"2025-02-05T20:23:25","modified_gmt":"2025-02-05T19:23:25","slug":"stundentafel","status":"publish","type":"page","link":"https:\/\/wordpress.nibis.de\/gstodtgl\/stundentafel\/","title":{"rendered":"Stundentafel"},"content":{"rendered":"\n<p>Die Stundentafel der einzelnen Jahrg\u00e4nge wird durch das Nieders\u00e4chsische Kultusministerium festgelegt. Sie zeigt an, welche F\u00e4cher in welcher Jahrgangsstufe und in welchem Umfang unterrichtet werden.<\/p>\n<p>Grunds\u00e4tzlich gilt, dass Unterrichtsf\u00e4cher erst ab Jahrgang 3 mit dem Notensystem 1-6 bewertet werden. Zuvor bilden Berichtszeugnissse die Leistung in den Hauptf\u00e4chern Deutsch und Mathe mit den Formulierungen &#8222;sicher \/ meist sicher \/ teilweise sicher oder noch nicht sicher erreicht&#8220; ab.<\/p>\n<p>Der neue Grundsatzerlass &#8222;Arbeit in der Grundschule&#8220; des Kultusmministeriums trat am 1.7.24 in Kraft. Nach diesem Erlass wird ab sofort eine zus\u00e4tzliche Unterrichtsstunde in Jahrgang 1 verpflichtend eingef\u00fchrt. Dies geschieht sukzessiv auch in den weiteren Jahrg\u00e4ngen in den kommenden Schuljahren.<\/p>\n<p>Die sogenannte &#8222;Sichere Basis&#8220; ist nicht als eigenes Unterrichtsfach, sondern als zus\u00e4tzliche Lernzeit f\u00fcr mathematische und sprachliche Basiskompetenzen in Jahrgang 1-4 zu verstehen. In Jahrgang 1 werden hier die Vorl\u00e4uferf\u00e4higkeiten gest\u00e4rkt, um eine &#8222;sichere Basis&#8220; zu schaffen.<\/p>\n<p>Daraus ergibt sich folgende Stundentafel f\u00fcr dieses Schuljahr:<\/p>\n<table style=\"width: 100%;height: 1132px\">\n<tbody>\n<tr style=\"height: 79px\">\n<td style=\"width: 33.8762%;height: 79px\" width=\"231\">\n<p><span style=\"color: #333399\"><strong>Fach \/ Jahrgang<\/strong><\/span><\/p>\n<\/td>\n<td style=\"width: 18.5668%;height: 79px\" width=\"146\">\n<p><span style=\"color: #0000ff\"><strong>1<\/strong><\/span><\/p>\n<\/td>\n<td style=\"width: 17.101%;height: 79px\" width=\"130\">\n<p><span style=\"color: #0000ff\"><strong>2<\/strong><\/span><\/p>\n<\/td>\n<td style=\"width: 19.544%;height: 79px\" width=\"154\">\n<p><span style=\"color: #0000ff\"><strong>3<\/strong><\/span><\/p>\n<\/td>\n<td style=\"width: 11.0749%;height: 79px\" width=\"94\">\n<p><span style=\"color: #0000ff\"><strong>4<\/strong><\/span><\/p>\n<\/td>\n<\/tr>\n<tr style=\"height: 79px\">\n<td style=\"width: 33.8762%;height: 79px\" width=\"231\">\n<p><strong>Deutsch<\/strong><\/p>\n<\/td>\n<td style=\"width: 18.5668%;height: 79px\" width=\"146\">\n<p>6<\/p>\n<\/td>\n<td style=\"width: 17.101%;height: 79px\" width=\"130\">\n<p>6<\/p>\n<\/td>\n<td style=\"width: 19.544%;height: 79px\" width=\"154\">\n<p>6<\/p>\n<\/td>\n<td style=\"width: 11.0749%;height: 79px\" width=\"94\">\n<p>6<\/p>\n<\/td>\n<\/tr>\n<tr style=\"height: 79px\">\n<td style=\"width: 33.8762%;height: 79px\" width=\"231\">\n<p><strong>Mathematik<\/strong><\/p>\n<\/td>\n<td style=\"width: 18.5668%;height: 79px\" width=\"146\">\n<p>5<\/p>\n<\/td>\n<td style=\"width: 17.101%;height: 79px\" width=\"130\">\n<p>6<\/p>\n<\/td>\n<td style=\"width: 19.544%;height: 79px\" width=\"154\">\n<p>5<\/p>\n<\/td>\n<td style=\"width: 11.0749%;height: 79px\" width=\"94\">\n<p>5<\/p>\n<\/td>\n<\/tr>\n<tr style=\"height: 106px\">\n<td style=\"width: 33.8762%;height: 106px\" width=\"231\">\n<p><strong>Sichere Basis<\/strong><\/p>\n<\/td>\n<td style=\"width: 18.5668%;height: 106px\" width=\"146\">\n<p><strong>1<\/strong> <em>(2 ab 2025\/26)<\/em><\/p>\n<\/td>\n<td style=\"width: 17.101%;height: 106px\" width=\"130\">\n<p><em>(1 ab 2025\/26)<\/em><\/p>\n<\/td>\n<td style=\"width: 19.544%;height: 106px\" width=\"154\">\n<p>\u00a0<\/p>\n<\/td>\n<td style=\"width: 11.0749%;height: 106px\" width=\"94\">\n<p>\u00a0<\/p>\n<\/td>\n<\/tr>\n<tr style=\"height: 79px\">\n<td style=\"width: 33.8762%;height: 79px\" width=\"231\">\n<p><strong>Sachunterricht<\/strong><\/p>\n<\/td>\n<td style=\"width: 18.5668%;height: 79px\" width=\"146\">\n<p>2<\/p>\n<\/td>\n<td style=\"width: 17.101%;height: 79px\" width=\"130\">\n<p>3<\/p>\n<\/td>\n<td style=\"width: 19.544%;height: 79px\" width=\"154\">\n<p>3-4<\/p>\n<\/td>\n<td style=\"width: 11.0749%;height: 79px\" width=\"94\">\n<p>3-4<\/p>\n<\/td>\n<\/tr>\n<tr style=\"height: 106px\">\n<td style=\"width: 33.8762%;height: 106px\" width=\"231\">\n<p><strong>Englisch<\/strong><\/p>\n<\/td>\n<td style=\"width: 18.5668%;height: 106px\" width=\"146\">\n<p>\u00a0<\/p>\n<\/td>\n<td style=\"width: 17.101%;height: 106px\" width=\"130\">\n<p>\u00a0<\/p>\n<\/td>\n<td style=\"width: 19.544%;height: 106px\" width=\"154\">\n<p>2 (nicht bewertet)<\/p>\n<\/td>\n<td style=\"width: 11.0749%;height: 106px\" width=\"94\">\n<p>2<\/p>\n<\/td>\n<\/tr>\n<tr style=\"height: 79px\">\n<td style=\"width: 33.8762%;height: 79px\" width=\"231\">\n<p><strong>Religion<\/strong><\/p>\n<\/td>\n<td style=\"width: 18.5668%;height: 79px\" width=\"146\">\n<p>2<\/p>\n<\/td>\n<td style=\"width: 17.101%;height: 79px\" width=\"130\">\n<p>2<\/p>\n<\/td>\n<td style=\"width: 19.544%;height: 79px\" width=\"154\">\n<p>2<\/p>\n<\/td>\n<td style=\"width: 11.0749%;height: 79px\" width=\"94\">\n<p>2<\/p>\n<\/td>\n<\/tr>\n<tr style=\"height: 79px\">\n<td style=\"width: 33.8762%;height: 79px\" width=\"231\">\n<p><strong>Sport<\/strong><\/p>\n<\/td>\n<td style=\"width: 18.5668%;height: 79px\" width=\"146\">\n<p>2<\/p>\n<\/td>\n<td style=\"width: 17.101%;height: 79px\" width=\"130\">\n<p>2<\/p>\n<\/td>\n<td style=\"width: 19.544%;height: 79px\" width=\"154\">\n<p>2<\/p>\n<\/td>\n<td style=\"width: 11.0749%;height: 79px\" width=\"94\">\n<p>2<\/p>\n<\/td>\n<\/tr>\n<tr style=\"height: 79px\">\n<td style=\"width: 33.8762%;height: 79px\" width=\"231\">\n<p><strong>Musik<\/strong><\/p>\n<\/td>\n<td style=\"width: 18.5668%;height: 79px\" width=\"146\">\n<p>1<\/p>\n<\/td>\n<td style=\"width: 17.101%;height: 79px\" width=\"130\">\n<p>1<\/p>\n<\/td>\n<td style=\"width: 19.544%;height: 79px\" width=\"154\">\n<p>2<\/p>\n<\/td>\n<td style=\"width: 11.0749%;height: 79px\" width=\"94\">\n<p>1-2<\/p>\n<\/td>\n<\/tr>\n<tr style=\"height: 79px\">\n<td style=\"width: 33.8762%;height: 79px\" width=\"231\">\n<p><strong>Kunst<\/strong><\/p>\n<\/td>\n<td style=\"width: 18.5668%;height: 79px\" width=\"146\">\n<p>2<\/p>\n<\/td>\n<td style=\"width: 17.101%;height: 79px\" width=\"130\">\n<p>2<\/p>\n<\/td>\n<td style=\"width: 19.544%;height: 79px\" width=\"154\">\n<p>2 (2.Hbj)<\/p>\n<\/td>\n<td style=\"width: 11.0749%;height: 79px\" width=\"94\">\n<p>2 (2.Hbj)<\/p>\n<\/td>\n<\/tr>\n<tr>\n<td style=\"width: 33.8762%\">\n<p><strong>Tex\/Werken<br \/><\/strong><\/p>\n<\/td>\n<td style=\"width: 18.5668%\">\n<p>\u00a0<\/p>\n<\/td>\n<td style=\"width: 17.101%\">\n<p>\u00a0<\/p>\n<\/td>\n<td style=\"width: 19.544%\">\n<p>2 (1.Hbj.)<\/p>\n<\/td>\n<td style=\"width: 11.0749%\">\n<p>2 (1.Hbj)<\/p>\n<\/td>\n<\/tr>\n<tr style=\"height: 79px\">\n<td style=\"width: 33.8762%;height: 79px\" width=\"231\">\n<p><strong>Arbeitsgemeinschaften<\/strong><\/p>\n<\/td>\n<td style=\"width: 18.5668%;height: 79px\" width=\"146\">\n<p>\u00a0<\/p>\n<\/td>\n<td style=\"width: 17.101%;height: 79px\" width=\"130\">\n<p>\u00a0<\/p>\n<\/td>\n<td style=\"width: 19.544%;height: 79px\" width=\"154\">\n<p>1<\/p>\n<\/td>\n<td style=\"width: 11.0749%;height: 79px\" width=\"94\">\n<p>1<\/p>\n<\/td>\n<\/tr>\n<tr style=\"height: 130px\">\n<td style=\"width: 33.8762%;height: 130px\" width=\"231\">\n<p><span style=\"color: #0000ff\"><strong>\u00a0<\/strong><\/span><\/p>\n<p><span style=\"color: #0000ff\"><strong>Pflichtstunden insgesamt<\/strong><\/span><\/p>\n<\/td>\n<td style=\"width: 18.5668%;height: 130px\" width=\"146\">\n<p><span style=\"color: #0000ff\"><strong>\u00a0<\/strong><\/span><\/p>\n<p><span style=\"color: #0000ff\"><strong>21<\/strong><\/span><\/p>\n<\/td>\n<td style=\"width: 17.101%;height: 130px\" width=\"130\">\n<p><span style=\"color: #0000ff\"><strong>\u00a0<\/strong><\/span><\/p>\n<p><span style=\"color: #0000ff\"><strong>22<\/strong><\/span><\/p>\n<\/td>\n<td style=\"width: 19.544%;height: 130px\" width=\"154\">\n<p><span style=\"color: #0000ff\"><strong>\u00a0<\/strong><\/span><\/p>\n<p><span style=\"color: #0000ff\"><strong>26<\/strong><\/span><\/p>\n<\/td>\n<td style=\"width: 11.0749%;height: 130px\" width=\"94\">\n<p><span style=\"color: #0000ff\"><strong>\u00a0<\/strong><\/span><\/p>\n<p><span style=\"color: #0000ff\"><strong>26<\/strong><\/span><\/p>\n<\/td>\n<\/tr>\n<\/tbody>\n<\/table>\n<p>\u00a0<\/p>\n<p>\u00a0<\/p>\n<div class=\"section group\">\u00a0<\/div>\n<p>\u00a0<\/p>\n","protected":false},"excerpt":{"rendered":"<p>Die Stundentafel der einzelnen Jahrg\u00e4nge wird durch das Nieders\u00e4chsische Kultusministerium festgelegt. Sie zeigt an, welche F\u00e4cher in welcher Jahrgangsstufe und in welchem Umfang unterrichtet werden. Grunds\u00e4tzlich gilt, dass Unterrichtsf\u00e4cher erst ab Jahrgang 3 mit dem Notensystem 1-6 bewertet werden. Zuvor &hellip; <a href=\"https:\/\/wordpress.nibis.de\/gstodtgl\/stundentafel\/\">Weiterlesen <span class=\"meta-nav\">&rarr;<\/span><\/a><\/p>\n","protected":false},"author":1251,"featured_media":0,"parent":0,"menu_order":0,"comment_status":"closed","ping_status":"closed","template":"","meta":{"footnotes":""},"class_list":["post-3029","page","type-page","status-publish","hentry"],"_links":{"self":[{"href":"https:\/\/wordpress.nibis.de\/gstodtgl\/wp-json\/wp\/v2\/pages\/3029","targetHints":{"allow":["GET"]}}],"collection":[{"href":"https:\/\/wordpress.nibis.de\/gstodtgl\/wp-json\/wp\/v2\/pages"}],"about":[{"href":"https:\/\/wordpress.nibis.de\/gstodtgl\/wp-json\/wp\/v2\/types\/page"}],"author":[{"embeddable":true,"href":"https:\/\/wordpress.nibis.de\/gstodtgl\/wp-json\/wp\/v2\/users\/1251"}],"replies":[{"embeddable":true,"href":"https:\/\/wordpress.nibis.de\/gstodtgl\/wp-json\/wp\/v2\/comments?post=3029"}],"version-history":[{"count":7,"href":"https:\/\/wordpress.nibis.de\/gstodtgl\/wp-json\/wp\/v2\/pages\/3029\/revisions"}],"predecessor-version":[{"id":3260,"href":"https:\/\/wordpress.nibis.de\/gstodtgl\/wp-json\/wp\/v2\/pages\/3029\/revisions\/3260"}],"wp:attachment":[{"href":"https:\/\/wordpress.nibis.de\/gstodtgl\/wp-json\/wp\/v2\/media?parent=3029"}],"curies":[{"name":"wp","href":"https:\/\/api.w.org\/{rel}","templated":true}]}}