{"id":3172,"date":"2024-10-20T17:35:20","date_gmt":"2024-10-20T15:35:20","guid":{"rendered":"https:\/\/wordpress.nibis.de\/gstodtgl\/?page_id=3172"},"modified":"2024-10-20T17:35:20","modified_gmt":"2024-10-20T15:35:20","slug":"besuch-am-kiekeberg","status":"publish","type":"page","link":"https:\/\/wordpress.nibis.de\/gstodtgl\/besuch-am-kiekeberg\/","title":{"rendered":"Besuch am Kiekeberg"},"content":{"rendered":"\n<p>Zum Thema &#8222;Vom Korn zum Brot&#8220; besuchte der 3. Jahrgang das Kiekebergmuseum.<\/p>\n<p><a href=\"https:\/\/wordpress.nibis.de\/gstodtgl\/?attachment_id=3173\" rel=\"attachment wp-att-3173\"><img loading=\"lazy\" decoding=\"async\" class=\"aligncenter  wp-image-3173\" src=\"https:\/\/wordpress.nibis.de\/gstodtgl\/files\/2024\/10\/Kiekeberg-1.jpg\" alt=\"\" width=\"498\" height=\"376\" \/><\/a>Hier wurde flei\u00dfig mitgeholfen. Jeder durfte sich am Dreschflegel versuchen &#8211; ganz sch\u00f6n viel Arbeit &#8211; und au\u00dferdem mit einem alten Pflug eine Furche graben. Teamwork war beim Mahlen und Sieben des Getreides gefragt.<\/p>\n<p>Wir stellen fest, dass der Anbau, die Ernte und die Verarbeitung des Getreides heute in jedem Fall sehr viel weniger aufw\u00e4ndig und zeitintensiv ist. Aber ob es auch so viel Spa\u00df macht?<\/p>\n<p><a href=\"https:\/\/wordpress.nibis.de\/gstodtgl\/?attachment_id=3174\" rel=\"attachment wp-att-3174\"><img loading=\"lazy\" decoding=\"async\" class=\"aligncenter  wp-image-3174\" src=\"https:\/\/wordpress.nibis.de\/gstodtgl\/files\/2024\/10\/kiekeberg-3.jpg\" alt=\"\" width=\"497\" height=\"375\" \/><\/a><\/p>\n","protected":false},"excerpt":{"rendered":"<p>Zum Thema &#8222;Vom Korn zum Brot&#8220; besuchte der 3. Jahrgang das Kiekebergmuseum. Hier wurde flei\u00dfig mitgeholfen. Jeder durfte sich am Dreschflegel versuchen &#8211; ganz sch\u00f6n viel Arbeit &#8211; und au\u00dferdem mit einem alten Pflug eine Furche graben. Teamwork war beim &hellip; <a href=\"https:\/\/wordpress.nibis.de\/gstodtgl\/besuch-am-kiekeberg\/\">Weiterlesen <span class=\"meta-nav\">&rarr;<\/span><\/a><\/p>\n","protected":false},"author":1251,"featured_media":0,"parent":0,"menu_order":0,"comment_status":"closed","ping_status":"closed","template":"","meta":{"footnotes":""},"class_list":["post-3172","page","type-page","status-publish","hentry"],"_links":{"self":[{"href":"https:\/\/wordpress.nibis.de\/gstodtgl\/wp-json\/wp\/v2\/pages\/3172","targetHints":{"allow":["GET"]}}],"collection":[{"href":"https:\/\/wordpress.nibis.de\/gstodtgl\/wp-json\/wp\/v2\/pages"}],"about":[{"href":"https:\/\/wordpress.nibis.de\/gstodtgl\/wp-json\/wp\/v2\/types\/page"}],"author":[{"embeddable":true,"href":"https:\/\/wordpress.nibis.de\/gstodtgl\/wp-json\/wp\/v2\/users\/1251"}],"replies":[{"embeddable":true,"href":"https:\/\/wordpress.nibis.de\/gstodtgl\/wp-json\/wp\/v2\/comments?post=3172"}],"version-history":[{"count":1,"href":"https:\/\/wordpress.nibis.de\/gstodtgl\/wp-json\/wp\/v2\/pages\/3172\/revisions"}],"predecessor-version":[{"id":3175,"href":"https:\/\/wordpress.nibis.de\/gstodtgl\/wp-json\/wp\/v2\/pages\/3172\/revisions\/3175"}],"wp:attachment":[{"href":"https:\/\/wordpress.nibis.de\/gstodtgl\/wp-json\/wp\/v2\/media?parent=3172"}],"curies":[{"name":"wp","href":"https:\/\/api.w.org\/{rel}","templated":true}]}}