{"id":3285,"date":"2025-03-26T15:23:55","date_gmt":"2025-03-26T14:23:55","guid":{"rendered":"https:\/\/wordpress.nibis.de\/gstodtgl\/?page_id=3285"},"modified":"2025-03-26T15:29:47","modified_gmt":"2025-03-26T14:29:47","slug":"fasching-2025","status":"publish","type":"page","link":"https:\/\/wordpress.nibis.de\/gstodtgl\/fasching-2025\/","title":{"rendered":"Fasching 2025"},"content":{"rendered":"\n<p><a href=\"https:\/\/wordpress.nibis.de\/gstodtgl\/fasching-2025\/fasching-25-kollegium\/\" rel=\"attachment wp-att-3288\"><img loading=\"lazy\" decoding=\"async\" class=\"aligncenter  wp-image-3288\" src=\"https:\/\/wordpress.nibis.de\/gstodtgl\/files\/2025\/03\/Fasching-25-Kollegium.jpg\" alt=\"\" width=\"477\" height=\"360\" \/><\/a>Mit gro\u00dfem Hellau, Polonaise und Musik feierte die gesamte Schule am Rosenmontag Fasching.<\/p>\n<p>Dabei waren umwerfende Kost\u00fcme zu bewundern und f\u00fcr das leibliche Wohl sorgten die Eltern mit kreativen und leckeren Buffets in den Klassen.<\/p>\n<p>Auch in diesem Jahr hatten alle viel Freude an der lustigen Feier und verwandelten unsere Schule f\u00fcr einen Tag in einen kunterbunten Festsaal.<\/p>\n<p><a href=\"https:\/\/wordpress.nibis.de\/gstodtgl\/fasching-2025\/fasching-gruppe\/\" rel=\"attachment wp-att-3290\"><img loading=\"lazy\" decoding=\"async\" class=\"aligncenter size-full wp-image-3290\" src=\"https:\/\/wordpress.nibis.de\/gstodtgl\/files\/2025\/03\/Fasching-Gruppe-scaled.jpg\" alt=\"\" width=\"2560\" height=\"1046\" srcset=\"https:\/\/wordpress.nibis.de\/gstodtgl\/files\/2025\/03\/Fasching-Gruppe-scaled.jpg 2560w, https:\/\/wordpress.nibis.de\/gstodtgl\/files\/2025\/03\/Fasching-Gruppe-768x314.jpg 768w, https:\/\/wordpress.nibis.de\/gstodtgl\/files\/2025\/03\/Fasching-Gruppe-1536x628.jpg 1536w, https:\/\/wordpress.nibis.de\/gstodtgl\/files\/2025\/03\/Fasching-Gruppe-2048x837.jpg 2048w, https:\/\/wordpress.nibis.de\/gstodtgl\/files\/2025\/03\/Fasching-Gruppe-500x204.jpg 500w\" sizes=\"auto, (max-width: 2560px) 100vw, 2560px\" \/><\/a><a href=\"https:\/\/wordpress.nibis.de\/gstodtgl\/fasching-2025\/fasching-2\/\" rel=\"attachment wp-att-3292\"><img loading=\"lazy\" decoding=\"async\" class=\"aligncenter  wp-image-3292\" src=\"https:\/\/wordpress.nibis.de\/gstodtgl\/files\/2025\/03\/Fasching-2-scaled.jpg\" alt=\"\" width=\"371\" height=\"492\" \/><\/a><a href=\"https:\/\/wordpress.nibis.de\/gstodtgl\/fasching-2025\/fasching-zauberer\/\" rel=\"attachment wp-att-3291\"><img loading=\"lazy\" decoding=\"async\" class=\"aligncenter  wp-image-3291\" src=\"https:\/\/wordpress.nibis.de\/gstodtgl\/files\/2025\/03\/Fasching-Zauberer-scaled.jpg\" alt=\"\" width=\"456\" height=\"345\" \/><\/a><\/p>\n","protected":false},"excerpt":{"rendered":"<p>Mit gro\u00dfem Hellau, Polonaise und Musik feierte die gesamte Schule am Rosenmontag Fasching. Dabei waren umwerfende Kost\u00fcme zu bewundern und f\u00fcr das leibliche Wohl sorgten die Eltern mit kreativen und leckeren Buffets in den Klassen. Auch in diesem Jahr hatten &hellip; <a href=\"https:\/\/wordpress.nibis.de\/gstodtgl\/fasching-2025\/\">Weiterlesen <span class=\"meta-nav\">&rarr;<\/span><\/a><\/p>\n","protected":false},"author":1251,"featured_media":0,"parent":0,"menu_order":0,"comment_status":"closed","ping_status":"closed","template":"","meta":{"footnotes":""},"class_list":["post-3285","page","type-page","status-publish","hentry"],"_links":{"self":[{"href":"https:\/\/wordpress.nibis.de\/gstodtgl\/wp-json\/wp\/v2\/pages\/3285","targetHints":{"allow":["GET"]}}],"collection":[{"href":"https:\/\/wordpress.nibis.de\/gstodtgl\/wp-json\/wp\/v2\/pages"}],"about":[{"href":"https:\/\/wordpress.nibis.de\/gstodtgl\/wp-json\/wp\/v2\/types\/page"}],"author":[{"embeddable":true,"href":"https:\/\/wordpress.nibis.de\/gstodtgl\/wp-json\/wp\/v2\/users\/1251"}],"replies":[{"embeddable":true,"href":"https:\/\/wordpress.nibis.de\/gstodtgl\/wp-json\/wp\/v2\/comments?post=3285"}],"version-history":[{"count":3,"href":"https:\/\/wordpress.nibis.de\/gstodtgl\/wp-json\/wp\/v2\/pages\/3285\/revisions"}],"predecessor-version":[{"id":3293,"href":"https:\/\/wordpress.nibis.de\/gstodtgl\/wp-json\/wp\/v2\/pages\/3285\/revisions\/3293"}],"wp:attachment":[{"href":"https:\/\/wordpress.nibis.de\/gstodtgl\/wp-json\/wp\/v2\/media?parent=3285"}],"curies":[{"name":"wp","href":"https:\/\/api.w.org\/{rel}","templated":true}]}}