{"id":3381,"date":"2025-08-11T20:01:17","date_gmt":"2025-08-11T18:01:17","guid":{"rendered":"https:\/\/wordpress.nibis.de\/gstodtgl\/?page_id=3381"},"modified":"2026-02-10T14:05:59","modified_gmt":"2026-02-10T13:05:59","slug":"bewertung","status":"publish","type":"page","link":"https:\/\/wordpress.nibis.de\/gstodtgl\/bewertung\/","title":{"rendered":"Bewertung"},"content":{"rendered":"\n<p>Die Bewertung von Leistungen mit den Noten von 1-6 beginnt in der Grundschule ab Klassenstufe 3.\u00a0<\/p>\n<p>Diese Ver\u00e4nderung hin zu einer Leistungsbewertung ist f\u00fcr alle Kinder und oft auch Eltern ein nicht zu untersch\u00e4tzender Lernprozess, der Vor- und Nachteile bietet. Auf diese neue Situation werden die Kinder von den KlassenlehrerInnen fr\u00fchzeitig vorbereitet und Sie als Eltern erhalten alle Bewertungszusammensetzungen der einzelnen F\u00e4cher auf dem Elternabend zu Beginn der 3. Klasse Ihres Kindes.<\/p>\n<p>Bitte beachten Sie, dass Schule weiterhin nicht vorrangig aus Bewertungssituationen besteht, sondern nach wie vor zum Gro\u00dfteil aus einem Lernprozess, der einen sicheren Raum bieten soll und daher immer wieder R\u00fcckmeldungen erfolgen, wann eine Bewertung erfolgt. Dazu geh\u00f6rt ebenfalls ma\u00dfgeblich das Verst\u00e4ndnis, dass Schulnoten den Lernstand in einem bestimmten Bereich messen, nicht mehr und nicht weniger. Die Note trifft niemals eine Aussage \u00fcber das Kind selbst, seinen Intellekt oder ist Aussage eine subjektiven Empfindung. Es liegt uns sehr am Herzen, dieses Verst\u00e4ndnis von vornherein in Sch\u00fcler- und Elternschaft zu etablieren.<\/p>\n<p><strong>Unterst\u00fctzen Sie Ihr Kind darin, auch einmal Frustration auszuhalten und begleiten Sie es dabei. Ermutigen Sie grunds\u00e4tzlich dazu, sich anzustrengen und dennoch Fehler und Schw\u00e4chen nicht als Versagen, sondern als Lernchance zu begreifen. Niemand kann alles. Machen Sie selbst sich klar, wie Sie sich in Ihrer Schulzeit gef\u00fchlt haben und lassen Sie uns Ihre Kinder gemeinsam st\u00e4rken f\u00fcr einen Umgang mit Schulnoten, der einerseits ernsthaft, aber andererseits niemals existenziell bedrohlich oder be\u00e4ngstigend ist. Mit dieser inneren Haltung bilden Ihre Kinder eine gro\u00dfe Kompetenz aus, die sie f\u00fcr den Rest ihrer Schulzeit erheblich unterst\u00fctzen wird und notwendig ist.<\/strong><\/p>\n<p>Unsere Grundschule h\u00e4lt sich bei den Bewertungen aller F\u00e4cher an den prozentualen Schl\u00fcssel, der f\u00fcr alle Schulen der Samtgemeinde Tostedt verbindlich ist.<\/p>\n<p>Die Berechnung ist wie folgt:<\/p>\n<p><strong>1= bis 97%, 2= bis 85%, 3= bis 70%, 4= bis 50%, 5= 25%<\/strong><\/p>\n<p>\u00a0<\/p>\n<p><strong>ARBEITS- UND SOZIALVERHALTEN<\/strong><\/p>\n<p>Das Arbeits- und Sozialverhalten wird an unserer Schule mit den Buchstabenzuordnungen A-E versehen. Zu beiden Kompetenzbereichen geh\u00f6ren diverse Teilkompetenzen, anhand derer wir die Bewertung durch Beobachtungen im Unterricht bemessen.<\/p>\n<p><strong>A = besonders<\/strong>\u00a0(verdient besondere Anerkennung),<strong> B = verl\u00e4sslich<\/strong> (entspricht den Erwartungen in vollem Umfang), <strong>C = in der Regel<\/strong> (entspricht den Erwartungen), <strong>D = nicht immer<\/strong> (entspricht den Erwartungen mit Einschr\u00e4nkungen) <strong>E = nicht\u00a0<\/strong>(entsprichht nicht den Erwartungen)<\/p>\n","protected":false},"excerpt":{"rendered":"<p>Die Bewertung von Leistungen mit den Noten von 1-6 beginnt in der Grundschule ab Klassenstufe 3.\u00a0 Diese Ver\u00e4nderung hin zu einer Leistungsbewertung ist f\u00fcr alle Kinder und oft auch Eltern ein nicht zu untersch\u00e4tzender Lernprozess, der Vor- und Nachteile bietet. &hellip; <a href=\"https:\/\/wordpress.nibis.de\/gstodtgl\/bewertung\/\">Weiterlesen <span class=\"meta-nav\">&rarr;<\/span><\/a><\/p>\n","protected":false},"author":1251,"featured_media":0,"parent":0,"menu_order":0,"comment_status":"closed","ping_status":"closed","template":"","meta":{"footnotes":""},"class_list":["post-3381","page","type-page","status-publish","hentry"],"_links":{"self":[{"href":"https:\/\/wordpress.nibis.de\/gstodtgl\/wp-json\/wp\/v2\/pages\/3381","targetHints":{"allow":["GET"]}}],"collection":[{"href":"https:\/\/wordpress.nibis.de\/gstodtgl\/wp-json\/wp\/v2\/pages"}],"about":[{"href":"https:\/\/wordpress.nibis.de\/gstodtgl\/wp-json\/wp\/v2\/types\/page"}],"author":[{"embeddable":true,"href":"https:\/\/wordpress.nibis.de\/gstodtgl\/wp-json\/wp\/v2\/users\/1251"}],"replies":[{"embeddable":true,"href":"https:\/\/wordpress.nibis.de\/gstodtgl\/wp-json\/wp\/v2\/comments?post=3381"}],"version-history":[{"count":3,"href":"https:\/\/wordpress.nibis.de\/gstodtgl\/wp-json\/wp\/v2\/pages\/3381\/revisions"}],"predecessor-version":[{"id":3538,"href":"https:\/\/wordpress.nibis.de\/gstodtgl\/wp-json\/wp\/v2\/pages\/3381\/revisions\/3538"}],"wp:attachment":[{"href":"https:\/\/wordpress.nibis.de\/gstodtgl\/wp-json\/wp\/v2\/media?parent=3381"}],"curies":[{"name":"wp","href":"https:\/\/api.w.org\/{rel}","templated":true}]}}