{"id":339,"date":"2017-09-05T17:57:54","date_gmt":"2017-09-05T15:57:54","guid":{"rendered":"http:\/\/wordpress.nibis.de\/gstodtgl\/?page_id=339"},"modified":"2020-12-08T21:43:02","modified_gmt":"2020-12-08T20:43:02","slug":"historie","status":"publish","type":"page","link":"https:\/\/wordpress.nibis.de\/gstodtgl\/historie\/","title":{"rendered":"Historie und Bildergalerie"},"content":{"rendered":"\n<figure class=\"wp-block-image size-large\"><img loading=\"lazy\" decoding=\"async\" width=\"1200\" height=\"675\" src=\"https:\/\/wordpress.nibis.de\/gstodtgl\/files\/2020\/12\/20201125_1431221-2-1200x675.jpg\" alt=\"\" class=\"wp-image-1546\" srcset=\"https:\/\/wordpress.nibis.de\/gstodtgl\/files\/2020\/12\/20201125_1431221-2-1200x675.jpg 1200w, https:\/\/wordpress.nibis.de\/gstodtgl\/files\/2020\/12\/20201125_1431221-2-850x478.jpg 850w, https:\/\/wordpress.nibis.de\/gstodtgl\/files\/2020\/12\/20201125_1431221-2-250x141.jpg 250w\" sizes=\"auto, (max-width: 1200px) 100vw, 1200px\" \/><\/figure>\n\n\n<p><span style=\"font-size: 14pt;font-family: 'comic sans ms', sans-serif\"><strong>1957:<\/strong>\u00a0 \u00a0 \u00a0 \u00a0 \u00a0 \u00a0 \u00a0 \u00a0 \u00a0 \u00a0 \u00a0 \u00a0<\/span><\/p>\n<p><span style=\"font-size: 14pt;font-family: 'comic sans ms', sans-serif\">Errichtung des Schulgeb\u00e4udes<\/span><\/p>\n<p><span style=\"font-size: 14pt;font-family: 'comic sans ms', sans-serif\"><strong>1960er Jahre:<\/strong> \u00a0 \u00a0 \u00a0 \u00a0<\/span><\/p>\n<p><span style=\"font-size: 14pt;font-family: 'comic sans ms', sans-serif\">Die Volksschule mit den Klassen 1 bis 8 wird \u00a0 \u00a0 \u00a0 \u00a0 \u00a0 \u00a0 \u00a0 \u00a0 \u00a0 \u00a0 \u00a0 \u00a0 \u00a0 \u00a0 \u00a0 \u00a0 \u00a0 \u00a0 zur Grundschule\u00a0<\/span><\/p>\n<p><span style=\"font-size: 14pt;font-family: 'comic sans ms', sans-serif\"><strong>1972:<\/strong>\u00a0 \u00a0 \u00a0 \u00a0 \u00a0 \u00a0 \u00a0 \u00a0 \u00a0 \u00a0 \u00a0 \u00a0<\/span><\/p>\n<p><span style=\"font-size: 14pt;font-family: 'comic sans ms', sans-serif\">Bau der Turnhalle<\/span><\/p>\n<p><span style=\"font-size: 14pt;font-family: 'comic sans ms', sans-serif\"><strong>1984:<\/strong>\u00a0 \u00a0 \u00a0 \u00a0 \u00a0 \u00a0 \u00a0 \u00a0 \u00a0 \u00a0 \u00a0 <\/span><\/p>\n<p><span style=\"font-size: 14pt;font-family: 'comic sans ms', sans-serif\">\u00a0Umbau des Lehrerwohnhauses in einen \u00a0 \u00a0 \u00a0 \u00a0 \u00a0 \u00a0 \u00a0 \u00a0 \u00a0 \u00a0 \u00a0 \u00a0 \u00a0 \u00a0 \u00a0 \u00a0 \u00a0 \u00a0 \u00a0 \u00a0 \u00a0 \u00a0 Klassen- und einen Gruppenraum.<\/span><\/p>\n<p><span style=\"font-size: 14pt;font-family: 'comic sans ms', sans-serif\"><strong>1990: \u00a0<\/strong> \u00a0 \u00a0 \u00a0 \u00a0 \u00a0 \u00a0 \u00a0 \u00a0 \u00a0 \u00a0<\/span><\/p>\n<p><span style=\"font-size: 14pt;font-family: 'comic sans ms', sans-serif\">Erweiterung des Geb\u00e4udes zwischen Altbau \u00a0 \u00a0 \u00a0 \u00a0 \u00a0 \u00a0 \u00a0 \u00a0 \u00a0 \u00a0 \u00a0 \u00a0 \u00a0 \u00a0 \u00a0 \u00a0 \u00a0 \u00a0 und Turnhalle um zwei Klassenr\u00e4ume<\/span><\/p>\n<p><span style=\"font-size: 14pt;font-family: 'comic sans ms', sans-serif\"><strong>1993: \u00a0<\/strong> \u00a0 \u00a0 \u00a0 \u00a0 \u00a0 \u00a0 \u00a0 \u00a0 \u00a0 \u00a0<\/span><\/p>\n<p><span style=\"font-size: 14pt;font-family: 'comic sans ms', sans-serif\">Neubau zweier Klassenr\u00e4ume und der B\u00fcros<\/span><\/p>\n<p><span style=\"font-size: 14pt;font-family: 'comic sans ms', sans-serif\"><strong>2001\/2002:<\/strong>\u00a0 \u00a0 \u00a0 \u00a0 \u00a0 \u00a0 \u00a0<\/span><\/p>\n<p><span style=\"font-size: 14pt;font-family: 'comic sans ms', sans-serif\">Erweiterung der Pausenhalle<\/span><\/p>\n<p><span style=\"font-size: 14pt;font-family: 'comic sans ms', sans-serif\"><strong>August 2010:<\/strong>\u00a0 \u00a0 \u00a0 \u00a0 \u00a0 <\/span><\/p>\n<p><span style=\"font-size: 14pt;font-family: 'comic sans ms', sans-serif\">Aus der vollen Halbtagsschule wird die offene \u00a0 \u00a0 \u00a0 \u00a0 \u00a0 \u00a0 \u00a0 \u00a0 \u00a0 \u00a0 \u00a0 \u00a0 \u00a0 \u00a0 \u00a0 \u00a0 \u00a0Ganztagsschule Todtgl\u00fcsingen<\/span><\/p>\n\n\n<p class=\"has-medium-font-size\"><strong>August 2011:<\/strong>                 <\/p>\n\n\n\n<p style=\"font-size:17px\">Die GS Todtgl\u00fcsingen absolviert die Schulinspektion                               <\/p>\n\n\n\n<p class=\"has-medium-font-size\"><strong>2017:   <\/strong>                            <\/p>\n\n\n\n<p class=\"has-normal-font-size\">Umbau, Anbau und Sanierung des Schulgeb\u00e4udes beginnt  <\/p>\n\n\n\n<p class=\"has-medium-font-size\"><strong>August 2017 : <\/strong>                 <\/p>\n\n\n\n<p class=\"has-normal-font-size\"> Die Grundschule feiert ihren 60. Geburtstag       <\/p>\n\n\n\n<p class=\"has-medium-font-size\"><strong>28.September 2019: <\/strong>           <\/p>\n\n\n\n<p>Schuleinweihung des neuen Geb\u00e4udes<\/p>\n\n\n\n<p class=\"has-medium-font-size\"><strong>Mai 2020<\/strong>:                              <\/p>\n\n\n\n<p>Der neue Schulhof ist fertig<\/p>\n\n\n\n<p>_________________________________________________________________________<\/p>\n\n\n\n<p style=\"background-color:#8700a3\" class=\"has-background has-text-align-center has-large-font-size\"><strong>Unsere Grundschule heute<\/strong><\/p>\n\n\n\n<figure class=\"wp-block-image size-large\"><img loading=\"lazy\" decoding=\"async\" width=\"1200\" height=\"675\" src=\"https:\/\/wordpress.nibis.de\/gstodtgl\/files\/2020\/09\/20200828_150541-1200x675.jpg\" alt=\"\" class=\"wp-image-1200\" srcset=\"https:\/\/wordpress.nibis.de\/gstodtgl\/files\/2020\/09\/20200828_150541-1200x675.jpg 1200w, https:\/\/wordpress.nibis.de\/gstodtgl\/files\/2020\/09\/20200828_150541-850x478.jpg 850w, https:\/\/wordpress.nibis.de\/gstodtgl\/files\/2020\/09\/20200828_150541-250x141.jpg 250w\" sizes=\"auto, (max-width: 1200px) 100vw, 1200px\" \/><figcaption>Vorderer Haupteingang <br>Links: Mensabereich, 2. Stock des Anbaus sichtbar<\/figcaption><\/figure>\n\n\n\n<figure class=\"wp-block-image size-large\"><img loading=\"lazy\" decoding=\"async\" width=\"1200\" height=\"675\" src=\"https:\/\/wordpress.nibis.de\/gstodtgl\/files\/2020\/09\/20200828_150628-1200x675.jpg\" alt=\"\" class=\"wp-image-1196\" srcset=\"https:\/\/wordpress.nibis.de\/gstodtgl\/files\/2020\/09\/20200828_150628-1200x675.jpg 1200w, https:\/\/wordpress.nibis.de\/gstodtgl\/files\/2020\/09\/20200828_150628-850x478.jpg 850w, https:\/\/wordpress.nibis.de\/gstodtgl\/files\/2020\/09\/20200828_150628-250x141.jpg 250w\" sizes=\"auto, (max-width: 1200px) 100vw, 1200px\" \/><figcaption>Eingangsbereich, Haupteingang<br>Links: gro\u00dfe Fensterschiebet\u00fcren des Forums<\/figcaption><\/figure>\n\n\n\n<figure class=\"wp-block-image size-large\"><img loading=\"lazy\" decoding=\"async\" width=\"1200\" height=\"675\" src=\"https:\/\/wordpress.nibis.de\/gstodtgl\/files\/2020\/09\/20200828_150929-1200x675.jpg\" alt=\"\" class=\"wp-image-1201\" srcset=\"https:\/\/wordpress.nibis.de\/gstodtgl\/files\/2020\/09\/20200828_150929-1200x675.jpg 1200w, https:\/\/wordpress.nibis.de\/gstodtgl\/files\/2020\/09\/20200828_150929-850x478.jpg 850w, https:\/\/wordpress.nibis.de\/gstodtgl\/files\/2020\/09\/20200828_150929-250x141.jpg 250w\" sizes=\"auto, (max-width: 1200px) 100vw, 1200px\" \/><figcaption>Neuer zweist\u00f6ckiger Anbau. Hier Richtung Eingang des Todtgl\u00fcsinger Kindergartens. Dies ist derzeit Eingangst\u00fcr des ersten Jahrgangs.<\/figcaption><\/figure>\n\n\n\n<figure class=\"wp-block-image size-large\"><img loading=\"lazy\" decoding=\"async\" width=\"1200\" height=\"675\" src=\"https:\/\/wordpress.nibis.de\/gstodtgl\/files\/2020\/09\/IMG-20200913-WA0007-1200x675.jpg\" alt=\"\" class=\"wp-image-1192\" srcset=\"https:\/\/wordpress.nibis.de\/gstodtgl\/files\/2020\/09\/IMG-20200913-WA0007-1200x675.jpg 1200w, https:\/\/wordpress.nibis.de\/gstodtgl\/files\/2020\/09\/IMG-20200913-WA0007-850x478.jpg 850w, https:\/\/wordpress.nibis.de\/gstodtgl\/files\/2020\/09\/IMG-20200913-WA0007-250x141.jpg 250w, https:\/\/wordpress.nibis.de\/gstodtgl\/files\/2020\/09\/IMG-20200913-WA0007-768x432.jpg 768w, https:\/\/wordpress.nibis.de\/gstodtgl\/files\/2020\/09\/IMG-20200913-WA0007-1536x864.jpg 1536w, https:\/\/wordpress.nibis.de\/gstodtgl\/files\/2020\/09\/IMG-20200913-WA0007-500x281.jpg 500w, https:\/\/wordpress.nibis.de\/gstodtgl\/files\/2020\/09\/IMG-20200913-WA0007.jpg 1600w\" sizes=\"auto, (max-width: 1200px) 100vw, 1200px\" \/><figcaption>Naturholzelemente des neuen Schulhofs mit weichem Holzschnitzeluntergrund<\/figcaption><\/figure>\n\n\n\n<figure class=\"wp-block-image size-large\"><img loading=\"lazy\" decoding=\"async\" width=\"1200\" height=\"675\" src=\"https:\/\/wordpress.nibis.de\/gstodtgl\/files\/2020\/09\/20200828_150228-1200x675.jpg\" alt=\"\" class=\"wp-image-1190\" srcset=\"https:\/\/wordpress.nibis.de\/gstodtgl\/files\/2020\/09\/20200828_150228-1200x675.jpg 1200w, https:\/\/wordpress.nibis.de\/gstodtgl\/files\/2020\/09\/20200828_150228-850x478.jpg 850w, https:\/\/wordpress.nibis.de\/gstodtgl\/files\/2020\/09\/20200828_150228-250x141.jpg 250w\" sizes=\"auto, (max-width: 1200px) 100vw, 1200px\" \/><figcaption>Sitzgelegenheiten, entstehender Schulgarten sowie Baum- und Blumenanpflanzungen<\/figcaption><\/figure>\n\n\n\n<figure class=\"wp-block-image size-large\"><img loading=\"lazy\" decoding=\"async\" width=\"1200\" height=\"675\" src=\"https:\/\/wordpress.nibis.de\/gstodtgl\/files\/2020\/09\/IMG-20200913-WA0006-1200x675.jpg\" alt=\"\" class=\"wp-image-1205\" srcset=\"https:\/\/wordpress.nibis.de\/gstodtgl\/files\/2020\/09\/IMG-20200913-WA0006-1200x675.jpg 1200w, https:\/\/wordpress.nibis.de\/gstodtgl\/files\/2020\/09\/IMG-20200913-WA0006-850x478.jpg 850w, https:\/\/wordpress.nibis.de\/gstodtgl\/files\/2020\/09\/IMG-20200913-WA0006-250x141.jpg 250w, https:\/\/wordpress.nibis.de\/gstodtgl\/files\/2020\/09\/IMG-20200913-WA0006-768x432.jpg 768w, https:\/\/wordpress.nibis.de\/gstodtgl\/files\/2020\/09\/IMG-20200913-WA0006-1536x864.jpg 1536w, https:\/\/wordpress.nibis.de\/gstodtgl\/files\/2020\/09\/IMG-20200913-WA0006-500x281.jpg 500w, https:\/\/wordpress.nibis.de\/gstodtgl\/files\/2020\/09\/IMG-20200913-WA0006.jpg 1600w\" sizes=\"auto, (max-width: 1200px) 100vw, 1200px\" \/><figcaption>Kletterparcours, Holzspielelemente, Fu\u00dfballplatz mit Sitztrib\u00fchne im Hintergrund<\/figcaption><\/figure>\n\n\n\n<figure class=\"wp-block-image size-large\"><img loading=\"lazy\" decoding=\"async\" width=\"1200\" height=\"675\" src=\"https:\/\/wordpress.nibis.de\/gstodtgl\/files\/2020\/09\/20200828_150812-1200x675.jpg\" alt=\"\" class=\"wp-image-1193\" srcset=\"https:\/\/wordpress.nibis.de\/gstodtgl\/files\/2020\/09\/20200828_150812-1200x675.jpg 1200w, https:\/\/wordpress.nibis.de\/gstodtgl\/files\/2020\/09\/20200828_150812-850x478.jpg 850w, https:\/\/wordpress.nibis.de\/gstodtgl\/files\/2020\/09\/20200828_150812-250x141.jpg 250w\" sizes=\"auto, (max-width: 1200px) 100vw, 1200px\" \/><figcaption>Nestschaukel mit Weichbodenbelag<\/figcaption><\/figure>\n\n\n\n<p>Der Um- und Anbau gab unserer Grundschule nicht nur ein neues, ansprechendes \u00c4u\u00dferes, sondern brachte vor allem auch viele funktionale Neuerungen f\u00fcr den Innenbereich, von denen die Sch\u00fcler und das gesamte Team nun profitieren d\u00fcrfen.<\/p>\n\n\n\n<p><strong>Wir lernen und arbeiten nun in\/im:<\/strong><\/p>\n\n\n\n<ul class=\"wp-block-list\"><li>Musikraum<\/li><li>Gruppenr\u00e4umen f\u00fcr alle Jahrg\u00e4nge zwischen den ger\u00e4umigen Klassenr\u00e4umen<\/li><li>einer renovierten Turnhalle<\/li><li>Lehrmaterialr\u00e4umen<\/li><li>mit technisch ausgestatteten Lehrerarbeitspl\u00e4tzen<\/li><li>riesigem Forum mit B\u00fchne, Leinwand uns Beamer<\/li><li>Mensa mit K\u00fcchenzeile und Essensausgabe mit Chipsystem<\/li><li>Betreuungsraum<\/li><li>Erste-Hilfe-Raum<\/li><li>Medienraum<\/li><li>der neu ausgestatteten Sch\u00fclerb\u00fccherei<\/li><li>neuen Verwaltungstrakt<\/li><li>mit elektrischen Screens\/Tafeln in jedem Klassenraum zus\u00e4tzlich zu den Schreibtafeln<\/li><\/ul>\n\n\n\n<p>und vor allem&#8230;. mit sehr viel Freude!! <\/p>\n\n\n\n<div class=\"wp-block-image\"><figure class=\"aligncenter is-resized\"><img loading=\"lazy\" decoding=\"async\" src=\"https:\/\/cdn.pixabay.com\/photo\/2016\/03\/31\/21\/00\/sun-1296130__340.png\" alt=\"800+ kostenlose Sonne &amp; Sommer Vektorgrafiken - Pixabay\" width=\"104\" height=\"106\" \/><\/figure><\/div>\n\n\n\n<p><\/p>\n","protected":false},"excerpt":{"rendered":"<p>1957:\u00a0 \u00a0 \u00a0 \u00a0 \u00a0 \u00a0 \u00a0 \u00a0 \u00a0 \u00a0 \u00a0 \u00a0 Errichtung des Schulgeb\u00e4udes 1960er Jahre: \u00a0 \u00a0 \u00a0 \u00a0 Die Volksschule mit den Klassen 1 bis 8 wird \u00a0 \u00a0 \u00a0 \u00a0 \u00a0 \u00a0 \u00a0 \u00a0 \u00a0 \u00a0 &hellip; <a href=\"https:\/\/wordpress.nibis.de\/gstodtgl\/historie\/\">Weiterlesen <span class=\"meta-nav\">&rarr;<\/span><\/a><\/p>\n","protected":false},"author":1251,"featured_media":0,"parent":0,"menu_order":0,"comment_status":"closed","ping_status":"closed","template":"","meta":{"footnotes":""},"class_list":["post-339","page","type-page","status-publish","hentry"],"_links":{"self":[{"href":"https:\/\/wordpress.nibis.de\/gstodtgl\/wp-json\/wp\/v2\/pages\/339","targetHints":{"allow":["GET"]}}],"collection":[{"href":"https:\/\/wordpress.nibis.de\/gstodtgl\/wp-json\/wp\/v2\/pages"}],"about":[{"href":"https:\/\/wordpress.nibis.de\/gstodtgl\/wp-json\/wp\/v2\/types\/page"}],"author":[{"embeddable":true,"href":"https:\/\/wordpress.nibis.de\/gstodtgl\/wp-json\/wp\/v2\/users\/1251"}],"replies":[{"embeddable":true,"href":"https:\/\/wordpress.nibis.de\/gstodtgl\/wp-json\/wp\/v2\/comments?post=339"}],"version-history":[{"count":24,"href":"https:\/\/wordpress.nibis.de\/gstodtgl\/wp-json\/wp\/v2\/pages\/339\/revisions"}],"predecessor-version":[{"id":1553,"href":"https:\/\/wordpress.nibis.de\/gstodtgl\/wp-json\/wp\/v2\/pages\/339\/revisions\/1553"}],"wp:attachment":[{"href":"https:\/\/wordpress.nibis.de\/gstodtgl\/wp-json\/wp\/v2\/media?parent=339"}],"curies":[{"name":"wp","href":"https:\/\/api.w.org\/{rel}","templated":true}]}}