{"id":3528,"date":"2026-02-10T13:52:39","date_gmt":"2026-02-10T12:52:39","guid":{"rendered":"https:\/\/wordpress.nibis.de\/gstodtgl\/?page_id=3528"},"modified":"2026-02-10T13:52:39","modified_gmt":"2026-02-10T12:52:39","slug":"hospizprojektwoche","status":"publish","type":"page","link":"https:\/\/wordpress.nibis.de\/gstodtgl\/hospizprojektwoche\/","title":{"rendered":"Hospizprojektwoche"},"content":{"rendered":"\n<p>Hospiz? Projektwoche? Wie passt denn das zusammen?<\/p>\n<p>Sehr gut, wie unsere beiden vierten Klassen im Herbst feststellen durften. Angeleitet durch ehrenamtliche Trauerbegleiter, die extra 2 ganze Schulwochen bei uns verbrachten und uns mit ihrer Erfahrung sowie bei allen Fragen und Antworten zur Seite standen, setzten wir uns mit den Themen Werden und Vergehen, Krankheit, Sterben, Trauer und Trost auseinander.\u00a0<\/p>\n<p>Dabei durfte Teamgeist nicht fehlen. Im Gegenteil. Nur in einer guten Gemeinschaft f\u00fchlt man sich aufgehoben. Die Tostedter \u00c4rztin Frau Christiansen beantwortete medizinische Fragen, ma\u00df Blutdruck und \u00fcbte verschiedene Verb\u00e4nde.<\/p>\n<div class=\"wp-block-image\"><a href=\"https:\/\/wordpress.nibis.de\/gstodtgl\/?attachment_id=3530\" rel=\"attachment wp-att-3530\"><img loading=\"lazy\" decoding=\"async\" class=\"wpa-warning wpa-image-missing-alt aligncenter  wp-image-3530\" src=\"https:\/\/wordpress.nibis.de\/gstodtgl\/files\/2026\/02\/Projektwoche-10-scaled.jpg\" alt=\"\" width=\"362\" height=\"273\" data-warning=\"Missing alt text\" srcset=\"https:\/\/wordpress.nibis.de\/gstodtgl\/files\/2026\/02\/Projektwoche-10-scaled.jpg 2560w, https:\/\/wordpress.nibis.de\/gstodtgl\/files\/2026\/02\/Projektwoche-10-768x576.jpg 768w, https:\/\/wordpress.nibis.de\/gstodtgl\/files\/2026\/02\/Projektwoche-10-100x75.jpg 100w, https:\/\/wordpress.nibis.de\/gstodtgl\/files\/2026\/02\/Projektwoche-10-1536x1152.jpg 1536w, https:\/\/wordpress.nibis.de\/gstodtgl\/files\/2026\/02\/Projektwoche-10-2048x1536.jpg 2048w, https:\/\/wordpress.nibis.de\/gstodtgl\/files\/2026\/02\/Projektwoche-10-400x300.jpg 400w\" sizes=\"auto, (max-width: 362px) 100vw, 362px\" \/><\/a>\n<div class=\"wp-block-image\"><a href=\"https:\/\/wordpress.nibis.de\/gstodtgl\/?attachment_id=3531\" rel=\"attachment wp-att-3531\"><img loading=\"lazy\" decoding=\"async\" class=\"wpa-warning wpa-image-missing-alt aligncenter  wp-image-3531\" src=\"https:\/\/wordpress.nibis.de\/gstodtgl\/files\/2026\/02\/Projektwoche-5-scaled.jpg\" alt=\"\" width=\"287\" height=\"216\" data-warning=\"Missing alt text\" srcset=\"https:\/\/wordpress.nibis.de\/gstodtgl\/files\/2026\/02\/Projektwoche-5-scaled.jpg 2560w, https:\/\/wordpress.nibis.de\/gstodtgl\/files\/2026\/02\/Projektwoche-5-768x576.jpg 768w, https:\/\/wordpress.nibis.de\/gstodtgl\/files\/2026\/02\/Projektwoche-5-100x75.jpg 100w, https:\/\/wordpress.nibis.de\/gstodtgl\/files\/2026\/02\/Projektwoche-5-1536x1152.jpg 1536w, https:\/\/wordpress.nibis.de\/gstodtgl\/files\/2026\/02\/Projektwoche-5-2048x1536.jpg 2048w, https:\/\/wordpress.nibis.de\/gstodtgl\/files\/2026\/02\/Projektwoche-5-400x300.jpg 400w\" sizes=\"auto, (max-width: 287px) 100vw, 287px\" \/><\/a>\n<div class=\"wp-block-image\"><a href=\"https:\/\/wordpress.nibis.de\/gstodtgl\/?attachment_id=3532\" rel=\"attachment wp-att-3532\"><img loading=\"lazy\" decoding=\"async\" class=\"wpa-warning wpa-image-missing-alt aligncenter  wp-image-3532\" src=\"https:\/\/wordpress.nibis.de\/gstodtgl\/files\/2026\/02\/Projektwoche-3-scaled.jpg\" alt=\"\" width=\"326\" height=\"432\" data-warning=\"Missing alt text\" \/><\/a><\/div>\n<\/div>\n<\/div>\n<p>Manche schwierige Themen werden durchaus handhabbarer, wenn man dar\u00fcber sprechen kann und da sie nunmal zum Leben dazu geh\u00f6ren, ist es umso wichtiger, Worte f\u00fcr sie zu finden.\u00a0\u00a0<\/p>\n<p>Wir bedanken uns f\u00fcr diese intensive und besondere Woche!<\/p>\n<div class=\"wp-block-image\"><a href=\"https:\/\/wordpress.nibis.de\/gstodtgl\/?attachment_id=3529\" rel=\"attachment wp-att-3529\"><img loading=\"lazy\" decoding=\"async\" class=\"wpa-warning wpa-image-missing-alt aligncenter size-full wp-image-3529\" src=\"https:\/\/wordpress.nibis.de\/gstodtgl\/files\/2026\/02\/Projektwoche-1-scaled.jpg\" alt=\"\" width=\"2560\" height=\"1920\" data-warning=\"Missing alt text\" srcset=\"https:\/\/wordpress.nibis.de\/gstodtgl\/files\/2026\/02\/Projektwoche-1-scaled.jpg 2560w, https:\/\/wordpress.nibis.de\/gstodtgl\/files\/2026\/02\/Projektwoche-1-768x576.jpg 768w, https:\/\/wordpress.nibis.de\/gstodtgl\/files\/2026\/02\/Projektwoche-1-100x75.jpg 100w, https:\/\/wordpress.nibis.de\/gstodtgl\/files\/2026\/02\/Projektwoche-1-1536x1152.jpg 1536w, https:\/\/wordpress.nibis.de\/gstodtgl\/files\/2026\/02\/Projektwoche-1-2048x1536.jpg 2048w, https:\/\/wordpress.nibis.de\/gstodtgl\/files\/2026\/02\/Projektwoche-1-400x300.jpg 400w\" sizes=\"auto, (max-width: 2560px) 100vw, 2560px\" \/><\/a><\/div>\n","protected":false},"excerpt":{"rendered":"<p>Hospiz? Projektwoche? Wie passt denn das zusammen? Sehr gut, wie unsere beiden vierten Klassen im Herbst feststellen durften. Angeleitet durch ehrenamtliche Trauerbegleiter, die extra 2 ganze Schulwochen bei uns verbrachten und uns mit ihrer Erfahrung sowie bei allen Fragen und &hellip; <a href=\"https:\/\/wordpress.nibis.de\/gstodtgl\/hospizprojektwoche\/\">Weiterlesen <span class=\"meta-nav\">&rarr;<\/span><\/a><\/p>\n","protected":false},"author":1251,"featured_media":0,"parent":0,"menu_order":0,"comment_status":"closed","ping_status":"closed","template":"","meta":{"footnotes":""},"class_list":["post-3528","page","type-page","status-publish","hentry"],"_links":{"self":[{"href":"https:\/\/wordpress.nibis.de\/gstodtgl\/wp-json\/wp\/v2\/pages\/3528","targetHints":{"allow":["GET"]}}],"collection":[{"href":"https:\/\/wordpress.nibis.de\/gstodtgl\/wp-json\/wp\/v2\/pages"}],"about":[{"href":"https:\/\/wordpress.nibis.de\/gstodtgl\/wp-json\/wp\/v2\/types\/page"}],"author":[{"embeddable":true,"href":"https:\/\/wordpress.nibis.de\/gstodtgl\/wp-json\/wp\/v2\/users\/1251"}],"replies":[{"embeddable":true,"href":"https:\/\/wordpress.nibis.de\/gstodtgl\/wp-json\/wp\/v2\/comments?post=3528"}],"version-history":[{"count":1,"href":"https:\/\/wordpress.nibis.de\/gstodtgl\/wp-json\/wp\/v2\/pages\/3528\/revisions"}],"predecessor-version":[{"id":3533,"href":"https:\/\/wordpress.nibis.de\/gstodtgl\/wp-json\/wp\/v2\/pages\/3528\/revisions\/3533"}],"wp:attachment":[{"href":"https:\/\/wordpress.nibis.de\/gstodtgl\/wp-json\/wp\/v2\/media?parent=3528"}],"curies":[{"name":"wp","href":"https:\/\/api.w.org\/{rel}","templated":true}]}}