{"id":36,"date":"2016-11-17T14:01:11","date_gmt":"2016-11-17T13:01:11","guid":{"rendered":"http:\/\/wordpress.nibis.de\/gstodtgl\/?page_id=36"},"modified":"2026-02-10T14:31:58","modified_gmt":"2026-02-10T13:31:58","slug":"schulverein","status":"publish","type":"page","link":"https:\/\/wordpress.nibis.de\/gstodtgl\/schulverein\/","title":{"rendered":"Schulf\u00f6rderverein"},"content":{"rendered":"\n<p><a href=\"https:\/\/wordpress.nibis.de\/gstodtgl\/schulverein\/schulfoerderverein-logo\/\" rel=\"attachment wp-att-3294\"><img loading=\"lazy\" decoding=\"async\" class=\"aligncenter wp-image-3294\" src=\"https:\/\/wordpress.nibis.de\/gstodtgl\/files\/2025\/03\/Schulfoerderverein-Logo.jpg\" alt=\"\" width=\"403\" height=\"280\"><\/a><\/p>\n\n\n<p><strong>N\u00e4chste Mitgliederversammlung: <\/strong><strong><br \/><\/strong><\/p>\n<p>Unser Schulverein unterst\u00fctzt mit gro\u00dfem Engagement unsere Grundschule Todtgl\u00fcsingen in vielen Belangen. Unsere finanziellen Unterst\u00fctzungen galten u. a. folgenden Projekten:<\/p>\n<ul>\n<li>P\u00e4dagogisch sinnvolle Spiele f\u00fcr die Pausenhalle<\/li>\n<li>St\u00e4ndige Erweiterung der Schulb\u00fccherei Todtgl\u00fcsingen<\/li>\n<li>Unterst\u00fctzung bei der EDV-Ausr\u00fcstung<\/li>\n<li>Zusch\u00fcsse f\u00fcr die Klassenabschlussfahrten der vierten Klassen<\/li>\n<li>Zusch\u00fcsse f\u00fcr verschiedene F\u00f6rder- und Projektma\u00dfnahmen<\/li>\n<li>Zusch\u00fcsse zu verschiedenen Veranstaltungen an der Grundschule Todtgl\u00fcsingen<\/li>\n<\/ul>\n<p>Wir w\u00fcrden uns \u00fcber eine Mitgliedschaft, auch im Interesse Ihres Kindes, im Schulverein Todtgl\u00fcsingen freuen.<br \/>Der Mindestbeitrag pro Familie f\u00fcr ein Schuljahr bel\u00e4uft sich auf 15 Euro. Selbstverst\u00e4ndlich freuen wir uns auch \u00fcber einen<br \/>freiwillig h\u00f6heren Beitrag (zu Ihrer Information: Diese Beitr\u00e4ge sind von der Steuer voll absetzbar!) Sie erhalten Beitrittserkl\u00e4rung sowie die aktuelle Satzung im Schulsekretariat oder beim Vorsitzenden des Schulvereins Todtgl\u00fcsingen. Die Beitrittserkl\u00e4rung und das Spendenformular finden Sie auch hier als Download.<br \/>Bitte geben Sie Ihre vollst\u00e4ndig ausgef\u00fcllte Beitrittserkl\u00e4rung beim Klassenlehrer oder im Schulb\u00fcro ab.<\/p>\n<p><a href=\"https:\/\/wordpress.nibis.de\/gstodtgl\/files\/2022\/11\/Beitrittserklaerung-Schulfoederverein-Grundschule-Todtgluesingen_06102022-1.pdf\">Beitrittserkl\u00e4rung Schulf\u00f6derverein Grundschule Todtgl\u00fcsingen<\/a><\/p>\n<p><a href=\"https:\/\/wordpress.nibis.de\/gstodtgl\/files\/2022\/11\/Spende-Schulfoederverein-Grundschule-Todtgluesingen_15112022.pdf\">Spende Schulf\u00f6derverein Grundschule Todtgl\u00fcsingen<\/a><\/p>\n<p>Dar\u00fcber hinaus ist uns Ihre aktive Mitarbeit immer herzlich willkommen.<br \/>Wenn Sie Fragen haben, rufen Sie gerne ein Vorstandsmitglied an.<br \/>Wir haben ein offenes Ohr f\u00fcr Anregungen, Sorgen, W\u00fcnsche und Ideen der Eltern<br \/>und ihrer Kinder an unserer Grundschule Todtgl\u00fcsingen.<\/p>\n<p style=\"text-align: center\"><strong><span style=\"color: #000000;background-color: #ffffff\">Ab sofort sind wir au\u00dferdem unter der Email-Adresse <br \/><\/span><span style=\"color: #000000;background-color: #ffffff\"><em>&#x73;&#x63;&#x68;&#x75;&#x6c;&#x76;&#x65;&#x72;&#x65;&#x69;&#x6e;&#x40;&#x67;&#x73;&#45;&#116;&#111;&#100;&#116;&#103;&#108;&#117;&#101;&#115;&#105;ngen&#46;net<\/em> <br \/><\/span><span style=\"color: #000000;background-color: #ffffff\">zu erreichen.<\/span><\/strong><\/p>\n<p>Wir haben es uns zur Aufgabe gemacht, die sinnvolle Zusammenarbeit zwischen den P\u00e4dagogen, den Kindern und den Eltern zu f\u00f6rdern. Schlie\u00dflich sind es unsere Kinder, die eine bewegte und sinnvolle Schulzeit ben\u00f6tigen.<\/p>\n<p>Alle Informationen auf einen Blick finden Sie hier:<\/p>\n<p><a href=\"https:\/\/wordpress.nibis.de\/gstodtgl\/files\/2022\/11\/9.-der-Schulverein-stellt-sich-vor_15112022.pdf\">Der Schulverein stellt sich vor<\/a><\/p>\n<p><strong>Vorsitzende des Schulvereins Todtgl\u00fcsingen: <\/strong>Frau Lutz<\/p>\n<p><strong>Kassenwartin:\u00a0 \u00a0 \u00a0 \u00a0 \u00a0 \u00a0 \u00a0 \u00a0 \u00a0 \u00a0 \u00a0 \u00a0 \u00a0 \u00a0 \u00a0 \u00a0 \u00a0 \u00a0 \u00a0 \u00a0 \u00a0 \u00a0 \u00a0 \u00a0 \u00a0 \u00a0<\/strong> \u00a0 Frau Kern<\/p>\n<p><strong>Schriftf\u00fchrerin:\u00a0 \u00a0 \u00a0 \u00a0 \u00a0 \u00a0 \u00a0 \u00a0 \u00a0 \u00a0 \u00a0 \u00a0 \u00a0 \u00a0 \u00a0 \u00a0 \u00a0 \u00a0 \u00a0 \u00a0 \u00a0 \u00a0 \u00a0 \u00a0 \u00a0 \u00a0 \u00a0<\/strong>Frau Bartoniek<\/p>\n\n\n<p>Des Weiteren hat die Elternschaft im Schulelternrat ein Festkomitee gebildet, das f\u00fcr die Koordination und Organisation der elterlichen Unterst\u00fctzung auf den allgemeinen Schulveranstaltungen verantwortlich ist. Der Erl\u00f6s aus dieser Arbeit geht dem Schulverein zu.<\/p>\n\n\n\n<p><\/p>\n\n\n\n<p><\/p>\n\n\n","protected":false},"excerpt":{"rendered":"<p>N\u00e4chste Mitgliederversammlung: Unser Schulverein unterst\u00fctzt mit gro\u00dfem Engagement unsere Grundschule Todtgl\u00fcsingen in vielen Belangen. Unsere finanziellen Unterst\u00fctzungen galten u. a. folgenden Projekten: P\u00e4dagogisch sinnvolle Spiele f\u00fcr die Pausenhalle St\u00e4ndige Erweiterung der Schulb\u00fccherei Todtgl\u00fcsingen Unterst\u00fctzung bei der EDV-Ausr\u00fcstung Zusch\u00fcsse f\u00fcr die &hellip; <a href=\"https:\/\/wordpress.nibis.de\/gstodtgl\/schulverein\/\">Weiterlesen <span class=\"meta-nav\">&rarr;<\/span><\/a><\/p>\n","protected":false},"author":1206,"featured_media":0,"parent":0,"menu_order":0,"comment_status":"closed","ping_status":"closed","template":"","meta":{"footnotes":""},"class_list":["post-36","page","type-page","status-publish","hentry"],"_links":{"self":[{"href":"https:\/\/wordpress.nibis.de\/gstodtgl\/wp-json\/wp\/v2\/pages\/36","targetHints":{"allow":["GET"]}}],"collection":[{"href":"https:\/\/wordpress.nibis.de\/gstodtgl\/wp-json\/wp\/v2\/pages"}],"about":[{"href":"https:\/\/wordpress.nibis.de\/gstodtgl\/wp-json\/wp\/v2\/types\/page"}],"author":[{"embeddable":true,"href":"https:\/\/wordpress.nibis.de\/gstodtgl\/wp-json\/wp\/v2\/users\/1206"}],"replies":[{"embeddable":true,"href":"https:\/\/wordpress.nibis.de\/gstodtgl\/wp-json\/wp\/v2\/comments?post=36"}],"version-history":[{"count":25,"href":"https:\/\/wordpress.nibis.de\/gstodtgl\/wp-json\/wp\/v2\/pages\/36\/revisions"}],"predecessor-version":[{"id":3542,"href":"https:\/\/wordpress.nibis.de\/gstodtgl\/wp-json\/wp\/v2\/pages\/36\/revisions\/3542"}],"wp:attachment":[{"href":"https:\/\/wordpress.nibis.de\/gstodtgl\/wp-json\/wp\/v2\/media?parent=36"}],"curies":[{"name":"wp","href":"https:\/\/api.w.org\/{rel}","templated":true}]}}