{"id":364,"date":"2017-09-05T18:48:03","date_gmt":"2017-09-05T16:48:03","guid":{"rendered":"http:\/\/wordpress.nibis.de\/gstodtgl\/?page_id=364"},"modified":"2025-02-05T20:25:55","modified_gmt":"2025-02-05T19:25:55","slug":"arbeitsgemeinschaften","status":"publish","type":"page","link":"https:\/\/wordpress.nibis.de\/gstodtgl\/arbeitsgemeinschaften\/","title":{"rendered":"Arbeitsgemeinschaften"},"content":{"rendered":"<p>In den zahlreichen Arbeitsgemeinschaften haben die Kinder der Jahrg\u00e4nge 3 und 4 die M\u00f6glichkeit, verschiedene k\u00fcnstlerische, musische, sportliche oder kulturelle Themenbereiche im Anschluss an den Unterricht zu erkunden.<\/p>\n<p>Diese werden halbj\u00e4hrlich gewechselt und die Teilnahme ggf. unter den Sch\u00fclerInnen gelost.<\/p>\n<p>In der 3. und 4. Klasse ist die Teilnahme an einer AG-Stunde pro Woche verpflichtend.<\/p>\n<p>Die AGs im aktuellen Halbjahr beginnen am: <em>(folgt im K\u00fcrze)<\/em><\/p>\n<p><strong>ACHTUNG: Auch Eltern \/ Gro\u00dfeltern \u00a0k\u00f6nnen AGs anbieten und sind herzlich \u00a0 \u00a0 \u00a0 \u00a0 \u00a0 \u00a0 \u00a0 \u00a0 \u00a0 \u00a0 \u00a0 \u00a0 \u00a0 \u00a0 willkommen! Wenden Sie sich gerne an uns!<\/strong><\/p>\n<p style=\"text-align: center\"><strong>\u00a0 \u00a0 \u00a0\u00a0<\/strong><\/p>\n<p style=\"text-align: center\"><span style=\"font-size: 14pt\"><strong><span style=\"font-family: 'comic sans ms', sans-serif\">\u00a0 \u00a0 \u00a0 \u00a0 \u00a0 \u00a0 \u00a0 \u00a0 \u00a0 \u00a0\u00a0 aktuelle Arbeitsgemeinschaften Klasse 3+4 \u00a0 \u00a0 \u00a0 \u00a0 \u00a0 \u00a0 \u00a0 \u00a0 \u00a0(Mo., <\/span><\/strong><\/span><span style=\"font-size: 14pt\"><strong><span style=\"font-family: 'comic sans ms', sans-serif\">6. Stunde)<\/span><\/strong><\/span><\/p>\n<p style=\"text-align: center\"><em>(folgt in K\u00fcrze)<\/em><\/p>\n<p><strong>\u00a0<\/strong><\/p>\n<p><strong>\u00a0 \u00a0<\/strong><\/p>\n","protected":false},"excerpt":{"rendered":"<p>In den zahlreichen Arbeitsgemeinschaften haben die Kinder der Jahrg\u00e4nge 3 und 4 die M\u00f6glichkeit, verschiedene k\u00fcnstlerische, musische, sportliche oder kulturelle Themenbereiche im Anschluss an den Unterricht zu erkunden. Diese werden halbj\u00e4hrlich gewechselt und die Teilnahme ggf. unter den Sch\u00fclerInnen gelost. &hellip; <a href=\"https:\/\/wordpress.nibis.de\/gstodtgl\/arbeitsgemeinschaften\/\">Weiterlesen <span class=\"meta-nav\">&rarr;<\/span><\/a><\/p>\n","protected":false},"author":1251,"featured_media":0,"parent":0,"menu_order":0,"comment_status":"closed","ping_status":"closed","template":"","meta":{"footnotes":""},"class_list":["post-364","page","type-page","status-publish","hentry"],"_links":{"self":[{"href":"https:\/\/wordpress.nibis.de\/gstodtgl\/wp-json\/wp\/v2\/pages\/364","targetHints":{"allow":["GET"]}}],"collection":[{"href":"https:\/\/wordpress.nibis.de\/gstodtgl\/wp-json\/wp\/v2\/pages"}],"about":[{"href":"https:\/\/wordpress.nibis.de\/gstodtgl\/wp-json\/wp\/v2\/types\/page"}],"author":[{"embeddable":true,"href":"https:\/\/wordpress.nibis.de\/gstodtgl\/wp-json\/wp\/v2\/users\/1251"}],"replies":[{"embeddable":true,"href":"https:\/\/wordpress.nibis.de\/gstodtgl\/wp-json\/wp\/v2\/comments?post=364"}],"version-history":[{"count":21,"href":"https:\/\/wordpress.nibis.de\/gstodtgl\/wp-json\/wp\/v2\/pages\/364\/revisions"}],"predecessor-version":[{"id":3261,"href":"https:\/\/wordpress.nibis.de\/gstodtgl\/wp-json\/wp\/v2\/pages\/364\/revisions\/3261"}],"wp:attachment":[{"href":"https:\/\/wordpress.nibis.de\/gstodtgl\/wp-json\/wp\/v2\/media?parent=364"}],"curies":[{"name":"wp","href":"https:\/\/api.w.org\/{rel}","templated":true}]}}