{"id":3677,"date":"2026-05-06T18:59:20","date_gmt":"2026-05-06T16:59:20","guid":{"rendered":"https:\/\/wordpress.nibis.de\/gstodtgl\/?page_id=3677"},"modified":"2026-05-06T18:59:20","modified_gmt":"2026-05-06T16:59:20","slug":"instrumentenkarussell","status":"publish","type":"page","link":"https:\/\/wordpress.nibis.de\/gstodtgl\/instrumentenkarussell\/","title":{"rendered":"Instrumentenkarussell"},"content":{"rendered":"\n\n\n<p>Die 4a gestaltete ein Projekt von Sch\u00fclern f\u00fcr Sch\u00fcler.<\/p>\n<p>Viele brachten ihre Instrumente mit und stellten diese im Unterricht vor. So hatten alle anderen Kinder die Gelegenheit zu h\u00f6ren auszuprobieren, wie schwer es ist, einem Tenorhorn T\u00f6ne zu entlocken, wie ein Akkordion klingt und wie knifflig es ist, auf einem Cello oder einer Geige den richtigen Ton zu treffen.<\/p>\n<div class=\"wp-block-image\"><a href=\"https:\/\/wordpress.nibis.de\/gstodtgl\/?attachment_id=3681\" rel=\"attachment wp-att-3681\"><img loading=\"lazy\" decoding=\"async\" class=\"wpa-warning wpa-image-missing-alt  wp-image-3681 aligncenter\" src=\"https:\/\/wordpress.nibis.de\/gstodtgl\/files\/2026\/05\/Instrumente-4-scaled.jpg\" alt=\"\" width=\"267\" height=\"370\" data-warning=\"Missing alt text\" \/><\/a><\/div>\n<p>Die ganze Schule nahm akustisch an diesem teils lautstarken Musikprojekt teil und wir sind sicher, die Profis an den Instrumenten konnten eine Menge neue Interessenten f\u00fcr ihre Leidenschaft gewinnen und begeistern.<\/p>\n<div class=\"wp-block-image\"><a href=\"https:\/\/wordpress.nibis.de\/gstodtgl\/?attachment_id=3680\" rel=\"attachment wp-att-3680\"><img loading=\"lazy\" decoding=\"async\" class=\"wpa-warning wpa-image-missing-alt aligncenter  wp-image-3680\" src=\"https:\/\/wordpress.nibis.de\/gstodtgl\/files\/2026\/05\/Instrumente-3-scaled.jpg\" alt=\"\" width=\"282\" height=\"372\" data-warning=\"Missing alt text\" \/><\/a>\n<div class=\"wp-block-image\"><a href=\"https:\/\/wordpress.nibis.de\/gstodtgl\/?attachment_id=3682\" rel=\"attachment wp-att-3682\"><img loading=\"lazy\" decoding=\"async\" class=\"wpa-warning wpa-image-missing-alt aligncenter  wp-image-3682\" src=\"https:\/\/wordpress.nibis.de\/gstodtgl\/files\/2026\/05\/Instrumente-1-scaled.jpg\" alt=\"\" width=\"343\" height=\"434\" data-warning=\"Missing alt text\" srcset=\"https:\/\/wordpress.nibis.de\/gstodtgl\/files\/2026\/05\/Instrumente-1-100x127.jpg 100w, https:\/\/wordpress.nibis.de\/gstodtgl\/files\/2026\/05\/Instrumente-1-236x300.jpg 236w\" sizes=\"auto, (max-width: 343px) 100vw, 343px\" \/><\/a><\/div>\n<a href=\"https:\/\/wordpress.nibis.de\/gstodtgl\/?attachment_id=3680\" rel=\"attachment wp-att-3680\">\u00a0<\/a>\n<div class=\"wp-block-image\"><a href=\"https:\/\/wordpress.nibis.de\/gstodtgl\/?attachment_id=3683\" rel=\"attachment wp-att-3683\"><img loading=\"lazy\" decoding=\"async\" class=\"wpa-warning wpa-image-missing-alt aligncenter  wp-image-3683\" src=\"https:\/\/wordpress.nibis.de\/gstodtgl\/files\/2026\/05\/Instrumente-5-scaled.jpg\" alt=\"\" width=\"311\" height=\"470\" data-warning=\"Missing alt text\" \/><\/a><\/div>\n<\/div>\n\n\n\n<p>Vielen herzlichen Dank an euch !!! \ud83d\ude42<\/p>\n\n\n","protected":false},"excerpt":{"rendered":"<p>Die 4a gestaltete ein Projekt von Sch\u00fclern f\u00fcr Sch\u00fcler. Viele brachten ihre Instrumente mit und stellten diese im Unterricht vor. So hatten alle anderen Kinder die Gelegenheit zu h\u00f6ren auszuprobieren, wie schwer es ist, einem Tenorhorn T\u00f6ne zu entlocken, wie &hellip; <a href=\"https:\/\/wordpress.nibis.de\/gstodtgl\/instrumentenkarussell\/\">Weiterlesen <span class=\"meta-nav\">&rarr;<\/span><\/a><\/p>\n","protected":false},"author":1251,"featured_media":0,"parent":0,"menu_order":0,"comment_status":"closed","ping_status":"closed","template":"","meta":{"footnotes":""},"class_list":["post-3677","page","type-page","status-publish","hentry"],"_links":{"self":[{"href":"https:\/\/wordpress.nibis.de\/gstodtgl\/wp-json\/wp\/v2\/pages\/3677","targetHints":{"allow":["GET"]}}],"collection":[{"href":"https:\/\/wordpress.nibis.de\/gstodtgl\/wp-json\/wp\/v2\/pages"}],"about":[{"href":"https:\/\/wordpress.nibis.de\/gstodtgl\/wp-json\/wp\/v2\/types\/page"}],"author":[{"embeddable":true,"href":"https:\/\/wordpress.nibis.de\/gstodtgl\/wp-json\/wp\/v2\/users\/1251"}],"replies":[{"embeddable":true,"href":"https:\/\/wordpress.nibis.de\/gstodtgl\/wp-json\/wp\/v2\/comments?post=3677"}],"version-history":[{"count":1,"href":"https:\/\/wordpress.nibis.de\/gstodtgl\/wp-json\/wp\/v2\/pages\/3677\/revisions"}],"predecessor-version":[{"id":3684,"href":"https:\/\/wordpress.nibis.de\/gstodtgl\/wp-json\/wp\/v2\/pages\/3677\/revisions\/3684"}],"wp:attachment":[{"href":"https:\/\/wordpress.nibis.de\/gstodtgl\/wp-json\/wp\/v2\/media?parent=3677"}],"curies":[{"name":"wp","href":"https:\/\/api.w.org\/{rel}","templated":true}]}}