{"id":3687,"date":"2026-05-06T19:12:00","date_gmt":"2026-05-06T17:12:00","guid":{"rendered":"https:\/\/wordpress.nibis.de\/gstodtgl\/?page_id=3687"},"modified":"2026-05-06T19:13:45","modified_gmt":"2026-05-06T17:13:45","slug":"rehkitzprojekt-die-rehkitzretter","status":"publish","type":"page","link":"https:\/\/wordpress.nibis.de\/gstodtgl\/rehkitzprojekt-die-rehkitzretter\/","title":{"rendered":"Rehkitzprojekt &#8211; die Rehkitzretter"},"content":{"rendered":"\n<div class=\"wp-block-image\"><a href=\"https:\/\/wordpress.nibis.de\/gstodtgl\/?attachment_id=3688\" rel=\"attachment wp-att-3688\"><img loading=\"lazy\" decoding=\"async\" class=\"wpa-warning wpa-image-missing-alt aligncenter  wp-image-3688\" src=\"https:\/\/wordpress.nibis.de\/gstodtgl\/files\/2026\/05\/Rehkitz-3-scaled.jpg\" alt=\"\" width=\"404\" height=\"423\" data-warning=\"Missing alt text\" srcset=\"https:\/\/wordpress.nibis.de\/gstodtgl\/files\/2026\/05\/Rehkitz-3-scaled.jpg 2442w, https:\/\/wordpress.nibis.de\/gstodtgl\/files\/2026\/05\/Rehkitz-3-768x805.jpg 768w, https:\/\/wordpress.nibis.de\/gstodtgl\/files\/2026\/05\/Rehkitz-3-100x105.jpg 100w, https:\/\/wordpress.nibis.de\/gstodtgl\/files\/2026\/05\/Rehkitz-3-1465x1536.jpg 1465w, https:\/\/wordpress.nibis.de\/gstodtgl\/files\/2026\/05\/Rehkitz-3-1954x2048.jpg 1954w, https:\/\/wordpress.nibis.de\/gstodtgl\/files\/2026\/05\/Rehkitz-3-286x300.jpg 286w\" sizes=\"auto, (max-width: 404px) 100vw, 404px\" \/><\/a><\/div>\n\n\n\n<p>Wieder waren in diesem Jahr die Rehkitzretter an unserer Schule und haben \u00fcber ihre wichtige T\u00e4tigkeit aufgekl\u00e4rt, bei der sie pro Saison bis zu 300 Kitze aus Wiesen und Feldern bergen, bevor diese dann von den Landwirten abgem\u00e4ht werden.<\/p>\n<p>W\u00e4hrend der Setzzeit von April bis Juni w\u00e4ren die Kitze durch ihren Duckreflex den M\u00e4hmaschinen ansonsten hilflos ausgeliefert.\u00a0<\/p>\n<div class=\"wp-block-image\"><a href=\"https:\/\/wordpress.nibis.de\/gstodtgl\/?attachment_id=3689\" rel=\"attachment wp-att-3689\"><img loading=\"lazy\" decoding=\"async\" class=\"wpa-warning wpa-image-missing-alt aligncenter  wp-image-3689\" src=\"https:\/\/wordpress.nibis.de\/gstodtgl\/files\/2026\/05\/Rehkitz-2-scaled.jpg\" alt=\"\" width=\"464\" height=\"401\" data-warning=\"Missing alt text\" srcset=\"https:\/\/wordpress.nibis.de\/gstodtgl\/files\/2026\/05\/Rehkitz-2-scaled.jpg 2560w, https:\/\/wordpress.nibis.de\/gstodtgl\/files\/2026\/05\/Rehkitz-2-768x662.jpg 768w, https:\/\/wordpress.nibis.de\/gstodtgl\/files\/2026\/05\/Rehkitz-2-100x86.jpg 100w, https:\/\/wordpress.nibis.de\/gstodtgl\/files\/2026\/05\/Rehkitz-2-1536x1325.jpg 1536w, https:\/\/wordpress.nibis.de\/gstodtgl\/files\/2026\/05\/Rehkitz-2-2048x1766.jpg 2048w, https:\/\/wordpress.nibis.de\/gstodtgl\/files\/2026\/05\/Rehkitz-2-348x300.jpg 348w\" sizes=\"auto, (max-width: 464px) 100vw, 464px\" \/><\/a><\/div>\n<p>Wie die Rehkitzretter arbeiten, wie fr\u00fch sie daf\u00fcr aufstehen m\u00fcssen und was die W\u00e4rmebilddrone &#8222;Drohnhilde&#8220; damit zu tun hat, all das durften die Kinder erproben und erfragen. Ein spannender Vormittag, der hoffentlich zu mehr Aufkl\u00e4rung und auch Freiwilligenarbeit beitr\u00e4gt &#8211; und sicher so manchen Rehkitzretter von morgen an unserer Schule hervorbringt.<\/p>\n<div class=\"wp-block-image\"><a href=\"https:\/\/wordpress.nibis.de\/gstodtgl\/?attachment_id=3690\" rel=\"attachment wp-att-3690\"><img loading=\"lazy\" decoding=\"async\" class=\"wpa-warning wpa-image-missing-alt aligncenter  wp-image-3690\" src=\"https:\/\/wordpress.nibis.de\/gstodtgl\/files\/2026\/05\/Rehkitz-1-scaled.jpg\" alt=\"\" width=\"541\" height=\"346\" data-warning=\"Missing alt text\" \/><\/a><\/div>\n\n\n\n<p>Vielen Dank f\u00fcr euren Einsatz, liebe Rehkitzretter &#8211; bei uns und in den Feldern!!<\/p>\n","protected":false},"excerpt":{"rendered":"<p>Wieder waren in diesem Jahr die Rehkitzretter an unserer Schule und haben \u00fcber ihre wichtige T\u00e4tigkeit aufgekl\u00e4rt, bei der sie pro Saison bis zu 300 Kitze aus Wiesen und Feldern bergen, bevor diese dann von den Landwirten abgem\u00e4ht werden. W\u00e4hrend &hellip; <a href=\"https:\/\/wordpress.nibis.de\/gstodtgl\/rehkitzprojekt-die-rehkitzretter\/\">Weiterlesen <span class=\"meta-nav\">&rarr;<\/span><\/a><\/p>\n","protected":false},"author":1251,"featured_media":0,"parent":0,"menu_order":0,"comment_status":"closed","ping_status":"closed","template":"","meta":{"footnotes":""},"class_list":["post-3687","page","type-page","status-publish","hentry"],"_links":{"self":[{"href":"https:\/\/wordpress.nibis.de\/gstodtgl\/wp-json\/wp\/v2\/pages\/3687","targetHints":{"allow":["GET"]}}],"collection":[{"href":"https:\/\/wordpress.nibis.de\/gstodtgl\/wp-json\/wp\/v2\/pages"}],"about":[{"href":"https:\/\/wordpress.nibis.de\/gstodtgl\/wp-json\/wp\/v2\/types\/page"}],"author":[{"embeddable":true,"href":"https:\/\/wordpress.nibis.de\/gstodtgl\/wp-json\/wp\/v2\/users\/1251"}],"replies":[{"embeddable":true,"href":"https:\/\/wordpress.nibis.de\/gstodtgl\/wp-json\/wp\/v2\/comments?post=3687"}],"version-history":[{"count":3,"href":"https:\/\/wordpress.nibis.de\/gstodtgl\/wp-json\/wp\/v2\/pages\/3687\/revisions"}],"predecessor-version":[{"id":3694,"href":"https:\/\/wordpress.nibis.de\/gstodtgl\/wp-json\/wp\/v2\/pages\/3687\/revisions\/3694"}],"wp:attachment":[{"href":"https:\/\/wordpress.nibis.de\/gstodtgl\/wp-json\/wp\/v2\/media?parent=3687"}],"curies":[{"name":"wp","href":"https:\/\/api.w.org\/{rel}","templated":true}]}}