{"id":379,"date":"2017-09-05T19:06:47","date_gmt":"2017-09-05T17:06:47","guid":{"rendered":"http:\/\/wordpress.nibis.de\/gstodtgl\/?page_id=379"},"modified":"2024-01-09T11:57:21","modified_gmt":"2024-01-09T10:57:21","slug":"schulbuecherei","status":"publish","type":"page","link":"https:\/\/wordpress.nibis.de\/gstodtgl\/schulbuecherei\/","title":{"rendered":"Schulb\u00fccherei"},"content":{"rendered":"<p style=\"text-align: center\"><span style=\"font-family: 'comic sans ms', sans-serif;font-size: 14pt\"><strong>Wann? \u00a0 \u00a0 \u00a0<\/strong> \u00a0 \u00a0 \u00a0<strong> dienstags und freitags<br \/>\n<\/strong><\/span><\/p>\n<p style=\"text-align: center\"><span style=\"font-family: 'comic sans ms', sans-serif;font-size: 14pt\"><strong>\u00a0 \u00a0 \u00a0 \u00a0 \u00a0 \u00a0 \u00a0 \u00a0 \u00a0 in der ersten gro\u00dfen Pause<\/strong><\/span><\/p>\n<p>Die Schulb\u00fccherei ist bei den Sch\u00fclerinnen und Sch\u00fclern sehr beliebt.<br \/>\nJeden Dienstag und Freitag in der ersten gro\u00dfen Pause \u00f6ffnet die Schulb\u00fccherei und alle Kinder k\u00f6nnen dort B\u00fccher anschauen, lesen und ausleihen. Alle Kinder der ersten Klassen d\u00fcrfen sich ein Buch ausleihen, die der zweiten, dritten und vierten zwei B\u00fccher. Die Ausleihfrist betr\u00e4gt zwei Wochen, kann aber verl\u00e4ngert werden.<\/p>\n<p>M\u00f6glich machen all das f\u00fcnfzehn sehr engagierte, ehrenamtlich wirkende Eltern. Sie sorgen nicht nur f\u00fcr die Entgegennahme und Ausleihe der B\u00fccher, sondern sie beraten auch bei der Buchauswahl z.B. f\u00fcr Referate, stellen B\u00fccher nach Themen zusammen und sorgen f\u00fcr die stetige Pflege, Reparatur und Neuanschaffungen der B\u00fccher.<\/p>\n<p>Die B\u00fccherei umfasst knapp 2000 B\u00fccher und Zeitschriften. Fast alle werden bei Antolin gelistet.<br \/>\nNeben einem gro\u00dfen Sachbuchbestand zu den Themen Natur, Tiere, Technik, Geschichte, Kunst und Musik uvm. gibt es etliche Buchserien und wunderbare Einzelb\u00fccher zu den Themen Kinderkrimi, Pferde, Graphic Novels und Comics, Kinderbuchklassiker, Bilderb\u00fccher und viele weitere. F\u00fcr alle Leseniveaus gibt es Passendes: Leseanf\u00e4ngerb\u00fccher mit und ohne Silbenmarkierungen, B\u00fccher, wo Erwachsene und Kinder abwechselnd lesen k\u00f6nnen, kurze und einfache Geschichten bis hin zu den in kleiner Schrift und mit vielschichtig verlaufenden Handlungsverl\u00e4ufen geschriebenen dicken Schm\u00f6kern.<br \/>\nIm Zuge des Umzugs innerhalb des Schulgeb\u00e4udes wurde der Buchbestand verj\u00fcngt, sodass alle vorhandenen B\u00fccher nur noch mit den Regeln der &#8222;neuen&#8220; Rechtschreibung geschrieben sind. So erleichtert es den Schulkindern das korrekte Schreiben lernen.<\/p>\n<p>Auch weitere Veranstaltungen der Schulb\u00fccherei finden statt.<br \/>\nSo gab es j\u00fcngst beim bundesweiten Vorlesetag im November 2019 einen wunderbaren Vormittag, wo die Kinder die unbekannten Buchsch\u00e4tze der B\u00fccherei finden konnten. B\u00fccher, die bislang wenig beachtet wurden, aber wunderbar sind und denen mehr Aufmerksamkeit gegeben werden darf. Sie wurden kurz vorgestellt, aus ihnen vorgelesen und dazu gab es ein Quiz oder eine Bastelarbeit.<br \/>\nIm Oktober 2022 wurde die Einweihung der neuen B\u00fccherei gefeiert, die vor einiger Zeit neues Mobiliar bekommen hat.<\/p>\n<p>Am Ende der Schulzeit werden \u00fcbrigens die MeistleserInnen ausgez\u00e4hlt und bekommen einen individuellen Buchpreis.<\/p>\n<p>Die B\u00fccherei wird wesentlich durch den Schulf\u00f6rderverein gef\u00f6rdert, der j\u00e4hrlich ein Budget f\u00fcr Neuanschaffungen bereit stellt.<br \/>\nWir sind auch sehr dankbar \u00fcber Buchspenden von neuen oder gebrauchten B\u00fcchern.<\/p>\n<p>Welche B\u00fccher sind geeignet?<br \/>\nInsbesondere Sachb\u00fccher w\u00fcnschen wir uns, da sie inhaltlich schnell veralten und wir dadurch beim Ausmisten sehr viele aussortiert haben. Aber auch jegliche anderen B\u00fccher, die f\u00fcr Grundsch\u00fcler geeignet sind, nehmen wir gern an. Die B\u00fccher sollten in einem guten Zustand sein, denn sie werden im Ausleihbetrieb noch durch viele H\u00e4nde gehen. Zudem sollten sie in &#8222;neuer&#8220; Rechtschreibung sein, die seit 20 Jahren gilt.<br \/>\nEine gute Orientierung, ob ein Buch altersgem\u00e4\u00df ist, bietet das Antolin-Programm. Wenn dort ein Buch ein Fragespiel f\u00fcr die\u00a0 Klassenstufen 1 bis maximal 6 anbietet, kommt es auch in Frage f\u00fcr unsere Schulb\u00fccherei.<br \/>\nMelden Sie sich gern bei uns! Ob in der Dienstags- oder Freitagspause direkt in der B\u00fccherei oder per Nachricht \u00fcber die Elternvertreter oder im Sekretariat oder oder.<\/p>\n<p><a href=\"https:\/\/wordpress.nibis.de\/gstodtgl\/dokumente-zum-download\/buecherei-elternhilfe\/\" rel=\"attachment wp-att-2248\">Buecherei-Elternhilfe<\/a><\/p>\n<p>Viel Freude beim Lesen w\u00fcnscht das B\u00fccherei-Team!<\/p>\n","protected":false},"excerpt":{"rendered":"<p>Wann? \u00a0 \u00a0 \u00a0 \u00a0 \u00a0 \u00a0 dienstags und freitags \u00a0 \u00a0 \u00a0 \u00a0 \u00a0 \u00a0 \u00a0 \u00a0 \u00a0 in der ersten gro\u00dfen Pause Die Schulb\u00fccherei ist bei den Sch\u00fclerinnen und Sch\u00fclern sehr beliebt. Jeden Dienstag und Freitag in der &hellip; <a href=\"https:\/\/wordpress.nibis.de\/gstodtgl\/schulbuecherei\/\">Weiterlesen <span class=\"meta-nav\">&rarr;<\/span><\/a><\/p>\n","protected":false},"author":1251,"featured_media":0,"parent":0,"menu_order":0,"comment_status":"closed","ping_status":"closed","template":"","meta":{"footnotes":""},"class_list":["post-379","page","type-page","status-publish","hentry"],"_links":{"self":[{"href":"https:\/\/wordpress.nibis.de\/gstodtgl\/wp-json\/wp\/v2\/pages\/379","targetHints":{"allow":["GET"]}}],"collection":[{"href":"https:\/\/wordpress.nibis.de\/gstodtgl\/wp-json\/wp\/v2\/pages"}],"about":[{"href":"https:\/\/wordpress.nibis.de\/gstodtgl\/wp-json\/wp\/v2\/types\/page"}],"author":[{"embeddable":true,"href":"https:\/\/wordpress.nibis.de\/gstodtgl\/wp-json\/wp\/v2\/users\/1251"}],"replies":[{"embeddable":true,"href":"https:\/\/wordpress.nibis.de\/gstodtgl\/wp-json\/wp\/v2\/comments?post=379"}],"version-history":[{"count":15,"href":"https:\/\/wordpress.nibis.de\/gstodtgl\/wp-json\/wp\/v2\/pages\/379\/revisions"}],"predecessor-version":[{"id":2754,"href":"https:\/\/wordpress.nibis.de\/gstodtgl\/wp-json\/wp\/v2\/pages\/379\/revisions\/2754"}],"wp:attachment":[{"href":"https:\/\/wordpress.nibis.de\/gstodtgl\/wp-json\/wp\/v2\/media?parent=379"}],"curies":[{"name":"wp","href":"https:\/\/api.w.org\/{rel}","templated":true}]}}