{"id":390,"date":"2017-09-05T19:55:30","date_gmt":"2017-09-05T17:55:30","guid":{"rendered":"http:\/\/wordpress.nibis.de\/gstodtgl\/?page_id=390"},"modified":"2024-08-14T19:14:22","modified_gmt":"2024-08-14T17:14:22","slug":"betreuungsangebote","status":"publish","type":"page","link":"https:\/\/wordpress.nibis.de\/gstodtgl\/betreuungsangebote\/","title":{"rendered":"Betreuungsangebote"},"content":{"rendered":"<p>Die Grundschule Todtgl\u00fcsingen ist eine <strong>offene Ganztagsschule<\/strong>.<\/p>\n<p>Unser Betreuungsangebot umfasst die <strong>verl\u00e4ssliche Grundschulzeit<\/strong> (= VGS\/5.Stunde von 11.50Uhr bis 12.35Uhr) und den <strong>Ganztag<\/strong> (bis 15.30Uhr). Kinder, die das Ganztagsangebot wahrnehmen, buchen zus\u00e4tzlich ein Mittagessen in der Schule und nehmen an einer Hausaufgabenzeit teil.<\/p>\n<p>Die offene Ganztagsschule unterscheidet sich von einer geschlossenen Ganztagsschule dadurch, dass Betreuungsangebote stattfinden, diese aber nicht allgemein verbindlich f\u00fcr alle sind, sondern (teilweise kostenpflichtig) gebucht werden k\u00f6nnen.<\/p>\n<p>Eine Teilnahme an den Betreuungsangeboten setzt jeweils eine <strong>verbindliche Anmeldung<\/strong> voraus, die f\u00fcr <strong>ein halbes Jahr g\u00fcltig<\/strong> ist (siehe: Dokumente zum Download). Sie verl\u00e4ngert sich automatisch mit jedem weiteren Schuljahr, wenn die Angaben nicht ver\u00e4ndert werden..\u00a0<\/p>\n<p>Im Ganztags k\u00f6nnen optional Aktivit\u00e4tsangebote gew\u00e4hlt werden, die jeweils um 14.00Uhr beginnen.<\/p>\n<p><strong>INFO:<\/strong> Die offene Ganztagsschule ist <em>keine<\/em> Kombination aus Unterricht und Hort, sondern ein verbindlicher Ablauf am Vormittag, wie am Nachmittag. F\u00fcr eine vorzeitige Abholung aus besonderen Gr\u00fcnden bedarf es eines Antrags. Diesen finden Sie unter &#8222;Download Dokumente&#8220;.<\/p>\n\n\n<p><\/p>\n","protected":false},"excerpt":{"rendered":"<p>Die Grundschule Todtgl\u00fcsingen ist eine offene Ganztagsschule. Unser Betreuungsangebot umfasst die verl\u00e4ssliche Grundschulzeit (= VGS\/5.Stunde von 11.50Uhr bis 12.35Uhr) und den Ganztag (bis 15.30Uhr). Kinder, die das Ganztagsangebot wahrnehmen, buchen zus\u00e4tzlich ein Mittagessen in der Schule und nehmen an einer &hellip; <a href=\"https:\/\/wordpress.nibis.de\/gstodtgl\/betreuungsangebote\/\">Weiterlesen <span class=\"meta-nav\">&rarr;<\/span><\/a><\/p>\n","protected":false},"author":1251,"featured_media":0,"parent":0,"menu_order":0,"comment_status":"closed","ping_status":"closed","template":"","meta":{"footnotes":""},"class_list":["post-390","page","type-page","status-publish","hentry"],"_links":{"self":[{"href":"https:\/\/wordpress.nibis.de\/gstodtgl\/wp-json\/wp\/v2\/pages\/390","targetHints":{"allow":["GET"]}}],"collection":[{"href":"https:\/\/wordpress.nibis.de\/gstodtgl\/wp-json\/wp\/v2\/pages"}],"about":[{"href":"https:\/\/wordpress.nibis.de\/gstodtgl\/wp-json\/wp\/v2\/types\/page"}],"author":[{"embeddable":true,"href":"https:\/\/wordpress.nibis.de\/gstodtgl\/wp-json\/wp\/v2\/users\/1251"}],"replies":[{"embeddable":true,"href":"https:\/\/wordpress.nibis.de\/gstodtgl\/wp-json\/wp\/v2\/comments?post=390"}],"version-history":[{"count":27,"href":"https:\/\/wordpress.nibis.de\/gstodtgl\/wp-json\/wp\/v2\/pages\/390\/revisions"}],"predecessor-version":[{"id":3060,"href":"https:\/\/wordpress.nibis.de\/gstodtgl\/wp-json\/wp\/v2\/pages\/390\/revisions\/3060"}],"wp:attachment":[{"href":"https:\/\/wordpress.nibis.de\/gstodtgl\/wp-json\/wp\/v2\/media?parent=390"}],"curies":[{"name":"wp","href":"https:\/\/api.w.org\/{rel}","templated":true}]}}