{"id":426,"date":"2017-09-06T17:45:18","date_gmt":"2017-09-06T15:45:18","guid":{"rendered":"http:\/\/wordpress.nibis.de\/gstodtgl\/?page_id=426"},"modified":"2024-04-03T17:51:10","modified_gmt":"2024-04-03T15:51:10","slug":"personalrat","status":"publish","type":"page","link":"https:\/\/wordpress.nibis.de\/gstodtgl\/personalrat\/","title":{"rendered":"Personalrat"},"content":{"rendered":"<p>Der Personalrat unserer Schule besteht aus derzeit einer Person, die f\u00fcr eine Amtszeit von 4 Jahren gew\u00e4hlt wird.<\/p>\n<p>Der Personalrat nimmt an Schulungen der Landesschulbeh\u00f6rde teil, steht Lehrkr\u00e4ften, p\u00e4dagogischen Mitarbeitern und der Schulleitung als Ansprechpartner f\u00fcr alle personalen Belange zur Verf\u00fcgung, unterh\u00e4lt regelm\u00e4\u00dfige Personalgespr\u00e4che mit der Schulleitung, informiert \u00fcber aktuelle rechtliche Belange und begleitet Vorstellungsgespr\u00e4che.<\/p>\n<p>Zudem finden regelm\u00e4\u00dfige Treffen mit den Personalr\u00e4ten aller Schulen der Samtgemeinde statt.<\/p>\n<p><strong>Personalrat 2024-2028:\u00a0 \u00a0 \u00a0 \u00a0 \u00a0 \u00a0 \u00a0 \u00a0 Simone Schwab<\/strong><\/p>\n","protected":false},"excerpt":{"rendered":"<p>Der Personalrat unserer Schule besteht aus derzeit einer Person, die f\u00fcr eine Amtszeit von 4 Jahren gew\u00e4hlt wird. Der Personalrat nimmt an Schulungen der Landesschulbeh\u00f6rde teil, steht Lehrkr\u00e4ften, p\u00e4dagogischen Mitarbeitern und der Schulleitung als Ansprechpartner f\u00fcr alle personalen Belange zur &hellip; <a href=\"https:\/\/wordpress.nibis.de\/gstodtgl\/personalrat\/\">Weiterlesen <span class=\"meta-nav\">&rarr;<\/span><\/a><\/p>\n","protected":false},"author":1251,"featured_media":0,"parent":0,"menu_order":0,"comment_status":"closed","ping_status":"closed","template":"","meta":{"footnotes":""},"class_list":["post-426","page","type-page","status-publish","hentry"],"_links":{"self":[{"href":"https:\/\/wordpress.nibis.de\/gstodtgl\/wp-json\/wp\/v2\/pages\/426","targetHints":{"allow":["GET"]}}],"collection":[{"href":"https:\/\/wordpress.nibis.de\/gstodtgl\/wp-json\/wp\/v2\/pages"}],"about":[{"href":"https:\/\/wordpress.nibis.de\/gstodtgl\/wp-json\/wp\/v2\/types\/page"}],"author":[{"embeddable":true,"href":"https:\/\/wordpress.nibis.de\/gstodtgl\/wp-json\/wp\/v2\/users\/1251"}],"replies":[{"embeddable":true,"href":"https:\/\/wordpress.nibis.de\/gstodtgl\/wp-json\/wp\/v2\/comments?post=426"}],"version-history":[{"count":8,"href":"https:\/\/wordpress.nibis.de\/gstodtgl\/wp-json\/wp\/v2\/pages\/426\/revisions"}],"predecessor-version":[{"id":2846,"href":"https:\/\/wordpress.nibis.de\/gstodtgl\/wp-json\/wp\/v2\/pages\/426\/revisions\/2846"}],"wp:attachment":[{"href":"https:\/\/wordpress.nibis.de\/gstodtgl\/wp-json\/wp\/v2\/media?parent=426"}],"curies":[{"name":"wp","href":"https:\/\/api.w.org\/{rel}","templated":true}]}}