{"id":48,"date":"2016-11-17T14:53:17","date_gmt":"2016-11-17T13:53:17","guid":{"rendered":"http:\/\/wordpress.nibis.de\/gstodtgl\/?page_id=48"},"modified":"2025-10-06T20:00:01","modified_gmt":"2025-10-06T18:00:01","slug":"schulvorstand","status":"publish","type":"page","link":"https:\/\/wordpress.nibis.de\/gstodtgl\/schulvorstand\/","title":{"rendered":"Schulvorstand"},"content":{"rendered":"\n<p><strong>N\u00e4chste Sitzung:&nbsp;<\/strong><\/p>\n\n\n<p>In Niedersachsen wurde der Schulvorstand am 01.08.2007 durch das Nieders\u00e4chsische Schulgesetz als zentrales Entscheidungsgremium der Schule eingef\u00fchrt. Dies stellt eine erste sichtbare, gro\u00dfe Ver\u00e4nderung auf dem Weg zur Einf\u00fchrung der Eigenverantwortlichen Schule dar. In unserer Gesch\u00e4ftsordnung hei\u00dft es: \u201eIm Schulvorstand wirken die Schulleitung mit Vertretern der Lehrkr\u00e4fte und Vertretern der Erziehungsberechtigten zusammen, um die Arbeit der Schule mit dem Ziel der Qualit\u00e4tsentwicklung zu gestalten.\u201c Den Vorsitz f\u00fchrt Frau Malten als Rektorin. Dar\u00fcber hinaus soll es f\u00fcr jedes Vorstandsmitglied m\u00f6glichst einen Vertreter geben.<\/p>\n<p>Der Schulvorstand ist gew\u00e4hlt auf 2 Jahre. Gew\u00e4hlt werden kann jeder Erziehungsberechtigte, der ein Kind an der Schule hat; Schulvorst\u00e4nde werden vom Schulelternrat gew\u00e4hlt.<\/p>\n<p>Der Schulvorstand unserer Schule besteht aus 8 Mitgliedern, die f\u00fcr 2 Jahre gew\u00e4hlt worden sind (1 Schulleitung, 3 Lehrkr\u00e4fte (+ 4 Vertretungen) und 4 Elternvertreter (+4 Vertretungen)).<\/p>\n<p>\u00a0<\/p>\n<p><strong>Schulvorstand im Schuljahr 2025\/26\u00a0<\/strong><strong><br \/><\/strong><\/p>\n<table style=\"width: 100%;height: 226px\" width=\"563\">\n<tbody>\n<tr style=\"height: 32px\">\n<td style=\"width: 33.8762%;height: 32px\">Schulleitung<\/td>\n<td style=\"width: 66.1238%;height: 32px\">Frau Malten<\/td>\n<\/tr>\n<tr style=\"height: 32px\">\n<td style=\"width: 33.8762%;height: 32px\">Lehrervertreterinnen<\/td>\n<td style=\"width: 66.1238%;height: 32px\">Frau R\u00fcbner, Frau Krehlik, Frau Manthei<\/td>\n<\/tr>\n<tr style=\"height: 79px\">\n<td style=\"width: 33.8762%;height: 79px\">Elternvertreter\/Innen<\/td>\n<td style=\"width: 66.1238%;height: 79px\">\n<p>Frau Vieregge , Stellvertretung: Frau Stein<\/p>\n<p>Frau Detjen, Stellvertretung Herr Bostelmann<\/p>\n<p>Frau Sander, Stellevrtretung Frau Bogarin<\/p>\n<p>Frau Bostelmann, Stellvertretung Frau D\u00f6ring<\/p>\n<\/td>\n<\/tr>\n<\/tbody>\n<\/table>\n<p><strong>Entscheidungen, die im Schulvorstand getroffen werden:<\/strong><\/p>\n<ul>\n<li>Inhalte und Ausgestaltung der schulischen Arbeit<\/li>\n<li>\u00a0Ausgestaltung der Eigenverantwortlichkeit im Rahmen der gesetzlichen M\u00f6glichkeiten<\/li>\n<li>Haushaltsplan\/Etat\/Budget, welches von der Schulleitung vorgelegt wird<\/li>\n<li>Entlastung der Schulleitung<\/li>\n<li>Ausgestaltung der Stundentafel<\/li>\n<li>Grunds\u00e4tze f\u00fcr die T\u00e4tigkeit von p\u00e4dagogischen Mitarbeitern<\/li>\n<li>Grunds\u00e4tze zur Durchf\u00fchrung von Projektwochen<\/li>\n<li>Grunds\u00e4tze f\u00fcr Werbung und Sponsoring an der Schule<\/li>\n<li>Grunds\u00e4tze f\u00fcr die j\u00e4hrliche \u00dcberpr\u00fcfung der Arbeit der Schule<\/li>\n<li>Schulpartnerschaften im In- und Ausland<\/li>\n<li>Vorschlagsrecht f\u00fcr Schulprogramm und Schulordnung<\/li>\n<li>Vorschlagsrecht f\u00fcr Namensgebung der Schule (Schultr\u00e4ger entscheidet)<\/li>\n<li>Antr\u00e4ge \u00fcber besondere Organisationsformen, z.B. Ganztagsschulen oder Integrationsklassen<\/li>\n<li>Beantragung von Schulversuchen z.B. zur Erprobung unterschiedlicher Organisationsformen oder neuer p\u00e4dagogischer Ans\u00e4tze<\/li>\n<\/ul>\n<p>Neben dem Schulelternrat und der Gesamtkonferenz ist der Schulvorstand ein neues Entscheidungsgremium an unserer Schule, in welchem Lehrer und Eltern gemeinsam zum Wohl der Sch\u00fclerinnen\/Sch\u00fcler grunds\u00e4tzliche Themen bearbeiten.<\/p>\n<ul>\n<li>Um- und Anbau der Schule<\/li>\n<li>Homepage der Grundschule (www.grundschule-todtgluesingen.de)<\/li>\n<li>Umgestaltung des Schulhofes<\/li>\n<li>Analyse der Schulinfrastruktur =&gt; Raumbedarf<\/li>\n<li>F\u00f6rder- und Forderkonzepte an unserer Schule<\/li>\n<li>\u00dcberarbeitung Leitbild und Schulprogramm<\/li>\n<li>Schulkleidung<\/li>\n<li>Anschaffung einer Verst\u00e4rkeranlage f\u00fcr Auff\u00fchrungen, Veranstaltungen etc.<\/li>\n<li>Diskussion und Genehmigung des Haushaltsplans<\/li>\n<li>Evaluierung der Zufriedenheit der Eltern mit dem Schulbetrieb<\/li>\n<li>Der Gesetzgeber gibt uns \u2013 Eltern wie Lehrkr\u00e4ften \u2013 hier die M\u00f6glichkeit, aktiv an der Entwicklung unserer Grundschule mitzuarbeiten, damit Schule allen Beteiligten, insbesondere unseren Kindern auch zuk\u00fcnftig Spa\u00df macht!<\/li>\n<\/ul>\n\n\n<p><\/p>\n","protected":false},"excerpt":{"rendered":"<p>N\u00e4chste Sitzung:&nbsp; In Niedersachsen wurde der Schulvorstand am 01.08.2007 durch das Nieders\u00e4chsische Schulgesetz als zentrales Entscheidungsgremium der Schule eingef\u00fchrt. Dies stellt eine erste sichtbare, gro\u00dfe Ver\u00e4nderung auf dem Weg zur Einf\u00fchrung der Eigenverantwortlichen Schule dar. In unserer Gesch\u00e4ftsordnung hei\u00dft es: &hellip; <a href=\"https:\/\/wordpress.nibis.de\/gstodtgl\/schulvorstand\/\">Weiterlesen <span class=\"meta-nav\">&rarr;<\/span><\/a><\/p>\n","protected":false},"author":1206,"featured_media":0,"parent":0,"menu_order":0,"comment_status":"closed","ping_status":"closed","template":"","meta":{"footnotes":""},"class_list":["post-48","page","type-page","status-publish","hentry"],"_links":{"self":[{"href":"https:\/\/wordpress.nibis.de\/gstodtgl\/wp-json\/wp\/v2\/pages\/48","targetHints":{"allow":["GET"]}}],"collection":[{"href":"https:\/\/wordpress.nibis.de\/gstodtgl\/wp-json\/wp\/v2\/pages"}],"about":[{"href":"https:\/\/wordpress.nibis.de\/gstodtgl\/wp-json\/wp\/v2\/types\/page"}],"author":[{"embeddable":true,"href":"https:\/\/wordpress.nibis.de\/gstodtgl\/wp-json\/wp\/v2\/users\/1206"}],"replies":[{"embeddable":true,"href":"https:\/\/wordpress.nibis.de\/gstodtgl\/wp-json\/wp\/v2\/comments?post=48"}],"version-history":[{"count":33,"href":"https:\/\/wordpress.nibis.de\/gstodtgl\/wp-json\/wp\/v2\/pages\/48\/revisions"}],"predecessor-version":[{"id":3409,"href":"https:\/\/wordpress.nibis.de\/gstodtgl\/wp-json\/wp\/v2\/pages\/48\/revisions\/3409"}],"wp:attachment":[{"href":"https:\/\/wordpress.nibis.de\/gstodtgl\/wp-json\/wp\/v2\/media?parent=48"}],"curies":[{"name":"wp","href":"https:\/\/api.w.org\/{rel}","templated":true}]}}