{"id":517,"date":"2017-09-08T14:05:17","date_gmt":"2017-09-08T12:05:17","guid":{"rendered":"http:\/\/wordpress.nibis.de\/gstodtgl\/?page_id=517"},"modified":"2023-08-15T14:17:20","modified_gmt":"2023-08-15T12:17:20","slug":"wie-melde-ich-mein-kind-krank","status":"publish","type":"page","link":"https:\/\/wordpress.nibis.de\/gstodtgl\/wie-melde-ich-mein-kind-krank\/","title":{"rendered":"Wie melde ich mein Kind krank?"},"content":{"rendered":"<p>Bitte rufen Sie <strong>vor<\/strong> Unterrichtsbeginn im Sekretariat an und<strong> sprechen Sie auf den Anrufbeantworter (04182 &#8211; 5525).<\/strong><\/p>\n<p>Sagen Sie langsam und deutlich den <strong>Namen<\/strong> Ihres Kindes, die <strong>Klasse<\/strong> in die es geht und warum es nicht kommen kann.<\/p>\n<p>Allen Klassenlehrern wird vor Unterrichtsbeginn mitgeteilt, welche Kinder an diesem Tag entschuldigt sind, damit festgestellt werden kann, ob Kinder vermisst werden. Damit wir also kein Kind suchen m\u00fcssen und zuverl\u00e4ssig agieren k\u00f6nnen, wenn es angebracht ist, ist die rechtzeitige Krankmeldung per Anrufbeantworter <strong>vor 8.00Uhr<\/strong> ma\u00dfgeblich.<\/p>\n<p>Schreiben Sie Ihrem Kind eine Entschuldigung ins Hausaufgabenheft bzw. nutzen Sie die in diesem daf\u00fcr vorgesehenen Seiten, so dass es diese vorzeigen kann, sobald es wieder in die Schule kommt.<\/p>\n<p>Nach dem 3. Fehltag ben\u00f6tigt Ihr Kind ein \u00e4rztliches Attest.<\/p>\n<p><strong>Grunds\u00e4tzlich gilt: kranke Kinder geh\u00f6ren nicht in die Schule!!!<\/strong><\/p>\n<p>Besonders Kinder mit \u00dcbelkeit, Durchfall und Erbrechen m\u00fcssen bitte einen Tag l\u00e4nger zu Hause bleiben als die Beschwerden andauern, um Ansteckungen zu vermeiden.<\/p>\n<p style=\"text-align: center\"><span style=\"color: #ff0000\">!! Schicken Sie Ihr Kind grunds\u00e4tzlich <strong>erst nach 48Stunden Symptomfreiheit<\/strong> wieder in die Schule !!<\/span><\/p>\n\n\n<p><\/p>\n\n\n","protected":false},"excerpt":{"rendered":"<p>Bitte rufen Sie vor Unterrichtsbeginn im Sekretariat an und sprechen Sie auf den Anrufbeantworter (04182 &#8211; 5525). Sagen Sie langsam und deutlich den Namen Ihres Kindes, die Klasse in die es geht und warum es nicht kommen kann. Allen Klassenlehrern &hellip; <a href=\"https:\/\/wordpress.nibis.de\/gstodtgl\/wie-melde-ich-mein-kind-krank\/\">Weiterlesen <span class=\"meta-nav\">&rarr;<\/span><\/a><\/p>\n","protected":false},"author":1251,"featured_media":0,"parent":0,"menu_order":0,"comment_status":"closed","ping_status":"closed","template":"","meta":{"footnotes":""},"class_list":["post-517","page","type-page","status-publish","hentry"],"_links":{"self":[{"href":"https:\/\/wordpress.nibis.de\/gstodtgl\/wp-json\/wp\/v2\/pages\/517","targetHints":{"allow":["GET"]}}],"collection":[{"href":"https:\/\/wordpress.nibis.de\/gstodtgl\/wp-json\/wp\/v2\/pages"}],"about":[{"href":"https:\/\/wordpress.nibis.de\/gstodtgl\/wp-json\/wp\/v2\/types\/page"}],"author":[{"embeddable":true,"href":"https:\/\/wordpress.nibis.de\/gstodtgl\/wp-json\/wp\/v2\/users\/1251"}],"replies":[{"embeddable":true,"href":"https:\/\/wordpress.nibis.de\/gstodtgl\/wp-json\/wp\/v2\/comments?post=517"}],"version-history":[{"count":11,"href":"https:\/\/wordpress.nibis.de\/gstodtgl\/wp-json\/wp\/v2\/pages\/517\/revisions"}],"predecessor-version":[{"id":2572,"href":"https:\/\/wordpress.nibis.de\/gstodtgl\/wp-json\/wp\/v2\/pages\/517\/revisions\/2572"}],"wp:attachment":[{"href":"https:\/\/wordpress.nibis.de\/gstodtgl\/wp-json\/wp\/v2\/media?parent=517"}],"curies":[{"name":"wp","href":"https:\/\/api.w.org\/{rel}","templated":true}]}}