{"id":642,"date":"2018-06-06T22:30:04","date_gmt":"2018-06-06T20:30:04","guid":{"rendered":"http:\/\/wordpress.nibis.de\/gstodtgl\/?page_id=642"},"modified":"2024-08-09T14:32:31","modified_gmt":"2024-08-09T12:32:31","slug":"low-t-ball-turnier-2018","status":"publish","type":"page","link":"https:\/\/wordpress.nibis.de\/gstodtgl\/low-t-ball-turnier-2018\/","title":{"rendered":"Wetterbedingter Unterrichtsausfall"},"content":{"rendered":"<div id=\"message-content\">\n<div class=\"content-plain\">\n<p>Sch\u00fclerbef\u00f6rderung bei extremen Witterungsverh\u00e4ltnissen<\/p>\n<p>Liebe Eltern,<\/p>\n<p>der Landkreis Harburg entscheidet dar\u00fcber, ob die Sch\u00fclerbef\u00f6rderung und damit auch der Unterricht an allen Schulen im Kreisgebiet trotz z.B. winterlicher Stra\u00dfenverh\u00e4ltnisse stattfinden kann oder ausfallen muss. Die Entscheidungswege werden je nach Witterung m\u00f6glichst aktuell in der Nacht zusammengef\u00fchrt, so dass es erst in den fr\u00fchen Morgenstunden zu einer Mitteilung kommen kann.<\/p>\n<p>Sollte die Sch\u00fclerbef\u00f6rderung im gesamten oder auch nur in Teilbereichen des Kreisgebietes nicht sicher durchgef\u00fchrt werden k\u00f6nnen und somit eine Absage des Schulunterrichts notwendig werden, bleibt es den Schulen \u00fcberlassen, f\u00fcr diesen Tag auf Distanzunterricht umzustellen.<\/p>\n<p>Dazu eine Erl\u00e4uterung des regionalen Landesamts f\u00fcr Schule und Bildung: Die Schulen sind frei darin, dar\u00fcber hinaus kurzfristig Distanzunterricht anzubieten, wenn sie dies kurzfristig organisieren k\u00f6nnen und daf\u00fcr keine Wege von Sch\u00fclerinnen und Sch\u00fclern in die Schule (z.B. um Material abzuholen) notwendig werden. Eine Verpflichtung zu einem solchen Angebot besteht hingegen nicht. In keinem Fall kann ein solcher Distanzunterricht allerdings durch den Schultr\u00e4ger angeordnet werden. Folglich wird der Landkreis nur den Schulausfall \u00fcber die u. a. Informationskan\u00e4le kommunizieren.<\/p>\n<p>Nur f\u00fcr den Ausfall des Schulunterrichts bei extremen Witterungsbedingungen stehen folgende Informationsquellen zur Verf\u00fcgung:<\/p>\n<p>1. Radio \u2013 morgendliche H\u00f6rfunkdurchsagen ab 06:00 Uhr,<\/p>\n<p>2. BIWAPP \u2013 Schulausf\u00e4lle werden direkt auf das Smartphone geschickt,<\/p>\n<p>3. telefonische Bandansage der Kreisverwaltung unter 04171\/693 333,<\/p>\n<p>4. Vorschaltseite der Landkreishomepage unter <a href=\"http:\/\/www.landkreis-harburg.de\" target=\"_blank\" rel=\"noopener\">www.landkreis-harburg.de<\/a> und<\/p>\n<p>5. unter dem offiziellen Facebook-Kanal des Landkreises unter <a href=\"https:\/\/www.facebook.com\/LandkreisWL\/\" target=\"_blank\" rel=\"noopener\">https:\/\/www.facebook.com\/LandkreisWL\/<\/a><\/p>\n<p>Der Landkreis Harburg empfiehlt allen Nutzer*innen, die \u00fcber Schulausf\u00e4lle auch per App informiert werden wollen, die B\u00fcrger*innen-Informations-und-Warn-App BIWAPP zu installieren. Weitere Informationen zu BIWAPP finden sich unter <a href=\"http:\/\/www.landkreisharburg.de\/biwapp\" target=\"_blank\" rel=\"noopener\">www.landkreisharburg.de\/biwapp<\/a> oder <a href=\"http:\/\/www.biwapp.de\/landkreis-harburg\" target=\"_blank\" rel=\"noopener\">http:\/\/www.biwapp.de\/landkreis-harburg<\/a> und in den g\u00e4ngigen AppStores.<\/p>\n<p><strong>An unserer Schule handeln wir wie folgt: <\/strong><\/p>\n<ul>\n<li><strong>Eine Notbetreuung ist bei witterungsbedingtem Schulausfall immer gew\u00e4hrleistet. Sie m\u00fcssen Ihr Kind nicht extra daf\u00fcr anmelden. <\/strong><\/li>\n<li><strong>Die Jahrg\u00e4nge 3. und 4 erhalten bis 9.00 Uhr Aufgaben \u00fcber IServ.<\/strong><\/li>\n<li><strong>Die Jahrg\u00e4nge 1 und 2 erhalten keine Aufgaben. Hier k\u00f6nnen L\u00fccken gef\u00fcllt werden, sofern die Hefte zuhause verf\u00fcgbar sind.<\/strong><\/li>\n<\/ul>\n<p>Mit freundlichen Gr\u00fc\u00dfen<\/p>\n<p>Ilka Malten<\/p>\n<\/div>\n<\/div>\n","protected":false},"excerpt":{"rendered":"<p>Sch\u00fclerbef\u00f6rderung bei extremen Witterungsverh\u00e4ltnissen Liebe Eltern, der Landkreis Harburg entscheidet dar\u00fcber, ob die Sch\u00fclerbef\u00f6rderung und damit auch der Unterricht an allen Schulen im Kreisgebiet trotz z.B. winterlicher Stra\u00dfenverh\u00e4ltnisse stattfinden kann oder ausfallen muss. Die Entscheidungswege werden je nach Witterung m\u00f6glichst &hellip; <a href=\"https:\/\/wordpress.nibis.de\/gstodtgl\/low-t-ball-turnier-2018\/\">Weiterlesen <span class=\"meta-nav\">&rarr;<\/span><\/a><\/p>\n","protected":false},"author":1251,"featured_media":0,"parent":0,"menu_order":0,"comment_status":"closed","ping_status":"closed","template":"","meta":{"footnotes":""},"class_list":["post-642","page","type-page","status-publish","hentry"],"_links":{"self":[{"href":"https:\/\/wordpress.nibis.de\/gstodtgl\/wp-json\/wp\/v2\/pages\/642","targetHints":{"allow":["GET"]}}],"collection":[{"href":"https:\/\/wordpress.nibis.de\/gstodtgl\/wp-json\/wp\/v2\/pages"}],"about":[{"href":"https:\/\/wordpress.nibis.de\/gstodtgl\/wp-json\/wp\/v2\/types\/page"}],"author":[{"embeddable":true,"href":"https:\/\/wordpress.nibis.de\/gstodtgl\/wp-json\/wp\/v2\/users\/1251"}],"replies":[{"embeddable":true,"href":"https:\/\/wordpress.nibis.de\/gstodtgl\/wp-json\/wp\/v2\/comments?post=642"}],"version-history":[{"count":7,"href":"https:\/\/wordpress.nibis.de\/gstodtgl\/wp-json\/wp\/v2\/pages\/642\/revisions"}],"predecessor-version":[{"id":2988,"href":"https:\/\/wordpress.nibis.de\/gstodtgl\/wp-json\/wp\/v2\/pages\/642\/revisions\/2988"}],"wp:attachment":[{"href":"https:\/\/wordpress.nibis.de\/gstodtgl\/wp-json\/wp\/v2\/media?parent=642"}],"curies":[{"name":"wp","href":"https:\/\/api.w.org\/{rel}","templated":true}]}}