{"id":687,"date":"2018-08-20T17:57:23","date_gmt":"2018-08-20T15:57:23","guid":{"rendered":"http:\/\/wordpress.nibis.de\/gstodtgl\/?page_id=687"},"modified":"2021-10-12T13:02:29","modified_gmt":"2021-10-12T11:02:29","slug":"einschulung-2018","status":"publish","type":"page","link":"https:\/\/wordpress.nibis.de\/gstodtgl\/einschulung-2018\/","title":{"rendered":"Erntedankfest 2021"},"content":{"rendered":"<p style=\"text-align: center\">\n<p style=\"text-align: center\"><strong><span style=\"font-size: 18pt;font-family: 'comic sans ms', sans-serif\">Wir feiern Erntedankfest<\/span><\/strong><\/p>\n<p>.. aber was bedeutet das eigentlich? Warum wird es gefeiert und wof\u00fcr bist du pers\u00f6nlich eigentlich dankbar?<\/p>\n<p>Mit diesen Fragen hat sich die gesamte Schule besch\u00e4ftigt und einen Erntedanktisch in der Pausenhalle geschm\u00fcckt.<\/p>\n<p style=\"text-align: center\"><strong><span style=\"font-size: 18pt;font-family: 'comic sans ms', sans-serif\">\u00a0<\/span><\/strong><\/p>\n<p><img loading=\"lazy\" decoding=\"async\" class=\"alignnone size-full wp-image-1912\" src=\"https:\/\/wordpress.nibis.de\/gstodtgl\/files\/2021\/10\/Ernte-Dank-scaled.jpg\" alt=\"\" width=\"2560\" height=\"1920\" \/><\/p>\n<p style=\"text-align: center\">\n","protected":false},"excerpt":{"rendered":"<p>Wir feiern Erntedankfest .. aber was bedeutet das eigentlich? Warum wird es gefeiert und wof\u00fcr bist du pers\u00f6nlich eigentlich dankbar? Mit diesen Fragen hat sich die gesamte Schule besch\u00e4ftigt und einen Erntedanktisch in der Pausenhalle geschm\u00fcckt. \u00a0<\/p>\n","protected":false},"author":1251,"featured_media":0,"parent":0,"menu_order":0,"comment_status":"closed","ping_status":"closed","template":"","meta":{"footnotes":""},"class_list":["post-687","page","type-page","status-publish","hentry"],"_links":{"self":[{"href":"https:\/\/wordpress.nibis.de\/gstodtgl\/wp-json\/wp\/v2\/pages\/687","targetHints":{"allow":["GET"]}}],"collection":[{"href":"https:\/\/wordpress.nibis.de\/gstodtgl\/wp-json\/wp\/v2\/pages"}],"about":[{"href":"https:\/\/wordpress.nibis.de\/gstodtgl\/wp-json\/wp\/v2\/types\/page"}],"author":[{"embeddable":true,"href":"https:\/\/wordpress.nibis.de\/gstodtgl\/wp-json\/wp\/v2\/users\/1251"}],"replies":[{"embeddable":true,"href":"https:\/\/wordpress.nibis.de\/gstodtgl\/wp-json\/wp\/v2\/comments?post=687"}],"version-history":[{"count":10,"href":"https:\/\/wordpress.nibis.de\/gstodtgl\/wp-json\/wp\/v2\/pages\/687\/revisions"}],"predecessor-version":[{"id":1913,"href":"https:\/\/wordpress.nibis.de\/gstodtgl\/wp-json\/wp\/v2\/pages\/687\/revisions\/1913"}],"wp:attachment":[{"href":"https:\/\/wordpress.nibis.de\/gstodtgl\/wp-json\/wp\/v2\/media?parent=687"}],"curies":[{"name":"wp","href":"https:\/\/api.w.org\/{rel}","templated":true}]}}