{"id":698,"date":"2018-08-20T18:36:10","date_gmt":"2018-08-20T16:36:10","guid":{"rendered":"http:\/\/wordpress.nibis.de\/gstodtgl\/?page_id=698"},"modified":"2024-05-29T13:41:37","modified_gmt":"2024-05-29T11:41:37","slug":"wettbewerbe-2017-18","status":"publish","type":"page","link":"https:\/\/wordpress.nibis.de\/gstodtgl\/wettbewerbe-2017-18\/","title":{"rendered":"Endlich Erstkl\u00e4ssler &#8211; der Start an unserer Grundschule"},"content":{"rendered":"\n<p><a href=\"https:\/\/wordpress.nibis.de\/gstodtgl\/einschulung-2018\/img-20180811-wa0066\/\" rel=\"attachment wp-att-692\"><img loading=\"lazy\" decoding=\"async\" class=\"aligncenter  wp-image-692\" src=\"https:\/\/wordpress.nibis.de\/gstodtgl\/files\/2018\/08\/IMG-20180811-WA0066.jpg\" alt=\"\" width=\"359\" height=\"271\"><\/a><\/p>\n\n\n<p>Aller Anfang ist schwer. Wirklich?! Nicht unbedingt. Aber eins ist klar, ein Anfang bedeutet immer etwas Neues f\u00fcr alle Beteiligten.<\/p>\n<p>Die Einschulung Ihres Kindes ist ein wichtiges Ereignis, zu dem wir Ihnen herzlich gratulieren m\u00f6chten. Ihr Kind macht damit einen gro\u00dfen Schritt in Richtung Selbstst\u00e4ndigkeit und muss sich, genauso wie Sie, erst einmal langsam an alles gew\u00f6hnen.<\/p>\n<p>Aber seien Sie unbesorgt, das geht schneller, als Sie vielleicht denken und wir hei\u00dfen Ihr Kind und Ihre Familie herzlich willkommen bei uns an der Grundschule Todtgl\u00fcsingen!!<\/p>\n<p>Um Ihnen erste Unsicherheiten zu nehmen und Fragen zu beantworten, informieren wir Sie auf dieser Seite \u00fcber alles, was Sie als zuk\u00fcnftige Erstklasseltern \u00fcber den \u00dcbergang vom Kindergarten in die Schule wissen sollten und worauf Sie sich bei uns zum Schulbeginn freuen k\u00f6nnen:<\/p>\n<p><strong>Vom Kindergarten in die Grundschule<\/strong><\/p>\n<ul>\n<li>Schul\u00e4rztliche Untersuchung\n<ul style=\"list-style-type: circle\">\n<li>Alle Kinder im Einzugsgebiet unserer Schule werden etwa ein halbes Jahr vor Schulbeginn zur schul\u00e4rztlichen Untersuchung in unserem Schulgeb\u00e4ude eingeladen, bei dem der motorische und geistige Entwicklungstand Ihres Kindes hinsichtlich der Schulreife durch eine Amts\u00e4rztin \u00fcberpr\u00fcft wird, um Sie ggf. in Bezug auf den Zeitpunkt des Schulbeginns zu beraten. Final entscheidet anschlie\u00dfend die Schulleitung \u00fcber die Schulreife des Kindes.<\/li>\n<\/ul>\n<\/li>\n<\/ul>\n<p><strong>Anmeldung \/ Vorbereitung auf die Schule<\/strong><\/p>\n<ul>\n<li>Anmeldung\n<ul style=\"list-style-type: circle\">\n<li>Bitte melden Sie sich an unserer Schule \u00fcber das Anmeldeformular an, das Sie entweder bei uns im Sekretariat bekommen oder auf dieser Homepage downloaden k\u00f6nnen. Geben Sie dieses ausgef\u00fcllt mit einer Kopie der Geburtsurkunde im Sekretariat ab.<\/li>\n<\/ul>\n<\/li>\n<li>Schnuppervormittag\n<ul style=\"list-style-type: circle\">\n<li>\u00dcber die Kinderg\u00e4rten werden Ihre Kinder eingeladen, an einem ca 2st\u00fcndigen Schnuppervormittag teilzunehmen, bei dem die zuk\u00fcnftigen Schulkinder in Kleingruppen die Schule erkunden. Dabei nehmen sie an motorischen \u00dcbungen in der Turnhalle teil sowie an Bastelangeboten und h\u00f6ren eine Geschichte, an die eine Anschlusskommunikation stattfindet. Wir Lehrkr\u00e4fte nutzen diesen Vormittag, um Ihre Kinder n\u00e4her kennenzulernen und ihr Verhalten in der Gruppe besser einzusch\u00e4tzen, damit wir jedes einzelne nach der Einschulung bestm\u00f6glich unterst\u00fctzen k\u00f6nnen.<\/li>\n<\/ul>\n<\/li>\n<li>Klasseneinteilung \/ weitere Unterlagen\n<ul style=\"list-style-type: circle\">\n<li>vor den Sommerferien des ersten Schuljahres erhalten Sie per Post diverse Formulare (Allgemeine Angaben, Anmeldung zu Betreuungszeiten, Waffenerlass, Einverst\u00e4ndniserkl\u00e4rung I-serv), die Sie bitte ausgef\u00fcllt und unterschrieben zur\u00fccksenden\/abgeben. Bestandteil sind auch eine Informationsbrosch\u00fcre der Schule (&#8222;Schul-ABC&#8220;) sowie die Materialliste f\u00fcr das kommende Schuljahr.<\/li>\n<li>kurz darauf oder bereits zur gleichen Zeit erh\u00e4lt Ihr Kind Post von seiner zuk\u00fcnftigen Klassenlehrkraft. Diese enth\u00e4lt eine pers\u00f6nliche Vorstellung, einen Willkommengru\u00df, die Information, zu welcher Klasse Ihr Kind geh\u00f6ren wird als auch einen &#8222;Das-kann-ich-schon-Zettel&#8220;, auf dem Ihr Kind malen und ein Foto von sich aufkleben kann. Diesen Zettel schicken Sie bitte vor der Einschulung an die angegebene Adresse zur\u00fcck. Sie werden im Klassenraum ausgeh\u00e4ngt.<\/li>\n<\/ul>\n<\/li>\n<\/ul>\n<p style=\"text-align: center\"><strong>Wir freuen uns auf eine gute Zusammenarbeit!<\/strong><\/p>\n\n\n<p style=\"text-align: center\">Ihr Team der Grundschule Todtgl\u00fcsingen<\/p>\n","protected":false},"excerpt":{"rendered":"<p>Aller Anfang ist schwer. Wirklich?! Nicht unbedingt. Aber eins ist klar, ein Anfang bedeutet immer etwas Neues f\u00fcr alle Beteiligten. Die Einschulung Ihres Kindes ist ein wichtiges Ereignis, zu dem wir Ihnen herzlich gratulieren m\u00f6chten. Ihr Kind macht damit einen &hellip; <a href=\"https:\/\/wordpress.nibis.de\/gstodtgl\/wettbewerbe-2017-18\/\">Weiterlesen <span class=\"meta-nav\">&rarr;<\/span><\/a><\/p>\n","protected":false},"author":1251,"featured_media":0,"parent":0,"menu_order":0,"comment_status":"closed","ping_status":"closed","template":"","meta":{"footnotes":""},"class_list":["post-698","page","type-page","status-publish","hentry"],"_links":{"self":[{"href":"https:\/\/wordpress.nibis.de\/gstodtgl\/wp-json\/wp\/v2\/pages\/698","targetHints":{"allow":["GET"]}}],"collection":[{"href":"https:\/\/wordpress.nibis.de\/gstodtgl\/wp-json\/wp\/v2\/pages"}],"about":[{"href":"https:\/\/wordpress.nibis.de\/gstodtgl\/wp-json\/wp\/v2\/types\/page"}],"author":[{"embeddable":true,"href":"https:\/\/wordpress.nibis.de\/gstodtgl\/wp-json\/wp\/v2\/users\/1251"}],"replies":[{"embeddable":true,"href":"https:\/\/wordpress.nibis.de\/gstodtgl\/wp-json\/wp\/v2\/comments?post=698"}],"version-history":[{"count":20,"href":"https:\/\/wordpress.nibis.de\/gstodtgl\/wp-json\/wp\/v2\/pages\/698\/revisions"}],"predecessor-version":[{"id":2889,"href":"https:\/\/wordpress.nibis.de\/gstodtgl\/wp-json\/wp\/v2\/pages\/698\/revisions\/2889"}],"wp:attachment":[{"href":"https:\/\/wordpress.nibis.de\/gstodtgl\/wp-json\/wp\/v2\/media?parent=698"}],"curies":[{"name":"wp","href":"https:\/\/api.w.org\/{rel}","templated":true}]}}