{"id":101,"date":"2018-02-01T08:04:31","date_gmt":"2018-02-01T07:04:31","guid":{"rendered":"http:\/\/wordpress.nibis.de\/gstostedt\/?page_id=101"},"modified":"2024-05-17T12:00:21","modified_gmt":"2024-05-17T10:00:21","slug":"weitere-betreuungsangebote","status":"publish","type":"page","link":"https:\/\/wordpress.nibis.de\/gstostedt\/weitere-betreuungsangebote\/","title":{"rendered":"Weitere Betreuungsangebote"},"content":{"rendered":"<p><span style=\"text-decoration: underline;font-family: georgia,palatino,serif\">Vormittags<\/span><\/p>\n<p><span style=\"font-family: georgia,palatino,serif\">Die Grundschule Tostedt ist Verl\u00e4ssliche Grundschule. Dies bedeutet, dass alle Kinder in der Zeit von 7.30 Uhr bis 12.30 Uhr unterrichtet oder p\u00e4dagogisch betreut werden. F\u00fcr die Zeit von 7.30 Uhr bis 8.30 Uhr stellen Sie bitte dazu einen schriftlichen Antrag, um Ihr Kind verbindlich zur Fr\u00fchbetreuung anzumelden. Den Antrag finden Sie hier auf der Homepage unter &#8222;Formulare&#8220;.<\/span><\/p>\n<p><span style=\"text-decoration: underline;font-family: georgia,palatino,serif\">Nachmittags<\/span><\/p>\n<p><span style=\"font-family: georgia,palatino,serif\">Poststra\u00dfe:\u00a0<\/span><br \/><span style=\"font-family: georgia,palatino,serif\">Am Freitag nach Schulschluss k\u00f6nnen die Kinder bei den Postm\u00e4usen betreut werden. Dies ist ein au\u00dferschulisches Angebot unter der <a href=\"https:\/\/www.tostedt.de\/portal\/seiten\/nachmittagsbetreuung-fuer-grundschueler-912000388-20240.html?rubrik=12000007\">Tr\u00e4gerschaft der Jugendpflege der Samtgemeinde Tostedt<\/a>.<\/span><br \/><span style=\"font-family: georgia,palatino,serif\">Sie k\u00f6nnen ihr Kind \u00fcber das B\u00fcro der Samtgemeinde Tostedt anmelden.<\/span><\/p>\n<p><span style=\"font-family: georgia,palatino,serif\">Dieckhofstra\u00dfe:\u00a0<\/span><br \/><span style=\"font-family: georgia,palatino,serif\">Nach Schulschluss k\u00f6nnen die Kinder bei den\u00a0T\u00f6ster F\u00fcchsen\u00a0betreut werden. Dies ist ein au\u00dferschulisches Angebot unter der <a href=\"https:\/\/www.tostedt.de\/portal\/seiten\/nachmittagsbetreuung-fuer-grundschueler-912000388-20240.html?rubrik=12000007\">Tr\u00e4gerschaft der Jugendpflege der Samtgemeinde Tostedt<\/a>.<\/span><br \/><span style=\"font-family: georgia,palatino,serif\">Die Kinder sind in den R\u00e4umen neben dem Jugendzentrum untergebracht und bekommen dort selbstverst\u00e4ndlich auch ein Mittagessen.<\/span><br \/><span style=\"font-family: georgia,palatino,serif\">Sie k\u00f6nnen ihr Kind \u00fcber das B\u00fcro der Samtgemeinde Tostedt anmelden.<\/span><\/p>\n<p>Otternasen:<\/p>\n<p>Die Nachmittagsbetreuung Otternasen richtet sich an Schulkinder von 6 bis 14 Jahren. Die Betreuungszeiten bei den Otternasen sind Montag bis Donnerstag von 11:30 bis 18:30 Uhr. Als \u00f6ffentlich gef\u00f6rderte Kindertagespflege wird die Finanzierung mit dem Jugendamt Landkreis Harburg umgesetzt, Eltern zahlen einen einkommensabh\u00e4ngigen Eigenanteil.<\/p>\n<p><a href=\"https:\/\/www.otternasen-nachmittagsbetreuung.de\/\" target=\"_blank\" rel=\"noopener\">https:\/\/www.otternasen-nachmittagsbetreuung.de\/<\/a><\/p>\n\n","protected":false},"excerpt":{"rendered":"<p>Vormittags Die Grundschule Tostedt ist Verl\u00e4ssliche Grundschule. Dies bedeutet, dass alle Kinder in der Zeit von 7.30 Uhr bis 12.30 Uhr unterrichtet oder p\u00e4dagogisch betreut werden. F\u00fcr die Zeit von 7.30 Uhr bis 8.30 Uhr stellen Sie bitte dazu einen &hellip; <a href=\"https:\/\/wordpress.nibis.de\/gstostedt\/weitere-betreuungsangebote\/\">Weiterlesen <span class=\"meta-nav\">&rarr;<\/span><\/a><\/p>\n","protected":false},"author":1430,"featured_media":0,"parent":0,"menu_order":7,"comment_status":"closed","ping_status":"closed","template":"","meta":{"footnotes":""},"class_list":["post-101","page","type-page","status-publish","hentry"],"_links":{"self":[{"href":"https:\/\/wordpress.nibis.de\/gstostedt\/wp-json\/wp\/v2\/pages\/101","targetHints":{"allow":["GET"]}}],"collection":[{"href":"https:\/\/wordpress.nibis.de\/gstostedt\/wp-json\/wp\/v2\/pages"}],"about":[{"href":"https:\/\/wordpress.nibis.de\/gstostedt\/wp-json\/wp\/v2\/types\/page"}],"author":[{"embeddable":true,"href":"https:\/\/wordpress.nibis.de\/gstostedt\/wp-json\/wp\/v2\/users\/1430"}],"replies":[{"embeddable":true,"href":"https:\/\/wordpress.nibis.de\/gstostedt\/wp-json\/wp\/v2\/comments?post=101"}],"version-history":[{"count":8,"href":"https:\/\/wordpress.nibis.de\/gstostedt\/wp-json\/wp\/v2\/pages\/101\/revisions"}],"predecessor-version":[{"id":2232,"href":"https:\/\/wordpress.nibis.de\/gstostedt\/wp-json\/wp\/v2\/pages\/101\/revisions\/2232"}],"wp:attachment":[{"href":"https:\/\/wordpress.nibis.de\/gstostedt\/wp-json\/wp\/v2\/media?parent=101"}],"curies":[{"name":"wp","href":"https:\/\/api.w.org\/{rel}","templated":true}]}}