{"id":113,"date":"2018-02-01T08:38:58","date_gmt":"2018-02-01T07:38:58","guid":{"rendered":"http:\/\/wordpress.nibis.de\/gstostedt\/?page_id=113"},"modified":"2023-03-09T12:55:36","modified_gmt":"2023-03-09T11:55:36","slug":"schulanmeldung-an-der-gs-tostedt","status":"publish","type":"page","link":"https:\/\/wordpress.nibis.de\/gstostedt\/formulare\/schulanmeldung-an-der-gs-tostedt\/","title":{"rendered":"Schulanmeldung an der GS Tostedt"},"content":{"rendered":"<p><span style=\"font-family: georgia,palatino,serif\">Sehr geehrte Eltern, sehr geehrte Erziehungsberechtigte,\u00a0<\/span><\/p>\n<p><span style=\"font-family: georgia,palatino,serif\">wir freuen uns, dass Sie Ihr Kind an unserer Schule anmelden m\u00f6chten.\u00a0<\/span><br \/>\n<span style=\"font-family: georgia,palatino,serif\">Hierzu f\u00fcllen Sie bitte den Anmeldebogen und die Erkl\u00e4rung zur Sorgeberechtigung aus.\u00a0<\/span><br \/>\n<span style=\"font-family: georgia,palatino,serif\">Erg\u00e4nzend hierzu ben\u00f6tigen wir eine Kopie der Geburtsurkunde und der Meldebescheinigung der Samtgemeinde.\u00a0<\/span><br \/>\n<span style=\"font-family: georgia,palatino,serif\">Die vollst\u00e4ndig ausgef\u00fcllten und unterschriebenen Unterlagen senden Sie bitte schnellstm\u00f6glich an das Sekretariat der Grundschule Tostedt (Poststra\u00dfe 16b, 21255 Tostedt).\u00a0<\/span><br \/>\n<span style=\"font-family: georgia,palatino,serif\">Informationen zum Ganztagsangebot unserer Schule finden Sie ebenfalls auf dieser Homepage. Gern stehen wir Ihnen telefonisch beratend zur Verf\u00fcgung.\u00a0<\/span><\/p>\n<p><span style=\"font-family: georgia,palatino,serif\">Sie und Ihr Kind sind bei uns herzlich willkommen.\u00a0<\/span><br \/>\n<span style=\"font-family: georgia,palatino,serif\">Bis es soweit ist, verbleiben wir mit freundlichen Gr\u00fc\u00dfen.<\/span><\/p>\n<p><span style=\"font-family: georgia,palatino,serif\">Ihr Team der Grundschule Tostedt\u00a0<\/span><\/p>\n<p><span style=\"font-family: georgia,palatino,serif\">Hier finden Sie die ben\u00f6tigten Formulare:\u00a0<\/span><\/p>\n<p data-wp-editing=\"1\"><img loading=\"lazy\" decoding=\"async\" class=\"alignnone  wp-image-408\" src=\"http:\/\/wordpress.nibis.de\/gstostedt\/files\/2019\/01\/20180314144738-2171eea2-me-578x478.jpg\" alt=\"\" width=\"38\" height=\"32\" \/> <a href=\"https:\/\/wordpress.nibis.de\/gstostedt\/files\/2023\/03\/Anmeldebogen_neu.pdf\">Anmeldebogen<\/a><\/p>\n<p><img loading=\"lazy\" decoding=\"async\" class=\"alignnone  wp-image-408\" src=\"http:\/\/wordpress.nibis.de\/gstostedt\/files\/2019\/01\/20180314144738-2171eea2-me-578x478.jpg\" alt=\"\" width=\"38\" height=\"32\" \/> <a href=\"https:\/\/wordpress.nibis.de\/gstostedt\/files\/2020\/09\/Erkl\u00e4rung-zur-Sorgeberechtigung_neu.pdf\">Erkl\u00e4rung zur Sorgeberechtigung<\/a><\/p>\n<p><span style=\"font-family: georgia,palatino,serif\">Erg\u00e4nzend zum &#8222;Anmeldebogen&#8220; und zur &#8222;Erkl\u00e4rung zur Sorgeberechtigung&#8220; ben\u00f6tigen wir eine Kopie der Geburtsurkunde und der Meldebescheinigung der Samtgemeinde.\u00a0<\/span><\/p>\n","protected":false},"excerpt":{"rendered":"<p>Sehr geehrte Eltern, sehr geehrte Erziehungsberechtigte,\u00a0 wir freuen uns, dass Sie Ihr Kind an unserer Schule anmelden m\u00f6chten.\u00a0 Hierzu f\u00fcllen Sie bitte den Anmeldebogen und die Erkl\u00e4rung zur Sorgeberechtigung aus.\u00a0 Erg\u00e4nzend hierzu ben\u00f6tigen wir eine Kopie der Geburtsurkunde und der &hellip; <a href=\"https:\/\/wordpress.nibis.de\/gstostedt\/formulare\/schulanmeldung-an-der-gs-tostedt\/\">Weiterlesen <span class=\"meta-nav\">&rarr;<\/span><\/a><\/p>\n","protected":false},"author":1430,"featured_media":601,"parent":108,"menu_order":1,"comment_status":"closed","ping_status":"closed","template":"","meta":{"footnotes":""},"class_list":["post-113","page","type-page","status-publish","has-post-thumbnail","hentry"],"_links":{"self":[{"href":"https:\/\/wordpress.nibis.de\/gstostedt\/wp-json\/wp\/v2\/pages\/113","targetHints":{"allow":["GET"]}}],"collection":[{"href":"https:\/\/wordpress.nibis.de\/gstostedt\/wp-json\/wp\/v2\/pages"}],"about":[{"href":"https:\/\/wordpress.nibis.de\/gstostedt\/wp-json\/wp\/v2\/types\/page"}],"author":[{"embeddable":true,"href":"https:\/\/wordpress.nibis.de\/gstostedt\/wp-json\/wp\/v2\/users\/1430"}],"replies":[{"embeddable":true,"href":"https:\/\/wordpress.nibis.de\/gstostedt\/wp-json\/wp\/v2\/comments?post=113"}],"version-history":[{"count":12,"href":"https:\/\/wordpress.nibis.de\/gstostedt\/wp-json\/wp\/v2\/pages\/113\/revisions"}],"predecessor-version":[{"id":2048,"href":"https:\/\/wordpress.nibis.de\/gstostedt\/wp-json\/wp\/v2\/pages\/113\/revisions\/2048"}],"up":[{"embeddable":true,"href":"https:\/\/wordpress.nibis.de\/gstostedt\/wp-json\/wp\/v2\/pages\/108"}],"wp:featuredmedia":[{"embeddable":true,"href":"https:\/\/wordpress.nibis.de\/gstostedt\/wp-json\/wp\/v2\/media\/601"}],"wp:attachment":[{"href":"https:\/\/wordpress.nibis.de\/gstostedt\/wp-json\/wp\/v2\/media?parent=113"}],"curies":[{"name":"wp","href":"https:\/\/api.w.org\/{rel}","templated":true}]}}