{"id":121,"date":"2018-02-01T08:47:40","date_gmt":"2018-02-01T07:47:40","guid":{"rendered":"http:\/\/wordpress.nibis.de\/gstostedt\/?page_id=121"},"modified":"2020-09-29T14:22:35","modified_gmt":"2020-09-29T12:22:35","slug":"beurlaubung","status":"publish","type":"page","link":"https:\/\/wordpress.nibis.de\/gstostedt\/formulare\/beurlaubung\/","title":{"rendered":"Beurlaubung"},"content":{"rendered":"<p>Kinder k\u00f6nnen aus famili\u00e4ren oder anderen Gr\u00fcnden vom Unterricht beurlaubt werden. Der Antrag daf\u00fcr muss schriftlich m\u00f6glichst eine Woche vorher beim Klassenlehrer eingereicht werden. Beurlaubungen direkt vor bzw. nach den Ferien werden nur beim Vorliegen au\u00dfergew\u00f6hnlicher Gr\u00fcnde von der Schulleitung genehmigt.<\/p>\n<p><a href=\"https:\/\/wordpress.nibis.de\/gstostedt\/files\/2020\/09\/Antrag-auf-Beurlaubung.pdf\"><img loading=\"lazy\" decoding=\"async\" class=\"alignnone  wp-image-408\" src=\"https:\/\/wordpress.nibis.de\/gstostedt\/files\/2019\/01\/20180314144738-2171eea2-me-578x478.jpg\" alt=\"\" width=\"40\" height=\"33\" \/>Antrag auf Beurlaubung<\/a><\/p>\n","protected":false},"excerpt":{"rendered":"<p>Kinder k\u00f6nnen aus famili\u00e4ren oder anderen Gr\u00fcnden vom Unterricht beurlaubt werden. Der Antrag daf\u00fcr muss schriftlich m\u00f6glichst eine Woche vorher beim Klassenlehrer eingereicht werden. Beurlaubungen direkt vor bzw. nach den Ferien werden nur beim Vorliegen au\u00dfergew\u00f6hnlicher Gr\u00fcnde von der Schulleitung &hellip; <a href=\"https:\/\/wordpress.nibis.de\/gstostedt\/formulare\/beurlaubung\/\">Weiterlesen <span class=\"meta-nav\">&rarr;<\/span><\/a><\/p>\n","protected":false},"author":1430,"featured_media":601,"parent":108,"menu_order":3,"comment_status":"closed","ping_status":"closed","template":"","meta":{"footnotes":""},"class_list":["post-121","page","type-page","status-publish","has-post-thumbnail","hentry"],"_links":{"self":[{"href":"https:\/\/wordpress.nibis.de\/gstostedt\/wp-json\/wp\/v2\/pages\/121","targetHints":{"allow":["GET"]}}],"collection":[{"href":"https:\/\/wordpress.nibis.de\/gstostedt\/wp-json\/wp\/v2\/pages"}],"about":[{"href":"https:\/\/wordpress.nibis.de\/gstostedt\/wp-json\/wp\/v2\/types\/page"}],"author":[{"embeddable":true,"href":"https:\/\/wordpress.nibis.de\/gstostedt\/wp-json\/wp\/v2\/users\/1430"}],"replies":[{"embeddable":true,"href":"https:\/\/wordpress.nibis.de\/gstostedt\/wp-json\/wp\/v2\/comments?post=121"}],"version-history":[{"count":9,"href":"https:\/\/wordpress.nibis.de\/gstostedt\/wp-json\/wp\/v2\/pages\/121\/revisions"}],"predecessor-version":[{"id":1189,"href":"https:\/\/wordpress.nibis.de\/gstostedt\/wp-json\/wp\/v2\/pages\/121\/revisions\/1189"}],"up":[{"embeddable":true,"href":"https:\/\/wordpress.nibis.de\/gstostedt\/wp-json\/wp\/v2\/pages\/108"}],"wp:featuredmedia":[{"embeddable":true,"href":"https:\/\/wordpress.nibis.de\/gstostedt\/wp-json\/wp\/v2\/media\/601"}],"wp:attachment":[{"href":"https:\/\/wordpress.nibis.de\/gstostedt\/wp-json\/wp\/v2\/media?parent=121"}],"curies":[{"name":"wp","href":"https:\/\/api.w.org\/{rel}","templated":true}]}}