{"id":1768,"date":"2022-02-08T10:01:48","date_gmt":"2022-02-08T09:01:48","guid":{"rendered":"https:\/\/wordpress.nibis.de\/gstostedt\/?page_id=1768"},"modified":"2022-02-08T10:01:48","modified_gmt":"2022-02-08T09:01:48","slug":"gesundes-fruehstueck-gesundes-naschen-im-schulkindergarten","status":"publish","type":"page","link":"https:\/\/wordpress.nibis.de\/gstostedt\/gesundes-fruehstueck-gesundes-naschen-im-schulkindergarten\/","title":{"rendered":"Gesundes Fr\u00fchst\u00fcck, gesundes Naschen im Schulkindergarten"},"content":{"rendered":"\n<p><img loading=\"lazy\" decoding=\"async\" class=\"alignnone  wp-image-1769 aligncenter\" src=\"https:\/\/wordpress.nibis.de\/gstostedt\/files\/2022\/02\/Skg-850x478.jpeg\" alt=\"\" width=\"608\" height=\"342\" srcset=\"https:\/\/wordpress.nibis.de\/gstostedt\/files\/2022\/02\/Skg-850x478.jpeg 850w, https:\/\/wordpress.nibis.de\/gstostedt\/files\/2022\/02\/Skg-1200x675.jpeg 1200w, https:\/\/wordpress.nibis.de\/gstostedt\/files\/2022\/02\/Skg-250x141.jpeg 250w\" sizes=\"auto, (max-width: 608px) 100vw, 608px\" \/>Im SKG wurde \u00fcber gesunde Alternativen f\u00fcr Fr\u00fchst\u00fcck und Kaffeezeit\/Naschzeit gesprochen. Selbstgemachte Obstspie\u00dfe schmecken an gut gedeckten Tischen nat\u00fcrlich gut.<\/p>\n","protected":false},"excerpt":{"rendered":"<p>Im SKG wurde \u00fcber gesunde Alternativen f\u00fcr Fr\u00fchst\u00fcck und Kaffeezeit\/Naschzeit gesprochen. Selbstgemachte Obstspie\u00dfe schmecken an gut gedeckten Tischen nat\u00fcrlich gut.<\/p>\n","protected":false},"author":9192536,"featured_media":0,"parent":0,"menu_order":0,"comment_status":"closed","ping_status":"closed","template":"","meta":{"footnotes":""},"class_list":["post-1768","page","type-page","status-publish","hentry"],"_links":{"self":[{"href":"https:\/\/wordpress.nibis.de\/gstostedt\/wp-json\/wp\/v2\/pages\/1768","targetHints":{"allow":["GET"]}}],"collection":[{"href":"https:\/\/wordpress.nibis.de\/gstostedt\/wp-json\/wp\/v2\/pages"}],"about":[{"href":"https:\/\/wordpress.nibis.de\/gstostedt\/wp-json\/wp\/v2\/types\/page"}],"author":[{"embeddable":true,"href":"https:\/\/wordpress.nibis.de\/gstostedt\/wp-json\/wp\/v2\/users\/9192536"}],"replies":[{"embeddable":true,"href":"https:\/\/wordpress.nibis.de\/gstostedt\/wp-json\/wp\/v2\/comments?post=1768"}],"version-history":[{"count":1,"href":"https:\/\/wordpress.nibis.de\/gstostedt\/wp-json\/wp\/v2\/pages\/1768\/revisions"}],"predecessor-version":[{"id":1770,"href":"https:\/\/wordpress.nibis.de\/gstostedt\/wp-json\/wp\/v2\/pages\/1768\/revisions\/1770"}],"wp:attachment":[{"href":"https:\/\/wordpress.nibis.de\/gstostedt\/wp-json\/wp\/v2\/media?parent=1768"}],"curies":[{"name":"wp","href":"https:\/\/api.w.org\/{rel}","templated":true}]}}