{"id":1780,"date":"2022-02-14T10:11:02","date_gmt":"2022-02-14T09:11:02","guid":{"rendered":"https:\/\/wordpress.nibis.de\/gstostedt\/?page_id=1780"},"modified":"2022-02-14T10:11:02","modified_gmt":"2022-02-14T09:11:02","slug":"konzert-statt-schule","status":"publish","type":"page","link":"https:\/\/wordpress.nibis.de\/gstostedt\/konzert-statt-schule\/","title":{"rendered":"Konzert statt Schule"},"content":{"rendered":"\n<p style=\"text-align: left\">Anfang Februar war die Klasse 4a im Rahmen der Reihe Konzert-statt-Schule beim NDR in Hamburg eingeladen. Auf dem Programm stand &#8222;Kuno Knallfrosch &#8211; mit &#8217;nem Knall durch Europa&#8220;. Nachdem sich am Vortag alle Sch\u00fcler und erwachsenen Begleitpersonen gemeinsam am Testzentrum testen lie\u00dfen, stand dem Konzertbesuch nichts mehr im Wege. Gemeinsam mit Kuno Knallfrosch und einer Ladung Kartoffeln begann die musikalische Reise im Hamburger Hafen und setzte sich anschlie\u00dfend durch sechs europ\u00e4ische L\u00e4nder fort. In jedem Land lernte Kuno die jeweilige Sprache, die Speisen und Lieder sowie neue Freunde kennen, die ihn schlie\u00dflich auf der Reise begleiteten. Ganz nebenbei wurden auf dieser Reise auch die Kartoffeln verarbeitet. Das Ziel der illustren Reisegruppe war der Europ\u00e4ische Gesangswettbewerb in Griechenland, der mit gro\u00dfem Orchester und nat\u00fcrlich Pommes gefeiert wurde. Wir teilen Kunos Erkenntnis dieser rundum gelungenen Reise: &#8222;Jedes Land ist das sch\u00f6nste Land der Welt, wenn man Freunde hat!&#8220;<\/p>\n<p><img loading=\"lazy\" decoding=\"async\" class=\"size-medium wp-image-1782 aligncenter\" src=\"https:\/\/wordpress.nibis.de\/gstostedt\/files\/2022\/02\/P1120641-850x478.jpg\" alt=\"\" width=\"850\" height=\"478\" srcset=\"https:\/\/wordpress.nibis.de\/gstostedt\/files\/2022\/02\/P1120641-850x478.jpg 850w, https:\/\/wordpress.nibis.de\/gstostedt\/files\/2022\/02\/P1120641-1200x675.jpg 1200w, https:\/\/wordpress.nibis.de\/gstostedt\/files\/2022\/02\/P1120641-250x141.jpg 250w, https:\/\/wordpress.nibis.de\/gstostedt\/files\/2022\/02\/P1120641-768x432.jpg 768w, https:\/\/wordpress.nibis.de\/gstostedt\/files\/2022\/02\/P1120641-1536x864.jpg 1536w, https:\/\/wordpress.nibis.de\/gstostedt\/files\/2022\/02\/P1120641-2048x1152.jpg 2048w\" sizes=\"auto, (max-width: 850px) 100vw, 850px\" \/><\/p>\n<p><img loading=\"lazy\" decoding=\"async\" class=\"size-medium wp-image-1781 aligncenter\" src=\"https:\/\/wordpress.nibis.de\/gstostedt\/files\/2022\/02\/IMG-20220207-WA0001-850x478.jpg\" alt=\"\" width=\"850\" height=\"478\" srcset=\"https:\/\/wordpress.nibis.de\/gstostedt\/files\/2022\/02\/IMG-20220207-WA0001-850x478.jpg 850w, https:\/\/wordpress.nibis.de\/gstostedt\/files\/2022\/02\/IMG-20220207-WA0001-1200x675.jpg 1200w, https:\/\/wordpress.nibis.de\/gstostedt\/files\/2022\/02\/IMG-20220207-WA0001-250x141.jpg 250w\" sizes=\"auto, (max-width: 850px) 100vw, 850px\" \/><\/p>\n","protected":false},"excerpt":{"rendered":"<p>Anfang Februar war die Klasse 4a im Rahmen der Reihe Konzert-statt-Schule beim NDR in Hamburg eingeladen. Auf dem Programm stand &#8222;Kuno Knallfrosch &#8211; mit &#8217;nem Knall durch Europa&#8220;. Nachdem sich am Vortag alle Sch\u00fcler und erwachsenen Begleitpersonen gemeinsam am Testzentrum &hellip; <a href=\"https:\/\/wordpress.nibis.de\/gstostedt\/konzert-statt-schule\/\">Weiterlesen <span class=\"meta-nav\">&rarr;<\/span><\/a><\/p>\n","protected":false},"author":9192536,"featured_media":0,"parent":0,"menu_order":0,"comment_status":"closed","ping_status":"closed","template":"","meta":{"footnotes":""},"class_list":["post-1780","page","type-page","status-publish","hentry"],"_links":{"self":[{"href":"https:\/\/wordpress.nibis.de\/gstostedt\/wp-json\/wp\/v2\/pages\/1780","targetHints":{"allow":["GET"]}}],"collection":[{"href":"https:\/\/wordpress.nibis.de\/gstostedt\/wp-json\/wp\/v2\/pages"}],"about":[{"href":"https:\/\/wordpress.nibis.de\/gstostedt\/wp-json\/wp\/v2\/types\/page"}],"author":[{"embeddable":true,"href":"https:\/\/wordpress.nibis.de\/gstostedt\/wp-json\/wp\/v2\/users\/9192536"}],"replies":[{"embeddable":true,"href":"https:\/\/wordpress.nibis.de\/gstostedt\/wp-json\/wp\/v2\/comments?post=1780"}],"version-history":[{"count":1,"href":"https:\/\/wordpress.nibis.de\/gstostedt\/wp-json\/wp\/v2\/pages\/1780\/revisions"}],"predecessor-version":[{"id":1783,"href":"https:\/\/wordpress.nibis.de\/gstostedt\/wp-json\/wp\/v2\/pages\/1780\/revisions\/1783"}],"wp:attachment":[{"href":"https:\/\/wordpress.nibis.de\/gstostedt\/wp-json\/wp\/v2\/media?parent=1780"}],"curies":[{"name":"wp","href":"https:\/\/api.w.org\/{rel}","templated":true}]}}