{"id":1893,"date":"2022-09-08T09:04:42","date_gmt":"2022-09-08T07:04:42","guid":{"rendered":"https:\/\/wordpress.nibis.de\/gstostedt\/?page_id=1893"},"modified":"2022-09-08T09:04:42","modified_gmt":"2022-09-08T07:04:42","slug":"gelebte-geschichte-im-museum-kiekeberg","status":"publish","type":"page","link":"https:\/\/wordpress.nibis.de\/gstostedt\/gelebte-geschichte-im-museum-kiekeberg\/","title":{"rendered":"Gelebte Geschichte im Museum Kiekeberg"},"content":{"rendered":"\n<p>Am Freitag, dem 08.07.2022 konnte eine 1. Klasse unserer Schule an dem Projekt Gelebte Geschichte &#8211; op platt im Museum Kiekeberg teilnehmen.<\/p>\n<p>Die Kinder erwartete ein toller Tag in historischer Umgebung. Gleich zu Anfang wurden die M\u00e4dchen mit R\u00f6cken und die Jungen mit Westen aus groben Tuch ausgestattet. Nach einem fr\u00f6hlichen Moin, moin leve l\u00fctt \u2026 der Gassenhauer der Plattd\u00fc\u00fctschen, ging es dann zum Pringens Hof, einem alten Bauernhaus aus Kakenstorf, im Heidedorf des Museums. Dort haben die Kinder mit Hilfe einer standesgem\u00e4\u00df gekleideten Bauersfrau zu jener Zeit auf Plattdeutsch gelernt, was so unter anderem an einem Tag auf einem Bauernhof um 1800 zu erledigen war. Es dauerte nicht lange, da h\u00f6rte man W\u00f6rter wie de Ko melken, de Buer, de Fro, dat Perd sowie erste S\u00e4tze, wie ik b\u00fcn ut T\u00f6ste. Danach \u00fcbten sie zu einem plattdeutschen Text ein pantomimisches Spiel, passend zu den T\u00e4tigkeiten jener Menschen dieser Zeit. Vier Kinder unserer j\u00fcngsten Klasse haben dazu die Texte auf Plattd\u00fc\u00fctsch ge\u00fcbt und vorgelesen.<\/p>\n<p>Die Pausenzeiten konnten gleich nebenan gemacht werden. Unter gro\u00dfen alten B\u00e4umen befand sich dieser wunderbare Spielplatz mit einem riesigen Felsen in der Mitte. Rund herum standen Pferde, Schweine und Trecker aus Holz. Nat\u00fcrlich wurde alles bespielt.<\/p>\n<p>Nachdem wir nun so flei\u00dfig und konzentriert gearbeitet hatten, konnten wir uns mittags im Stoof \u00a0Mudders Kroog bei einer warmen Mahlzeit st\u00e4rken. Das Essen wurde hier von der Sparkasse Harburg-Buxtehude gespendet, vielen Dank daf\u00fcr.<\/p>\n<p>Um 14 Uhr wurde dann vor den Eltern und weiteren Zuschauern vorgespielt. Die Kulisse bildete das offene Scheunen Tor vom Pringens Hof. Trotz wechselhaftem Wetter war es ein gro\u00dfer Erfolg.<\/p>\n<p>Stolz pr\u00e4sentierten sich die Kinder am Ende mit dem Satz: dat w\u00e4r een halven Dag ut Pringens Hoff.<\/p>\n<p>Die Kinder haben nach dem Projekttag ihre Eindr\u00fccke in Bildern festgehalten, hier kann man es sehen:<\/p>\n<p>Am Freitag, dem 08.07.2022 konnte eine 1. Klasse unserer Schule an dem Projekt Gelebte Geschichte &#8211; op platt im Museum Kiekeberg teilnehmen.<\/p>\n<p>Die Kinder erwartete ein toller Tag in historischer Umgebung. Gleich zu Anfang wurden die M\u00e4dchen mit R\u00f6cken und die Jungen mit Westen aus groben Tuch ausgestattet. Nach einem fr\u00f6hlichen Moin, moin leve l\u00fctt \u2026 der Gassenhauer der Plattd\u00fc\u00fctschen, ging es dann zum Pringens Hof, einem alten Bauernhaus aus Kakenstorf, im Heidedorf des Museums. Dort haben die Kinder mit Hilfe einer standesgem\u00e4\u00df gekleideten Bauersfrau zu jener Zeit auf Plattdeutsch gelernt, was so unter anderem an einem Tag auf einem Bauernhof um 1800 zu erledigen war. Es dauerte nicht lange, da h\u00f6rte man W\u00f6rter wie de Ko melken, de Buer, de Fro, dat Perd sowie erste S\u00e4tze, wie ik b\u00fcn ut T\u00f6ste.<\/p>\n<p>Danach \u00fcbten sie zu einem plattdeutschen Text ein pantomimisches Spiel, passend zu den T\u00e4tigkeiten jener Menschen dieser Zeit. Vier Kinder unserer j\u00fcngsten Klasse haben dazu die Texte auf Plattd\u00fc\u00fctsch ge\u00fcbt und vorgelesen.<\/p>\n<p>Die Pausenzeiten konnten gleich nebenan gemacht werden. Unter gro\u00dfen alten B\u00e4umen befand sich dieser wunderbare Spielplatz mit einem riesigen Felsen in der Mitte. Rund herum standen Pferde, Schweine und Trecker aus Holz. Nat\u00fcrlich wurde alles bespielt.<\/p>\n<p>Nachdem wir nun so flei\u00dfig und konzentriert gearbeitet hatten, konnten wir uns mittags im Stoof \u00a0Mudders Kroog bei einer warmen Mahlzeit st\u00e4rken. Das Essen wurde hier von der Sparkasse Harburg-Buxtehude gespendet, vielen Dank daf\u00fcr.<\/p>\n<p>Um 14 Uhr wurde dann vor den Eltern und weiteren Zuschauern vorgespielt. Die Kulisse bildete das offene Scheunen Tor vom Pringens Hof. Trotz wechselhaftem Wetter war es ein gro\u00dfer Erfolg.<\/p>\n<p>Stolz pr\u00e4sentierten sich die Kinder am Ende mit dem Satz: dat w\u00e4r een halven Dag ut Pringens Hoff.<\/p>\n<p>Die Kinder haben nach dem Projekttag ihre Eindr\u00fccke in Bildern festgehalten:<\/p>\n<p><img loading=\"lazy\" decoding=\"async\" class=\"alignnone size-medium wp-image-1903\" src=\"https:\/\/wordpress.nibis.de\/gstostedt\/files\/2022\/09\/1-Anfahrt-mit-dem-HVV-min-850x478.jpeg\" alt=\"\" width=\"850\" height=\"478\" srcset=\"https:\/\/wordpress.nibis.de\/gstostedt\/files\/2022\/09\/1-Anfahrt-mit-dem-HVV-min-850x478.jpeg 850w, https:\/\/wordpress.nibis.de\/gstostedt\/files\/2022\/09\/1-Anfahrt-mit-dem-HVV-min-1200x675.jpeg 1200w, https:\/\/wordpress.nibis.de\/gstostedt\/files\/2022\/09\/1-Anfahrt-mit-dem-HVV-min-250x141.jpeg 250w\" sizes=\"auto, (max-width: 850px) 100vw, 850px\" \/> <img loading=\"lazy\" decoding=\"async\" class=\"alignnone size-medium wp-image-1904\" src=\"https:\/\/wordpress.nibis.de\/gstostedt\/files\/2022\/09\/2-Eingang-Kiekeberg-Museum-min-850x478.jpeg\" alt=\"\" width=\"850\" height=\"478\" srcset=\"https:\/\/wordpress.nibis.de\/gstostedt\/files\/2022\/09\/2-Eingang-Kiekeberg-Museum-min-850x478.jpeg 850w, https:\/\/wordpress.nibis.de\/gstostedt\/files\/2022\/09\/2-Eingang-Kiekeberg-Museum-min-1200x675.jpeg 1200w, https:\/\/wordpress.nibis.de\/gstostedt\/files\/2022\/09\/2-Eingang-Kiekeberg-Museum-min-250x141.jpeg 250w\" sizes=\"auto, (max-width: 850px) 100vw, 850px\" \/> <img loading=\"lazy\" decoding=\"async\" class=\"alignnone size-medium wp-image-1905\" src=\"https:\/\/wordpress.nibis.de\/gstostedt\/files\/2022\/09\/3-Pringens-Hof-Scheunentor-min-850x478.jpeg\" alt=\"\" width=\"850\" height=\"478\" srcset=\"https:\/\/wordpress.nibis.de\/gstostedt\/files\/2022\/09\/3-Pringens-Hof-Scheunentor-min-850x478.jpeg 850w, https:\/\/wordpress.nibis.de\/gstostedt\/files\/2022\/09\/3-Pringens-Hof-Scheunentor-min-1200x675.jpeg 1200w, https:\/\/wordpress.nibis.de\/gstostedt\/files\/2022\/09\/3-Pringens-Hof-Scheunentor-min-250x141.jpeg 250w\" sizes=\"auto, (max-width: 850px) 100vw, 850px\" \/> <img loading=\"lazy\" decoding=\"async\" class=\"alignnone size-medium wp-image-1906\" src=\"https:\/\/wordpress.nibis.de\/gstostedt\/files\/2022\/09\/4-Holzpferd-auf-dem-Spielplatz-min-850x478.jpeg\" alt=\"\" width=\"850\" height=\"478\" srcset=\"https:\/\/wordpress.nibis.de\/gstostedt\/files\/2022\/09\/4-Holzpferd-auf-dem-Spielplatz-min-850x478.jpeg 850w, https:\/\/wordpress.nibis.de\/gstostedt\/files\/2022\/09\/4-Holzpferd-auf-dem-Spielplatz-min-1200x675.jpeg 1200w, https:\/\/wordpress.nibis.de\/gstostedt\/files\/2022\/09\/4-Holzpferd-auf-dem-Spielplatz-min-250x141.jpeg 250w\" sizes=\"auto, (max-width: 850px) 100vw, 850px\" \/> <img loading=\"lazy\" decoding=\"async\" class=\"alignnone size-medium wp-image-1907\" src=\"https:\/\/wordpress.nibis.de\/gstostedt\/files\/2022\/09\/5-Gemeinsam-essen-im-Stoof-Mudders-Kroog-min-850x478.jpeg\" alt=\"\" width=\"850\" height=\"478\" srcset=\"https:\/\/wordpress.nibis.de\/gstostedt\/files\/2022\/09\/5-Gemeinsam-essen-im-Stoof-Mudders-Kroog-min-850x478.jpeg 850w, https:\/\/wordpress.nibis.de\/gstostedt\/files\/2022\/09\/5-Gemeinsam-essen-im-Stoof-Mudders-Kroog-min-1200x675.jpeg 1200w, https:\/\/wordpress.nibis.de\/gstostedt\/files\/2022\/09\/5-Gemeinsam-essen-im-Stoof-Mudders-Kroog-min-250x141.jpeg 250w\" sizes=\"auto, (max-width: 850px) 100vw, 850px\" \/> <img loading=\"lazy\" decoding=\"async\" class=\"alignnone size-medium wp-image-1908\" src=\"https:\/\/wordpress.nibis.de\/gstostedt\/files\/2022\/09\/6-Scheunentor-vom-Pringens-Hof-min-850x478.jpeg\" alt=\"\" width=\"850\" height=\"478\" srcset=\"https:\/\/wordpress.nibis.de\/gstostedt\/files\/2022\/09\/6-Scheunentor-vom-Pringens-Hof-min-850x478.jpeg 850w, https:\/\/wordpress.nibis.de\/gstostedt\/files\/2022\/09\/6-Scheunentor-vom-Pringens-Hof-min-1200x675.jpeg 1200w, https:\/\/wordpress.nibis.de\/gstostedt\/files\/2022\/09\/6-Scheunentor-vom-Pringens-Hof-min-250x141.jpeg 250w\" sizes=\"auto, (max-width: 850px) 100vw, 850px\" \/><\/p>\n<p>\u00a0<\/p>\n<p>\u00a0<\/p>\n","protected":false},"excerpt":{"rendered":"<p>Am Freitag, dem 08.07.2022 konnte eine 1. Klasse unserer Schule an dem Projekt Gelebte Geschichte &#8211; op platt im Museum Kiekeberg teilnehmen. Die Kinder erwartete ein toller Tag in historischer Umgebung. Gleich zu Anfang wurden die M\u00e4dchen mit R\u00f6cken und &hellip; <a href=\"https:\/\/wordpress.nibis.de\/gstostedt\/gelebte-geschichte-im-museum-kiekeberg\/\">Weiterlesen <span class=\"meta-nav\">&rarr;<\/span><\/a><\/p>\n","protected":false},"author":9192536,"featured_media":0,"parent":0,"menu_order":0,"comment_status":"closed","ping_status":"closed","template":"","meta":{"footnotes":""},"class_list":["post-1893","page","type-page","status-publish","hentry"],"_links":{"self":[{"href":"https:\/\/wordpress.nibis.de\/gstostedt\/wp-json\/wp\/v2\/pages\/1893","targetHints":{"allow":["GET"]}}],"collection":[{"href":"https:\/\/wordpress.nibis.de\/gstostedt\/wp-json\/wp\/v2\/pages"}],"about":[{"href":"https:\/\/wordpress.nibis.de\/gstostedt\/wp-json\/wp\/v2\/types\/page"}],"author":[{"embeddable":true,"href":"https:\/\/wordpress.nibis.de\/gstostedt\/wp-json\/wp\/v2\/users\/9192536"}],"replies":[{"embeddable":true,"href":"https:\/\/wordpress.nibis.de\/gstostedt\/wp-json\/wp\/v2\/comments?post=1893"}],"version-history":[{"count":4,"href":"https:\/\/wordpress.nibis.de\/gstostedt\/wp-json\/wp\/v2\/pages\/1893\/revisions"}],"predecessor-version":[{"id":1912,"href":"https:\/\/wordpress.nibis.de\/gstostedt\/wp-json\/wp\/v2\/pages\/1893\/revisions\/1912"}],"wp:attachment":[{"href":"https:\/\/wordpress.nibis.de\/gstostedt\/wp-json\/wp\/v2\/media?parent=1893"}],"curies":[{"name":"wp","href":"https:\/\/api.w.org\/{rel}","templated":true}]}}