{"id":1936,"date":"2022-10-06T12:42:27","date_gmt":"2022-10-06T10:42:27","guid":{"rendered":"https:\/\/wordpress.nibis.de\/gstostedt\/?page_id=1936"},"modified":"2022-10-06T12:42:27","modified_gmt":"2022-10-06T10:42:27","slug":"iserv-unsere-kommunikationsplattform","status":"publish","type":"page","link":"https:\/\/wordpress.nibis.de\/gstostedt\/iserv-unsere-kommunikationsplattform\/","title":{"rendered":"IServ  &#8211; unsere Kommunikationsplattform"},"content":{"rendered":"\n<p><img loading=\"lazy\" decoding=\"async\" class=\"alignnone size-full wp-image-1624 aligncenter\" src=\"https:\/\/wordpress.nibis.de\/gstostedt\/files\/2021\/11\/iserve-1.jpg\" alt=\"\" width=\"200\" height=\"78\" \/><\/p>\n<p class=\"tiny_p\">Sehr geehrte Erziehungsberechtigte, liebe Eltern,<\/p>\n<p class=\"tiny_p\">digitale Kommunikation, der Austausch von Informationen und Daten in Netzwerken und die Nutzung von Computern (PCs, Smartphones, Tablets usw.) geh\u00f6ren heute selbstverst\u00e4ndlich zu unserem Alltag. Wir m\u00f6chten Sie mit diesem Schreiben \u00fcber die Einf\u00fchrung der Kommunikationsplattform IServ an unserer Schule informieren.<\/p>\n<p class=\"tiny_p\">Der sensible Umgang mit privaten Daten ist heutzutage aktueller denn je. Umso wichtiger ist es f\u00fcr die Schule, Kommunikation und Datenaustausch innerhalb eines eigenen Netzwerkes anzubieten \u2013 und nicht \u00fcber kommerzielle Server von Dropbox, Google, Microsoft, Apple, Facebook usw.<\/p>\n<p class=\"tiny_p\"><strong>Der Schulserver \u2013 gesch\u00fctzter Raum<\/strong><\/p>\n<p class=\"tiny_p\">Aus diesen Gr\u00fcnden haben sich alle Schulen in der Samtgemeinde Tostedt f\u00fcr die Einf\u00fchrung des Schulserversystems IServ entschieden. Auch unser Schultr\u00e4ger, die Samtgemeinde Tostedt, bef\u00fcrwortet diese Entscheidung.<\/p>\n<p class=\"tiny_p\"><strong>IServ ist eine Kommunikationsplattform<\/strong>, die der gesamten Schulgemeinschaft zahlreiche Vorteile bietet: Klassen, Kurse und andere Gruppen k\u00f6nnen so schneller und datengesch\u00fctzt miteinander kommunizieren und die Nutzung der Rechner wird sicherer. Die Daten werden nicht irgendwo (auf fremden Servern oder in der \u201eCloud\u201c) gespeichert, sondern auf dem eigenen Server, der sich im Schulgeb\u00e4ude befindet und durch einen Backup-Server zus\u00e4tzlich gesichert wird.<\/p>\n<p class=\"tiny_p\">Lehrer und Sch\u00fcler k\u00f6nnen die Kommunikations- und Datentransferm\u00f6glichkeiten unter IServ mit einem individuellen Benutzerzugang (Account) sowohl \u00fcber die PCs in ihrem Schulnetzwerk als auch von jedem beliebigen Computer mit Internetzugang au\u00dferhalb der Schule nutzen. So ist es zum Beispiel m\u00f6glich, dass Dateien, die im Unterricht verwendet werden, anschlie\u00dfend zu Hause weiter bearbeitet werden k\u00f6nnen. Umgekehrt k\u00f6nnen auch zu Hause vorbereitete Ausarbeitungen in der Schule abgerufen werden. Dabei wird grunds\u00e4tzlich zwischen einem eigenen Dateiverzeichnis\u00a0und gemeinsamen Gruppenordnern unterschieden.<\/p>\n<p class=\"tiny_p\">W\u00e4hrend das eigene Verzeichnis einen individuell gesch\u00fctzten Speicherplatz zur Verf\u00fcgung stellt, der f\u00fcr andere Benutzer nicht einsehbar ist, lassen sich Gruppenordner mit anderen Benutzern gleichberechtigt gemeinsam nutzen. Durch eine verschl\u00fcsselte \u00dcbertragung und die Mitgliedschaft in sogenannten IServ-Gruppen wird sichergestellt, dass diese Daten nur bestimmten Benutzerkreisen (Klassen, Kurse, AGs usw.) zug\u00e4nglich sind.<\/p>\n<p class=\"tiny_p\">In \u00e4hnlicher Weise bietet IServ auch Foren, Chatr\u00e4ume und Terminkalender an. \u00d6ffentliche Foren bzw. Chatr\u00e4ume stehen allen registrierten IServ-Benutzern offen, w\u00e4hrend Gruppenforen bzw. \u2013chatr\u00e4ume nur von den jeweiligen Gruppenmitgliedern genutzt werden k\u00f6nnen. Von \u201eau\u00dfen\u201c, das hei\u00dft f\u00fcr nicht registrierte IServ-Benutzer, sind diese Bereiche nicht zug\u00e4nglich.<\/p>\n<p class=\"tiny_p\"><strong>E-Mail, Internet und Ansprechpartner<\/strong><\/p>\n<p class=\"tiny_p\">Die Teilhabe an unserem Netzwerk bietet Ihrem Kind die Chance, den Umgang mit Internet und E-Mail in einem gesch\u00fctzten, schulinternen Rahmen zu erlernen. Jedes Kind erh\u00e4lt von uns zu diesem Zweck eine werbefreie E-Mail-Adresse. Diese E-Mail-Adresse darf nur f\u00fcr schulische Zwecke verwendet werden.<\/p>\n<p class=\"tiny_p\">Um einen Missbrauch von Medien auszuschlie\u00dfen, wird das Nutzerverhalten der Sch\u00fclerinnen und Sch\u00fcler protokolliert. Dies geschieht nicht, um von Seiten der Schule Daten der Sch\u00fclerinnen und Sch\u00fcler \u201eauszuspionieren\u201c, sondern um bei einem begr\u00fcndeten Verdacht des Missbrauchs durch eine \u00dcberpr\u00fcfung eine zweifelsfreie Kl\u00e4rung zu erm\u00f6glichen. Bei einem erwiesenen Fehlverhalten kann das Nutzerkonto von Sch\u00fclerinnen und Sch\u00fclern gesperrt werden. Damit ist die Nutzung von IServ auf schulischen und privaten Ger\u00e4ten nicht mehr m\u00f6glich.<\/p>\n<p class=\"tiny_p\">Bitte sprechen Sie mit Ihrem Kind \u2013 genauso wie wir es in der Schule tun \u2013 noch einmal \u00fcber die Wichtigkeit der Privatsph\u00e4re im Internet. Pers\u00f6nliche Daten wie Adressen (auch E-Mail-Adressen), Passw\u00f6rter, Telefonnummern, Fotos usw. sollten nicht bedenkenlos weitergegeben werden.<\/p>\n<p class=\"tiny_p\"><strong>Ihre Einwilligung zur Nutzerordnung<\/strong><\/p>\n<p class=\"tiny_p\">Die Nutzerordnung (geht Ihnen \u00fcber die Postmappe Ihres Kindes zu) ist die vertragliche Basis f\u00fcr die Medienerziehung an der Schule und die Nutzung von IServ. In der Nutzerordnung werden die Rechte und Pflichten f\u00fcr die Nutzer beschrieben.\u00a0<\/p>\n<p class=\"tiny_p\">Die Teilnahme an der IServ-Nutzung ist nicht verpflichtend und wenn Ihr Kind daran noch nicht teilnehmen soll, wird durch die Schule sichergestellt, dass ihm daraus kein Nachteil entsteht. Wir empfehlen Ihnen aber dringend eine Zustimmung, denn IServ wird an allen weiterf\u00fchrenden Schulen eingesetzt und wird zuk\u00fcnftig mehr und mehr als gemeinsame Plattform genutzt werden, um den Schulalltag zu verbessern.<\/p>\n<p>Bevor Ihre Kinder die Zugangsdaten von der jeweiligen Klassenlehrerin bekommen k\u00f6nnen, ben\u00f6tigen wir von Ihnen die unterschriebene Einwilligung in die Nutzung von IServ. Bitte geben Sie Ihrem Kind die unterschrieben Einwilligung m\u00f6glichst schnell mit, damit es seine Zugangsdaten erhalten kann.<\/p>\n<p><a href=\"https:\/\/wordpress.nibis.de\/gstostedt\/files\/2021\/11\/IServ_Schnelleinstieg_SchuelerInnen.pdf\">Hier<\/a>\u00a0finden Sie eine Kurzanleitung zum Schnelleinstieg in IServ. IServ selbst ist Verfasser dieser Anleitung und zeigt exemplarisch den Einstieg. Viele Erkl\u00e4rvideos finden Sie auch unter www.iserv-akademie.de.<\/p>\n<p>\u00a0<\/p>\n\n\n","protected":false},"excerpt":{"rendered":"<p>Sehr geehrte Erziehungsberechtigte, liebe Eltern, digitale Kommunikation, der Austausch von Informationen und Daten in Netzwerken und die Nutzung von Computern (PCs, Smartphones, Tablets usw.) geh\u00f6ren heute selbstverst\u00e4ndlich zu unserem Alltag. Wir m\u00f6chten Sie mit diesem Schreiben \u00fcber die Einf\u00fchrung der &hellip; <a href=\"https:\/\/wordpress.nibis.de\/gstostedt\/iserv-unsere-kommunikationsplattform\/\">Weiterlesen <span class=\"meta-nav\">&rarr;<\/span><\/a><\/p>\n","protected":false},"author":9192536,"featured_media":0,"parent":0,"menu_order":0,"comment_status":"closed","ping_status":"closed","template":"","meta":{"footnotes":""},"class_list":["post-1936","page","type-page","status-publish","hentry"],"_links":{"self":[{"href":"https:\/\/wordpress.nibis.de\/gstostedt\/wp-json\/wp\/v2\/pages\/1936","targetHints":{"allow":["GET"]}}],"collection":[{"href":"https:\/\/wordpress.nibis.de\/gstostedt\/wp-json\/wp\/v2\/pages"}],"about":[{"href":"https:\/\/wordpress.nibis.de\/gstostedt\/wp-json\/wp\/v2\/types\/page"}],"author":[{"embeddable":true,"href":"https:\/\/wordpress.nibis.de\/gstostedt\/wp-json\/wp\/v2\/users\/9192536"}],"replies":[{"embeddable":true,"href":"https:\/\/wordpress.nibis.de\/gstostedt\/wp-json\/wp\/v2\/comments?post=1936"}],"version-history":[{"count":1,"href":"https:\/\/wordpress.nibis.de\/gstostedt\/wp-json\/wp\/v2\/pages\/1936\/revisions"}],"predecessor-version":[{"id":1937,"href":"https:\/\/wordpress.nibis.de\/gstostedt\/wp-json\/wp\/v2\/pages\/1936\/revisions\/1937"}],"wp:attachment":[{"href":"https:\/\/wordpress.nibis.de\/gstostedt\/wp-json\/wp\/v2\/media?parent=1936"}],"curies":[{"name":"wp","href":"https:\/\/api.w.org\/{rel}","templated":true}]}}