{"id":1952,"date":"2022-11-07T08:59:00","date_gmt":"2022-11-07T07:59:00","guid":{"rendered":"https:\/\/wordpress.nibis.de\/gstostedt\/?page_id=1952"},"modified":"2022-11-07T08:59:00","modified_gmt":"2022-11-07T07:59:00","slug":"drachenbootrennen-schulsport-einmal-anders","status":"publish","type":"page","link":"https:\/\/wordpress.nibis.de\/gstostedt\/drachenbootrennen-schulsport-einmal-anders\/","title":{"rendered":"Drachenbootrennen \u2013 Schulsport einmal anders"},"content":{"rendered":"\n<p><img loading=\"lazy\" decoding=\"async\" class=\"alignnone size-medium wp-image-1947 aligncenter\" src=\"https:\/\/wordpress.nibis.de\/gstostedt\/files\/2022\/11\/drache-850x478.jpg\" alt=\"\" width=\"850\" height=\"478\" srcset=\"https:\/\/wordpress.nibis.de\/gstostedt\/files\/2022\/11\/drache-850x478.jpg 850w, https:\/\/wordpress.nibis.de\/gstostedt\/files\/2022\/11\/drache-1200x675.jpg 1200w, https:\/\/wordpress.nibis.de\/gstostedt\/files\/2022\/11\/drache-250x141.jpg 250w\" sizes=\"auto, (max-width: 850px) 100vw, 850px\" \/><\/p>\n<p>Die Grundschule Tostedt nahm in diesem Jahr zum ersten Mal an den Offenen Hamburger Drachenboot-Schulmeisterschaften teil. Ausgew\u00e4hlte Sch\u00fclerinnen und Sch\u00fcler des Jahrgangs 4 hatten die Chance ihre Kraft, ihr Geschick und \u00a0ihr Taktgef\u00fchl in einem 200m Zeitrennen, unter Beweis zu stellen.<\/p>\n<p>So erinnert sich Benjamin R. aus der 4d an diesen Tag:<\/p>\n<p>20 Kinder und 4 Betreuer sind am 21.09.2022 zum Drachenbootrennen gefahren. Alle waren gespannt und neugierig auf das Rennen. Wir mussten warten, bis wir endlich die Rettungswesten anziehen durften und unsere Paddel bekamen. Als wir alles hatten, hat uns unsere Trainerin erkl\u00e4rt, wie man das Paddel h\u00e4lt und wie man rudert. Dann sind wir ins Boot gestiegen und hatten eine Stunde Zeit zum \u00dcben. Nach der \u00dcbung kam der gro\u00dfe Moment: das Rennen. Es sind drei Boote gleichzeitig gefahren. Danach haben wir angelegt und sind zur\u00fcck zur Schule gefahren.<\/p>\n","protected":false},"excerpt":{"rendered":"<p>Die Grundschule Tostedt nahm in diesem Jahr zum ersten Mal an den Offenen Hamburger Drachenboot-Schulmeisterschaften teil. Ausgew\u00e4hlte Sch\u00fclerinnen und Sch\u00fcler des Jahrgangs 4 hatten die Chance ihre Kraft, ihr Geschick und \u00a0ihr Taktgef\u00fchl in einem 200m Zeitrennen, unter Beweis zu &hellip; <a href=\"https:\/\/wordpress.nibis.de\/gstostedt\/drachenbootrennen-schulsport-einmal-anders\/\">Weiterlesen <span class=\"meta-nav\">&rarr;<\/span><\/a><\/p>\n","protected":false},"author":9192536,"featured_media":0,"parent":0,"menu_order":0,"comment_status":"closed","ping_status":"closed","template":"","meta":{"footnotes":""},"class_list":["post-1952","page","type-page","status-publish","hentry"],"_links":{"self":[{"href":"https:\/\/wordpress.nibis.de\/gstostedt\/wp-json\/wp\/v2\/pages\/1952","targetHints":{"allow":["GET"]}}],"collection":[{"href":"https:\/\/wordpress.nibis.de\/gstostedt\/wp-json\/wp\/v2\/pages"}],"about":[{"href":"https:\/\/wordpress.nibis.de\/gstostedt\/wp-json\/wp\/v2\/types\/page"}],"author":[{"embeddable":true,"href":"https:\/\/wordpress.nibis.de\/gstostedt\/wp-json\/wp\/v2\/users\/9192536"}],"replies":[{"embeddable":true,"href":"https:\/\/wordpress.nibis.de\/gstostedt\/wp-json\/wp\/v2\/comments?post=1952"}],"version-history":[{"count":1,"href":"https:\/\/wordpress.nibis.de\/gstostedt\/wp-json\/wp\/v2\/pages\/1952\/revisions"}],"predecessor-version":[{"id":1953,"href":"https:\/\/wordpress.nibis.de\/gstostedt\/wp-json\/wp\/v2\/pages\/1952\/revisions\/1953"}],"wp:attachment":[{"href":"https:\/\/wordpress.nibis.de\/gstostedt\/wp-json\/wp\/v2\/media?parent=1952"}],"curies":[{"name":"wp","href":"https:\/\/api.w.org\/{rel}","templated":true}]}}